{"id":4725,"date":"2025-07-09T07:15:38","date_gmt":"2025-07-09T07:15:38","guid":{"rendered":"https:\/\/puffvapestore.com\/?post_type=product&#038;p=4725"},"modified":"2026-01-19T10:36:00","modified_gmt":"2026-01-19T10:36:00","slug":"strawberry-ice-randm-tornado-30000","status":"publish","type":"product","link":"https:\/\/puffvapestore.com\/de\/product\/strawberry-ice-randm-tornado-30000\/","title":{"rendered":"Strawberry Ice - RandM Tornado 30000"},"content":{"rendered":"<div data-elementor-type=\"wp-post\" data-elementor-id=\"4725\" class=\"elementor elementor-4725\">\n\t\t\t\t<div class=\"elementor-element elementor-element-08c26f9 e-flex e-con-boxed e-con e-parent\" data-id=\"08c26f9\" data-element_type=\"container\" data-e-type=\"container\">\n\t\t\t\t\t<div class=\"e-con-inner\">\n\t\t\t\t<div class=\"elementor-element elementor-element-a005a97 elementor-widget elementor-widget-text-editor\" data-id=\"a005a97\" data-element_type=\"widget\" data-e-type=\"widget\" data-widget_type=\"text-editor.default\">\n\t\t\t\t<div class=\"elementor-widget-container\">\n\t\t\t\t\t\t\t\t\t<p>Der Geschmack Erdbeereis der elektronischen Zigarette RandM Tornado 30000 konzentriert sich auf ihr s\u00fc\u00dfes, aber nicht fettiges Erdbeeraroma, als ob Sie auf dem franz\u00f6sischen Land einen Korb frischer Erdbeeren pfl\u00fccken w\u00fcrden, mit einem fruchtigen Duft und einem seidigen Rauch. Dann umh\u00fcllt Sie eine frische Brise Minze, wie eine Alpenbrise, mit einem erfrischenden und erhebenden Gef\u00fchl. Dieser nuancenreiche Geschmack ist ideal, um sich an hei\u00dfen Sommernachmittagen zu erfrischen und an k\u00fchlen Herbsttagen einen Hauch von w\u00e4rmender S\u00fc\u00dfe zu verleihen. Ob Sie nun \u00fcber die Champs-\u00c9lys\u00e9es schlendern oder sich auf der Terrasse eines kleinen Caf\u00e9s in Vieux-Lyon entspannen, dieses Erdbeereis wird Ihnen ein wahres Festmahl nach franz\u00f6sischer Art bescheren.<\/p><p><strong>Erdbeergeschmack<\/strong>\u00a0: Diese E-Zigarette konzentriert sich auf sonnengereifte Erdbeeren, die ein reiches fruchtiges Aroma und eine nat\u00fcrliche S\u00fc\u00dfe mitbringen. Die Erdbeere ist saftig und appetitlich, wie frische, im Obstgarten gepfl\u00fcckte Erdbeeren, s\u00fc\u00df, ohne fettig zu sein, voller fruchtiger Frische. Dieser Erdbeergeschmack dominiert bei der Inhalation und bringt eine starke fruchtige Wirkung mit sich.<\/p><p><strong>Eisige Elemente<\/strong>\u00a0: Die S\u00fc\u00dfe der Erdbeeren harmoniert perfekt mit der Frische von Minze oder Eis und sorgt f\u00fcr ein k\u00fchles und erfrischendes Gef\u00fchl. Dieses eisige Gef\u00fchl ist beim Ausatmen besonders ausgepr\u00e4gt und verleiht den Geschmacksknospen einen Hauch von Frische, als w\u00fcrden Sie an einem hei\u00dfen Sommertag ein eisgek\u00fchltes Erdbeergetr\u00e4nk oder einen Erdbeermilchshake schl\u00fcrfen. Die zus\u00e4tzliche Frische gleicht nicht nur die S\u00fc\u00dfe der Erdbeere aus, sondern f\u00fcgt auch eine stimulierende und erfrischende Erfahrung hinzu.<\/p><h3>Erfahrung mit der elektronischen Zigarette RandM Tornado 30000<\/h3><ul><li>Starkes Gef\u00fchl der \u00dcberlagerung: erst s\u00fc\u00df, dann frisch, s\u00fc\u00df mit einem Hauch von S\u00e4ure, frisch, ohne erdr\u00fcckend zu sein, und eine deutliche Struktur.<\/li><li>Echter Geschmack: RandM Tornado 30000 Strawberry Ice bildet ein echtes Erfrischungsgetr\u00e4nk mit Erdbeeren und Minze nach.<\/li><li>Geeignet f\u00fcr: Liebhaber von E-Zigaretten, die fruchtige Aromen sch\u00e4tzen, ohne zu s\u00fc\u00df zu sein, und die ein moderates Frischegef\u00fchl bevorzugen.<\/li><\/ul>\t\t\t\t\t\t\t\t<\/div>\n\t\t\t\t<\/div>\n\t\t\t\t\t<\/div>\n\t\t\t\t<\/div>\n\t\t<div class=\"elementor-element elementor-element-718b380 e-flex e-con-boxed e-con e-parent\" data-id=\"718b380\" data-element_type=\"container\" data-e-type=\"container\">\n\t\t\t\t\t<div class=\"e-con-inner\">\n\t\t\t\t<div class=\"elementor-element elementor-element-d2cc8fa elementor-widget elementor-widget-text-editor\" data-id=\"d2cc8fa\" data-element_type=\"widget\" data-e-type=\"widget\" data-widget_type=\"text-editor.default\">\n\t\t\t\t<div class=\"elementor-widget-container\">\n\t\t\t\t\t\t\t\t\t<h2>Hauptmerkmale des RandM Tornado 30000<\/h2><p><strong>Lange Akkulaufzeit: bis zu 30000 Z\u00fcge<\/strong><br \/>Der RandM Tornado 30000 bietet eine Akkulaufzeit von 30000 Z\u00fcgen, die weit \u00fcber der von herk\u00f6mmlichen Einwegger\u00e4ten liegt, was ihn zur idealen Wahl f\u00fcr Intensivnutzer macht.<\/p><p><strong>Wiederaufladbarer Akku, umweltfreundlich und praktisch<\/strong><br \/>Integrierter Hochleistungs-Lithium-Akku mit 600 mAh, kompatibel mit dem Typ-C-Schnellladeger\u00e4t, das langlebiger und bequemer zu verwenden ist und so den Elektronikschrott reduziert.<\/p><p><strong>Gro\u00dfe E-Fl\u00fcssigkeitskapazit\u00e4t: 25 ml vorgef\u00fcllte Fl\u00fcssigkeit<\/strong><br \/>Vorgef\u00fcllte E-Liquids, die nicht mehrfach nachgef\u00fcllt werden m\u00fcssen, geeignet f\u00fcr den Langzeitgebrauch. Selbst bei h\u00e4ufigem Gebrauch reicht es f\u00fcr mehrere Wochen, bei Gelegenheitsnutzern f\u00fcr mehrere Monate.<\/p><p><strong>Optionale Konzentration an Nikotinsalzen: 2 % \/ 5 %<\/strong><br \/>Angepasst an den Nikotinbedarf jedes Nutzers, vom leichten bis zum schweren Nikotinbedarf.<\/p><p><strong>Heizwiderstand aus Mesh: gleichm\u00e4\u00dfiges Erhitzen, unvergleichlicher Geschmack<\/strong><br \/>Dank der fortschrittlichen Mesh-Widerstandstechnologie wird das E-Liquid gleichm\u00e4\u00dfiger erhitzt, was zu einem vollst\u00e4ndigen, sanften und kontinuierlichen Raucherlebnis f\u00fchrt.<\/p><h2>Innovatives Design und spielerisches Erleben des RandM Tornado 30000<\/h2><p><strong>Transparente Schale und dynamische Leuchtanzeige<\/strong><br \/>Der visuelle \u00d6ltank zeigt den \u00d6lstand in Echtzeit an, w\u00e4hrend die dynamische LED-Leuchtanzeige Echtzeit-Feedback \u00fcber den Betriebszustand des Ger\u00e4ts gibt - ein Konzentrat an Technologie.<\/p><p><strong>RGB-Lichteffekt synchron zur Musik: visuelles und akustisches Vergn\u00fcgen<\/strong><br \/>Das einzigartige RGB-Beleuchtungssystem blinkt im Takt der Musik und sorgt f\u00fcr eine entspannte Atmosph\u00e4re bei Partys, Ausfl\u00fcgen und anderen Anl\u00e4ssen - f\u00fcr ein optimales Unterhaltungserlebnis.<\/p><p><strong>Ergonomisches Aussehen: komfortabler Griff, elegant und tragbar<\/strong><br \/>Mit seinem leichten K\u00f6rper und der Schale, die so gestaltet ist, dass sie sich der Handfl\u00e4che anpasst, ist es ideal f\u00fcr den Langzeitgebrauch zu Hause, am Arbeitsplatz oder auf Reisen.<\/p><h2>Vorteile des RandM Tornado 30000<\/h2><p><strong>Keine Wartung erforderlich<\/strong>\u00a0: Sie m\u00fcssen keine E-Liquids hinzuf\u00fcgen oder Teile austauschen, ideal f\u00fcr Anf\u00e4nger und faule Nutzer.<\/p><p><strong>Hohe Zuverl\u00e4ssigkeit<\/strong>\u00a0: Hergestellt aus hochwertigen Materialien, die eine ausgezeichnete Haltbarkeit und Wasserdichtigkeit bieten.<\/p><p><strong>Gebrauchsfertig<\/strong>\u00a0: Kein Schalter n\u00f6tig, einfach mit dem Einatmen beginnen, intuitive und praktische Bedienung.<\/p><p><strong>Vielfalt der Wahl\u00a0<\/strong>: Verschiedene Aromen und Nikotinkonzentrationen bieten f\u00fcr jeden Geschmack etwas.<\/p>\t\t\t\t\t\t\t\t<\/div>\n\t\t\t\t<\/div>\n\t\t\t\t\t<\/div>\n\t\t\t\t<\/div>\n\t\t\t\t<\/div>","protected":false},"excerpt":{"rendered":"<p>La saveur Glace \u00e0 la fraise de la cigarette \u00e9lectronique RandM Tornado 30000 est centr\u00e9e sur son ar\u00f4me de fraise sucr\u00e9 sans \u00eatre gras, comme si vous cueilliez un panier de fraises fra\u00eeches dans la campagne fran\u00e7aise, avec un parfum fruit\u00e9 et une fum\u00e9e soyeuse. Puis, une brise fra\u00eeche de menthe, telle une brise alpine, [&hellip;]<\/p>\n","protected":false},"featured_media":4504,"comment_status":"open","ping_status":"closed","template":"","meta":{"site-sidebar-layout":"no-sidebar","site-content-layout":"page-builder","ast-site-content-layout":"normal-width-container","site-content-style":"default","site-sidebar-style":"default","ast-global-header-display":"","ast-banner-title-visibility":"","ast-main-header-display":"","ast-hfb-above-header-display":"","ast-hfb-below-header-display":"","ast-hfb-mobile-header-display":"","site-post-title":"disabled","ast-breadcrumbs-content":"","ast-featured-img":"disabled","footer-sml-layout":"","ast-disable-related-posts":"","theme-transparent-header-meta":"default","adv-header-id-meta":"","stick-header-meta":"default","header-above-stick-meta":"","header-main-stick-meta":"","header-below-stick-meta":"","astra-migrate-meta-layouts":"set","ast-page-background-enabled":"default","ast-page-background-meta":{"desktop":{"background-color":"","background-image":"","background-repeat":"repeat","background-position":"center center","background-size":"auto","background-attachment":"scroll","background-type":"","background-media":"","overlay-type":"","overlay-color":"","overlay-opacity":"","overlay-gradient":""},"tablet":{"background-color":"","background-image":"","background-repeat":"repeat","background-position":"center center","background-size":"auto","background-attachment":"scroll","background-type":"","background-media":"","overlay-type":"","overlay-color":"","overlay-opacity":"","overlay-gradient":""},"mobile":{"background-color":"","background-image":"","background-repeat":"repeat","background-position":"center center","background-size":"auto","background-attachment":"scroll","background-type":"","background-media":"","overlay-type":"","overlay-color":"","overlay-opacity":"","overlay-gradient":""}},"ast-content-background-meta":{"desktop":{"background-color":"var(--ast-global-color-5)","background-image":"","background-repeat":"repeat","background-position":"center center","background-size":"auto","background-attachment":"scroll","background-type":"","background-media":"","overlay-type":"","overlay-color":"","overlay-opacity":"","overlay-gradient":""},"tablet":{"background-color":"var(--ast-global-color-5)","background-image":"","background-repeat":"repeat","background-position":"center center","background-size":"auto","background-attachment":"scroll","background-type":"","background-media":"","overlay-type":"","overlay-color":"","overlay-opacity":"","overlay-gradient":""},"mobile":{"background-color":"var(--ast-global-color-5)","background-image":"","background-repeat":"repeat","background-position":"center center","background-size":"auto","background-attachment":"scroll","background-type":"","background-media":"","overlay-type":"","overlay-color":"","overlay-opacity":"","overlay-gradient":""}}},"product_brand":[42],"product_cat":[48,86,15],"product_tag":[],"class_list":{"0":"post-4725","1":"product","2":"type-product","3":"status-publish","4":"has-post-thumbnail","6":"product_brand-randm-tornado","7":"product_cat-randm-tornado-30000-concentre-de-fun","8":"product_cat-puff-30k","9":"product_cat-magasin-cigarette-electronique","10":"desktop-align-center","11":"tablet-align-center","12":"mobile-align-center","13":"ast-product-gallery-layout-horizontal","14":"ast-product-gallery-with-no-image","15":"ast-product-single-variable","16":"ast-product-tabs-layout-horizontal","17":"ast-qv-on-image","19":"first","20":"instock","21":"sale","22":"shipping-taxable","23":"purchasable","24":"product-type-variable","25":"has-default-attributes"},"tiered_pricing_type":"fixed","tiered_pricing_fixed_rules":{"50":9.38,"100":8.45,"200":7.95,"400":7.59},"tiered_pricing_product_settings":{"layout":"default","base_unit_name":{"singular":null,"plural":null},"default_variation":null},"tiered_pricing_minimum_quantity":null,"tiered_pricing_roles_data":[],"tiered_pricing_percentage_rules":[],"_links":{"self":[{"href":"https:\/\/puffvapestore.com\/de\/wp-json\/wp\/v2\/product\/4725","targetHints":{"allow":["GET"]}}],"collection":[{"href":"https:\/\/puffvapestore.com\/de\/wp-json\/wp\/v2\/product"}],"about":[{"href":"https:\/\/puffvapestore.com\/de\/wp-json\/wp\/v2\/types\/product"}],"replies":[{"embeddable":true,"href":"https:\/\/puffvapestore.com\/de\/wp-json\/wp\/v2\/comments?post=4725"}],"version-history":[{"count":6,"href":"https:\/\/puffvapestore.com\/de\/wp-json\/wp\/v2\/product\/4725\/revisions"}],"predecessor-version":[{"id":4733,"href":"https:\/\/puffvapestore.com\/de\/wp-json\/wp\/v2\/product\/4725\/revisions\/4733"}],"wp:featuredmedia":[{"embeddable":true,"href":"https:\/\/puffvapestore.com\/de\/wp-json\/wp\/v2\/media\/4504"}],"wp:attachment":[{"href":"https:\/\/puffvapestore.com\/de\/wp-json\/wp\/v2\/media?parent=4725"}],"wp:term":[{"taxonomy":"product_brand","embeddable":true,"href":"https:\/\/puffvapestore.com\/de\/wp-json\/wp\/v2\/product_brand?post=4725"},{"taxonomy":"product_cat","embeddable":true,"href":"https:\/\/puffvapestore.com\/de\/wp-json\/wp\/v2\/product_cat?post=4725"},{"taxonomy":"product_tag","embeddable":true,"href":"https:\/\/puffvapestore.com\/de\/wp-json\/wp\/v2\/product_tag?post=4725"}],"curies":[{"name":"wp","href":"https:\/\/api.w.org\/{rel}","templated":true}]}}