{"id":4716,"date":"2025-07-09T06:07:13","date_gmt":"2025-07-09T06:07:13","guid":{"rendered":"https:\/\/puffvapestore.com\/?post_type=product&#038;p=4716"},"modified":"2026-01-19T10:36:00","modified_gmt":"2026-01-19T10:36:00","slug":"vimto-randm-tornado-30000","status":"publish","type":"product","link":"https:\/\/puffvapestore.com\/de\/product\/vimto-randm-tornado-30000\/","title":{"rendered":"Vimto - RandM Tornado 30000"},"content":{"rendered":"<div data-elementor-type=\"wp-post\" data-elementor-id=\"4716\" class=\"elementor elementor-4716\">\n\t\t\t\t<div class=\"elementor-element elementor-element-08c26f9 e-flex e-con-boxed e-con e-parent\" data-id=\"08c26f9\" data-element_type=\"container\" data-e-type=\"container\">\n\t\t\t\t\t<div class=\"e-con-inner\">\n\t\t\t\t<div class=\"elementor-element elementor-element-a005a97 elementor-widget elementor-widget-text-editor\" data-id=\"a005a97\" data-element_type=\"widget\" data-e-type=\"widget\" data-widget_type=\"text-editor.default\">\n\t\t\t\t<div class=\"elementor-widget-container\">\n\t\t\t\t\t\t\t\t\t<p>In Frankreich, dem Land der Romantik und Natur, ist die aromatisierte E-Zigarette RandM Tornado 30000 Vimto dank ihres einzigartigen Aromas und ihrer hervorragenden Leistung zu einem hervorragenden Begleiter bei der Erkundung von Geschmack und Lebenskunst geworden. Stellen Sie sich vor, Sie gehen auf einem nicht markierten Weg in der franz\u00f6sischen Landschaft, umgeben von goldenem Weizen und bl\u00fchendem Lavendel, bei einer leichten Brise und dem Duft von Erde und Blumen. Dann ziehen Sie den leichten RandM Tornado 30000 aus Ihrer Tasche. Seine transparente H\u00fclle spiegelt das kristallklare Sonnenlicht wider. Dr\u00fccken Sie den Startknopf und ein Hauch von Vimtos fruchtig-s\u00fc\u00dfem Aroma entfaltet sich augenblicklich und nimmt Sie mit auf eine wunderbare geschmackliche und visuelle Reise.<\/p><h2>Saveur Vimto: ein fruchtig-s\u00fc\u00dfer Charme, der die Sinne anregt<\/h2><h3>Hauptbestandteile des Vimto-Geschmacks :<\/h3><ul><li>Traube: Der Vimto-Geschmack basiert auf einem intensiven, s\u00fc\u00dfen und saftigen Traubenaroma. Dieses Traubenaroma verleiht dem Ganzen eine reiche, runde S\u00fc\u00dfe und bringt ein vertrautes Fruchtaroma mit sich, als ob Sie an einem echten Vimto-Getr\u00e4nk nippen w\u00fcrden.<\/li><li>Himbeeren: Himbeeren f\u00fcgen dem Geschmack eine leichte, fruchtige und lebhafte S\u00e4ure hinzu. Dieser s\u00fc\u00df-saure Geschmack gleicht die S\u00fc\u00dfe der Trauben aus und verleiht jedem Zug Komplexit\u00e4t und Lebendigkeit.<\/li><li>Schwarze Johannisbeere: Schwarze Johannisbeere liefert einen tiefen, reichen Fruchtgeschmack mit einem leicht s\u00e4uerlichen Nachgeschmack. Diese Zutat vertieft die Komplexit\u00e4t des Gesamtgeschmacks, macht ihn weniger s\u00fc\u00df und ekelerregend und bewahrt dennoch eine zufriedenstellende Geschmacksf\u00fclle.<\/li><\/ul><p>Inspiriert von seinem klassischen englischen Mischfruchtaroma, verbindet Vimto die intensive S\u00fc\u00dfe von schwarzen Johannisbeeren, Himbeeren und Trauben mit einem Hauch frischer S\u00e4ure, als ob ein Sommerfest auf der Zungenspitze erbl\u00fchen w\u00fcrde. Dieser Duft ist besonders in der franz\u00f6sischen Welt beliebt, wo die Franzosen einen raffinierten Lebensstil propagieren und nach der perfekten Verbindung von Geschmack und \u00c4sthetik streben. Der einzigartige Geschmack von Vimto erf\u00fcllt nicht nur die Gourmetpapillen und die Sehnsucht nach S\u00fc\u00dfem, sondern entspricht auch den franz\u00f6sischen Anspr\u00fcchen an Essen und Trinken. Nehmen Sie auf einer Landstra\u00dfe einen leichten Zug an Ihrer E-Zigarette, und das fruchtige Aroma von Vimto breitet sich langsam im Mund aus und sorgt f\u00fcr ein vertrautes und neues Vergn\u00fcgen, wie der Genuss eines sorgf\u00e4ltig zubereiteten Smoothies, der s\u00fc\u00df, aber nicht fett, erfrischend und angenehm ist.<\/p>\t\t\t\t\t\t\t\t<\/div>\n\t\t\t\t<\/div>\n\t\t\t\t\t<\/div>\n\t\t\t\t<\/div>\n\t\t<div class=\"elementor-element elementor-element-718b380 e-flex e-con-boxed e-con e-parent\" data-id=\"718b380\" data-element_type=\"container\" data-e-type=\"container\">\n\t\t\t\t\t<div class=\"e-con-inner\">\n\t\t\t\t<div class=\"elementor-element elementor-element-d2cc8fa elementor-widget elementor-widget-text-editor\" data-id=\"d2cc8fa\" data-element_type=\"widget\" data-e-type=\"widget\" data-widget_type=\"text-editor.default\">\n\t\t\t\t<div class=\"elementor-widget-container\">\n\t\t\t\t\t\t\t\t\t<h2>Hauptmerkmale des RandM Tornado 30000<\/h2><p><strong>Lange Akkulaufzeit: bis zu 30000 Z\u00fcge<\/strong><br \/>Der RandM Tornado 30000 bietet eine Akkulaufzeit von 30000 Z\u00fcgen, die weit \u00fcber der von herk\u00f6mmlichen Einwegger\u00e4ten liegt, was ihn zur idealen Wahl f\u00fcr Intensivnutzer macht.<\/p><p><strong>Wiederaufladbarer Akku, umweltfreundlich und praktisch<\/strong><br \/>Integrierter Hochleistungs-Lithium-Akku mit 600 mAh, kompatibel mit dem Typ-C-Schnellladeger\u00e4t, das langlebiger und bequemer zu verwenden ist und so den Elektronikschrott reduziert.<\/p><p><strong>Gro\u00dfe E-Fl\u00fcssigkeitskapazit\u00e4t: 25 ml vorgef\u00fcllte Fl\u00fcssigkeit<\/strong><br \/>Vorgef\u00fcllte E-Liquids, die nicht mehrfach nachgef\u00fcllt werden m\u00fcssen, geeignet f\u00fcr den Langzeitgebrauch. Selbst bei h\u00e4ufigem Gebrauch reicht es f\u00fcr mehrere Wochen, bei Gelegenheitsnutzern f\u00fcr mehrere Monate.<\/p><p><strong>Optionale Konzentration an Nikotinsalzen: 2 % \/ 5 %<\/strong><br \/>Angepasst an den Nikotinbedarf jedes Nutzers, vom leichten bis zum schweren Nikotinbedarf.<\/p><p><strong>Heizwiderstand aus Mesh: gleichm\u00e4\u00dfiges Erhitzen, unvergleichlicher Geschmack<\/strong><br \/>Dank der fortschrittlichen Mesh-Widerstandstechnologie wird das E-Liquid gleichm\u00e4\u00dfiger erhitzt, was zu einem vollst\u00e4ndigen, sanften und kontinuierlichen Raucherlebnis f\u00fchrt.<\/p><h2>Innovatives Design und spielerisches Erleben des RandM Tornado 30000<\/h2><p><strong>Transparente Schale und dynamische Leuchtanzeige<\/strong><br \/>Der visuelle \u00d6ltank zeigt den \u00d6lstand in Echtzeit an, w\u00e4hrend die dynamische LED-Leuchtanzeige Echtzeit-Feedback \u00fcber den Betriebszustand des Ger\u00e4ts gibt - ein Konzentrat an Technologie.<\/p><p><strong>RGB-Lichteffekt synchron zur Musik: visuelles und akustisches Vergn\u00fcgen<\/strong><br \/>Das einzigartige RGB-Beleuchtungssystem blinkt im Takt der Musik und sorgt f\u00fcr eine entspannte Atmosph\u00e4re bei Partys, Ausfl\u00fcgen und anderen Anl\u00e4ssen - f\u00fcr ein optimales Unterhaltungserlebnis.<\/p><p><strong>Ergonomisches Aussehen: komfortabler Griff, elegant und tragbar<\/strong><br \/>Mit seinem leichten K\u00f6rper und der Schale, die so gestaltet ist, dass sie sich der Handfl\u00e4che anpasst, ist es ideal f\u00fcr den Langzeitgebrauch zu Hause, am Arbeitsplatz oder auf Reisen.<\/p><h2>Vorteile des RandM Tornado 30000<\/h2><p><strong>Keine Wartung erforderlich<\/strong>\u00a0: Sie m\u00fcssen keine E-Liquids hinzuf\u00fcgen oder Teile austauschen, ideal f\u00fcr Anf\u00e4nger und faule Nutzer.<\/p><p><strong>Hohe Zuverl\u00e4ssigkeit<\/strong>\u00a0: Hergestellt aus hochwertigen Materialien, die eine ausgezeichnete Haltbarkeit und Wasserdichtigkeit bieten.<\/p><p><strong>Gebrauchsfertig<\/strong>\u00a0: Kein Schalter n\u00f6tig, einfach mit dem Einatmen beginnen, intuitive und praktische Bedienung.<\/p><p><strong>Vielfalt der Wahl\u00a0<\/strong>: Verschiedene Aromen und Nikotinkonzentrationen bieten f\u00fcr jeden Geschmack etwas.<\/p>\t\t\t\t\t\t\t\t<\/div>\n\t\t\t\t<\/div>\n\t\t\t\t\t<\/div>\n\t\t\t\t<\/div>\n\t\t\t\t<\/div>","protected":false},"excerpt":{"rendered":"<p>En France, terre de romantisme et de nature, la cigarette \u00e9lectronique RandM Tornado 30000 aromatis\u00e9e Vimto est devenue un excellent compagnon pour explorer les saveurs et l&rsquo;art de vivre gr\u00e2ce \u00e0 son ar\u00f4me unique et ses excellentes performances. Imaginez-vous marcher sur un chemin non balis\u00e9 dans la campagne fran\u00e7aise, entour\u00e9 de bl\u00e9s dor\u00e9s et de [&hellip;]<\/p>\n","protected":false},"featured_media":4507,"comment_status":"open","ping_status":"closed","template":"","meta":{"site-sidebar-layout":"no-sidebar","site-content-layout":"page-builder","ast-site-content-layout":"normal-width-container","site-content-style":"default","site-sidebar-style":"default","ast-global-header-display":"","ast-banner-title-visibility":"","ast-main-header-display":"","ast-hfb-above-header-display":"","ast-hfb-below-header-display":"","ast-hfb-mobile-header-display":"","site-post-title":"disabled","ast-breadcrumbs-content":"","ast-featured-img":"disabled","footer-sml-layout":"","ast-disable-related-posts":"","theme-transparent-header-meta":"default","adv-header-id-meta":"","stick-header-meta":"default","header-above-stick-meta":"","header-main-stick-meta":"","header-below-stick-meta":"","astra-migrate-meta-layouts":"set","ast-page-background-enabled":"default","ast-page-background-meta":{"desktop":{"background-color":"","background-image":"","background-repeat":"repeat","background-position":"center center","background-size":"auto","background-attachment":"scroll","background-type":"","background-media":"","overlay-type":"","overlay-color":"","overlay-opacity":"","overlay-gradient":""},"tablet":{"background-color":"","background-image":"","background-repeat":"repeat","background-position":"center center","background-size":"auto","background-attachment":"scroll","background-type":"","background-media":"","overlay-type":"","overlay-color":"","overlay-opacity":"","overlay-gradient":""},"mobile":{"background-color":"","background-image":"","background-repeat":"repeat","background-position":"center center","background-size":"auto","background-attachment":"scroll","background-type":"","background-media":"","overlay-type":"","overlay-color":"","overlay-opacity":"","overlay-gradient":""}},"ast-content-background-meta":{"desktop":{"background-color":"var(--ast-global-color-5)","background-image":"","background-repeat":"repeat","background-position":"center center","background-size":"auto","background-attachment":"scroll","background-type":"","background-media":"","overlay-type":"","overlay-color":"","overlay-opacity":"","overlay-gradient":""},"tablet":{"background-color":"var(--ast-global-color-5)","background-image":"","background-repeat":"repeat","background-position":"center center","background-size":"auto","background-attachment":"scroll","background-type":"","background-media":"","overlay-type":"","overlay-color":"","overlay-opacity":"","overlay-gradient":""},"mobile":{"background-color":"var(--ast-global-color-5)","background-image":"","background-repeat":"repeat","background-position":"center center","background-size":"auto","background-attachment":"scroll","background-type":"","background-media":"","overlay-type":"","overlay-color":"","overlay-opacity":"","overlay-gradient":""}}},"product_brand":[42],"product_cat":[48,86,15],"product_tag":[],"class_list":{"0":"post-4716","1":"product","2":"type-product","3":"status-publish","4":"has-post-thumbnail","6":"product_brand-randm-tornado","7":"product_cat-randm-tornado-30000-concentre-de-fun","8":"product_cat-puff-30k","9":"product_cat-magasin-cigarette-electronique","10":"desktop-align-center","11":"tablet-align-center","12":"mobile-align-center","13":"ast-product-gallery-layout-horizontal","14":"ast-product-gallery-with-no-image","15":"ast-product-single-variable","16":"ast-product-tabs-layout-horizontal","17":"ast-qv-on-image","19":"first","20":"instock","21":"sale","22":"shipping-taxable","23":"purchasable","24":"product-type-variable","25":"has-default-attributes"},"tiered_pricing_type":"fixed","tiered_pricing_fixed_rules":{"50":9.38,"100":8.45,"200":7.95,"400":7.59},"tiered_pricing_product_settings":{"layout":"default","base_unit_name":{"singular":null,"plural":null},"default_variation":null},"tiered_pricing_minimum_quantity":null,"tiered_pricing_roles_data":[],"tiered_pricing_percentage_rules":[],"_links":{"self":[{"href":"https:\/\/puffvapestore.com\/de\/wp-json\/wp\/v2\/product\/4716","targetHints":{"allow":["GET"]}}],"collection":[{"href":"https:\/\/puffvapestore.com\/de\/wp-json\/wp\/v2\/product"}],"about":[{"href":"https:\/\/puffvapestore.com\/de\/wp-json\/wp\/v2\/types\/product"}],"replies":[{"embeddable":true,"href":"https:\/\/puffvapestore.com\/de\/wp-json\/wp\/v2\/comments?post=4716"}],"version-history":[{"count":6,"href":"https:\/\/puffvapestore.com\/de\/wp-json\/wp\/v2\/product\/4716\/revisions"}],"predecessor-version":[{"id":4724,"href":"https:\/\/puffvapestore.com\/de\/wp-json\/wp\/v2\/product\/4716\/revisions\/4724"}],"wp:featuredmedia":[{"embeddable":true,"href":"https:\/\/puffvapestore.com\/de\/wp-json\/wp\/v2\/media\/4507"}],"wp:attachment":[{"href":"https:\/\/puffvapestore.com\/de\/wp-json\/wp\/v2\/media?parent=4716"}],"wp:term":[{"taxonomy":"product_brand","embeddable":true,"href":"https:\/\/puffvapestore.com\/de\/wp-json\/wp\/v2\/product_brand?post=4716"},{"taxonomy":"product_cat","embeddable":true,"href":"https:\/\/puffvapestore.com\/de\/wp-json\/wp\/v2\/product_cat?post=4716"},{"taxonomy":"product_tag","embeddable":true,"href":"https:\/\/puffvapestore.com\/de\/wp-json\/wp\/v2\/product_tag?post=4716"}],"curies":[{"name":"wp","href":"https:\/\/api.w.org\/{rel}","templated":true}]}}