{"id":4667,"date":"2025-07-08T08:15:28","date_gmt":"2025-07-08T08:15:28","guid":{"rendered":"https:\/\/puffvapestore.com\/?post_type=product&#038;p=4667"},"modified":"2026-01-19T10:36:01","modified_gmt":"2026-01-19T10:36:01","slug":"randm-30000-puff-lush-ice","status":"publish","type":"product","link":"https:\/\/puffvapestore.com\/de\/product\/randm-30000-puff-lush-ice\/","title":{"rendered":"Lush Ice - RandM Tornado 30000"},"content":{"rendered":"<div data-elementor-type=\"wp-post\" data-elementor-id=\"4667\" class=\"elementor elementor-4667\">\n\t\t\t\t<div class=\"elementor-element elementor-element-08c26f9 e-flex e-con-boxed e-con e-parent\" data-id=\"08c26f9\" data-element_type=\"container\" data-e-type=\"container\">\n\t\t\t\t\t<div class=\"e-con-inner\">\n\t\t\t\t<div class=\"elementor-element elementor-element-a005a97 elementor-widget elementor-widget-text-editor\" data-id=\"a005a97\" data-element_type=\"widget\" data-e-type=\"widget\" data-widget_type=\"text-editor.default\">\n\t\t\t\t<div class=\"elementor-widget-container\">\n\t\t\t\t\t\t\t\t\t<p>Lush Ice ist ein klassisches, fruchtiges und erfrischendes E-Zigaretten-Aroma, das von s\u00fc\u00dfer Wassermelone dominiert wird, mit einem frischen Minzgeschmack im Nachgeschmack, f\u00fcr ein berauschendes Raucherlebnis. Dieses Aroma ist sowohl f\u00fcr hei\u00dfe Sommertage als auch f\u00fcr den t\u00e4glichen Gebrauch gedacht, f\u00fcr alle, die ein erfrischendes Gef\u00fchl suchen, das die S\u00fc\u00dfe der Fr\u00fcchte mit der K\u00fchle von Eis verbindet.<\/p><h2>Hauptnote: Aroma von saftiger Wassermelone.<\/h2><p>Nat\u00fcrliche S\u00fc\u00dfe: Der Rauch verstr\u00f6mt ein sehr realistisches Aroma von Wassermelonenfruchtfleisch, weit entfernt von dem k\u00fcnstlichen Aroma eines Bonbons, aber nahe an der saftigen, leicht parf\u00fcmierten S\u00fc\u00dfe einer echten, reifen Wassermelone.<\/p><p>Fruchtfleisch : Man sp\u00fcrt das Fruchtfleisch im Mund, als w\u00fcrde man auf einer Wassermelone kauen, aus der der Saft herausspritzt. Die S\u00fc\u00dfe wird von einem leichten Gr\u00fcnstich begleitet, was f\u00fcr einen ausgewogenen Geschmack sorgt.<\/p><h2>Nebennoten: Frische Minze<\/h2><p>Mittleres bis starkes Eisgef\u00fchl: Beim Einatmen wird der Hals sofort von der K\u00e4lte getroffen. Dieses k\u00fchle Gef\u00fchl ist keine starke K\u00e4lte, die den Hals durchdringt, sondern ein k\u00fchlendes Eisgef\u00fchl, das sich allm\u00e4hlich ausbreitet und vom Mund bis in den Hals gleitet.<\/p><p>Frische und S\u00fc\u00dfe: Diese Frische f\u00fcgt sich nahtlos in die S\u00fc\u00dfe ein und unterbricht nicht die Kontinuit\u00e4t des fruchtigen Geschmacks, sondern macht den Wassermelonengeschmack erfrischender.<\/p><h2>Hintergrundnote und Nachgeschmack<\/h2><p>Anhaltendes Aroma : Einige Sekunden nach der Inhalation ist noch ein leichtes fruchtiges Wassermelonenaroma und ein frisches Mundgef\u00fchl wahrnehmbar, ohne fettiges Gef\u00fchl, ideal f\u00fcr einen l\u00e4ngeren Konsum.<\/p><p>Sauber und nicht fettig: Im Gegensatz zu einigen fruchtigen E-Zigaretten, die \"fett\" oder \"sirupartig\" schmecken, neigt Lush Ice dazu, fruchtiger und klarer zu sein, mit einem subtilen Kr\u00e4utergeschmack, und bietet ein echtes Wassermelonen-Eis-Erlebnis im Sommer.<\/p><h2>Details und Erfahrung<\/h2><p>Erfrischend und k\u00fchlend : Lush Ice wird als \"perfekte Verschmelzung von tropischer Wassermelone und frischer Minze\" beschrieben und eignet sich besonders f\u00fcr Benutzer, die auf der Suche nach Erfrischung sind. Das k\u00fchle Gef\u00fchl ist vergleichbar mit einem Glas eisgek\u00fchltem Wassermelonensaft an einem hei\u00dfen Sommertag und sorgt f\u00fcr ein sofortiges Wohlgef\u00fchl.<\/p><p>Verwendung: Dieses Aroma ist ideal f\u00fcr den t\u00e4glichen Gebrauch, z. B. bei Outdoor-Aktivit\u00e4ten, gesellschaftlichen Anl\u00e4ssen oder zur Erfrischung. Seine frische und fruchtige Mischung macht es zu einem vielseitigen Aroma, das sowohl f\u00fcr unerfahrene als auch f\u00fcr erfahrene Benutzer geeignet ist.<\/p>\t\t\t\t\t\t\t\t<\/div>\n\t\t\t\t<\/div>\n\t\t\t\t\t<\/div>\n\t\t\t\t<\/div>\n\t\t<div class=\"elementor-element elementor-element-718b380 e-flex e-con-boxed e-con e-parent\" data-id=\"718b380\" data-element_type=\"container\" data-e-type=\"container\">\n\t\t\t\t\t<div class=\"e-con-inner\">\n\t\t\t\t<div class=\"elementor-element elementor-element-d2cc8fa elementor-widget elementor-widget-text-editor\" data-id=\"d2cc8fa\" data-element_type=\"widget\" data-e-type=\"widget\" data-widget_type=\"text-editor.default\">\n\t\t\t\t<div class=\"elementor-widget-container\">\n\t\t\t\t\t\t\t\t\t<h2>Spezifikationen von RandM Tornado 30000 :<\/h2><p>Anzahl der Z\u00fcge : Bis zu 30000 Z\u00fcge, was sie zu einer der langlebigsten elektronischen Einwegzigaretten auf dem Markt macht.<\/p><p>Akku: Ausgestattet mit einem wiederaufladbaren 600-mAh-Akku, der \u00fcber einen Typ-C-Anschluss f\u00fcr schnelles und effizientes Laden aufgeladen wird.<\/p><p>Kapazit\u00e4t des Beh\u00e4lters : Enth\u00e4lt 25 ml vorgef\u00fcllte e-Liquids.<\/p><p>Nikotindosierung: Erh\u00e4ltlich in Nikotinsalzen mit 2 % oder 5 %, um allen Bed\u00fcrfnissen gerecht zu werden.<\/p><p>Mesh-Coil-Technologie: Garantiert ein konstantes, sanftes und k\u00f6stliches Dampferlebnis durch gleichm\u00e4\u00dfiges Erhitzen der e-Fl\u00fcssigkeit.<\/p><p>Design: Sein leichtes, transparentes Geh\u00e4use \u00fcberwacht den Stand der E-Fl\u00fcssigkeit und verf\u00fcgt \u00fcber dynamische Leuchtanzeigen, die die Aktivit\u00e4t des Mesh-Widerstands anzeigen.<\/p><p>Musikfunktion: Ausgestattet mit einem einzigartigen RGB-Lichtspiel, das mit der Musik synchronisiert ist, verleiht sie Ihren elektronischen Zigaretten eine visuelle und unterhaltsame Note.<\/p><p>Haltbarkeit: Hergestellt aus modernsten Materialien, sehr zuverl\u00e4ssig und mit auslaufsicherer E-Liquid-Technologie, ideal f\u00fcr den t\u00e4glichen Gebrauch und auf Reisen.<\/p><h2>Leistung und Vorteile des RandM Tornado 30000<\/h2><p>Haltbarkeit der Fl\u00fcssigkeit: 25 ml vorgef\u00fcllte Fl\u00fcssigkeit erm\u00f6glichen eine lange Nutzung ohne Nachf\u00fcllen, aber die Nutzungsdauer variiert je nach Verwendungszweck. Bei regelm\u00e4\u00dfigen E-Zigaretten-Nutzern kann sie wochenlang verwendet werden, bei regelm\u00e4\u00dfigen E-Zigaretten-Nutzern kann sie monatelang verwendet werden.<\/p><p>Geschmack: Dank der Mesh-Resistance-Technologie ist der Geschmack nat\u00fcrlich reichhaltig und das Rauchvolumen stabil.<\/p><p>Einfach zu bedienen: Keine komplizierten Kn\u00f6pfe oder Einstellungen, einfach durch Saugen aktivieren, auch f\u00fcr Anf\u00e4nger leicht zu bedienen. Wartungsfrei (kein Nachf\u00fcllen oder Auswechseln des Widerstandes erforderlich), bequemer.<\/p><p>Design: Seine LED-Beleuchtung und die ergonomisch geformte Schale erh\u00f6hen seine Attraktivit\u00e4t.<\/p>\t\t\t\t\t\t\t\t<\/div>\n\t\t\t\t<\/div>\n\t\t\t\t\t<\/div>\n\t\t\t\t<\/div>\n\t\t\t\t<\/div>","protected":false},"excerpt":{"rendered":"<p>Lush Ice est un ar\u00f4me classique de cigarette \u00e9lectronique, fruit\u00e9 et rafra\u00eechissant, domin\u00e9 par la past\u00e8que sucr\u00e9e, avec un arri\u00e8re-go\u00fbt menthol\u00e9 frais, pour une exp\u00e9rience de fumage exaltante. Cet ar\u00f4me est con\u00e7u pour les chaudes journ\u00e9es d&rsquo;\u00e9t\u00e9 comme pour une utilisation quotidienne, pour ceux qui recherchent une sensation de fra\u00eecheur, alliant la douceur des fruits [&hellip;]<\/p>\n","protected":false},"featured_media":4494,"comment_status":"open","ping_status":"closed","template":"","meta":{"site-sidebar-layout":"no-sidebar","site-content-layout":"page-builder","ast-site-content-layout":"normal-width-container","site-content-style":"default","site-sidebar-style":"default","ast-global-header-display":"","ast-banner-title-visibility":"","ast-main-header-display":"","ast-hfb-above-header-display":"","ast-hfb-below-header-display":"","ast-hfb-mobile-header-display":"","site-post-title":"disabled","ast-breadcrumbs-content":"","ast-featured-img":"disabled","footer-sml-layout":"","ast-disable-related-posts":"","theme-transparent-header-meta":"default","adv-header-id-meta":"","stick-header-meta":"default","header-above-stick-meta":"","header-main-stick-meta":"","header-below-stick-meta":"","astra-migrate-meta-layouts":"set","ast-page-background-enabled":"default","ast-page-background-meta":{"desktop":{"background-color":"","background-image":"","background-repeat":"repeat","background-position":"center center","background-size":"auto","background-attachment":"scroll","background-type":"","background-media":"","overlay-type":"","overlay-color":"","overlay-opacity":"","overlay-gradient":""},"tablet":{"background-color":"","background-image":"","background-repeat":"repeat","background-position":"center center","background-size":"auto","background-attachment":"scroll","background-type":"","background-media":"","overlay-type":"","overlay-color":"","overlay-opacity":"","overlay-gradient":""},"mobile":{"background-color":"","background-image":"","background-repeat":"repeat","background-position":"center center","background-size":"auto","background-attachment":"scroll","background-type":"","background-media":"","overlay-type":"","overlay-color":"","overlay-opacity":"","overlay-gradient":""}},"ast-content-background-meta":{"desktop":{"background-color":"var(--ast-global-color-5)","background-image":"","background-repeat":"repeat","background-position":"center center","background-size":"auto","background-attachment":"scroll","background-type":"","background-media":"","overlay-type":"","overlay-color":"","overlay-opacity":"","overlay-gradient":""},"tablet":{"background-color":"var(--ast-global-color-5)","background-image":"","background-repeat":"repeat","background-position":"center center","background-size":"auto","background-attachment":"scroll","background-type":"","background-media":"","overlay-type":"","overlay-color":"","overlay-opacity":"","overlay-gradient":""},"mobile":{"background-color":"var(--ast-global-color-5)","background-image":"","background-repeat":"repeat","background-position":"center center","background-size":"auto","background-attachment":"scroll","background-type":"","background-media":"","overlay-type":"","overlay-color":"","overlay-opacity":"","overlay-gradient":""}}},"product_brand":[42],"product_cat":[48,86,15],"product_tag":[],"class_list":{"0":"post-4667","1":"product","2":"type-product","3":"status-publish","4":"has-post-thumbnail","6":"product_brand-randm-tornado","7":"product_cat-randm-tornado-30000-concentre-de-fun","8":"product_cat-puff-30k","9":"product_cat-magasin-cigarette-electronique","10":"desktop-align-center","11":"tablet-align-center","12":"mobile-align-center","13":"ast-product-gallery-layout-horizontal","14":"ast-product-gallery-with-no-image","15":"ast-product-single-variable","16":"ast-product-tabs-layout-horizontal","17":"ast-qv-on-image","19":"first","20":"instock","21":"sale","22":"shipping-taxable","23":"purchasable","24":"product-type-variable","25":"has-default-attributes"},"tiered_pricing_type":"fixed","tiered_pricing_fixed_rules":{"50":9.38,"100":8.45,"200":7.95,"400":7.59},"tiered_pricing_product_settings":{"layout":"default","base_unit_name":{"singular":null,"plural":null},"default_variation":null},"tiered_pricing_minimum_quantity":null,"tiered_pricing_roles_data":[],"tiered_pricing_percentage_rules":[],"_links":{"self":[{"href":"https:\/\/puffvapestore.com\/de\/wp-json\/wp\/v2\/product\/4667","targetHints":{"allow":["GET"]}}],"collection":[{"href":"https:\/\/puffvapestore.com\/de\/wp-json\/wp\/v2\/product"}],"about":[{"href":"https:\/\/puffvapestore.com\/de\/wp-json\/wp\/v2\/types\/product"}],"replies":[{"embeddable":true,"href":"https:\/\/puffvapestore.com\/de\/wp-json\/wp\/v2\/comments?post=4667"}],"version-history":[{"count":6,"href":"https:\/\/puffvapestore.com\/de\/wp-json\/wp\/v2\/product\/4667\/revisions"}],"predecessor-version":[{"id":4675,"href":"https:\/\/puffvapestore.com\/de\/wp-json\/wp\/v2\/product\/4667\/revisions\/4675"}],"wp:featuredmedia":[{"embeddable":true,"href":"https:\/\/puffvapestore.com\/de\/wp-json\/wp\/v2\/media\/4494"}],"wp:attachment":[{"href":"https:\/\/puffvapestore.com\/de\/wp-json\/wp\/v2\/media?parent=4667"}],"wp:term":[{"taxonomy":"product_brand","embeddable":true,"href":"https:\/\/puffvapestore.com\/de\/wp-json\/wp\/v2\/product_brand?post=4667"},{"taxonomy":"product_cat","embeddable":true,"href":"https:\/\/puffvapestore.com\/de\/wp-json\/wp\/v2\/product_cat?post=4667"},{"taxonomy":"product_tag","embeddable":true,"href":"https:\/\/puffvapestore.com\/de\/wp-json\/wp\/v2\/product_tag?post=4667"}],"curies":[{"name":"wp","href":"https:\/\/api.w.org\/{rel}","templated":true}]}}