{"id":4658,"date":"2025-07-08T07:09:18","date_gmt":"2025-07-08T07:09:18","guid":{"rendered":"https:\/\/puffvapestore.com\/?post_type=product&#038;p=4658"},"modified":"2026-01-19T10:36:01","modified_gmt":"2026-01-19T10:36:01","slug":"peach-ice-randm-tornado-30000","status":"publish","type":"product","link":"https:\/\/puffvapestore.com\/de\/product\/peach-ice-randm-tornado-30000\/","title":{"rendered":"Peach Ice - RandM Tornado 30000"},"content":{"rendered":"<div data-elementor-type=\"wp-post\" data-elementor-id=\"4658\" class=\"elementor elementor-4658\">\n\t\t\t\t<div class=\"elementor-element elementor-element-08c26f9 e-flex e-con-boxed e-con e-parent\" data-id=\"08c26f9\" data-element_type=\"container\" data-e-type=\"container\">\n\t\t\t\t\t<div class=\"e-con-inner\">\n\t\t\t\t<div class=\"elementor-element elementor-element-a005a97 elementor-widget elementor-widget-text-editor\" data-id=\"a005a97\" data-element_type=\"widget\" data-e-type=\"widget\" data-widget_type=\"text-editor.default\">\n\t\t\t\t<div class=\"elementor-widget-container\">\n\t\t\t\t\t\t\t\t\t<h2>Grundnote s\u00fc\u00dfer Pfirsich :<\/h2><p>Der Hauptgeschmack ist die nat\u00fcrliche S\u00fc\u00dfe reifer Pfirsiche mit einer leicht s\u00fc\u00df-sauren Note, die das Wesen frischer Sommerpfirsiche perfekt einf\u00e4ngt. Mit jedem Zug am Rauch steigt das fruchtige Aroma des Pfirsichs in Ihre Nase und bietet Ihnen ein reiches Fruchterlebnis, das Ihnen das Gef\u00fchl gibt, in einem sonnigen Obstgarten zu sein.<\/p><h2>Basisnote aus frischer Minze :<\/h2><p>Beim Ausatmen tritt allm\u00e4hlich die Frische der Minze hervor, die der S\u00fc\u00dfe der Pfirsiche eine erfrischende Note hinzuf\u00fcgt. Diese Frische bleibt einige Sekunden im Mund, \u00e4hnlich wie der Nachgeschmack von glasierten Pfirsichen oder einem eisgek\u00fchlten Saft im Sommer.<\/p><h2>Allgemeine Merkmale des Geschmacks :<\/h2><ul><li>Gleichgewicht der Hauptnoten: Es wird ein gutes Gleichgewicht zwischen S\u00fc\u00dfe und Frische erreicht, ohne eines von beiden zu \u00fcbertreiben.<\/li><li>Nat\u00fcrliches Aroma: N\u00e4her an \"echten Fr\u00fcchten\" als an Bonbons, ideal f\u00fcr Liebhaber von authentischem Fruchtgeschmack.<\/li><li>Leicht und einfach zu rauchen: weder schwer noch fettig, ideal f\u00fcr einen l\u00e4ngeren Konsum, vor allem im Sommer oder zur Erfrischung.<\/li><li>S\u00fc\u00dfes Gef\u00fchl im Rachen: Leichter Rachenhit, ideal f\u00fcr Liebhaber s\u00fc\u00dfer Aromen.<\/li><\/ul>\t\t\t\t\t\t\t\t<\/div>\n\t\t\t\t<\/div>\n\t\t\t\t\t<\/div>\n\t\t\t\t<\/div>\n\t\t<div class=\"elementor-element elementor-element-718b380 e-flex e-con-boxed e-con e-parent\" data-id=\"718b380\" data-element_type=\"container\" data-e-type=\"container\">\n\t\t\t\t\t<div class=\"e-con-inner\">\n\t\t\t\t<div class=\"elementor-element elementor-element-d2cc8fa elementor-widget elementor-widget-text-editor\" data-id=\"d2cc8fa\" data-element_type=\"widget\" data-e-type=\"widget\" data-widget_type=\"text-editor.default\">\n\t\t\t\t<div class=\"elementor-widget-container\">\n\t\t\t\t\t\t\t\t\t<h2>Spezifikationen von RandM Tornado 30000 :<\/h2><p>Anzahl der Z\u00fcge : Bis zu 30000 Z\u00fcge, was sie zu einer der langlebigsten elektronischen Einwegzigaretten auf dem Markt macht.<\/p><p>Akku: Ausgestattet mit einem wiederaufladbaren 600-mAh-Akku, der \u00fcber einen Typ-C-Anschluss f\u00fcr schnelles und effizientes Laden aufgeladen wird.<\/p><p>Kapazit\u00e4t des Beh\u00e4lters : Enth\u00e4lt 25 ml vorgef\u00fcllte e-Liquids.<\/p><p>Nikotindosierung: Erh\u00e4ltlich in Nikotinsalzen mit 2 % oder 5 %, um allen Bed\u00fcrfnissen gerecht zu werden.<\/p><p>Mesh-Coil-Technologie: Garantiert ein konstantes, sanftes und k\u00f6stliches Dampferlebnis durch gleichm\u00e4\u00dfiges Erhitzen der e-Fl\u00fcssigkeit.<\/p><p>Design: Sein leichtes, transparentes Geh\u00e4use \u00fcberwacht den Stand der E-Fl\u00fcssigkeit und verf\u00fcgt \u00fcber dynamische Leuchtanzeigen, die die Aktivit\u00e4t des Mesh-Widerstands anzeigen.<\/p><p>Musikfunktion: Ausgestattet mit einem einzigartigen RGB-Lichtspiel, das mit der Musik synchronisiert ist, verleiht sie Ihren elektronischen Zigaretten eine visuelle und unterhaltsame Note.<\/p><p>Haltbarkeit: Hergestellt aus modernsten Materialien, sehr zuverl\u00e4ssig und mit auslaufsicherer E-Liquid-Technologie, ideal f\u00fcr den t\u00e4glichen Gebrauch und auf Reisen.<\/p><h2>Leistung und Vorteile des RandM Tornado 30000<\/h2><p>Haltbarkeit der Fl\u00fcssigkeit: 25 ml vorgef\u00fcllte Fl\u00fcssigkeit erm\u00f6glichen eine lange Nutzung ohne Nachf\u00fcllen, aber die Nutzungsdauer variiert je nach Verwendungszweck. Bei regelm\u00e4\u00dfigen E-Zigaretten-Nutzern kann sie wochenlang verwendet werden, bei regelm\u00e4\u00dfigen E-Zigaretten-Nutzern kann sie monatelang verwendet werden.<\/p><p>Geschmack: Dank der Mesh-Resistance-Technologie ist der Geschmack nat\u00fcrlich reichhaltig und das Rauchvolumen stabil.<\/p><p>Einfach zu bedienen: Keine komplizierten Kn\u00f6pfe oder Einstellungen, einfach durch Saugen aktivieren, auch f\u00fcr Anf\u00e4nger leicht zu bedienen. Wartungsfrei (kein Nachf\u00fcllen oder Auswechseln des Widerstandes erforderlich), bequemer.<\/p><p>Design: Seine LED-Beleuchtung und die ergonomisch geformte Schale erh\u00f6hen seine Attraktivit\u00e4t.<\/p>\t\t\t\t\t\t\t\t<\/div>\n\t\t\t\t<\/div>\n\t\t\t\t\t<\/div>\n\t\t\t\t<\/div>\n\t\t\t\t<\/div>","protected":false},"excerpt":{"rendered":"<p>Note de fond de p\u00eache sucr\u00e9e : La saveur principale est la douceur naturelle des p\u00eaches m\u00fbres, avec une l\u00e9g\u00e8re note aigre-douce, capturant parfaitement l&rsquo;essence des p\u00eaches fra\u00eeches d&rsquo;\u00e9t\u00e9. \u00c0 chaque bouff\u00e9e de fum\u00e9e, l&rsquo;ar\u00f4me fruit\u00e9 de la p\u00eache envahit votre nez, vous offrant une exp\u00e9rience fruit\u00e9e riche, vous donnant l&rsquo;impression d&rsquo;\u00eatre dans un verger [&hellip;]<\/p>\n","protected":false},"featured_media":4497,"comment_status":"open","ping_status":"closed","template":"","meta":{"site-sidebar-layout":"no-sidebar","site-content-layout":"page-builder","ast-site-content-layout":"normal-width-container","site-content-style":"default","site-sidebar-style":"default","ast-global-header-display":"","ast-banner-title-visibility":"","ast-main-header-display":"","ast-hfb-above-header-display":"","ast-hfb-below-header-display":"","ast-hfb-mobile-header-display":"","site-post-title":"disabled","ast-breadcrumbs-content":"","ast-featured-img":"disabled","footer-sml-layout":"","ast-disable-related-posts":"","theme-transparent-header-meta":"default","adv-header-id-meta":"","stick-header-meta":"default","header-above-stick-meta":"","header-main-stick-meta":"","header-below-stick-meta":"","astra-migrate-meta-layouts":"set","ast-page-background-enabled":"default","ast-page-background-meta":{"desktop":{"background-color":"","background-image":"","background-repeat":"repeat","background-position":"center center","background-size":"auto","background-attachment":"scroll","background-type":"","background-media":"","overlay-type":"","overlay-color":"","overlay-opacity":"","overlay-gradient":""},"tablet":{"background-color":"","background-image":"","background-repeat":"repeat","background-position":"center center","background-size":"auto","background-attachment":"scroll","background-type":"","background-media":"","overlay-type":"","overlay-color":"","overlay-opacity":"","overlay-gradient":""},"mobile":{"background-color":"","background-image":"","background-repeat":"repeat","background-position":"center center","background-size":"auto","background-attachment":"scroll","background-type":"","background-media":"","overlay-type":"","overlay-color":"","overlay-opacity":"","overlay-gradient":""}},"ast-content-background-meta":{"desktop":{"background-color":"var(--ast-global-color-5)","background-image":"","background-repeat":"repeat","background-position":"center center","background-size":"auto","background-attachment":"scroll","background-type":"","background-media":"","overlay-type":"","overlay-color":"","overlay-opacity":"","overlay-gradient":""},"tablet":{"background-color":"var(--ast-global-color-5)","background-image":"","background-repeat":"repeat","background-position":"center center","background-size":"auto","background-attachment":"scroll","background-type":"","background-media":"","overlay-type":"","overlay-color":"","overlay-opacity":"","overlay-gradient":""},"mobile":{"background-color":"var(--ast-global-color-5)","background-image":"","background-repeat":"repeat","background-position":"center center","background-size":"auto","background-attachment":"scroll","background-type":"","background-media":"","overlay-type":"","overlay-color":"","overlay-opacity":"","overlay-gradient":""}}},"product_brand":[42],"product_cat":[48,86,15],"product_tag":[],"class_list":{"0":"post-4658","1":"product","2":"type-product","3":"status-publish","4":"has-post-thumbnail","6":"product_brand-randm-tornado","7":"product_cat-randm-tornado-30000-concentre-de-fun","8":"product_cat-puff-30k","9":"product_cat-magasin-cigarette-electronique","10":"desktop-align-center","11":"tablet-align-center","12":"mobile-align-center","13":"ast-product-gallery-layout-horizontal","14":"ast-product-gallery-with-no-image","15":"ast-product-single-variable","16":"ast-product-tabs-layout-horizontal","17":"ast-qv-on-image","19":"first","20":"instock","21":"sale","22":"shipping-taxable","23":"purchasable","24":"product-type-variable","25":"has-default-attributes"},"tiered_pricing_type":"fixed","tiered_pricing_fixed_rules":{"50":9.38,"100":8.45,"200":7.95,"400":7.59},"tiered_pricing_product_settings":{"layout":"default","base_unit_name":{"singular":null,"plural":null},"default_variation":null},"tiered_pricing_minimum_quantity":null,"tiered_pricing_roles_data":[],"tiered_pricing_percentage_rules":[],"_links":{"self":[{"href":"https:\/\/puffvapestore.com\/de\/wp-json\/wp\/v2\/product\/4658","targetHints":{"allow":["GET"]}}],"collection":[{"href":"https:\/\/puffvapestore.com\/de\/wp-json\/wp\/v2\/product"}],"about":[{"href":"https:\/\/puffvapestore.com\/de\/wp-json\/wp\/v2\/types\/product"}],"replies":[{"embeddable":true,"href":"https:\/\/puffvapestore.com\/de\/wp-json\/wp\/v2\/comments?post=4658"}],"version-history":[{"count":6,"href":"https:\/\/puffvapestore.com\/de\/wp-json\/wp\/v2\/product\/4658\/revisions"}],"predecessor-version":[{"id":4666,"href":"https:\/\/puffvapestore.com\/de\/wp-json\/wp\/v2\/product\/4658\/revisions\/4666"}],"wp:featuredmedia":[{"embeddable":true,"href":"https:\/\/puffvapestore.com\/de\/wp-json\/wp\/v2\/media\/4497"}],"wp:attachment":[{"href":"https:\/\/puffvapestore.com\/de\/wp-json\/wp\/v2\/media?parent=4658"}],"wp:term":[{"taxonomy":"product_brand","embeddable":true,"href":"https:\/\/puffvapestore.com\/de\/wp-json\/wp\/v2\/product_brand?post=4658"},{"taxonomy":"product_cat","embeddable":true,"href":"https:\/\/puffvapestore.com\/de\/wp-json\/wp\/v2\/product_cat?post=4658"},{"taxonomy":"product_tag","embeddable":true,"href":"https:\/\/puffvapestore.com\/de\/wp-json\/wp\/v2\/product_tag?post=4658"}],"curies":[{"name":"wp","href":"https:\/\/api.w.org\/{rel}","templated":true}]}}