{"id":4518,"date":"2025-07-07T09:40:14","date_gmt":"2025-07-07T09:40:14","guid":{"rendered":"https:\/\/puffvapestore.com\/?post_type=product&#038;p=4518"},"modified":"2026-01-19T10:36:00","modified_gmt":"2026-01-19T10:36:00","slug":"randm-tornado-30000-propose-30-saveurs","status":"publish","type":"product","link":"https:\/\/puffvapestore.com\/de\/product\/randm-tornado-30000-schlagt-30-geschmacksrichtungen-vor\/","title":{"rendered":"RandM Tornado 30000: Bietet 30000 Rauchz\u00fcge, l\u00e4dt \u00fcber den Typ-C-Anschluss auf"},"content":{"rendered":"<div data-elementor-type=\"wp-post\" data-elementor-id=\"4518\" class=\"elementor elementor-4518\">\n\t\t\t\t<div class=\"elementor-element elementor-element-718b380 e-flex e-con-boxed e-con e-parent\" data-id=\"718b380\" data-element_type=\"container\" data-e-type=\"container\">\n\t\t\t\t\t<div class=\"e-con-inner\">\n\t\t\t\t<div class=\"elementor-element elementor-element-d2cc8fa elementor-widget elementor-widget-text-editor\" data-id=\"d2cc8fa\" data-element_type=\"widget\" data-e-type=\"widget\" data-widget_type=\"text-editor.default\">\n\t\t\t\t<div class=\"elementor-widget-container\">\n\t\t\t\t\t\t\t\t\t<h2>Spezifikationen von RandM Tornado 30000 :<\/h2><p>Anzahl der Z\u00fcge : Bis zu 30000 Z\u00fcge, was sie zu einer der langlebigsten elektronischen Einwegzigaretten auf dem Markt macht.<\/p><p>Akku: Ausgestattet mit einem wiederaufladbaren 600-mAh-Akku, der \u00fcber einen Typ-C-Anschluss f\u00fcr schnelles und effizientes Laden aufgeladen wird.<\/p><p>Kapazit\u00e4t des Beh\u00e4lters : Enth\u00e4lt 25 ml vorgef\u00fcllte e-Liquids.<\/p><p>Nikotindosierung: Erh\u00e4ltlich in Nikotinsalzen mit 2 % oder 5 %, um allen Bed\u00fcrfnissen gerecht zu werden.<\/p><p>Mesh-Coil-Technologie: Garantiert ein konstantes, sanftes und k\u00f6stliches Dampferlebnis durch gleichm\u00e4\u00dfiges Erhitzen der e-Fl\u00fcssigkeit.<\/p><p>Design: Sein leichtes, transparentes Geh\u00e4use \u00fcberwacht den Stand der E-Fl\u00fcssigkeit und verf\u00fcgt \u00fcber dynamische Leuchtanzeigen, die die Aktivit\u00e4t des Mesh-Widerstands anzeigen.<\/p><p>Musikfunktion: Ausgestattet mit einem einzigartigen RGB-Lichtspiel, das mit der Musik synchronisiert ist, verleiht sie Ihren elektronischen Zigaretten eine visuelle und unterhaltsame Note.<\/p><p>Haltbarkeit: Hergestellt aus modernsten Materialien, sehr zuverl\u00e4ssig und mit auslaufsicherer E-Liquid-Technologie, ideal f\u00fcr den t\u00e4glichen Gebrauch und auf Reisen.<\/p><h2>Leistung und Vorteile des RandM Tornado 30000<\/h2><p>Haltbarkeit der Fl\u00fcssigkeit: 25 ml vorgef\u00fcllte Fl\u00fcssigkeit erm\u00f6glichen eine lange Nutzung ohne Nachf\u00fcllen, aber die Nutzungsdauer variiert je nach Verwendungszweck. Bei regelm\u00e4\u00dfigen E-Zigaretten-Nutzern kann sie wochenlang verwendet werden, bei regelm\u00e4\u00dfigen E-Zigaretten-Nutzern kann sie monatelang verwendet werden.<\/p><p>Geschmack: Dank der Mesh-Resistance-Technologie ist der Geschmack nat\u00fcrlich reichhaltig und das Rauchvolumen stabil.<\/p><p>Einfach zu bedienen: Keine komplizierten Kn\u00f6pfe oder Einstellungen, einfach durch Saugen aktivieren, auch f\u00fcr Anf\u00e4nger leicht zu bedienen. Wartungsfrei (kein Nachf\u00fcllen oder Auswechseln des Widerstandes erforderlich), bequemer.<\/p><p>Design: Seine LED-Beleuchtung und die ergonomisch geformte Schale erh\u00f6hen seine Attraktivit\u00e4t.<\/p>\t\t\t\t\t\t\t\t<\/div>\n\t\t\t\t<\/div>\n\t\t\t\t\t<\/div>\n\t\t\t\t<\/div>\n\t\t<div class=\"elementor-element elementor-element-08c26f9 e-flex e-con-boxed e-con e-parent\" data-id=\"08c26f9\" data-element_type=\"container\" data-e-type=\"container\">\n\t\t\t\t\t<div class=\"e-con-inner\">\n\t\t\t\t<div class=\"elementor-element elementor-element-a005a97 elementor-widget elementor-widget-text-editor\" data-id=\"a005a97\" data-element_type=\"widget\" data-e-type=\"widget\" data-widget_type=\"text-editor.default\">\n\t\t\t\t<div class=\"elementor-widget-container\">\n\t\t\t\t\t\t\t\t\t<h2>Der RandM Tornado 30000 bietet 30 reiche und vielf\u00e4ltige Geschmacksrichtungen<\/h2><p>Der RandM Tornado 30000 bietet 30 reichhaltige und abwechslungsreiche Geschmacksrichtungen, um den Vorlieben jedes Nutzers gerecht zu werden. Diese Geschmacksrichtungen k\u00f6nnen in verschiedene Kategorien unterteilt werden: Fruchteis, gemischte Fr\u00fcchte und klassische Getr\u00e4nke. Die Fruchteis-Geschmacksrichtungen sind haupts\u00e4chlich erfrischend, darunter \"Banana Ice\", \"Frozen Blueberry\", \"Grape Ice\" usw., die den traditionellen fruchtigen Geschmacksrichtungen eine erfrischende Note verleihen. Die Geschmacksrichtungen \"Lush Ice\" und \"Ice Pop\" bieten ein intensiveres Erfrischungserlebnis. Die fruchtigen Geschmacksrichtungen wie \"Heidelbeere Himbeere\", \"Pfirsich Mango Ananas\" und \"Erdbeere Wassermelone\" legen Wert auf die \u00dcberlagerung von Fruchtgeschmacksrichtungen und sorgen f\u00fcr ein ausgewogenes Verh\u00e4ltnis zwischen sauer und s\u00fc\u00df.<\/p><p>Die klassischen Geschmacksrichtungen des Getr\u00e4nkesortiments bilden beliebte Getr\u00e4nke nach, wie z. B. \"Cherry Cola\" und \"Cola Ice\", die die S\u00fc\u00dfe von Cola nachahmen, w\u00e4hrend \"Pink Lemonade\" und \"Vimto\" den vertrauten s\u00e4uerlichen Geschmack der Getr\u00e4nke mit sich bringen. Dar\u00fcber hinaus sorgen einzigartige Geschmacksrichtungen wie \"Skittles\" und \"Love 66\" (Honigmelone + Passionsfrucht + Wassermelone) f\u00fcr einen Hauch von Fantasie, w\u00e4hrend \"Cool Mint\" und \"Black Ice\" f\u00fcr diejenigen geeignet sind, die eine intensive Erfrischung bevorzugen. Insgesamt deckt RandM Tornado 30000 ein breites Spektrum an Geschmacksrichtungen ab, von frisch bis reichhaltig, vom Geschmack einer einzelnen Frucht bis hin zu komplexen Mischungen, die den Bed\u00fcrfnissen verschiedener Szenarien und Geschmacksnerven gerecht werden k\u00f6nnen.<\/p>\t\t\t\t\t\t\t\t<\/div>\n\t\t\t\t<\/div>\n\t\t\t\t\t<\/div>\n\t\t\t\t<\/div>\n\t\t\t\t<\/div>","protected":false},"excerpt":{"rendered":"<p>Sp\u00e9cifications de la RandM Tornado 30000\u00a0: Nombre de bouff\u00e9es\u00a0: Jusqu&rsquo;\u00e0 30000 bouff\u00e9es, ce qui en fait l&rsquo;une des cigarettes \u00e9lectroniques jetables les plus durables du march\u00e9. Batterie : \u00c9quip\u00e9e d&rsquo;une batterie rechargeable de 600 mAh, elle se recharge via un port Type-C pour une charge rapide et efficace. Capacit\u00e9 du r\u00e9servoir\u00a0: Contient 25\u00a0ml d&rsquo;e-liquide pr\u00e9rempli. [&hellip;]<\/p>\n","protected":false},"featured_media":4508,"comment_status":"open","ping_status":"closed","template":"","meta":{"site-sidebar-layout":"no-sidebar","site-content-layout":"page-builder","ast-site-content-layout":"normal-width-container","site-content-style":"default","site-sidebar-style":"default","ast-global-header-display":"","ast-banner-title-visibility":"","ast-main-header-display":"","ast-hfb-above-header-display":"","ast-hfb-below-header-display":"","ast-hfb-mobile-header-display":"","site-post-title":"disabled","ast-breadcrumbs-content":"","ast-featured-img":"disabled","footer-sml-layout":"","ast-disable-related-posts":"","theme-transparent-header-meta":"default","adv-header-id-meta":"","stick-header-meta":"default","header-above-stick-meta":"","header-main-stick-meta":"","header-below-stick-meta":"","astra-migrate-meta-layouts":"set","ast-page-background-enabled":"default","ast-page-background-meta":{"desktop":{"background-color":"","background-image":"","background-repeat":"repeat","background-position":"center center","background-size":"auto","background-attachment":"scroll","background-type":"","background-media":"","overlay-type":"","overlay-color":"","overlay-opacity":"","overlay-gradient":""},"tablet":{"background-color":"","background-image":"","background-repeat":"repeat","background-position":"center center","background-size":"auto","background-attachment":"scroll","background-type":"","background-media":"","overlay-type":"","overlay-color":"","overlay-opacity":"","overlay-gradient":""},"mobile":{"background-color":"","background-image":"","background-repeat":"repeat","background-position":"center center","background-size":"auto","background-attachment":"scroll","background-type":"","background-media":"","overlay-type":"","overlay-color":"","overlay-opacity":"","overlay-gradient":""}},"ast-content-background-meta":{"desktop":{"background-color":"var(--ast-global-color-5)","background-image":"","background-repeat":"repeat","background-position":"center center","background-size":"auto","background-attachment":"scroll","background-type":"","background-media":"","overlay-type":"","overlay-color":"","overlay-opacity":"","overlay-gradient":""},"tablet":{"background-color":"var(--ast-global-color-5)","background-image":"","background-repeat":"repeat","background-position":"center center","background-size":"auto","background-attachment":"scroll","background-type":"","background-media":"","overlay-type":"","overlay-color":"","overlay-opacity":"","overlay-gradient":""},"mobile":{"background-color":"var(--ast-global-color-5)","background-image":"","background-repeat":"repeat","background-position":"center center","background-size":"auto","background-attachment":"scroll","background-type":"","background-media":"","overlay-type":"","overlay-color":"","overlay-opacity":"","overlay-gradient":""}}},"product_brand":[42],"product_cat":[48,86,15],"product_tag":[],"class_list":{"0":"post-4518","1":"product","2":"type-product","3":"status-publish","4":"has-post-thumbnail","6":"product_brand-randm-tornado","7":"product_cat-randm-tornado-30000-concentre-de-fun","8":"product_cat-puff-30k","9":"product_cat-magasin-cigarette-electronique","10":"desktop-align-center","11":"tablet-align-center","12":"mobile-align-center","13":"ast-product-gallery-layout-horizontal","14":"ast-product-single-variable","15":"ast-product-tabs-layout-horizontal","16":"ast-qv-on-image","18":"first","19":"instock","20":"sale","21":"shipping-taxable","22":"purchasable","23":"product-type-variable","24":"has-default-attributes"},"tiered_pricing_type":"fixed","tiered_pricing_fixed_rules":{"50":9.38,"100":8.45,"200":7.95,"400":7.59},"tiered_pricing_product_settings":{"layout":"default","base_unit_name":{"singular":null,"plural":null},"default_variation":null},"tiered_pricing_minimum_quantity":null,"tiered_pricing_roles_data":[],"tiered_pricing_percentage_rules":[],"_links":{"self":[{"href":"https:\/\/puffvapestore.com\/de\/wp-json\/wp\/v2\/product\/4518","targetHints":{"allow":["GET"]}}],"collection":[{"href":"https:\/\/puffvapestore.com\/de\/wp-json\/wp\/v2\/product"}],"about":[{"href":"https:\/\/puffvapestore.com\/de\/wp-json\/wp\/v2\/types\/product"}],"replies":[{"embeddable":true,"href":"https:\/\/puffvapestore.com\/de\/wp-json\/wp\/v2\/comments?post=4518"}],"version-history":[{"count":7,"href":"https:\/\/puffvapestore.com\/de\/wp-json\/wp\/v2\/product\/4518\/revisions"}],"predecessor-version":[{"id":4647,"href":"https:\/\/puffvapestore.com\/de\/wp-json\/wp\/v2\/product\/4518\/revisions\/4647"}],"wp:featuredmedia":[{"embeddable":true,"href":"https:\/\/puffvapestore.com\/de\/wp-json\/wp\/v2\/media\/4508"}],"wp:attachment":[{"href":"https:\/\/puffvapestore.com\/de\/wp-json\/wp\/v2\/media?parent=4518"}],"wp:term":[{"taxonomy":"product_brand","embeddable":true,"href":"https:\/\/puffvapestore.com\/de\/wp-json\/wp\/v2\/product_brand?post=4518"},{"taxonomy":"product_cat","embeddable":true,"href":"https:\/\/puffvapestore.com\/de\/wp-json\/wp\/v2\/product_cat?post=4518"},{"taxonomy":"product_tag","embeddable":true,"href":"https:\/\/puffvapestore.com\/de\/wp-json\/wp\/v2\/product_tag?post=4518"}],"curies":[{"name":"wp","href":"https:\/\/api.w.org\/{rel}","templated":true}]}}