{"id":4451,"date":"2025-07-07T03:16:25","date_gmt":"2025-07-07T03:16:25","guid":{"rendered":"https:\/\/puffvapestore.com\/?post_type=product&#038;p=4451"},"modified":"2026-01-19T10:35:08","modified_gmt":"2026-01-19T10:35:08","slug":"strawberry-mint-candy-randm-tornado-25000","status":"publish","type":"product","link":"https:\/\/puffvapestore.com\/de\/product\/strawberry-mint-candy-randm-tornado-25000\/","title":{"rendered":"RandM Tornado 25000 - Strawberry Mint Candy"},"content":{"rendered":"<div data-elementor-type=\"wp-post\" data-elementor-id=\"4451\" class=\"elementor elementor-4451\">\n\t\t\t\t<div class=\"elementor-element elementor-element-08c26f9 e-flex e-con-boxed e-con e-parent\" data-id=\"08c26f9\" data-element_type=\"container\" data-e-type=\"container\">\n\t\t\t\t\t<div class=\"e-con-inner\">\n\t\t\t\t<div class=\"elementor-element elementor-element-a005a97 elementor-widget elementor-widget-text-editor\" data-id=\"a005a97\" data-element_type=\"widget\" data-e-type=\"widget\" data-widget_type=\"text-editor.default\">\n\t\t\t\t<div class=\"elementor-widget-container\">\n\t\t\t\t\t\t\t\t\t<p>In S\u00fcdfrankreich, wo sich der blaue Himmel und das blaue Mittelmeer vermischen, scheint die Sonne auf die alten, eleganten Kopfsteinpflasterstra\u00dfen von Nizza. Ein junger Mann lehnt sich vor einem Caf\u00e9 mit Champs-\u00c9lys\u00e9es-Flair und nippt behutsam an einem Schluck der Erdbeer-Minz-Bonbons aus dem RandM Tornado 25000, die perfekt zum Komfort und der Raffinesse dieser Stadt passen.<\/p><p>Die Erdbeer-Minze-Bonbons dieser E-Zigarette sind s\u00fc\u00df und erfrischend zugleich, wie eine franz\u00f6sische S\u00fc\u00dfigkeit, die langsam im Mund zergeht. Der Auftakt ist reich und s\u00fc\u00df, mit dem Duft reifer Erdbeeren, gefolgt von einer minzigen Frische, wie eine sanfte Meeresbrise, die die Geschmacksknospen umschmeichelt. Es ist nicht nur ein Geschmack, sondern auch ein Spiegelbild des franz\u00f6sischen Lebensstils: s\u00fc\u00df, aber nicht fett, leicht, aber nicht fade, nat\u00fcrlich, romantisch und ein bisschen verspielt. Die Besonderheit des Erdbeer-Minze-Bonbons liegt in seiner F\u00e4higkeit, sich perfekt in das franz\u00f6sische Gesellschaftsleben zu integrieren. Auf der Promenade des Anglais in Nizza sa\u00dfen Freunde auf der Terrasse eines Caf\u00e9s, l\u00e4chelten und teilten sich diese elektronische Zigarette. Der s\u00fc\u00dfe Duft von Erdbeeren und die Frische der Minze mischten sich mit der Luft und sorgten f\u00fcr eine entspannte und angenehme Atmosph\u00e4re.<\/p>\t\t\t\t\t\t\t\t<\/div>\n\t\t\t\t<\/div>\n\t\t\t\t\t<\/div>\n\t\t\t\t<\/div>\n\t\t<div class=\"elementor-element elementor-element-718b380 e-flex e-con-boxed e-con e-parent\" data-id=\"718b380\" data-element_type=\"container\" data-e-type=\"container\">\n\t\t\t\t\t<div class=\"e-con-inner\">\n\t\t\t\t<div class=\"elementor-element elementor-element-d2cc8fa elementor-widget elementor-widget-text-editor\" data-id=\"d2cc8fa\" data-element_type=\"widget\" data-e-type=\"widget\" data-widget_type=\"text-editor.default\">\n\t\t\t\t<div class=\"elementor-widget-container\">\n\t\t\t\t\t\t\t\t\t<h2>Produktspezifikationen<\/h2><p>Anzahl der Z\u00fcge : Bis zu 25000 Z\u00fcge, entwickelt f\u00fcr Intensivnutzer oder diejenigen, die eine ultralange Akkulaufzeit w\u00fcnschen, ohne ihr Ger\u00e4t h\u00e4ufig austauschen zu m\u00fcssen.<\/p><p>Akkukapazit\u00e4t: Eingebauter wiederaufladbarer Hochleistungsakku mit 700 mAh, kompatibel mit Typ-C-Schnellladung, hohe Ladeeffizienz und kurze Wartezeit.<\/p><p>Fl\u00fcssigkeitskapazit\u00e4t: 20 ml E-Liquid mit vorinstallierten hochwertigen Nikotinsalzen, die Nikotinkonzentrationen von 2 % oder 5 % bieten, um den Bed\u00fcrfnissen jedes Nutzers gerecht zu werden.<\/p><p>Widerstandstechnologie: Fortschrittliche doppelmaschige Widerstandstechnologie f\u00fcr einen reichen Geschmack und stabilen Rauch vom ersten bis zum letzten Zug.<\/p><p>Display: Ausgestattet mit einem hochaufl\u00f6senden TFT-Touchscreen, der in Echtzeit den Akkuladestand, die verbleibende E-Fl\u00fcssigkeit und die Leistungseinstellungen anzeigt. Das erm\u00f6glicht eine intuitive Bedienung und klare Informationen auf einen Blick.<\/p><p>Touch-Bedienung: Innovativer Touch-Schalter, einfach zu bedienen :<\/p><ul><li>Doppelklicken Sie, um das Ger\u00e4t zu starten ;<\/li><li>Drei Klicks, um den Ausgabest\u00e4rkungsmodus zu \u00e4ndern; Vier Klicks, um den eingebauten Minispielmodus aufzurufen ;<\/li><li>Ein Klick, um das Spiel zu starten.<\/li><\/ul><p>Design: Leicht, elegant und modern, leicht zu transportieren, \u00e4sthetisch und praktisch zugleich.<\/p><p>Zus\u00e4tzliche Funktionen: Einzigartige integrierte Minispiele (wie Clickerspiele) bieten den Nutzern ein einzigartiges Unterhaltungserlebnis und brechen mit der einzigartigen Funktion herk\u00f6mmlicher elektronischer Einwegzigaretten.<\/p><h2>Eigenschaften und Vorteile des Produkts<\/h2><p>Sofort einsatzbereit: Es sind keine komplizierten Einstellungen oder Wartungsarbeiten erforderlich, Sie k\u00f6nnen sofort nach dem Auspacken loslegen, geeignet f\u00fcr Anf\u00e4nger und aktive Nutzer.<\/p><p>Ausgezeichneter Geschmack: Die Doppelmaschen-Widerstandstechnologie sorgt f\u00fcr einen cremigen, reichhaltigen Geschmack, und jeder Zug beh\u00e4lt einen gleichbleibenden Geschmack f\u00fcr ultimative Befriedigung.<\/p><p>Lange Batterielebensdauer: Der 700-mAh-Akku in Verbindung mit dem Typ-C-Schnellladeger\u00e4t garantiert eine lange Nutzungsdauer, optimiert die Verwendung der e-Liquids und vermeidet Verschwendung.<\/p><p>Tragbarkeit: Kompakt und leicht, passt problemlos in Ihre Tasche oder Ihren Rucksack - genie\u00dfen Sie es jederzeit und \u00fcberall.<\/p><p>Unterhaltungserlebnis: Exklusive integrierte Minispielfunktion f\u00fcr noch mehr Spa\u00df, mit der sich die RandM Tornado 25000 auf dem Markt abheben kann.<\/p><p>Individuelle Anpassung: Einstellbarer Luftstrom und mehrere Optionen f\u00fcr die Nikotinkonzentration erm\u00f6glichen den Nutzern eine freie Anpassung an ihre Vorlieben, um verschiedenen Bed\u00fcrfnissen gerecht zu werden.<\/p>\t\t\t\t\t\t\t\t<\/div>\n\t\t\t\t<\/div>\n\t\t\t\t\t<\/div>\n\t\t\t\t<\/div>\n\t\t\t\t<\/div>","protected":false},"excerpt":{"rendered":"<p>Dans le sud de la France, o\u00f9 le ciel bleu et le bleu de la M\u00e9diterran\u00e9e se m\u00ealent, le soleil brille sur les rues pav\u00e9es anciennes et \u00e9l\u00e9gantes de Nice. Un jeune homme se penche devant un caf\u00e9 aux allures de Champs-\u00c9lys\u00e9es et sirote d\u00e9licatement une gorg\u00e9e du bonbon Fraise Menthe de la RandM Tornado [&hellip;]<\/p>\n","protected":false},"featured_media":4278,"comment_status":"open","ping_status":"closed","template":"","meta":{"site-sidebar-layout":"no-sidebar","site-content-layout":"page-builder","ast-site-content-layout":"normal-width-container","site-content-style":"default","site-sidebar-style":"default","ast-global-header-display":"","ast-banner-title-visibility":"","ast-main-header-display":"","ast-hfb-above-header-display":"","ast-hfb-below-header-display":"","ast-hfb-mobile-header-display":"","site-post-title":"disabled","ast-breadcrumbs-content":"","ast-featured-img":"disabled","footer-sml-layout":"","ast-disable-related-posts":"","theme-transparent-header-meta":"default","adv-header-id-meta":"","stick-header-meta":"default","header-above-stick-meta":"","header-main-stick-meta":"","header-below-stick-meta":"","astra-migrate-meta-layouts":"set","ast-page-background-enabled":"default","ast-page-background-meta":{"desktop":{"background-color":"","background-image":"","background-repeat":"repeat","background-position":"center center","background-size":"auto","background-attachment":"scroll","background-type":"","background-media":"","overlay-type":"","overlay-color":"","overlay-opacity":"","overlay-gradient":""},"tablet":{"background-color":"","background-image":"","background-repeat":"repeat","background-position":"center center","background-size":"auto","background-attachment":"scroll","background-type":"","background-media":"","overlay-type":"","overlay-color":"","overlay-opacity":"","overlay-gradient":""},"mobile":{"background-color":"","background-image":"","background-repeat":"repeat","background-position":"center center","background-size":"auto","background-attachment":"scroll","background-type":"","background-media":"","overlay-type":"","overlay-color":"","overlay-opacity":"","overlay-gradient":""}},"ast-content-background-meta":{"desktop":{"background-color":"var(--ast-global-color-5)","background-image":"","background-repeat":"repeat","background-position":"center center","background-size":"auto","background-attachment":"scroll","background-type":"","background-media":"","overlay-type":"","overlay-color":"","overlay-opacity":"","overlay-gradient":""},"tablet":{"background-color":"var(--ast-global-color-5)","background-image":"","background-repeat":"repeat","background-position":"center center","background-size":"auto","background-attachment":"scroll","background-type":"","background-media":"","overlay-type":"","overlay-color":"","overlay-opacity":"","overlay-gradient":""},"mobile":{"background-color":"var(--ast-global-color-5)","background-image":"","background-repeat":"repeat","background-position":"center center","background-size":"auto","background-attachment":"scroll","background-type":"","background-media":"","overlay-type":"","overlay-color":"","overlay-opacity":"","overlay-gradient":""}}},"product_brand":[42],"product_cat":[47,87,15],"product_tag":[],"class_list":{"0":"post-4451","1":"product","2":"type-product","3":"status-publish","4":"has-post-thumbnail","6":"product_brand-randm-tornado","7":"product_cat-randm-tornado-25000-allie-portabilite-et-personnalisation","8":"product_cat-puff-25k","9":"product_cat-magasin-cigarette-electronique","10":"desktop-align-center","11":"tablet-align-center","12":"mobile-align-center","13":"ast-product-gallery-layout-horizontal","14":"ast-product-single-variable","15":"ast-product-tabs-layout-horizontal","16":"ast-qv-on-image","18":"first","19":"instock","20":"sale","21":"shipping-taxable","22":"purchasable","23":"product-type-variable","24":"has-default-attributes"},"tiered_pricing_type":"fixed","tiered_pricing_fixed_rules":{"30":10.17,"60":9.22,"100":8.38,"200":8.08,"500":7.88,"1000":7.48},"tiered_pricing_product_settings":{"layout":"default","base_unit_name":{"singular":null,"plural":null},"default_variation":null},"tiered_pricing_minimum_quantity":null,"tiered_pricing_roles_data":[],"tiered_pricing_percentage_rules":[],"_links":{"self":[{"href":"https:\/\/puffvapestore.com\/de\/wp-json\/wp\/v2\/product\/4451","targetHints":{"allow":["GET"]}}],"collection":[{"href":"https:\/\/puffvapestore.com\/de\/wp-json\/wp\/v2\/product"}],"about":[{"href":"https:\/\/puffvapestore.com\/de\/wp-json\/wp\/v2\/types\/product"}],"replies":[{"embeddable":true,"href":"https:\/\/puffvapestore.com\/de\/wp-json\/wp\/v2\/comments?post=4451"}],"version-history":[{"count":7,"href":"https:\/\/puffvapestore.com\/de\/wp-json\/wp\/v2\/product\/4451\/revisions"}],"predecessor-version":[{"id":10744,"href":"https:\/\/puffvapestore.com\/de\/wp-json\/wp\/v2\/product\/4451\/revisions\/10744"}],"wp:featuredmedia":[{"embeddable":true,"href":"https:\/\/puffvapestore.com\/de\/wp-json\/wp\/v2\/media\/4278"}],"wp:attachment":[{"href":"https:\/\/puffvapestore.com\/de\/wp-json\/wp\/v2\/media?parent=4451"}],"wp:term":[{"taxonomy":"product_brand","embeddable":true,"href":"https:\/\/puffvapestore.com\/de\/wp-json\/wp\/v2\/product_brand?post=4451"},{"taxonomy":"product_cat","embeddable":true,"href":"https:\/\/puffvapestore.com\/de\/wp-json\/wp\/v2\/product_cat?post=4451"},{"taxonomy":"product_tag","embeddable":true,"href":"https:\/\/puffvapestore.com\/de\/wp-json\/wp\/v2\/product_tag?post=4451"}],"curies":[{"name":"wp","href":"https:\/\/api.w.org\/{rel}","templated":true}]}}