{"id":4433,"date":"2025-07-05T07:01:03","date_gmt":"2025-07-05T07:01:03","guid":{"rendered":"https:\/\/puffvapestore.com\/?post_type=product&#038;p=4433"},"modified":"2026-01-19T10:35:08","modified_gmt":"2026-01-19T10:35:08","slug":"banana-ice-randm-tornado-25000","status":"publish","type":"product","link":"https:\/\/puffvapestore.com\/de\/product\/banana-ice-randm-tornado-25000\/","title":{"rendered":"RandM Tornado 25000 - Banana Ice"},"content":{"rendered":"<div data-elementor-type=\"wp-post\" data-elementor-id=\"4433\" class=\"elementor elementor-4433\">\n\t\t\t\t<div class=\"elementor-element elementor-element-08c26f9 e-flex e-con-boxed e-con e-parent\" data-id=\"08c26f9\" data-element_type=\"container\" data-e-type=\"container\">\n\t\t\t\t\t<div class=\"e-con-inner\">\n\t\t\t\t<div class=\"elementor-element elementor-element-a005a97 elementor-widget elementor-widget-text-editor\" data-id=\"a005a97\" data-element_type=\"widget\" data-e-type=\"widget\" data-widget_type=\"text-editor.default\">\n\t\t\t\t<div class=\"elementor-widget-container\">\n\t\t\t\t\t\t\t\t\t<p>Nehmen Sie die elektronische Zigarette RandM Tornado 25000 Banana Ice heraus und nehmen Sie einen leichten Zug, als wollten Sie dieser romantischen Szene einen Hauch von k\u00fchler S\u00fc\u00dfe hinzuf\u00fcgen. Diese E-Zigarette mit eiskalter Banane als Hauptgeschmack verbindet die intensive S\u00fc\u00dfe tropischer Fr\u00fcchte mit der Frische eiskalter Minze zu einem berauschenden Geschmackserlebnis, als w\u00fcrde Ihnen die Brise auf einem Nachtmarkt in der franz\u00f6sischen Landschaft \u00fcbers Gesicht streichen.<\/p><h2>Geschmackseigenschaften: Der einzigartige Charme von Banana Ice<\/h2><p>Die Geschmacksrichtung Banana Ice ist von der seidigen S\u00fc\u00dfe reifer Bananen inspiriert. Im Mund verstr\u00f6mt der Rauch einen kr\u00e4ftigen tropischen Geschmack, als w\u00fcrde man in eine frisch gepfl\u00fcckte Banane bei\u00dfen, mit einem intensiven fruchtigen Duft und deutlichen Noten. Dann weht ein sanfter Minzgeruch her\u00fcber, wie eine frische Brise, die \u00fcber einen Nachtmarkt weht, und weckt sofort die Sinne, sodass jeder Zug erfrischend und nicht fettig ist. Diese wunderbare Balance zwischen S\u00fc\u00dfe und Frische ist ideal, um sich in der lebhaften Atmosph\u00e4re eines Nachtmarktes auf dem franz\u00f6sischen Land zu entspannen, und verleiht auch in langen Sommern\u00e4chten einen angenehm k\u00fchlen Hauch.<\/p><p>Dank der fortschrittlichen Technologie des doppelten Maschenwiderstandes der RandM Tornado 25000 setzt jeder Zug der RandM Tornado 25000 Geschmacksrichtung Iced Banana ein reiches, fruchtiges Bananenaroma und einen stabilen Eisrauch frei. Vom ersten bis zum 25.000sten Zug ist der Geschmack konstant und die Mischung aus S\u00fc\u00dfe und Frische ist immer befriedigend. Ob Sie nun allein auf dem gepflasterten Weg zum Nachtmarkt spazieren gehen oder mit Freunden an einer Bar im Freien sitzen, diese E-Zigarette kann Sie zur eing\u00e4ngigsten Pr\u00e4senz in der Nacht auf dem franz\u00f6sischen Land machen.<\/p>\t\t\t\t\t\t\t\t<\/div>\n\t\t\t\t<\/div>\n\t\t\t\t\t<\/div>\n\t\t\t\t<\/div>\n\t\t<div class=\"elementor-element elementor-element-718b380 e-flex e-con-boxed e-con e-parent\" data-id=\"718b380\" data-element_type=\"container\" data-e-type=\"container\">\n\t\t\t\t\t<div class=\"e-con-inner\">\n\t\t\t\t<div class=\"elementor-element elementor-element-d2cc8fa elementor-widget elementor-widget-text-editor\" data-id=\"d2cc8fa\" data-element_type=\"widget\" data-e-type=\"widget\" data-widget_type=\"text-editor.default\">\n\t\t\t\t<div class=\"elementor-widget-container\">\n\t\t\t\t\t\t\t\t\t<h2>Produktspezifikationen<\/h2><p>Anzahl der Z\u00fcge : Bis zu 25000 Z\u00fcge, entwickelt f\u00fcr Intensivnutzer oder diejenigen, die eine ultralange Akkulaufzeit w\u00fcnschen, ohne ihr Ger\u00e4t h\u00e4ufig austauschen zu m\u00fcssen.<\/p><p>Akkukapazit\u00e4t: Eingebauter wiederaufladbarer Hochleistungsakku mit 700 mAh, kompatibel mit Typ-C-Schnellladung, hohe Ladeeffizienz und kurze Wartezeit.<\/p><p>Fl\u00fcssigkeitskapazit\u00e4t: 20 ml E-Liquid mit vorinstallierten hochwertigen Nikotinsalzen, die Nikotinkonzentrationen von 2 % oder 5 % bieten, um den Bed\u00fcrfnissen jedes Nutzers gerecht zu werden.<\/p><p>Widerstandstechnologie: Fortschrittliche doppelmaschige Widerstandstechnologie f\u00fcr einen reichen Geschmack und stabilen Rauch vom ersten bis zum letzten Zug.<\/p><p>Display: Ausgestattet mit einem hochaufl\u00f6senden TFT-Touchscreen, der in Echtzeit den Akkuladestand, die verbleibende E-Fl\u00fcssigkeit und die Leistungseinstellungen anzeigt. Das erm\u00f6glicht eine intuitive Bedienung und klare Informationen auf einen Blick.<\/p><p>Touch-Bedienung: Innovativer Touch-Schalter, einfach zu bedienen :<\/p><ul><li>Doppelklicken Sie, um das Ger\u00e4t zu starten ;<\/li><li>Drei Klicks, um den Ausgabest\u00e4rkungsmodus zu \u00e4ndern; Vier Klicks, um den eingebauten Minispielmodus aufzurufen ;<\/li><li>Ein Klick, um das Spiel zu starten.<\/li><\/ul><p>Design: Leicht, elegant und modern, leicht zu transportieren, \u00e4sthetisch und praktisch zugleich.<\/p><p>Zus\u00e4tzliche Funktionen: Einzigartige integrierte Minispiele (wie Clickerspiele) bieten den Nutzern ein einzigartiges Unterhaltungserlebnis und brechen mit der einzigartigen Funktion herk\u00f6mmlicher elektronischer Einwegzigaretten.<\/p><h2>Eigenschaften und Vorteile des Produkts<\/h2><p>Sofort einsatzbereit: Es sind keine komplizierten Einstellungen oder Wartungsarbeiten erforderlich, Sie k\u00f6nnen sofort nach dem Auspacken loslegen, geeignet f\u00fcr Anf\u00e4nger und aktive Nutzer.<\/p><p>Ausgezeichneter Geschmack: Die Doppelmaschen-Widerstandstechnologie sorgt f\u00fcr einen cremigen, reichhaltigen Geschmack, und jeder Zug beh\u00e4lt einen gleichbleibenden Geschmack f\u00fcr ultimative Befriedigung.<\/p><p>Lange Batterielebensdauer: Der 700-mAh-Akku in Verbindung mit dem Typ-C-Schnellladeger\u00e4t garantiert eine lange Nutzungsdauer, optimiert die Verwendung der e-Liquids und vermeidet Verschwendung.<\/p><p>Tragbarkeit: Kompakt und leicht, passt problemlos in Ihre Tasche oder Ihren Rucksack - genie\u00dfen Sie es jederzeit und \u00fcberall.<\/p><p>Unterhaltungserlebnis: Exklusive integrierte Minispielfunktion f\u00fcr noch mehr Spa\u00df, mit der sich die RandM Tornado 25000 auf dem Markt abheben kann.<\/p><p>Individuelle Anpassung: Einstellbarer Luftstrom und mehrere Optionen f\u00fcr die Nikotinkonzentration erm\u00f6glichen den Nutzern eine freie Anpassung an ihre Vorlieben, um verschiedenen Bed\u00fcrfnissen gerecht zu werden.<\/p>\t\t\t\t\t\t\t\t<\/div>\n\t\t\t\t<\/div>\n\t\t\t\t\t<\/div>\n\t\t\t\t<\/div>\n\t\t\t\t<\/div>","protected":false},"excerpt":{"rendered":"<p>Sortez la cigarette \u00e9lectronique RandM Tornado 25000 Banana Ice et prenez une l\u00e9g\u00e8re bouff\u00e9e, comme pour ajouter une touche de douceur fra\u00eeche \u00e0 cette sc\u00e8ne romantique. Cette cigarette \u00e9lectronique \u00e0 la banane glac\u00e9e comme saveur principale allie la douceur intense des fruits tropicaux \u00e0 la fra\u00eecheur de la menthe glac\u00e9e, pour une exp\u00e9rience gustative enivrante, [&hellip;]<\/p>\n","protected":false},"featured_media":4238,"comment_status":"open","ping_status":"closed","template":"","meta":{"site-sidebar-layout":"no-sidebar","site-content-layout":"page-builder","ast-site-content-layout":"normal-width-container","site-content-style":"default","site-sidebar-style":"default","ast-global-header-display":"","ast-banner-title-visibility":"","ast-main-header-display":"","ast-hfb-above-header-display":"","ast-hfb-below-header-display":"","ast-hfb-mobile-header-display":"","site-post-title":"disabled","ast-breadcrumbs-content":"","ast-featured-img":"disabled","footer-sml-layout":"","ast-disable-related-posts":"","theme-transparent-header-meta":"default","adv-header-id-meta":"","stick-header-meta":"default","header-above-stick-meta":"","header-main-stick-meta":"","header-below-stick-meta":"","astra-migrate-meta-layouts":"set","ast-page-background-enabled":"default","ast-page-background-meta":{"desktop":{"background-color":"","background-image":"","background-repeat":"repeat","background-position":"center center","background-size":"auto","background-attachment":"scroll","background-type":"","background-media":"","overlay-type":"","overlay-color":"","overlay-opacity":"","overlay-gradient":""},"tablet":{"background-color":"","background-image":"","background-repeat":"repeat","background-position":"center center","background-size":"auto","background-attachment":"scroll","background-type":"","background-media":"","overlay-type":"","overlay-color":"","overlay-opacity":"","overlay-gradient":""},"mobile":{"background-color":"","background-image":"","background-repeat":"repeat","background-position":"center center","background-size":"auto","background-attachment":"scroll","background-type":"","background-media":"","overlay-type":"","overlay-color":"","overlay-opacity":"","overlay-gradient":""}},"ast-content-background-meta":{"desktop":{"background-color":"var(--ast-global-color-5)","background-image":"","background-repeat":"repeat","background-position":"center center","background-size":"auto","background-attachment":"scroll","background-type":"","background-media":"","overlay-type":"","overlay-color":"","overlay-opacity":"","overlay-gradient":""},"tablet":{"background-color":"var(--ast-global-color-5)","background-image":"","background-repeat":"repeat","background-position":"center center","background-size":"auto","background-attachment":"scroll","background-type":"","background-media":"","overlay-type":"","overlay-color":"","overlay-opacity":"","overlay-gradient":""},"mobile":{"background-color":"var(--ast-global-color-5)","background-image":"","background-repeat":"repeat","background-position":"center center","background-size":"auto","background-attachment":"scroll","background-type":"","background-media":"","overlay-type":"","overlay-color":"","overlay-opacity":"","overlay-gradient":""}}},"product_brand":[42],"product_cat":[47,87,15],"product_tag":[],"class_list":{"0":"post-4433","1":"product","2":"type-product","3":"status-publish","4":"has-post-thumbnail","6":"product_brand-randm-tornado","7":"product_cat-randm-tornado-25000-allie-portabilite-et-personnalisation","8":"product_cat-puff-25k","9":"product_cat-magasin-cigarette-electronique","10":"desktop-align-center","11":"tablet-align-center","12":"mobile-align-center","13":"ast-product-gallery-layout-horizontal","14":"ast-product-single-variable","15":"ast-product-tabs-layout-horizontal","16":"ast-qv-on-image","18":"first","19":"instock","20":"sale","21":"shipping-taxable","22":"purchasable","23":"product-type-variable","24":"has-default-attributes"},"tiered_pricing_type":"fixed","tiered_pricing_fixed_rules":{"30":10.17,"60":9.22,"100":8.38,"200":8.08,"500":7.88,"1000":7.48},"tiered_pricing_product_settings":{"layout":"default","base_unit_name":{"singular":null,"plural":null},"default_variation":null},"tiered_pricing_minimum_quantity":null,"tiered_pricing_roles_data":[],"tiered_pricing_percentage_rules":[],"_links":{"self":[{"href":"https:\/\/puffvapestore.com\/de\/wp-json\/wp\/v2\/product\/4433","targetHints":{"allow":["GET"]}}],"collection":[{"href":"https:\/\/puffvapestore.com\/de\/wp-json\/wp\/v2\/product"}],"about":[{"href":"https:\/\/puffvapestore.com\/de\/wp-json\/wp\/v2\/types\/product"}],"replies":[{"embeddable":true,"href":"https:\/\/puffvapestore.com\/de\/wp-json\/wp\/v2\/comments?post=4433"}],"version-history":[{"count":7,"href":"https:\/\/puffvapestore.com\/de\/wp-json\/wp\/v2\/product\/4433\/revisions"}],"predecessor-version":[{"id":10741,"href":"https:\/\/puffvapestore.com\/de\/wp-json\/wp\/v2\/product\/4433\/revisions\/10741"}],"wp:featuredmedia":[{"embeddable":true,"href":"https:\/\/puffvapestore.com\/de\/wp-json\/wp\/v2\/media\/4238"}],"wp:attachment":[{"href":"https:\/\/puffvapestore.com\/de\/wp-json\/wp\/v2\/media?parent=4433"}],"wp:term":[{"taxonomy":"product_brand","embeddable":true,"href":"https:\/\/puffvapestore.com\/de\/wp-json\/wp\/v2\/product_brand?post=4433"},{"taxonomy":"product_cat","embeddable":true,"href":"https:\/\/puffvapestore.com\/de\/wp-json\/wp\/v2\/product_cat?post=4433"},{"taxonomy":"product_tag","embeddable":true,"href":"https:\/\/puffvapestore.com\/de\/wp-json\/wp\/v2\/product_tag?post=4433"}],"curies":[{"name":"wp","href":"https:\/\/api.w.org\/{rel}","templated":true}]}}