{"id":4389,"date":"2025-07-04T11:15:25","date_gmt":"2025-07-04T11:15:25","guid":{"rendered":"https:\/\/puffvapestore.com\/?post_type=product&#038;p=4389"},"modified":"2026-01-19T10:35:08","modified_gmt":"2026-01-19T10:35:08","slug":"tornado-25000-puffs-lush-ice","status":"publish","type":"product","link":"https:\/\/puffvapestore.com\/de\/product\/tornado-25000-puffs-lush-ice\/","title":{"rendered":"RandM Tornado 25000 - Lush Ice"},"content":{"rendered":"<div data-elementor-type=\"wp-post\" data-elementor-id=\"4389\" class=\"elementor elementor-4389\">\n\t\t\t\t<div class=\"elementor-element elementor-element-08c26f9 e-flex e-con-boxed e-con e-parent\" data-id=\"08c26f9\" data-element_type=\"container\" data-e-type=\"container\">\n\t\t\t\t\t<div class=\"e-con-inner\">\n\t\t\t\t<div class=\"elementor-element elementor-element-a005a97 elementor-widget elementor-widget-text-editor\" data-id=\"a005a97\" data-element_type=\"widget\" data-e-type=\"widget\" data-widget_type=\"text-editor.default\">\n\t\t\t\t<div class=\"elementor-widget-container\">\n\t\t\t\t\t\t\t\t\t<p>Die elektronischen Zigaretten RandM Tornado 25000 Puffs Lush Ice kombinieren die saftige S\u00fc\u00dfe der Wassermelone mit einem Nachgeschmack von frischer Minze und sorgen so f\u00fcr ein erfrischendes, belebendes und komplexes Raucherlebnis. Die ausgewogene S\u00fc\u00dfe und Frische, der lang anhaltende Geschmack und der doppelschichtige Widerstand machen sie zur idealen Wahl f\u00fcr Fruchtliebhaber.<\/p><h2>Hauptaroma - Wassermelone :<\/h2><p>Das Hauptaroma von Lush Ice ist das Aroma reifer Wassermelonen, mit einem reichen, saftigen Gef\u00fchl, als ob man an einem hei\u00dfen Sommertag in eine frische Wassermelone bei\u00dft. Die Wassermelone hat eine moderate, nicht zu ausgepr\u00e4gte S\u00fc\u00dfe und bringt ein nat\u00fcrliches Fruchtaroma mit sich.<\/p><p>Fruchtig-frischer Geschmack: Das Wassermelonenaroma ist erfrischend und nicht fettig, mit einem leichten Geschmack und einem Hauch nat\u00fcrlicher Fruchts\u00e4ure, die das Ganze aufwertet. Dieser fruchtige Geschmack ist bei der Inhalation besonders ausgepr\u00e4gt, f\u00fcllt sofort den Mund und sorgt f\u00fcr ein angenehmes fruchtiges Erlebnis.<\/p><h2>Frischer mentholhaltiger Nachgeschmack :<\/h2><p>Frischer Nachgeschmack: Aufbauend auf der S\u00fc\u00dfe der Wassermelone integriert Lush Ice eine frische Minznote. Diese Minze ist nicht zu stark, sondern genau richtig frisch und f\u00fcgt der s\u00fc\u00dfen Wassermelone einen erfrischenden \"eisigen Wind\"-Effekt hinzu.<\/p><p>Frischer Nachgeschmack: Menthol hinterl\u00e4sst einen erfrischenden Nachgeschmack, wie eine Sommerbrise, und sorgt f\u00fcr ein lang anhaltendes Gef\u00fchl der Frische. Dieser k\u00fchlende Effekt eignet sich besonders f\u00fcr die Anwendung den ganzen Tag \u00fcber, vor allem bei hei\u00dfem Wetter. Er sorgt f\u00fcr ein beruhigendes Erlebnis.<\/p><h2>Subtile Geschmacksvariationen :<\/h2><ul><li>Inhalation: Beim ersten Schluck dominieren die S\u00fc\u00dfe und der Saft der Wassermelone, mit einem leichten Hauch erfrischender Fruchts\u00e4ure, die die Geschmacksknospen weckt.<\/li><li>Ausatmen: Menthol tritt allm\u00e4hlich hervor und sorgt f\u00fcr einen frischen Abgang, wobei der Nachgeschmack von Wassermelone erhalten bleibt. Der Geschmack ist frisch, ohne an Tiefe zu verlieren.<\/li><li>Nachgeschmack: Die leichte S\u00fc\u00dfe der Wassermelone und die Frische des Menthols bleiben im Mund erhalten und bieten eine unendliche Intensit\u00e4t, die ideal f\u00fcr eine kontinuierliche Inhalation ist.<\/li><\/ul>\t\t\t\t\t\t\t\t<\/div>\n\t\t\t\t<\/div>\n\t\t\t\t\t<\/div>\n\t\t\t\t<\/div>\n\t\t<div class=\"elementor-element elementor-element-718b380 e-flex e-con-boxed e-con e-parent\" data-id=\"718b380\" data-element_type=\"container\" data-e-type=\"container\">\n\t\t\t\t\t<div class=\"e-con-inner\">\n\t\t\t\t<div class=\"elementor-element elementor-element-d2cc8fa elementor-widget elementor-widget-text-editor\" data-id=\"d2cc8fa\" data-element_type=\"widget\" data-e-type=\"widget\" data-widget_type=\"text-editor.default\">\n\t\t\t\t<div class=\"elementor-widget-container\">\n\t\t\t\t\t\t\t\t\t<h2>Spezifikationen von RandM Tornado 25000 :<\/h2><p>Anzahl der Z\u00fcge : Bis zu 25000, ideal f\u00fcr starke Raucher oder diejenigen, die eine lange Nutzungsdauer ohne h\u00e4ufiges Auswechseln anstreben.<\/p><p>Akku: Wiederaufladbarer 700-mAh-Akku mit Typ-C-Schnellladefunktion.<\/p><p>E-Liquid: Vorgef\u00fcllt mit 20 ml E-Liquid, Nikotinsalzkonzentration 2 % oder 5 %.<\/p><p>Widerstandstechnologie: Doppelmaschige Widerst\u00e4nde sorgen f\u00fcr einen gleichbleibend reichen Geschmack und dichten Dampf w\u00e4hrend der gesamten Lebensdauer.<\/p><p>Anzeige: Ausgestattet mit einem hochaufl\u00f6senden TFT-Touchscreen, zeigt er den Akkustand, die verbleibende E-Fl\u00fcssigkeit und die Einstellungen der Ausgangsleistung in Echtzeit an...<\/p><p>Ber\u00fchrungssteuerung: Ein innovativer Ber\u00fchrungsschalter erm\u00f6glicht eine einfache Einstellung der Leistung (Doppelklick zum Einschalten des Ger\u00e4ts, Dreifachklick zum \u00c4ndern der Leistung, Vierfachklick zum Umschalten in den Spielmodus, Einfachklick zum Starten des Spiels).<\/p><p>Design: Kompakt und leicht, leicht zu transportieren, elegant und modern.<\/p><p>Einstellbare Luftmenge: Anpassbare Dampfmenge, um sich an Ihre Rauchervorlieben anzupassen.<\/p><h2>Merkmale und Vorteile der RandM Tornado 25000 :<\/h2><p>Einfach zu verwenden : Keine Wartung, Nachf\u00fcllung oder Austausch von Teilen erforderlich; \u00f6ffnen Sie einfach die Verpackung und benutzen Sie diese elektronische Zigarette.<\/p><p>Geschmack: Die Nutzer sch\u00e4tzen den reichen, konstanten Geschmack und den cremigen Dampf, der durch den doppelt gewebten Widerstand verfeinert wird.<\/p><p>Autonomie: Der 700-mAh-Akku erm\u00f6glicht in Kombination mit der Schnellladefunktion ein wiederholtes Aufladen und Benutzen und verhindert so die Verschwendung von e-Liquid durch einen leeren Akku.<\/p><p>Tragbarkeit: Das leichte und kompakte Design macht es einfach, unterwegs zu sein.<\/p><p>Integrierte Minispielfunktion: Unterst\u00fctzt kleine Spiele wie Klick-Minispiele f\u00fcr ein einzigartiges Unterhaltungserlebnis, das bei anderen elektronischen Einwegzigaretten auf dem Markt nur selten angeboten wird.<\/p>\t\t\t\t\t\t\t\t<\/div>\n\t\t\t\t<\/div>\n\t\t\t\t\t<\/div>\n\t\t\t\t<\/div>\n\t\t\t\t<\/div>","protected":false},"excerpt":{"rendered":"<p>Les cigarettes \u00e9lectroniques RandM Tornado 25000\u200b Puffs\u200b Lush Ice associent la douceur juteuse de la past\u00e8que \u00e0 un arri\u00e8re-go\u00fbt de menthe fra\u00eeche, pour une exp\u00e9rience de fumage rafra\u00eechissante, vivifiante et complexe. Son \u00e9quilibre sucr\u00e9 et frais, sa saveur longue dur\u00e9e et sa r\u00e9sistance \u00e0 double couche en font le choix id\u00e9al pour les amateurs de [&hellip;]<\/p>\n","protected":false},"featured_media":4264,"comment_status":"open","ping_status":"closed","template":"","meta":{"site-sidebar-layout":"no-sidebar","site-content-layout":"page-builder","ast-site-content-layout":"normal-width-container","site-content-style":"default","site-sidebar-style":"default","ast-global-header-display":"","ast-banner-title-visibility":"","ast-main-header-display":"","ast-hfb-above-header-display":"","ast-hfb-below-header-display":"","ast-hfb-mobile-header-display":"","site-post-title":"disabled","ast-breadcrumbs-content":"","ast-featured-img":"disabled","footer-sml-layout":"","ast-disable-related-posts":"","theme-transparent-header-meta":"default","adv-header-id-meta":"","stick-header-meta":"default","header-above-stick-meta":"","header-main-stick-meta":"","header-below-stick-meta":"","astra-migrate-meta-layouts":"set","ast-page-background-enabled":"default","ast-page-background-meta":{"desktop":{"background-color":"","background-image":"","background-repeat":"repeat","background-position":"center center","background-size":"auto","background-attachment":"scroll","background-type":"","background-media":"","overlay-type":"","overlay-color":"","overlay-opacity":"","overlay-gradient":""},"tablet":{"background-color":"","background-image":"","background-repeat":"repeat","background-position":"center center","background-size":"auto","background-attachment":"scroll","background-type":"","background-media":"","overlay-type":"","overlay-color":"","overlay-opacity":"","overlay-gradient":""},"mobile":{"background-color":"","background-image":"","background-repeat":"repeat","background-position":"center center","background-size":"auto","background-attachment":"scroll","background-type":"","background-media":"","overlay-type":"","overlay-color":"","overlay-opacity":"","overlay-gradient":""}},"ast-content-background-meta":{"desktop":{"background-color":"var(--ast-global-color-5)","background-image":"","background-repeat":"repeat","background-position":"center center","background-size":"auto","background-attachment":"scroll","background-type":"","background-media":"","overlay-type":"","overlay-color":"","overlay-opacity":"","overlay-gradient":""},"tablet":{"background-color":"var(--ast-global-color-5)","background-image":"","background-repeat":"repeat","background-position":"center center","background-size":"auto","background-attachment":"scroll","background-type":"","background-media":"","overlay-type":"","overlay-color":"","overlay-opacity":"","overlay-gradient":""},"mobile":{"background-color":"var(--ast-global-color-5)","background-image":"","background-repeat":"repeat","background-position":"center center","background-size":"auto","background-attachment":"scroll","background-type":"","background-media":"","overlay-type":"","overlay-color":"","overlay-opacity":"","overlay-gradient":""}}},"product_brand":[42],"product_cat":[47,87,15],"product_tag":[],"class_list":{"0":"post-4389","1":"product","2":"type-product","3":"status-publish","4":"has-post-thumbnail","6":"product_brand-randm-tornado","7":"product_cat-randm-tornado-25000-allie-portabilite-et-personnalisation","8":"product_cat-puff-25k","9":"product_cat-magasin-cigarette-electronique","10":"desktop-align-center","11":"tablet-align-center","12":"mobile-align-center","13":"ast-product-gallery-layout-horizontal","14":"ast-product-gallery-with-no-image","15":"ast-product-single-variable","16":"ast-product-tabs-layout-horizontal","17":"ast-qv-on-image","19":"first","20":"instock","21":"sale","22":"shipping-taxable","23":"purchasable","24":"product-type-variable","25":"has-default-attributes"},"tiered_pricing_type":"fixed","tiered_pricing_fixed_rules":{"30":10.17,"60":9.22,"100":8.38,"200":8.08,"500":7.88,"1000":7.48},"tiered_pricing_product_settings":{"layout":"default","base_unit_name":{"singular":null,"plural":null},"default_variation":null},"tiered_pricing_minimum_quantity":null,"tiered_pricing_roles_data":[],"tiered_pricing_percentage_rules":[],"_links":{"self":[{"href":"https:\/\/puffvapestore.com\/de\/wp-json\/wp\/v2\/product\/4389","targetHints":{"allow":["GET"]}}],"collection":[{"href":"https:\/\/puffvapestore.com\/de\/wp-json\/wp\/v2\/product"}],"about":[{"href":"https:\/\/puffvapestore.com\/de\/wp-json\/wp\/v2\/types\/product"}],"replies":[{"embeddable":true,"href":"https:\/\/puffvapestore.com\/de\/wp-json\/wp\/v2\/comments?post=4389"}],"version-history":[{"count":7,"href":"https:\/\/puffvapestore.com\/de\/wp-json\/wp\/v2\/product\/4389\/revisions"}],"predecessor-version":[{"id":10736,"href":"https:\/\/puffvapestore.com\/de\/wp-json\/wp\/v2\/product\/4389\/revisions\/10736"}],"wp:featuredmedia":[{"embeddable":true,"href":"https:\/\/puffvapestore.com\/de\/wp-json\/wp\/v2\/media\/4264"}],"wp:attachment":[{"href":"https:\/\/puffvapestore.com\/de\/wp-json\/wp\/v2\/media?parent=4389"}],"wp:term":[{"taxonomy":"product_brand","embeddable":true,"href":"https:\/\/puffvapestore.com\/de\/wp-json\/wp\/v2\/product_brand?post=4389"},{"taxonomy":"product_cat","embeddable":true,"href":"https:\/\/puffvapestore.com\/de\/wp-json\/wp\/v2\/product_cat?post=4389"},{"taxonomy":"product_tag","embeddable":true,"href":"https:\/\/puffvapestore.com\/de\/wp-json\/wp\/v2\/product_tag?post=4389"}],"curies":[{"name":"wp","href":"https:\/\/api.w.org\/{rel}","templated":true}]}}