{"id":4370,"date":"2025-07-04T06:50:46","date_gmt":"2025-07-04T06:50:46","guid":{"rendered":"https:\/\/puffvapestore.com\/?post_type=product&#038;p=4370"},"modified":"2026-01-19T10:35:08","modified_gmt":"2026-01-19T10:35:08","slug":"puff-tornado-25000-blueberry-raspberry","status":"publish","type":"product","link":"https:\/\/puffvapestore.com\/de\/product\/puff-tornado-25000-blueberry-raspberry\/","title":{"rendered":"RandM Tornado 25000 - Blueberry Raspberry"},"content":{"rendered":"<div data-elementor-type=\"wp-post\" data-elementor-id=\"4370\" class=\"elementor elementor-4370\">\n\t\t\t\t<div class=\"elementor-element elementor-element-08c26f9 e-flex e-con-boxed e-con e-parent\" data-id=\"08c26f9\" data-element_type=\"container\" data-e-type=\"container\">\n\t\t\t\t\t<div class=\"e-con-inner\">\n\t\t\t\t<div class=\"elementor-element elementor-element-a005a97 elementor-widget elementor-widget-text-editor\" data-id=\"a005a97\" data-element_type=\"widget\" data-e-type=\"widget\" data-widget_type=\"text-editor.default\">\n\t\t\t\t<div class=\"elementor-widget-container\">\n\t\t\t\t\t\t\t\t\t<p>Der Geschmack von RandM Tornado 25000 Heidelbeere Himbeere ist komplex und ausgewogen und vereint das einzigartige Aroma von Heidelbeeren und Himbeeren. Das Erlebnis ist s\u00fc\u00df-sauer und reich an Nuancen.<\/p><h2>Geschmackliche Eigenschaften<\/h2><p><strong>Die S\u00fc\u00dfe der Blaubeeren :<\/strong><br \/>Das Blaubeeraroma dominiert, der Geschmack ist rund und vollmundig, mit nat\u00fcrlichen Fruchtaromen und einem Hauch von Marmelade, einem subtilen s\u00fc\u00dfen Aroma, das an reife Blaubeeren erinnert. Der Heidelbeergeschmack ist s\u00fc\u00df, dickfl\u00fcssig und verstr\u00f6mt ein seidiges Beerenaroma.<\/p><p><strong>Frische, s\u00e4uerliche Himbeere :<\/strong><br \/>Nach der S\u00fc\u00dfe der Heidelbeeren tritt allm\u00e4hlich der Geschmack der Himbeeren hervor, die eine lebendige S\u00e4ure und ein frisches Fruchtaroma mitbringen. Die s\u00fc\u00df-s\u00e4uerlichen Noten der Himbeeren sorgen f\u00fcr einen Hauch von Frische, als w\u00fcrden Sie frisch gepfl\u00fcckte, frische Himbeeren genie\u00dfen.<\/p><h3>Harmonisches Erleben eines S\u00fc\u00df-S\u00e4ure-Gleichgewichts :<\/h3><ul><li>Allgemeiner Geschmack: Der Geschmack von Heidelbeere Himbeere wird als \"fruchtige Harmonie\" beschrieben, bei der die S\u00fc\u00dfe der Heidelbeere die S\u00e4ure der Himbeere erg\u00e4nzt, um ein s\u00fc\u00dfes und erfrischendes Geschmackserlebnis zu schaffen.<\/li><li>Elemente: Beim Einatmen dominiert die S\u00fc\u00dfe der Heidelbeeren, die f\u00fcr S\u00fc\u00dfe sorgt; dann tritt allm\u00e4hlich die S\u00e4ure der Himbeeren hervor, die f\u00fcr Vitalit\u00e4t sorgt; beim Ausatmen verschmelzen die Geschm\u00e4cker beider Fr\u00fcchte und hinterlassen einen erfrischenden Nachgeschmack.<\/li><li>Details: Die Ausgewogenheit dieser Geschmacksrichtung erm\u00f6glicht einen t\u00e4glichen Konsum und befriedigt das Verlangen nach S\u00fc\u00dfem, ohne ekelerregend zu sein. Das Zusammenspiel von S\u00fc\u00dfe und S\u00e4ure macht jeden Zug am Rauch voller Frische.<\/li><\/ul>\t\t\t\t\t\t\t\t<\/div>\n\t\t\t\t<\/div>\n\t\t\t\t\t<\/div>\n\t\t\t\t<\/div>\n\t\t<div class=\"elementor-element elementor-element-718b380 e-flex e-con-boxed e-con e-parent\" data-id=\"718b380\" data-element_type=\"container\" data-e-type=\"container\">\n\t\t\t\t\t<div class=\"e-con-inner\">\n\t\t\t\t<div class=\"elementor-element elementor-element-d2cc8fa elementor-widget elementor-widget-text-editor\" data-id=\"d2cc8fa\" data-element_type=\"widget\" data-e-type=\"widget\" data-widget_type=\"text-editor.default\">\n\t\t\t\t<div class=\"elementor-widget-container\">\n\t\t\t\t\t\t\t\t\t<h2>Spezifikationen von RandM Tornado 25K Blueberry Raspberry:<\/h2><p>Anzahl der Z\u00fcge : Bis zu 25000, ideal f\u00fcr starke Raucher oder diejenigen, die eine lange Nutzungsdauer ohne h\u00e4ufiges Auswechseln anstreben.<\/p><p>Akku: Wiederaufladbarer 700-mAh-Akku mit Typ-C-Schnellladefunktion.<\/p><p>E-Liquid: Vorgef\u00fcllt mit 20 ml E-Liquid, Nikotinsalzkonzentration 2 % oder 5 %.<\/p><p>Widerstandstechnologie: Doppelmaschige Widerst\u00e4nde sorgen f\u00fcr einen gleichbleibend reichen Geschmack und dichten Dampf w\u00e4hrend der gesamten Lebensdauer.<\/p><p>Anzeige: Ausgestattet mit einem hochaufl\u00f6senden TFT-Touchscreen, zeigt er den Akkustand, die verbleibende E-Fl\u00fcssigkeit und die Einstellungen der Ausgangsleistung in Echtzeit an...<\/p><p>Ber\u00fchrungssteuerung: Ein innovativer Ber\u00fchrungsschalter erm\u00f6glicht eine einfache Einstellung der Leistung (Doppelklick zum Einschalten des Ger\u00e4ts, Dreifachklick zum \u00c4ndern der Leistung, Vierfachklick zum Umschalten in den Spielmodus, Einfachklick zum Starten des Spiels).<\/p><p>Design: Kompakt und leicht, leicht zu transportieren, elegant und modern.<\/p><p>Einstellbare Luftmenge: Anpassbare Dampfmenge, um sich an Ihre Rauchervorlieben anzupassen.<\/p><h2>Merkmale und Vorteile der RandM Tornado 25000 :<\/h2><p>Einfach zu verwenden : Keine Wartung, Nachf\u00fcllung oder Austausch von Teilen erforderlich; \u00f6ffnen Sie einfach die Verpackung und benutzen Sie diese elektronische Zigarette.<\/p><p>Geschmack: Die Nutzer sch\u00e4tzen den reichen, konstanten Geschmack und den cremigen Dampf, der durch den doppelt gewebten Widerstand verfeinert wird.<\/p><p>Autonomie: Der 700-mAh-Akku erm\u00f6glicht in Kombination mit der Schnellladefunktion ein wiederholtes Aufladen und Benutzen und verhindert so die Verschwendung von e-Liquid durch einen leeren Akku.<\/p><p>Tragbarkeit: Das leichte und kompakte Design macht es einfach, unterwegs zu sein.<\/p><p>Integrierte Minispielfunktion: Unterst\u00fctzt kleine Spiele wie Klick-Minispiele f\u00fcr ein einzigartiges Unterhaltungserlebnis, das bei anderen elektronischen Einwegzigaretten auf dem Markt nur selten angeboten wird.<\/p>\t\t\t\t\t\t\t\t<\/div>\n\t\t\t\t<\/div>\n\t\t\t\t\t<\/div>\n\t\t\t\t<\/div>\n\t\t\t\t<\/div>","protected":false},"excerpt":{"rendered":"<p>Le go\u00fbt de la RandM Tornado 25000 Myrtille Framboise est complexe et \u00e9quilibr\u00e9, m\u00ealant l&rsquo;ar\u00f4me unique des myrtilles et des framboises. L&rsquo;exp\u00e9rience est aigre-douce, riche en nuances. Caract\u00e9ristiques gustatives La douceur des myrtilles\u00a0: L&rsquo;ar\u00f4me des myrtilles domine, le go\u00fbt est rond et ample, avec des ar\u00f4mes fruit\u00e9s naturels et une touche de confiture, un subtil [&hellip;]<\/p>\n","protected":false},"featured_media":4244,"comment_status":"open","ping_status":"closed","template":"","meta":{"site-sidebar-layout":"no-sidebar","site-content-layout":"page-builder","ast-site-content-layout":"normal-width-container","site-content-style":"default","site-sidebar-style":"default","ast-global-header-display":"","ast-banner-title-visibility":"","ast-main-header-display":"","ast-hfb-above-header-display":"","ast-hfb-below-header-display":"","ast-hfb-mobile-header-display":"","site-post-title":"disabled","ast-breadcrumbs-content":"","ast-featured-img":"disabled","footer-sml-layout":"","ast-disable-related-posts":"","theme-transparent-header-meta":"default","adv-header-id-meta":"","stick-header-meta":"default","header-above-stick-meta":"","header-main-stick-meta":"","header-below-stick-meta":"","astra-migrate-meta-layouts":"set","ast-page-background-enabled":"default","ast-page-background-meta":{"desktop":{"background-color":"","background-image":"","background-repeat":"repeat","background-position":"center center","background-size":"auto","background-attachment":"scroll","background-type":"","background-media":"","overlay-type":"","overlay-color":"","overlay-opacity":"","overlay-gradient":""},"tablet":{"background-color":"","background-image":"","background-repeat":"repeat","background-position":"center center","background-size":"auto","background-attachment":"scroll","background-type":"","background-media":"","overlay-type":"","overlay-color":"","overlay-opacity":"","overlay-gradient":""},"mobile":{"background-color":"","background-image":"","background-repeat":"repeat","background-position":"center center","background-size":"auto","background-attachment":"scroll","background-type":"","background-media":"","overlay-type":"","overlay-color":"","overlay-opacity":"","overlay-gradient":""}},"ast-content-background-meta":{"desktop":{"background-color":"var(--ast-global-color-5)","background-image":"","background-repeat":"repeat","background-position":"center center","background-size":"auto","background-attachment":"scroll","background-type":"","background-media":"","overlay-type":"","overlay-color":"","overlay-opacity":"","overlay-gradient":""},"tablet":{"background-color":"var(--ast-global-color-5)","background-image":"","background-repeat":"repeat","background-position":"center center","background-size":"auto","background-attachment":"scroll","background-type":"","background-media":"","overlay-type":"","overlay-color":"","overlay-opacity":"","overlay-gradient":""},"mobile":{"background-color":"var(--ast-global-color-5)","background-image":"","background-repeat":"repeat","background-position":"center center","background-size":"auto","background-attachment":"scroll","background-type":"","background-media":"","overlay-type":"","overlay-color":"","overlay-opacity":"","overlay-gradient":""}}},"product_brand":[42],"product_cat":[47,87,15],"product_tag":[],"class_list":{"0":"post-4370","1":"product","2":"type-product","3":"status-publish","4":"has-post-thumbnail","6":"product_brand-randm-tornado","7":"product_cat-randm-tornado-25000-allie-portabilite-et-personnalisation","8":"product_cat-puff-25k","9":"product_cat-magasin-cigarette-electronique","10":"desktop-align-center","11":"tablet-align-center","12":"mobile-align-center","13":"ast-product-gallery-layout-horizontal","14":"ast-product-single-variable","15":"ast-product-tabs-layout-horizontal","16":"ast-qv-on-image","18":"first","19":"instock","20":"sale","21":"shipping-taxable","22":"purchasable","23":"product-type-variable","24":"has-default-attributes"},"tiered_pricing_type":"fixed","tiered_pricing_fixed_rules":{"30":10.17,"60":9.22,"100":8.38,"200":8.08,"500":7.88,"1000":7.48},"tiered_pricing_product_settings":{"layout":"default","base_unit_name":{"singular":null,"plural":null},"default_variation":null},"tiered_pricing_minimum_quantity":null,"tiered_pricing_roles_data":[],"tiered_pricing_percentage_rules":[],"_links":{"self":[{"href":"https:\/\/puffvapestore.com\/de\/wp-json\/wp\/v2\/product\/4370","targetHints":{"allow":["GET"]}}],"collection":[{"href":"https:\/\/puffvapestore.com\/de\/wp-json\/wp\/v2\/product"}],"about":[{"href":"https:\/\/puffvapestore.com\/de\/wp-json\/wp\/v2\/types\/product"}],"replies":[{"embeddable":true,"href":"https:\/\/puffvapestore.com\/de\/wp-json\/wp\/v2\/comments?post=4370"}],"version-history":[{"count":7,"href":"https:\/\/puffvapestore.com\/de\/wp-json\/wp\/v2\/product\/4370\/revisions"}],"predecessor-version":[{"id":10737,"href":"https:\/\/puffvapestore.com\/de\/wp-json\/wp\/v2\/product\/4370\/revisions\/10737"}],"wp:featuredmedia":[{"embeddable":true,"href":"https:\/\/puffvapestore.com\/de\/wp-json\/wp\/v2\/media\/4244"}],"wp:attachment":[{"href":"https:\/\/puffvapestore.com\/de\/wp-json\/wp\/v2\/media?parent=4370"}],"wp:term":[{"taxonomy":"product_brand","embeddable":true,"href":"https:\/\/puffvapestore.com\/de\/wp-json\/wp\/v2\/product_brand?post=4370"},{"taxonomy":"product_cat","embeddable":true,"href":"https:\/\/puffvapestore.com\/de\/wp-json\/wp\/v2\/product_cat?post=4370"},{"taxonomy":"product_tag","embeddable":true,"href":"https:\/\/puffvapestore.com\/de\/wp-json\/wp\/v2\/product_tag?post=4370"}],"curies":[{"name":"wp","href":"https:\/\/api.w.org\/{rel}","templated":true}]}}