{"id":4361,"date":"2025-07-05T11:42:09","date_gmt":"2025-07-05T11:42:09","guid":{"rendered":"https:\/\/puffvapestore.com\/?post_type=product&#038;p=4361"},"modified":"2026-01-19T10:35:08","modified_gmt":"2026-01-19T10:35:08","slug":"puff-randm-tornado-25000-cherry-cola","status":"publish","type":"product","link":"https:\/\/puffvapestore.com\/de\/product\/puff-randm-tornado-25000-cherry-cola\/","title":{"rendered":"RandM Tornado 25000 - Cherry Cola"},"content":{"rendered":"<div data-elementor-type=\"wp-post\" data-elementor-id=\"4361\" class=\"elementor elementor-4361\">\n\t\t\t\t<div class=\"elementor-element elementor-element-08c26f9 e-flex e-con-boxed e-con e-parent\" data-id=\"08c26f9\" data-element_type=\"container\" data-e-type=\"container\">\n\t\t\t\t\t<div class=\"e-con-inner\">\n\t\t\t\t<div class=\"elementor-element elementor-element-a005a97 elementor-widget elementor-widget-text-editor\" data-id=\"a005a97\" data-element_type=\"widget\" data-e-type=\"widget\" data-widget_type=\"text-editor.default\">\n\t\t\t\t<div class=\"elementor-widget-container\">\n\t\t\t\t\t\t\t\t\t<p>Dieses Cherry Cola Aroma ist ideal f\u00fcr Dampfer, die eine fruchtige und erfrischende Kombination sch\u00e4tzen, besonders an hei\u00dfen Tagen oder zum Entspannen. Es erinnert an die Nostalgie der klassischen Cherry Cola und bietet gleichzeitig ein v\u00f6llig neues Dampferlebnis. Ob f\u00fcr den t\u00e4glichen Gebrauch oder zum Mitnehmen, seine Tragbarkeit und die F\u00e4higkeit, lange Zeit zu dampfen (25000 Z\u00fcge), machen ihn zu einer zuverl\u00e4ssigen Wahl.<\/p><h3>Kopfnote: s\u00fc\u00dfe Kirsche<\/h3><p>Schon beim Einatmen ist das erste Gef\u00fchl das reichhaltige Kirscharoma. Dieses Kirscharoma ist kein k\u00fcnstliches Bonbon, sondern eine S\u00fc\u00dfe zwischen frischen Fr\u00fcchten und kandierten Kirschen mit einer subtilen fruchtig-s\u00e4uerlichen Note, die den Eindruck von Realismus und Komplexit\u00e4t verst\u00e4rkt.<\/p><h3>Herznote: Intensiver Cola-Geschmack<\/h3><p>Das fruchtige Kirscharoma vermischt sich auf nat\u00fcrliche Weise mit dem typischen Cola-Geschmack. Dieser Colageschmack bringt ein blubberndes Gef\u00fchl mit sich, so als w\u00fcrde man beim Einatmen das Zischen von kohlens\u00e4urehaltigen Getr\u00e4nken sp\u00fcren. Ohne zu stark zu sein, l\u00e4sst er der Kirsche ihren Platz und h\u00e4lt das allgemeine Gleichgewicht aufrecht.<\/p><h3>Basisnote: Frische im Mund und im Abgang<\/h3><p>Das Ausatmen des Rauchs sorgt f\u00fcr eine leichte Minzfrische. Diese Frische ist nicht brutal, sondern hellt den Gesamtgeschmack auf und macht den Abgang erfrischender und klarer. Sie gleicht die S\u00fc\u00dfe der Kopf- und Herznoten aus und verhindert so ein fettiges Mundgef\u00fchl.<\/p><h3>Allgemeiner Eindruck<\/h3><ul><li>Geschmackliche Positionierung: s\u00fc\u00df-sauer, reich, ohne fett zu sein, erfrischender Abgang<\/li><li>S\u00fc\u00dfe: mittelhoch (Tendenz eher zu fruchtiger S\u00fc\u00dfe als zu einfacher S\u00fc\u00dfe)<\/li><li>Realit\u00e4t: hoch, die Wiedergabe der Aromen ist ausgezeichnet, als ob Sie eine eisgek\u00fchlte Kirsch-Cola trinken w\u00fcrden<\/li><\/ul>\t\t\t\t\t\t\t\t<\/div>\n\t\t\t\t<\/div>\n\t\t\t\t\t<\/div>\n\t\t\t\t<\/div>\n\t\t<div class=\"elementor-element elementor-element-718b380 e-flex e-con-boxed e-con e-parent\" data-id=\"718b380\" data-element_type=\"container\" data-e-type=\"container\">\n\t\t\t\t\t<div class=\"e-con-inner\">\n\t\t\t\t<div class=\"elementor-element elementor-element-d2cc8fa elementor-widget elementor-widget-text-editor\" data-id=\"d2cc8fa\" data-element_type=\"widget\" data-e-type=\"widget\" data-widget_type=\"text-editor.default\">\n\t\t\t\t<div class=\"elementor-widget-container\">\n\t\t\t\t\t\t\t\t\t<h2>Spezifikationen von RandM Tornado 25000 :<\/h2><p>Anzahl der Z\u00fcge : Bis zu 25000, ideal f\u00fcr starke Raucher oder diejenigen, die eine lange Nutzungsdauer ohne h\u00e4ufiges Auswechseln anstreben.<\/p><p>Akku: Wiederaufladbarer 700-mAh-Akku mit Typ-C-Schnellladefunktion.<\/p><p>E-Liquid: Vorgef\u00fcllt mit 20 ml E-Liquid, Nikotinsalzkonzentration 2 % oder 5 %.<\/p><p>Widerstandstechnologie: Doppelmaschige Widerst\u00e4nde sorgen f\u00fcr einen gleichbleibend reichen Geschmack und dichten Dampf w\u00e4hrend der gesamten Lebensdauer.<\/p><p>Anzeige: Ausgestattet mit einem hochaufl\u00f6senden TFT-Touchscreen, zeigt er den Akkustand, die verbleibende E-Fl\u00fcssigkeit und die Einstellungen der Ausgangsleistung in Echtzeit an...<\/p><p>Ber\u00fchrungssteuerung: Ein innovativer Ber\u00fchrungsschalter erm\u00f6glicht eine einfache Einstellung der Leistung (Doppelklick zum Einschalten des Ger\u00e4ts, Dreifachklick zum \u00c4ndern der Leistung, Vierfachklick zum Umschalten in den Spielmodus, Einfachklick zum Starten des Spiels).<\/p><p>Design: Kompakt und leicht, leicht zu transportieren, elegant und modern.<\/p><p>Einstellbare Luftmenge: Anpassbare Dampfmenge, um sich an Ihre Rauchervorlieben anzupassen.<\/p><h2>Merkmale und Vorteile der RandM Tornado 25000 :<\/h2><p>Einfach zu verwenden : Keine Wartung, Nachf\u00fcllung oder Austausch von Teilen erforderlich; \u00f6ffnen Sie einfach die Verpackung und benutzen Sie diese elektronische Zigarette.<\/p><p>Geschmack: Die Nutzer sch\u00e4tzen den reichen, konstanten Geschmack und den cremigen Dampf, der durch den doppelt gewebten Widerstand verfeinert wird.<\/p><p>Autonomie: Der 700-mAh-Akku erm\u00f6glicht in Kombination mit der Schnellladefunktion ein wiederholtes Aufladen und Benutzen und verhindert so die Verschwendung von e-Liquid durch einen leeren Akku.<\/p><p>Tragbarkeit: Das leichte und kompakte Design macht es einfach, unterwegs zu sein.<\/p><p>Integrierte Minispielfunktion: Unterst\u00fctzt kleine Spiele wie Klick-Minispiele f\u00fcr ein einzigartiges Unterhaltungserlebnis, das bei anderen elektronischen Einwegzigaretten auf dem Markt nur selten angeboten wird.<\/p>\t\t\t\t\t\t\t\t<\/div>\n\t\t\t\t<\/div>\n\t\t\t\t\t<\/div>\n\t\t\t\t<\/div>\n\t\t\t\t<\/div>","protected":false},"excerpt":{"rendered":"<p>Cet ar\u00f4me Cherry Cola est id\u00e9al pour les vapoteurs qui appr\u00e9cient une combinaison fruit\u00e9e et rafra\u00eechissante, notamment par temps chaud ou pour les moments de d\u00e9tente. Il \u00e9voque la nostalgie du Cherry Cola classique tout en offrant une exp\u00e9rience de vapotage in\u00e9dite. Que ce soit pour une utilisation quotidienne ou \u00e0 emporter, sa portabilit\u00e9 et [&hellip;]<\/p>\n","protected":false},"featured_media":4248,"comment_status":"open","ping_status":"closed","template":"","meta":{"site-sidebar-layout":"no-sidebar","site-content-layout":"page-builder","ast-site-content-layout":"normal-width-container","site-content-style":"default","site-sidebar-style":"default","ast-global-header-display":"","ast-banner-title-visibility":"","ast-main-header-display":"","ast-hfb-above-header-display":"","ast-hfb-below-header-display":"","ast-hfb-mobile-header-display":"","site-post-title":"disabled","ast-breadcrumbs-content":"","ast-featured-img":"disabled","footer-sml-layout":"","ast-disable-related-posts":"","theme-transparent-header-meta":"default","adv-header-id-meta":"","stick-header-meta":"default","header-above-stick-meta":"","header-main-stick-meta":"","header-below-stick-meta":"","astra-migrate-meta-layouts":"set","ast-page-background-enabled":"default","ast-page-background-meta":{"desktop":{"background-color":"","background-image":"","background-repeat":"repeat","background-position":"center center","background-size":"auto","background-attachment":"scroll","background-type":"","background-media":"","overlay-type":"","overlay-color":"","overlay-opacity":"","overlay-gradient":""},"tablet":{"background-color":"","background-image":"","background-repeat":"repeat","background-position":"center center","background-size":"auto","background-attachment":"scroll","background-type":"","background-media":"","overlay-type":"","overlay-color":"","overlay-opacity":"","overlay-gradient":""},"mobile":{"background-color":"","background-image":"","background-repeat":"repeat","background-position":"center center","background-size":"auto","background-attachment":"scroll","background-type":"","background-media":"","overlay-type":"","overlay-color":"","overlay-opacity":"","overlay-gradient":""}},"ast-content-background-meta":{"desktop":{"background-color":"var(--ast-global-color-5)","background-image":"","background-repeat":"repeat","background-position":"center center","background-size":"auto","background-attachment":"scroll","background-type":"","background-media":"","overlay-type":"","overlay-color":"","overlay-opacity":"","overlay-gradient":""},"tablet":{"background-color":"var(--ast-global-color-5)","background-image":"","background-repeat":"repeat","background-position":"center center","background-size":"auto","background-attachment":"scroll","background-type":"","background-media":"","overlay-type":"","overlay-color":"","overlay-opacity":"","overlay-gradient":""},"mobile":{"background-color":"var(--ast-global-color-5)","background-image":"","background-repeat":"repeat","background-position":"center center","background-size":"auto","background-attachment":"scroll","background-type":"","background-media":"","overlay-type":"","overlay-color":"","overlay-opacity":"","overlay-gradient":""}}},"product_brand":[42],"product_cat":[47,87,15],"product_tag":[],"class_list":{"0":"post-4361","1":"product","2":"type-product","3":"status-publish","4":"has-post-thumbnail","6":"product_brand-randm-tornado","7":"product_cat-randm-tornado-25000-allie-portabilite-et-personnalisation","8":"product_cat-puff-25k","9":"product_cat-magasin-cigarette-electronique","10":"desktop-align-center","11":"tablet-align-center","12":"mobile-align-center","13":"ast-product-gallery-layout-horizontal","14":"ast-product-single-variable","15":"ast-product-tabs-layout-horizontal","16":"ast-qv-on-image","18":"first","19":"instock","20":"sale","21":"shipping-taxable","22":"purchasable","23":"product-type-variable","24":"has-default-attributes"},"tiered_pricing_type":"fixed","tiered_pricing_fixed_rules":{"30":10.17,"60":9.22,"100":8.38,"200":8.08,"500":7.88,"1000":7.48},"tiered_pricing_product_settings":{"layout":"default","base_unit_name":{"singular":null,"plural":null},"default_variation":null},"tiered_pricing_minimum_quantity":null,"tiered_pricing_roles_data":[],"tiered_pricing_percentage_rules":[],"_links":{"self":[{"href":"https:\/\/puffvapestore.com\/de\/wp-json\/wp\/v2\/product\/4361","targetHints":{"allow":["GET"]}}],"collection":[{"href":"https:\/\/puffvapestore.com\/de\/wp-json\/wp\/v2\/product"}],"about":[{"href":"https:\/\/puffvapestore.com\/de\/wp-json\/wp\/v2\/types\/product"}],"replies":[{"embeddable":true,"href":"https:\/\/puffvapestore.com\/de\/wp-json\/wp\/v2\/comments?post=4361"}],"version-history":[{"count":7,"href":"https:\/\/puffvapestore.com\/de\/wp-json\/wp\/v2\/product\/4361\/revisions"}],"predecessor-version":[{"id":4753,"href":"https:\/\/puffvapestore.com\/de\/wp-json\/wp\/v2\/product\/4361\/revisions\/4753"}],"wp:featuredmedia":[{"embeddable":true,"href":"https:\/\/puffvapestore.com\/de\/wp-json\/wp\/v2\/media\/4248"}],"wp:attachment":[{"href":"https:\/\/puffvapestore.com\/de\/wp-json\/wp\/v2\/media?parent=4361"}],"wp:term":[{"taxonomy":"product_brand","embeddable":true,"href":"https:\/\/puffvapestore.com\/de\/wp-json\/wp\/v2\/product_brand?post=4361"},{"taxonomy":"product_cat","embeddable":true,"href":"https:\/\/puffvapestore.com\/de\/wp-json\/wp\/v2\/product_cat?post=4361"},{"taxonomy":"product_tag","embeddable":true,"href":"https:\/\/puffvapestore.com\/de\/wp-json\/wp\/v2\/product_tag?post=4361"}],"curies":[{"name":"wp","href":"https:\/\/api.w.org\/{rel}","templated":true}]}}