{"id":4302,"date":"2025-07-03T22:27:59","date_gmt":"2025-07-03T22:27:59","guid":{"rendered":"https:\/\/puffvapestore.com\/?post_type=product&#038;p=4302"},"modified":"2026-01-19T10:35:08","modified_gmt":"2026-01-19T10:35:08","slug":"randm-tornado-25000-mode-jeu-integre-et-puissance-reglable","status":"publish","type":"product","link":"https:\/\/puffvapestore.com\/de\/product\/randm-tornado-25000-integrierter-spielmodus-und-einstellbare-leistung\/","title":{"rendered":"RandM Tornado 25000: 25000 Z\u00fcge, integrierter Spielmodus und einstellbare Leistung"},"content":{"rendered":"<div data-elementor-type=\"wp-post\" data-elementor-id=\"4302\" class=\"elementor elementor-4302\">\n\t\t\t\t<div class=\"elementor-element elementor-element-718b380 e-flex e-con-boxed e-con e-parent\" data-id=\"718b380\" data-element_type=\"container\" data-e-type=\"container\">\n\t\t\t\t\t<div class=\"e-con-inner\">\n\t\t\t\t<div class=\"elementor-element elementor-element-d2cc8fa elementor-widget elementor-widget-text-editor\" data-id=\"d2cc8fa\" data-element_type=\"widget\" data-e-type=\"widget\" data-widget_type=\"text-editor.default\">\n\t\t\t\t<div class=\"elementor-widget-container\">\n\t\t\t\t\t\t\t\t\t<h2>Spezifikationen von RandM Tornado 25000 :<\/h2><p>Anzahl der Z\u00fcge : Bis zu 25000, ideal f\u00fcr starke Raucher oder diejenigen, die eine lange Nutzungsdauer ohne h\u00e4ufiges Auswechseln anstreben.<\/p><p>Akku: Wiederaufladbarer 700-mAh-Akku mit Typ-C-Schnellladefunktion.<\/p><p>E-Liquid: Vorgef\u00fcllt mit 20 ml E-Liquid, Nikotinsalzkonzentration 2 % oder 5 %.<\/p><p>Widerstandstechnologie: Doppelmaschige Widerst\u00e4nde sorgen f\u00fcr einen gleichbleibend reichen Geschmack und dichten Dampf w\u00e4hrend der gesamten Lebensdauer.<\/p><p>Anzeige: Ausgestattet mit einem hochaufl\u00f6senden TFT-Touchscreen, zeigt er den Akkustand, die verbleibende E-Fl\u00fcssigkeit und die Einstellungen der Ausgangsleistung in Echtzeit an...<\/p><p>Ber\u00fchrungssteuerung: Ein innovativer Ber\u00fchrungsschalter erm\u00f6glicht eine einfache Einstellung der Leistung (Doppelklick zum Einschalten des Ger\u00e4ts, Dreifachklick zum \u00c4ndern der Leistung, Vierfachklick zum Umschalten in den Spielmodus, Einfachklick zum Starten des Spiels).<\/p><p>Design: Kompakt und leicht, leicht zu transportieren, elegant und modern.<\/p><p>Einstellbare Luftmenge: Anpassbare Dampfmenge, um sich an Ihre Rauchervorlieben anzupassen.<\/p><h2>Merkmale und Vorteile der RandM Tornado 25000 :<\/h2><p>Einfach zu verwenden : Keine Wartung, Nachf\u00fcllung oder Austausch von Teilen erforderlich; \u00f6ffnen Sie einfach die Verpackung und benutzen Sie diese elektronische Zigarette.<\/p><p>Geschmack: Die Nutzer sch\u00e4tzen den reichen, konstanten Geschmack und den cremigen Dampf, der durch den doppelt gewebten Widerstand verfeinert wird.<\/p><p>Autonomie: Der 700-mAh-Akku erm\u00f6glicht in Kombination mit der Schnellladefunktion ein wiederholtes Aufladen und Benutzen und verhindert so die Verschwendung von e-Liquid durch einen leeren Akku.<\/p><p>Tragbarkeit: Das leichte und kompakte Design macht es einfach, unterwegs zu sein.<\/p><p>Integrierte Minispielfunktion: Unterst\u00fctzt kleine Spiele wie Klick-Minispiele f\u00fcr ein einzigartiges Unterhaltungserlebnis, das bei anderen elektronischen Einwegzigaretten auf dem Markt nur selten angeboten wird.<\/p>\t\t\t\t\t\t\t\t<\/div>\n\t\t\t\t<\/div>\n\t\t\t\t\t<\/div>\n\t\t\t\t<\/div>\n\t\t<div class=\"elementor-element elementor-element-08c26f9 e-flex e-con-boxed e-con e-parent\" data-id=\"08c26f9\" data-element_type=\"container\" data-e-type=\"container\">\n\t\t\t\t\t<div class=\"e-con-inner\">\n\t\t\t\t<div class=\"elementor-element elementor-element-a005a97 elementor-widget elementor-widget-text-editor\" data-id=\"a005a97\" data-element_type=\"widget\" data-e-type=\"widget\" data-widget_type=\"text-editor.default\">\n\t\t\t\t<div class=\"elementor-widget-container\">\n\t\t\t\t\t\t\t\t\t<h2>Die Fumot RandM Tornado 25000 bietet bis zu 25 Geschmacksrichtungen.<\/h2><p>Die Fumot RandM Tornado 25000 bietet bis zu 25 Geschmacksrichtungen, die eine Vielzahl von Aromen wie Frucht, Frische und Desserts abdecken, um den Vorlieben jedes Nutzers gerecht zu werden. Zu den fruchtigen Geschmacksrichtungen geh\u00f6ren \"Eisige Banane\", \"Saftiger Eispfirsich\", \"Eisige Ananas\", \"Wassermelone Erdbeere\" usw., die ein reichhaltiges Fruchtaroma und ein frisches Gef\u00fchl bieten; \"Himbeere Himbeere\", \"Traube Zitrone\" und \"Pfirsich Mango Wassermelone\" bieten ein reichhaltiges Erlebnis mit verschiedenen fruchtigen Geschmacksrichtungen. Dar\u00fcber hinaus bieten \"Kiwi Passionfruit Guava\" und \"Tropical Rainbow Blast\" einen komplexen, tropischen Geschmack f\u00fcr Liebhaber exotischer Aromen.<\/p><p>Erfrischende Geschmacksrichtungen wie \"Cool Mint\", \"Miami Mint\", \"Black Ice\" und \"Lush Ice\" sind mit einer Minz- oder Eisbasis erfrischend und ideal f\u00fcr alle, die ein k\u00fchles Gef\u00fchl suchen. \"Heidelbeere auf Eis\", \"Grape Ice\" und \"Watermelon Ice\" f\u00fcgen der fruchtigen Basis eisige Noten hinzu, um den frischen Geschmack zu unterstreichen. Einzigartige Geschmacksrichtungen f\u00fcr Desserts und Getr\u00e4nke wie \"Cherry Cola\", \"Strawberry Mint Candy\" und \"White Gummy Ice\" bieten s\u00fc\u00dfe und ausgefallene Optionen f\u00fcr ein s\u00fc\u00dferes Erlebnis.<\/p><p>Dar\u00fcber hinaus betonen \"Double Apple\" und \"Cherry Bomb\" den intensiven Geschmack einer einzigen Frucht, w\u00e4hrend Dr. Blue f\u00fcr seine geheimnisvolle Mischung aus blauen Fr\u00fcchten bekannt ist und ein einzigartiges Erlebnis bietet.<\/p>\t\t\t\t\t\t\t\t<\/div>\n\t\t\t\t<\/div>\n\t\t\t\t\t<\/div>\n\t\t\t\t<\/div>\n\t\t\t\t<\/div>","protected":false},"excerpt":{"rendered":"<p>Sp\u00e9cifications du RandM Tornado 25000\u00a0: Nombre de bouff\u00e9es\u00a0: Jusqu\u2019\u00e0 25000, id\u00e9al pour les gros fumeurs ou ceux qui recherchent une utilisation longue dur\u00e9e sans remplacements fr\u00e9quents. Batterie\u00a0: Batterie rechargeable de 700\u00a0mAh avec charge rapide Type-C. E-liquide\u00a0: Pr\u00e9rempli de 20\u00a0ml d\u2019e-liquide, concentration en sels de nicotine de 2\u00a0% ou 5\u00a0%. Technologie de r\u00e9sistance\u00a0: Les r\u00e9sistances \u00e0 [&hellip;]<\/p>\n","protected":false},"featured_media":4238,"comment_status":"open","ping_status":"closed","template":"","meta":{"site-sidebar-layout":"no-sidebar","site-content-layout":"page-builder","ast-site-content-layout":"normal-width-container","site-content-style":"default","site-sidebar-style":"default","ast-global-header-display":"","ast-banner-title-visibility":"","ast-main-header-display":"","ast-hfb-above-header-display":"","ast-hfb-below-header-display":"","ast-hfb-mobile-header-display":"","site-post-title":"disabled","ast-breadcrumbs-content":"","ast-featured-img":"disabled","footer-sml-layout":"","ast-disable-related-posts":"","theme-transparent-header-meta":"default","adv-header-id-meta":"","stick-header-meta":"default","header-above-stick-meta":"","header-main-stick-meta":"","header-below-stick-meta":"","astra-migrate-meta-layouts":"set","ast-page-background-enabled":"default","ast-page-background-meta":{"desktop":{"background-color":"","background-image":"","background-repeat":"repeat","background-position":"center center","background-size":"auto","background-attachment":"scroll","background-type":"","background-media":"","overlay-type":"","overlay-color":"","overlay-opacity":"","overlay-gradient":""},"tablet":{"background-color":"","background-image":"","background-repeat":"repeat","background-position":"center center","background-size":"auto","background-attachment":"scroll","background-type":"","background-media":"","overlay-type":"","overlay-color":"","overlay-opacity":"","overlay-gradient":""},"mobile":{"background-color":"","background-image":"","background-repeat":"repeat","background-position":"center center","background-size":"auto","background-attachment":"scroll","background-type":"","background-media":"","overlay-type":"","overlay-color":"","overlay-opacity":"","overlay-gradient":""}},"ast-content-background-meta":{"desktop":{"background-color":"var(--ast-global-color-5)","background-image":"","background-repeat":"repeat","background-position":"center center","background-size":"auto","background-attachment":"scroll","background-type":"","background-media":"","overlay-type":"","overlay-color":"","overlay-opacity":"","overlay-gradient":""},"tablet":{"background-color":"var(--ast-global-color-5)","background-image":"","background-repeat":"repeat","background-position":"center center","background-size":"auto","background-attachment":"scroll","background-type":"","background-media":"","overlay-type":"","overlay-color":"","overlay-opacity":"","overlay-gradient":""},"mobile":{"background-color":"var(--ast-global-color-5)","background-image":"","background-repeat":"repeat","background-position":"center center","background-size":"auto","background-attachment":"scroll","background-type":"","background-media":"","overlay-type":"","overlay-color":"","overlay-opacity":"","overlay-gradient":""}}},"product_brand":[42],"product_cat":[47,87,15],"product_tag":[],"class_list":{"0":"post-4302","1":"product","2":"type-product","3":"status-publish","4":"has-post-thumbnail","6":"product_brand-randm-tornado","7":"product_cat-randm-tornado-25000-allie-portabilite-et-personnalisation","8":"product_cat-puff-25k","9":"product_cat-magasin-cigarette-electronique","10":"desktop-align-center","11":"tablet-align-center","12":"mobile-align-center","13":"ast-product-gallery-layout-horizontal","14":"ast-product-single-variable","15":"ast-product-tabs-layout-horizontal","16":"ast-qv-on-image","18":"first","19":"instock","20":"sale","21":"shipping-taxable","22":"purchasable","23":"product-type-variable","24":"has-default-attributes"},"tiered_pricing_type":"fixed","tiered_pricing_fixed_rules":{"30":10.17,"60":9.22,"100":8.38,"200":8.08,"500":7.88,"1000":7.48},"tiered_pricing_product_settings":{"layout":"default","base_unit_name":{"singular":null,"plural":null},"default_variation":null},"tiered_pricing_minimum_quantity":null,"tiered_pricing_roles_data":[],"tiered_pricing_percentage_rules":[],"_links":{"self":[{"href":"https:\/\/puffvapestore.com\/de\/wp-json\/wp\/v2\/product\/4302","targetHints":{"allow":["GET"]}}],"collection":[{"href":"https:\/\/puffvapestore.com\/de\/wp-json\/wp\/v2\/product"}],"about":[{"href":"https:\/\/puffvapestore.com\/de\/wp-json\/wp\/v2\/types\/product"}],"replies":[{"embeddable":true,"href":"https:\/\/puffvapestore.com\/de\/wp-json\/wp\/v2\/comments?post=4302"}],"version-history":[{"count":7,"href":"https:\/\/puffvapestore.com\/de\/wp-json\/wp\/v2\/product\/4302\/revisions"}],"predecessor-version":[{"id":10746,"href":"https:\/\/puffvapestore.com\/de\/wp-json\/wp\/v2\/product\/4302\/revisions\/10746"}],"wp:featuredmedia":[{"embeddable":true,"href":"https:\/\/puffvapestore.com\/de\/wp-json\/wp\/v2\/media\/4238"}],"wp:attachment":[{"href":"https:\/\/puffvapestore.com\/de\/wp-json\/wp\/v2\/media?parent=4302"}],"wp:term":[{"taxonomy":"product_brand","embeddable":true,"href":"https:\/\/puffvapestore.com\/de\/wp-json\/wp\/v2\/product_brand?post=4302"},{"taxonomy":"product_cat","embeddable":true,"href":"https:\/\/puffvapestore.com\/de\/wp-json\/wp\/v2\/product_cat?post=4302"},{"taxonomy":"product_tag","embeddable":true,"href":"https:\/\/puffvapestore.com\/de\/wp-json\/wp\/v2\/product_tag?post=4302"}],"curies":[{"name":"wp","href":"https:\/\/api.w.org\/{rel}","templated":true}]}}