{"id":4211,"date":"2025-07-03T05:05:39","date_gmt":"2025-07-03T05:05:39","guid":{"rendered":"https:\/\/puffvapestore.com\/?post_type=product&#038;p=4211"},"modified":"2026-01-19T10:36:52","modified_gmt":"2026-01-19T10:36:52","slug":"randm-20000-puffs-huckleberry","status":"publish","type":"product","link":"https:\/\/puffvapestore.com\/de\/product\/randm-20000-puffs-huckleberry\/","title":{"rendered":"RandM Tornado 20000 - Huckleberry"},"content":{"rendered":"<div data-elementor-type=\"wp-post\" data-elementor-id=\"4211\" class=\"elementor elementor-4211\">\n\t\t\t\t<div class=\"elementor-element elementor-element-08c26f9 e-flex e-con-boxed e-con e-parent\" data-id=\"08c26f9\" data-element_type=\"container\" data-e-type=\"container\">\n\t\t\t\t\t<div class=\"e-con-inner\">\n\t\t\t\t<div class=\"elementor-element elementor-element-a005a97 elementor-widget elementor-widget-text-editor\" data-id=\"a005a97\" data-element_type=\"widget\" data-e-type=\"widget\" data-widget_type=\"text-editor.default\">\n\t\t\t\t<div class=\"elementor-widget-container\">\n\t\t\t\t\t\t\t\t\t<p>Auf den Stra\u00dfen Frankreichs beschr\u00e4nkt sich die Kunst nicht nur auf die goldenen Hallen des Louvre oder des Mus\u00e9e d'Orsay, sondern breitet sich auch frei in den Winkeln und Gassen der Stadt aus. Stellen Sie sich einen sonnigen Nachmittag in den mit Graffiti beschmierten Gassen von Belleville oder Marseille vor, direkt nach einer Underground-Kunsttour, wobei die Stimme des F\u00fchrers \u00fcber die Graffiti-Kultur und den sozialen Wandel noch in Ihren Ohren klingt. Sie bleiben vor einer bunten Wand stehen, ziehen Ihre RandM Tornado 20000 Huckleberry aus der Tasche, nehmen einen leichten Zug und ein wilder, s\u00fc\u00dfer Preiselbeergeschmack entfaltet sich langsam in Ihrem Mund - wie in einem wilden Obstwald in S\u00fcdfrankreich. Das fruchtige Aroma vermischt sich mit einem Hauch von Freiheit und explodiert in der Betonatmosph\u00e4re der Stadt.<\/p><h3>Go\u00fbt d'airelle: Die \u00c4sthetik der Begegnung von Stadt und Natur<\/h3><p>Preiselbeeren sind nicht nur s\u00fc\u00df, sie haben auch einen leicht s\u00e4uerlichen Geschmack und ein einzigartiges adstringierendes Aroma von Wildfr\u00fcchten, das in unserer geschmacklich \u00fcbers\u00e4ttigten Zeit einzigartig und erfrischend ist. Die Preiselbeere ist nicht so h\u00e4ufig anzutreffen wie herk\u00f6mmliche Beeren. Ihre Textur erinnert an Urw\u00e4lder, ist s\u00fc\u00df-sauer und adstringierend zugleich und l\u00e4sst eine wilde, schn\u00f6rkellose Natur hervortreten. Dies spiegelt die Suche der jungen Generation in den franz\u00f6sischen St\u00e4dten nach Authentizit\u00e4t, Rebellion und Individualit\u00e4t wider. Sie ist n\u00e4her an der authentischen Natur, ebenso wie der urspr\u00fcngliche Impuls und der emotionale Ausdruck von Graffiti.<\/p>\t\t\t\t\t\t\t\t<\/div>\n\t\t\t\t<\/div>\n\t\t\t\t\t<\/div>\n\t\t\t\t<\/div>\n\t\t<div class=\"elementor-element elementor-element-718b380 e-flex e-con-boxed e-con e-parent\" data-id=\"718b380\" data-element_type=\"container\" data-e-type=\"container\">\n\t\t\t\t\t<div class=\"e-con-inner\">\n\t\t\t\t<div class=\"elementor-element elementor-element-d2cc8fa elementor-widget elementor-widget-text-editor\" data-id=\"d2cc8fa\" data-element_type=\"widget\" data-e-type=\"widget\" data-widget_type=\"text-editor.default\">\n\t\t\t\t<div class=\"elementor-widget-container\">\n\t\t\t\t\t\t\t\t\t<p><strong>H\u00f6here Rauchkapazit\u00e4t<\/strong><br \/>Die RandM Tornado 20000 Huckleberry definiert die elektronische Einwegzigarette mit einer au\u00dfergew\u00f6hnlichen Kapazit\u00e4t von bis zu 20000 Z\u00fcgen neu. Sie wurde f\u00fcr eine l\u00e4ngere Lebensdauer als herk\u00f6mmliche Einweg-E-Zigaretten entwickelt und ist ideal f\u00fcr starke Dampfer, Vielreisende und alle, die eine zuverl\u00e4ssige und langlebige E-Zigaretten-L\u00f6sung suchen, ohne ihre E-Zigarette h\u00e4ufig ersetzen zu m\u00fcssen.<\/p><p><strong>Leistungsstarker wiederaufladbarer Akku<\/strong><br \/>Die Tornado 20000 Huckleberry ist mit einem leistungsstarken, wiederaufladbaren 850-mAh-Lithium-Akku ausgestattet, der auch bei starker Belastung eine lange Nutzungsdauer erm\u00f6glicht. Ihre Kompatibilit\u00e4t mit dem USB-C-Schnellladeger\u00e4t erm\u00f6glicht ein schnelles, effizientes und stabiles Aufladen, wodurch ihre Liquidkapazit\u00e4t maximiert und die Ausfallzeiten minimiert werden.<\/p><p><strong>Gro\u00dfer E-Liquid-Vorrat von 20 ml<\/strong><br \/>Vorgef\u00fcllt mit 20 ml Premium-E-Liquid, erh\u00e4ltlich in Nikotinkonzentrationen von 2 % (20 mg) und 5 % (50 mg), um den Bed\u00fcrfnissen jedes einzelnen Nutzers gerecht zu werden. Diese E-Fl\u00fcssigkeit wird aus lebensmittelechten Rohstoffen hergestellt und entspricht internationalen Sicherheitsstandards. Sie ist reich an Aromen, die den Genuss und die Zufriedenheit beim Inhalieren deutlich verbessern.<\/p><p><strong>Doppelte Maschenheizung + regulierbares Ansaugsystem<\/strong><br \/>Ausgestattet mit der Doppelmaschen-Widerstandstechnologie verbessert er die Gleichm\u00e4\u00dfigkeit der Erhitzung und die Effizienz der Zerst\u00e4ubung erheblich und bietet ein dichteres, weicheres und dem echten Rauch n\u00e4herkommendes Geschmackserlebnis. Dank des einstellbaren Ansaugsystems k\u00f6nnen die Nutzer frei zwischen dem Single-Coil-Modus (niedrige Leistung) und dem Dual-Coil-Modus (hohe Leistung) wechseln, um ein individuelles Ansaugerlebnis zu erzielen.<\/p><p><strong>Intelligente LED-Anzeige, klar auf einen Blick<\/strong><br \/>Das eingebaute intelligente LED-Display zeigt die Leistung und den verbleibenden E-Fl\u00fcssigkeitsstand in Echtzeit an. So k\u00f6nnen die Benutzer den Status des Ger\u00e4ts klar erkennen, um pl\u00f6tzliche Stromausf\u00e4lle oder das Aufbrauchen der E-Fl\u00fcssigkeit zu vermeiden. Das intuitive Design und die einfache Bedienung eignen sich f\u00fcr alle Benutzer, insbesondere f\u00fcr Anf\u00e4nger.<\/p><p><strong>Exquisit, tragbar und elegant<\/strong><br \/>Der Tornado 20000 vereint praktische Funktionen mit elegantem Design. Das kompakte und leichte Design passt problemlos in Ihre Tasche oder Handtasche und macht sie zum idealen Begleiter f\u00fcr den Alltag, auf Reisen oder auf Partys. Erh\u00e4ltlich in einer Vielzahl von leuchtenden Farben und eleganten Stilen, ist sie nicht nur eine elegante elektronische Zigarette, sondern auch ein unverzichtbares Modeaccessoire.<\/p><p><strong>Ein wirklich sofort einsatzbereites Erlebnis aus der Box heraus<\/strong><br \/>Sie m\u00fcssen keine E-Fl\u00fcssigkeit nachf\u00fcllen, die Zerst\u00e4uberkerne austauschen oder das Ger\u00e4t reinigen. Die RandM Tornado 20000 ist wartungsfrei und verwendet ein automatisches Aktivierungssystem durch Inhalation. Sie ist schnell und einfach zu bedienen, sobald sie aus der Packung kommt. Sie ist besonders geeignet f\u00fcr Anf\u00e4nger, eilige B\u00fcroangestellte oder Benutzer, die sich von den Einschr\u00e4nkungen herk\u00f6mmlicher Zigaretten befreien m\u00f6chten.<\/p><p><strong>Weitere Highlights :<\/strong><\/p><ul><li>Auslaufsichere Struktur: Auslaufsichere Technologie mit mehreren Dichtungen, kein Auslaufen von E-Liquid mehr.<\/li><li>Automatische Energiesparverwaltung: Schaltet bei Inaktivit\u00e4t automatisch in den Standby-Modus, um die Akkulaufzeit zu verl\u00e4ngern.<\/li><\/ul>\t\t\t\t\t\t\t\t<\/div>\n\t\t\t\t<\/div>\n\t\t\t\t\t<\/div>\n\t\t\t\t<\/div>\n\t\t\t\t<\/div>","protected":false},"excerpt":{"rendered":"<p>Dans les rues de France, l&rsquo;art ne se limite pas aux salles dor\u00e9es du Louvre ou du mus\u00e9e d&rsquo;Orsay, mais se r\u00e9pand aussi librement dans les recoins et les ruelles de la ville. Imaginez un apr\u00e8s-midi ensoleill\u00e9, dans les ruelles graff\u00e9es de Belleville ou de Marseille, juste apr\u00e8s une visite artistique underground, la voix du [&hellip;]<\/p>\n","protected":false},"featured_media":8445,"comment_status":"open","ping_status":"closed","template":"","meta":{"site-sidebar-layout":"no-sidebar","site-content-layout":"page-builder","ast-site-content-layout":"normal-width-container","site-content-style":"default","site-sidebar-style":"default","ast-global-header-display":"","ast-banner-title-visibility":"","ast-main-header-display":"","ast-hfb-above-header-display":"","ast-hfb-below-header-display":"","ast-hfb-mobile-header-display":"","site-post-title":"disabled","ast-breadcrumbs-content":"","ast-featured-img":"disabled","footer-sml-layout":"","ast-disable-related-posts":"","theme-transparent-header-meta":"default","adv-header-id-meta":"","stick-header-meta":"default","header-above-stick-meta":"","header-main-stick-meta":"","header-below-stick-meta":"","astra-migrate-meta-layouts":"set","ast-page-background-enabled":"default","ast-page-background-meta":{"desktop":{"background-color":"","background-image":"","background-repeat":"repeat","background-position":"center center","background-size":"auto","background-attachment":"scroll","background-type":"","background-media":"","overlay-type":"","overlay-color":"","overlay-opacity":"","overlay-gradient":""},"tablet":{"background-color":"","background-image":"","background-repeat":"repeat","background-position":"center center","background-size":"auto","background-attachment":"scroll","background-type":"","background-media":"","overlay-type":"","overlay-color":"","overlay-opacity":"","overlay-gradient":""},"mobile":{"background-color":"","background-image":"","background-repeat":"repeat","background-position":"center center","background-size":"auto","background-attachment":"scroll","background-type":"","background-media":"","overlay-type":"","overlay-color":"","overlay-opacity":"","overlay-gradient":""}},"ast-content-background-meta":{"desktop":{"background-color":"var(--ast-global-color-5)","background-image":"","background-repeat":"repeat","background-position":"center center","background-size":"auto","background-attachment":"scroll","background-type":"","background-media":"","overlay-type":"","overlay-color":"","overlay-opacity":"","overlay-gradient":""},"tablet":{"background-color":"var(--ast-global-color-5)","background-image":"","background-repeat":"repeat","background-position":"center center","background-size":"auto","background-attachment":"scroll","background-type":"","background-media":"","overlay-type":"","overlay-color":"","overlay-opacity":"","overlay-gradient":""},"mobile":{"background-color":"var(--ast-global-color-5)","background-image":"","background-repeat":"repeat","background-position":"center center","background-size":"auto","background-attachment":"scroll","background-type":"","background-media":"","overlay-type":"","overlay-color":"","overlay-opacity":"","overlay-gradient":""}}},"product_brand":[42],"product_cat":[46,85,77,15],"product_tag":[],"class_list":{"0":"post-4211","1":"product","2":"type-product","3":"status-publish","4":"has-post-thumbnail","6":"product_brand-randm-tornado","7":"product_cat-randm-tornado-20000-performances-fiables","8":"product_cat-puff-20k","9":"product_cat-entrepot-de-lue","10":"product_cat-magasin-cigarette-electronique","11":"desktop-align-center","12":"tablet-align-center","13":"mobile-align-center","14":"ast-product-gallery-layout-horizontal","15":"ast-product-single-variable","16":"ast-product-tabs-layout-horizontal","17":"ast-qv-on-image","19":"first","20":"instock","21":"sale","22":"shipping-taxable","23":"purchasable","24":"product-type-variable","25":"has-default-attributes"},"tiered_pricing_type":"fixed","tiered_pricing_fixed_rules":{"30":10.37,"60":9.19,"100":7.85,"200":7.69,"500":7.19,"1000":7.09},"tiered_pricing_product_settings":{"layout":"default","base_unit_name":{"singular":null,"plural":null},"default_variation":null},"tiered_pricing_minimum_quantity":null,"tiered_pricing_roles_data":[],"tiered_pricing_percentage_rules":[],"_links":{"self":[{"href":"https:\/\/puffvapestore.com\/de\/wp-json\/wp\/v2\/product\/4211","targetHints":{"allow":["GET"]}}],"collection":[{"href":"https:\/\/puffvapestore.com\/de\/wp-json\/wp\/v2\/product"}],"about":[{"href":"https:\/\/puffvapestore.com\/de\/wp-json\/wp\/v2\/types\/product"}],"replies":[{"embeddable":true,"href":"https:\/\/puffvapestore.com\/de\/wp-json\/wp\/v2\/comments?post=4211"}],"version-history":[{"count":8,"href":"https:\/\/puffvapestore.com\/de\/wp-json\/wp\/v2\/product\/4211\/revisions"}],"predecessor-version":[{"id":10324,"href":"https:\/\/puffvapestore.com\/de\/wp-json\/wp\/v2\/product\/4211\/revisions\/10324"}],"wp:featuredmedia":[{"embeddable":true,"href":"https:\/\/puffvapestore.com\/de\/wp-json\/wp\/v2\/media\/8445"}],"wp:attachment":[{"href":"https:\/\/puffvapestore.com\/de\/wp-json\/wp\/v2\/media?parent=4211"}],"wp:term":[{"taxonomy":"product_brand","embeddable":true,"href":"https:\/\/puffvapestore.com\/de\/wp-json\/wp\/v2\/product_brand?post=4211"},{"taxonomy":"product_cat","embeddable":true,"href":"https:\/\/puffvapestore.com\/de\/wp-json\/wp\/v2\/product_cat?post=4211"},{"taxonomy":"product_tag","embeddable":true,"href":"https:\/\/puffvapestore.com\/de\/wp-json\/wp\/v2\/product_tag?post=4211"}],"curies":[{"name":"wp","href":"https:\/\/api.w.org\/{rel}","templated":true}]}}