{"id":4202,"date":"2025-07-03T03:55:48","date_gmt":"2025-07-03T03:55:48","guid":{"rendered":"https:\/\/puffvapestore.com\/?post_type=product&#038;p=4202"},"modified":"2026-01-19T10:36:52","modified_gmt":"2026-01-19T10:36:52","slug":"tornado-20000-puffs-strawberry-ice","status":"publish","type":"product","link":"https:\/\/puffvapestore.com\/de\/product\/tornado-20000-puffs-strawberry-ice\/","title":{"rendered":"RandM Tornado 20000 - Strawberry Ice"},"content":{"rendered":"<div data-elementor-type=\"wp-post\" data-elementor-id=\"4202\" class=\"elementor elementor-4202\">\n\t\t\t\t<div class=\"elementor-element elementor-element-08c26f9 e-flex e-con-boxed e-con e-parent\" data-id=\"08c26f9\" data-element_type=\"container\" data-e-type=\"container\">\n\t\t\t\t\t<div class=\"e-con-inner\">\n\t\t\t\t<div class=\"elementor-element elementor-element-a005a97 elementor-widget elementor-widget-text-editor\" data-id=\"a005a97\" data-element_type=\"widget\" data-e-type=\"widget\" data-widget_type=\"text-editor.default\">\n\t\t\t\t<div class=\"elementor-widget-container\">\n\t\t\t\t\t\t\t\t\t<p>In den weiten, goldenen Rapsfeldern Frankreichs weht eine Brise, die den nat\u00fcrlichen Duft der Blumen und der Erde mit sich bringt. W\u00e4hrend einer Pause lehnen Sie sich an den Holzzaun, der das Feld begrenzt, ziehen die elektronische Zigarette RandM Tornado 20000 Puffs Strawberry Ice aus Ihrer Tasche und nehmen einen leichten Zug. Im n\u00e4chsten Moment erf\u00fcllt ein s\u00fc\u00dfes Erdbeeraroma, vermischt mit frischer Minze, Ihren Mund und verleiht diesem Moment der Entspannung einen Hauch von franz\u00f6sischer Romantik und moderner Technologie.<\/p><h3>Strawberry Ice, eine franz\u00f6sische Begegnung f\u00fcr den Gaumen<\/h3><p>Der Geschmack Strawberry Ice konzentriert sich auf die intensive S\u00fc\u00dfe der Erdbeere. Beim Rauchen bietet RandM Tornado 20000 Puffs einen saftigen Geschmack, der an frisch gepfl\u00fcckte Fr\u00fcchte erinnert, gefolgt von einem Hauch frischer Minze, der die S\u00fc\u00dfe perfekt ausgleicht, so als w\u00fcrden Sie an hei\u00dfen franz\u00f6sischen Sommertagen einen eisgek\u00fchlten Erdbeer-Smoothie genie\u00dfen. Dieser Geschmack vereint das fruchtige Aroma reifer Erdbeeren mit der Frische der Minze und verbindet sich mit der doppelten Mesh-Widerstandstechnologie des RandM Tornado 20000, wodurch jede Inhalation seidig und dicht wird, mit deutlichen Geschmacksnuancen. Ob Sie nun den zarten Geschmack eines einfachen Widerstands oder die F\u00fclle eines doppelten Widerstands sch\u00e4tzen, er gibt den erfrischenden Geschmack von Erdbeereis pr\u00e4zise wieder.<\/p>\t\t\t\t\t\t\t\t<\/div>\n\t\t\t\t<\/div>\n\t\t\t\t\t<\/div>\n\t\t\t\t<\/div>\n\t\t<div class=\"elementor-element elementor-element-718b380 e-flex e-con-boxed e-con e-parent\" data-id=\"718b380\" data-element_type=\"container\" data-e-type=\"container\">\n\t\t\t\t\t<div class=\"e-con-inner\">\n\t\t\t\t<div class=\"elementor-element elementor-element-d2cc8fa elementor-widget elementor-widget-text-editor\" data-id=\"d2cc8fa\" data-element_type=\"widget\" data-e-type=\"widget\" data-widget_type=\"text-editor.default\">\n\t\t\t\t<div class=\"elementor-widget-container\">\n\t\t\t\t\t\t\t\t\t<p><strong>H\u00f6here Rauchkapazit\u00e4t<\/strong><br \/>Die RandM Tornado 20000 Strawberry Ice definiert die elektronische Einwegzigarette mit einer au\u00dfergew\u00f6hnlichen Kapazit\u00e4t von bis zu 20000 Z\u00fcgen neu. Sie wurde f\u00fcr eine l\u00e4ngere Lebensdauer als herk\u00f6mmliche Einweg-E-Zigaretten entwickelt und ist ideal f\u00fcr starke Dampfer, Vielreisende und alle, die eine zuverl\u00e4ssige und langlebige E-Zigaretten-L\u00f6sung suchen, ohne ihre E-Zigarette h\u00e4ufig ersetzen zu m\u00fcssen.<\/p><p><strong>Leistungsstarker wiederaufladbarer Akku<\/strong><br \/>Die Tornado 20000 Strawberry Ice ist mit einem leistungsstarken, wiederaufladbaren 850-mAh-Lithium-Akku ausgestattet, der auch bei starker Belastung eine lange Nutzungsdauer erm\u00f6glicht. Ihre Kompatibilit\u00e4t mit dem USB-C-Schnellladeger\u00e4t erm\u00f6glicht ein schnelles, effizientes und stabiles Aufladen, wodurch ihre Liquidkapazit\u00e4t maximiert und die Ausfallzeiten minimiert werden.<\/p><p><strong>Gro\u00dfer E-Liquid-Vorrat von 20 ml<\/strong><br \/>Vorgef\u00fcllt mit 20 ml Premium-E-Liquid, erh\u00e4ltlich in Nikotinkonzentrationen von 2 % (20 mg) und 5 % (50 mg), um den Bed\u00fcrfnissen jedes einzelnen Nutzers gerecht zu werden. Diese E-Fl\u00fcssigkeit wird aus lebensmittelechten Rohstoffen hergestellt und entspricht internationalen Sicherheitsstandards. Sie ist reich an Aromen, die den Genuss und die Zufriedenheit beim Inhalieren deutlich verbessern.<\/p><p><strong>Doppelte Maschenheizung + regulierbares Ansaugsystem<\/strong><br \/>Ausgestattet mit der Doppelmaschen-Widerstandstechnologie verbessert er die Gleichm\u00e4\u00dfigkeit der Erhitzung und die Effizienz der Zerst\u00e4ubung erheblich und bietet ein dichteres, weicheres und dem echten Rauch n\u00e4herkommendes Geschmackserlebnis. Dank des einstellbaren Ansaugsystems k\u00f6nnen die Nutzer frei zwischen dem Single-Coil-Modus (niedrige Leistung) und dem Dual-Coil-Modus (hohe Leistung) wechseln, um ein individuelles Ansaugerlebnis zu erzielen.<\/p><p><strong>Intelligente LED-Anzeige, klar auf einen Blick<\/strong><br \/>Das eingebaute intelligente LED-Display zeigt die Leistung und den verbleibenden E-Fl\u00fcssigkeitsstand in Echtzeit an. So k\u00f6nnen die Benutzer den Status des Ger\u00e4ts klar erkennen, um pl\u00f6tzliche Stromausf\u00e4lle oder das Aufbrauchen der E-Fl\u00fcssigkeit zu vermeiden. Das intuitive Design und die einfache Bedienung eignen sich f\u00fcr alle Benutzer, insbesondere f\u00fcr Anf\u00e4nger.<\/p><p><strong>Exquisit, tragbar und elegant<\/strong><br \/>Das Tornado 20000 Strawberry Ice vereint praktische Funktionen mit elegantem Design. Ihr kompaktes und leichtes Design passt problemlos in Ihre Tasche oder Handtasche und macht sie zum idealen Begleiter f\u00fcr den Alltag, auf Reisen oder auf Partys. Erh\u00e4ltlich in einer Vielzahl von leuchtenden Farben und eleganten Stilen, ist sie nicht nur eine elegante elektronische Zigarette, sondern auch ein unverzichtbares Modeaccessoire.<\/p><p><strong>Ein wirklich sofort einsatzbereites Erlebnis aus der Box heraus<\/strong><br \/>Sie m\u00fcssen keine E-Fl\u00fcssigkeit nachf\u00fcllen, die Zerst\u00e4uberkerne austauschen oder das Ger\u00e4t reinigen. Die RandM Tornado 20000 ist wartungsfrei und verwendet ein automatisches Aktivierungssystem durch Inhalation. Sie ist schnell und einfach zu bedienen, sobald sie aus der Packung kommt. Sie ist besonders geeignet f\u00fcr Anf\u00e4nger, eilige B\u00fcroangestellte oder Benutzer, die sich von den Einschr\u00e4nkungen herk\u00f6mmlicher Zigaretten befreien m\u00f6chten.<\/p><p><strong>Weitere Highlights :<\/strong><\/p><ul><li>Auslaufsichere Struktur: Auslaufsichere Technologie mit mehreren Dichtungen, kein Auslaufen von E-Liquid mehr.<\/li><li>Automatische Energiesparverwaltung: Schaltet bei Inaktivit\u00e4t automatisch in den Standby-Modus, um die Akkulaufzeit zu verl\u00e4ngern.<\/li><\/ul>\t\t\t\t\t\t\t\t<\/div>\n\t\t\t\t<\/div>\n\t\t\t\t\t<\/div>\n\t\t\t\t<\/div>\n\t\t\t\t<\/div>","protected":false},"excerpt":{"rendered":"<p>Dans les vastes champs de colza dor\u00e9s de France, la brise souffle, apportant le parfum naturel des fleurs et de la terre. Lors d&rsquo;une pause, vous vous adossez \u00e0 la cl\u00f4ture en bois qui borde le champ, sortez la cigarette \u00e9lectronique RandM Tornado 20000\u200b Puffs Strawberry Ice de votre poche et tirez une l\u00e9g\u00e8re bouff\u00e9e. [&hellip;]<\/p>\n","protected":false},"featured_media":8458,"comment_status":"open","ping_status":"closed","template":"","meta":{"site-sidebar-layout":"no-sidebar","site-content-layout":"page-builder","ast-site-content-layout":"normal-width-container","site-content-style":"default","site-sidebar-style":"default","ast-global-header-display":"","ast-banner-title-visibility":"","ast-main-header-display":"","ast-hfb-above-header-display":"","ast-hfb-below-header-display":"","ast-hfb-mobile-header-display":"","site-post-title":"disabled","ast-breadcrumbs-content":"","ast-featured-img":"disabled","footer-sml-layout":"","ast-disable-related-posts":"","theme-transparent-header-meta":"default","adv-header-id-meta":"","stick-header-meta":"default","header-above-stick-meta":"","header-main-stick-meta":"","header-below-stick-meta":"","astra-migrate-meta-layouts":"set","ast-page-background-enabled":"default","ast-page-background-meta":{"desktop":{"background-color":"","background-image":"","background-repeat":"repeat","background-position":"center center","background-size":"auto","background-attachment":"scroll","background-type":"","background-media":"","overlay-type":"","overlay-color":"","overlay-opacity":"","overlay-gradient":""},"tablet":{"background-color":"","background-image":"","background-repeat":"repeat","background-position":"center center","background-size":"auto","background-attachment":"scroll","background-type":"","background-media":"","overlay-type":"","overlay-color":"","overlay-opacity":"","overlay-gradient":""},"mobile":{"background-color":"","background-image":"","background-repeat":"repeat","background-position":"center center","background-size":"auto","background-attachment":"scroll","background-type":"","background-media":"","overlay-type":"","overlay-color":"","overlay-opacity":"","overlay-gradient":""}},"ast-content-background-meta":{"desktop":{"background-color":"var(--ast-global-color-5)","background-image":"","background-repeat":"repeat","background-position":"center center","background-size":"auto","background-attachment":"scroll","background-type":"","background-media":"","overlay-type":"","overlay-color":"","overlay-opacity":"","overlay-gradient":""},"tablet":{"background-color":"var(--ast-global-color-5)","background-image":"","background-repeat":"repeat","background-position":"center center","background-size":"auto","background-attachment":"scroll","background-type":"","background-media":"","overlay-type":"","overlay-color":"","overlay-opacity":"","overlay-gradient":""},"mobile":{"background-color":"var(--ast-global-color-5)","background-image":"","background-repeat":"repeat","background-position":"center center","background-size":"auto","background-attachment":"scroll","background-type":"","background-media":"","overlay-type":"","overlay-color":"","overlay-opacity":"","overlay-gradient":""}}},"product_brand":[42],"product_cat":[46,85,77,15],"product_tag":[],"class_list":{"0":"post-4202","1":"product","2":"type-product","3":"status-publish","4":"has-post-thumbnail","6":"product_brand-randm-tornado","7":"product_cat-randm-tornado-20000-performances-fiables","8":"product_cat-puff-20k","9":"product_cat-entrepot-de-lue","10":"product_cat-magasin-cigarette-electronique","11":"desktop-align-center","12":"tablet-align-center","13":"mobile-align-center","14":"ast-product-gallery-layout-horizontal","15":"ast-product-single-variable","16":"ast-product-tabs-layout-horizontal","17":"ast-qv-on-image","19":"first","20":"instock","21":"sale","22":"shipping-taxable","23":"purchasable","24":"product-type-variable","25":"has-default-attributes"},"tiered_pricing_type":"fixed","tiered_pricing_fixed_rules":{"30":10.37,"60":9.19,"100":7.85,"200":7.69,"500":7.19,"1000":7.09},"tiered_pricing_product_settings":{"layout":"default","base_unit_name":{"singular":null,"plural":null},"default_variation":null},"tiered_pricing_minimum_quantity":null,"tiered_pricing_roles_data":[],"tiered_pricing_percentage_rules":[],"_links":{"self":[{"href":"https:\/\/puffvapestore.com\/de\/wp-json\/wp\/v2\/product\/4202","targetHints":{"allow":["GET"]}}],"collection":[{"href":"https:\/\/puffvapestore.com\/de\/wp-json\/wp\/v2\/product"}],"about":[{"href":"https:\/\/puffvapestore.com\/de\/wp-json\/wp\/v2\/types\/product"}],"replies":[{"embeddable":true,"href":"https:\/\/puffvapestore.com\/de\/wp-json\/wp\/v2\/comments?post=4202"}],"version-history":[{"count":7,"href":"https:\/\/puffvapestore.com\/de\/wp-json\/wp\/v2\/product\/4202\/revisions"}],"predecessor-version":[{"id":10325,"href":"https:\/\/puffvapestore.com\/de\/wp-json\/wp\/v2\/product\/4202\/revisions\/10325"}],"wp:featuredmedia":[{"embeddable":true,"href":"https:\/\/puffvapestore.com\/de\/wp-json\/wp\/v2\/media\/8458"}],"wp:attachment":[{"href":"https:\/\/puffvapestore.com\/de\/wp-json\/wp\/v2\/media?parent=4202"}],"wp:term":[{"taxonomy":"product_brand","embeddable":true,"href":"https:\/\/puffvapestore.com\/de\/wp-json\/wp\/v2\/product_brand?post=4202"},{"taxonomy":"product_cat","embeddable":true,"href":"https:\/\/puffvapestore.com\/de\/wp-json\/wp\/v2\/product_cat?post=4202"},{"taxonomy":"product_tag","embeddable":true,"href":"https:\/\/puffvapestore.com\/de\/wp-json\/wp\/v2\/product_tag?post=4202"}],"curies":[{"name":"wp","href":"https:\/\/api.w.org\/{rel}","templated":true}]}}