{"id":4162,"date":"2025-07-02T05:39:06","date_gmt":"2025-07-02T05:39:06","guid":{"rendered":"https:\/\/puffvapestore.com\/?post_type=product&#038;p=4162"},"modified":"2026-01-19T10:36:52","modified_gmt":"2026-01-19T10:36:52","slug":"strawberry-ice-cream-randm-tornado-20000","status":"publish","type":"product","link":"https:\/\/puffvapestore.com\/de\/product\/strawberry-ice-cream-randm-tornado-20000\/","title":{"rendered":"RandM Tornado 20000 - Strawberry Ice Cream"},"content":{"rendered":"<div data-elementor-type=\"wp-post\" data-elementor-id=\"4162\" class=\"elementor elementor-4162\">\n\t\t\t\t<div class=\"elementor-element elementor-element-08c26f9 e-flex e-con-boxed e-con e-parent\" data-id=\"08c26f9\" data-element_type=\"container\" data-e-type=\"container\">\n\t\t\t\t\t<div class=\"e-con-inner\">\n\t\t\t\t<div class=\"elementor-element elementor-element-a005a97 elementor-widget elementor-widget-text-editor\" data-id=\"a005a97\" data-element_type=\"widget\" data-e-type=\"widget\" data-widget_type=\"text-editor.default\">\n\t\t\t\t<div class=\"elementor-widget-container\">\n\t\t\t\t\t\t\t\t\t<h2>S\u00fc\u00dfe Erdbeere, erfrischendes Vergn\u00fcgen<\/h2><p>Das Aroma von Erdbeereis konzentriert sich auf sein reiches fruchtiges Erdbeeraroma, vermischt mit der milchigen S\u00fc\u00dfe von cremigem Eis, als w\u00fcrden Sie mit einer T\u00fcte Erdbeereis, die Sie frisch bei einem Konditor gekauft haben, durch die Stra\u00dfen schlendern. Jeder Zug an RandM Tornado 20000 - Erdbeereis bietet ein erfrischendes fruchtiges Erdbeeraroma, begleitet von einem frischen Nachgeschmack, wie ein erfrischender Hauch an einem Sommernachmittag. Ob Sie auf der gepflasterten Stra\u00dfe von Montmartre anhalten, um die Auftritte von Stra\u00dfenk\u00fcnstlern zu genie\u00dfen, oder ob Sie eine Pause vor einem Caf\u00e9 in der Altstadt von Lyon machen, diese Geschmacksrichtung kann Ihnen die S\u00fc\u00dfe und Behaglichkeit des franz\u00f6sischen Lebens vermitteln.<\/p>\t\t\t\t\t\t\t\t<\/div>\n\t\t\t\t<\/div>\n\t\t\t\t\t<\/div>\n\t\t\t\t<\/div>\n\t\t<div class=\"elementor-element elementor-element-718b380 e-flex e-con-boxed e-con e-parent\" data-id=\"718b380\" data-element_type=\"container\" data-e-type=\"container\">\n\t\t\t\t\t<div class=\"e-con-inner\">\n\t\t\t\t<div class=\"elementor-element elementor-element-d2cc8fa elementor-widget elementor-widget-text-editor\" data-id=\"d2cc8fa\" data-element_type=\"widget\" data-e-type=\"widget\" data-widget_type=\"text-editor.default\">\n\t\t\t\t<div class=\"elementor-widget-container\">\n\t\t\t\t\t\t\t\t\t<h2>20000 Z\u00fcge f\u00fcr den Langzeitgebrauch<\/h2><p>Die RandM Tornado 20000 Strawberry Ice Cream ist f\u00fcr eine Betriebsdauer von bis zu 20000 Anwendungen voreingestellt, die weit \u00fcber der von herk\u00f6mmlichen elektronischen Einwegzigaretten liegt. Sie erf\u00fcllt die Anforderungen an eine Langzeitnutzung ohne h\u00e4ufigen Austausch des Ger\u00e4ts und ist besonders f\u00fcr Intensivnutzer oder lange Reisen geeignet.<\/p><h2>Hohe Akkulaufzeit und bequemes Aufladen<\/h2><p>Eingebauter wiederaufladbarer Lithium-Akku mit hoher Kapazit\u00e4t (850 mAh), der mit USB-C-Schnellladung kompatibel ist, um ein effizienteres und stabileres Laden zu erm\u00f6glichen. Sie sorgt auch bei intensiver Nutzung f\u00fcr eine lange Akkulaufzeit, sodass Sie die enthaltene E-Fl\u00fcssigkeit voll aussch\u00f6pfen k\u00f6nnen.<\/p><h2>Hoher E-Fl\u00fcssigkeitsvorrat<\/h2><p>Die RandM Tornado 20000 ist mit 20 ml hochwertiger E-Fl\u00fcssigkeit vorinstalliert, die Nikotinkonzentrationen von 2 % oder 5 % bietet, um dem Geschmack und den Bed\u00fcrfnissen jedes Nutzers gerecht zu werden. Die E-Fl\u00fcssigkeit verwendet eine hochwertige Formel, um bei jedem Zug einen reinen und reichen Geschmack zu gew\u00e4hrleisten, der Ihnen ein mildes und befriedigendes Raucherlebnis bietet.<\/p><h2>Doppelter Mesh-Widerstand und einstellbarer Luftstrom<\/h2><p>Mit der fortschrittlichen Double-Mesh-Widerstandstechnologie verbessert er die Heizleistung und die Rauchdichte erheblich und sorgt so f\u00fcr einen milderen und intensiveren Geschmack. Dank des integrierten einstellbaren Widerstandssystems kann der Benutzer je nach Vorliebe zwischen dem einfachen und dem doppelten Widerstandsmodus wechseln und frei zwischen leichtem und starkem Saugen einstellen. Der Wechsel des Widerstands erfolgt ganz einfach \u00fcber den Touchscreen.<\/p><h2>Intelligente LED-Anzeige<\/h2><p>Der RandM Tornado 20000 Strawberry Ice Cream ist mit einem intelligenten LED-Display ausgestattet, das in Echtzeit den Akkuladestand und die verbleibende Menge an E-Fl\u00fcssigkeit anzeigt. So k\u00f6nnen Sie jederzeit den Status des Ger\u00e4ts verfolgen und Stromausf\u00e4lle oder das Auslaufen der E-Fl\u00fcssigkeit vermeiden. Sein intuitives Design macht die Bedienung auch f\u00fcr Anf\u00e4nger einfach.<\/p><h2>Modernes tragbares Design<\/h2><p>Das elegante, moderne Design und das leichte Geh\u00e4use passen problemlos in jede Tasche oder Handtasche und sind ideal f\u00fcr den Alltag, auf Reisen oder f\u00fcr Partys. Die satten Farben und das elegante Design unterstreichen seinen einzigartigen Stil.<\/p><h2>Sofort nach dem Auspacken einsatzbereit, keine Wartung erforderlich<\/h2><p>Es muss keine E-Fl\u00fcssigkeit hinzugef\u00fcgt, der Kern des Zerst\u00e4ubers ausgetauscht oder der Zerst\u00e4uber gereinigt werden; keine Wartung erforderlich. Er ist sofort nach dem Auspacken einsatzbereit und die automatische Aktivierung der Z\u00fcge vereinfacht und beschleunigt den Prozess, was ihn ideal f\u00fcr Anf\u00e4nger oder Benutzer macht, die nach einer Alternative zu herk\u00f6mmlichen Zigaretten suchen.<\/p>\t\t\t\t\t\t\t\t<\/div>\n\t\t\t\t<\/div>\n\t\t\t\t\t<\/div>\n\t\t\t\t<\/div>\n\t\t\t\t<\/div>","protected":false},"excerpt":{"rendered":"<p>Fraise sucr\u00e9e, plaisir rafra\u00eechissant L&rsquo;ar\u00f4me de glace \u00e0 la fraise se concentre sur son riche ar\u00f4me fruit\u00e9 de fraise, m\u00eal\u00e9 \u00e0 la douceur lact\u00e9e d&rsquo;une glace onctueuse, comme si vous fl\u00e2niez dans la rue, un cornet de glace \u00e0 la fraise fra\u00eechement achet\u00e9 chez un confiseur. Chaque bouff\u00e9e de la RandM Tornado 20000 &#8211; Glace [&hellip;]<\/p>\n","protected":false},"featured_media":8459,"comment_status":"open","ping_status":"closed","template":"","meta":{"site-sidebar-layout":"no-sidebar","site-content-layout":"page-builder","ast-site-content-layout":"normal-width-container","site-content-style":"default","site-sidebar-style":"default","ast-global-header-display":"","ast-banner-title-visibility":"","ast-main-header-display":"","ast-hfb-above-header-display":"","ast-hfb-below-header-display":"","ast-hfb-mobile-header-display":"","site-post-title":"disabled","ast-breadcrumbs-content":"","ast-featured-img":"disabled","footer-sml-layout":"","ast-disable-related-posts":"","theme-transparent-header-meta":"default","adv-header-id-meta":"","stick-header-meta":"default","header-above-stick-meta":"","header-main-stick-meta":"","header-below-stick-meta":"","astra-migrate-meta-layouts":"set","ast-page-background-enabled":"default","ast-page-background-meta":{"desktop":{"background-color":"","background-image":"","background-repeat":"repeat","background-position":"center center","background-size":"auto","background-attachment":"scroll","background-type":"","background-media":"","overlay-type":"","overlay-color":"","overlay-opacity":"","overlay-gradient":""},"tablet":{"background-color":"","background-image":"","background-repeat":"repeat","background-position":"center center","background-size":"auto","background-attachment":"scroll","background-type":"","background-media":"","overlay-type":"","overlay-color":"","overlay-opacity":"","overlay-gradient":""},"mobile":{"background-color":"","background-image":"","background-repeat":"repeat","background-position":"center center","background-size":"auto","background-attachment":"scroll","background-type":"","background-media":"","overlay-type":"","overlay-color":"","overlay-opacity":"","overlay-gradient":""}},"ast-content-background-meta":{"desktop":{"background-color":"var(--ast-global-color-5)","background-image":"","background-repeat":"repeat","background-position":"center center","background-size":"auto","background-attachment":"scroll","background-type":"","background-media":"","overlay-type":"","overlay-color":"","overlay-opacity":"","overlay-gradient":""},"tablet":{"background-color":"var(--ast-global-color-5)","background-image":"","background-repeat":"repeat","background-position":"center center","background-size":"auto","background-attachment":"scroll","background-type":"","background-media":"","overlay-type":"","overlay-color":"","overlay-opacity":"","overlay-gradient":""},"mobile":{"background-color":"var(--ast-global-color-5)","background-image":"","background-repeat":"repeat","background-position":"center center","background-size":"auto","background-attachment":"scroll","background-type":"","background-media":"","overlay-type":"","overlay-color":"","overlay-opacity":"","overlay-gradient":""}}},"product_brand":[42],"product_cat":[46,85,77,15],"product_tag":[],"class_list":{"0":"post-4162","1":"product","2":"type-product","3":"status-publish","4":"has-post-thumbnail","6":"product_brand-randm-tornado","7":"product_cat-randm-tornado-20000-performances-fiables","8":"product_cat-puff-20k","9":"product_cat-entrepot-de-lue","10":"product_cat-magasin-cigarette-electronique","11":"desktop-align-center","12":"tablet-align-center","13":"mobile-align-center","14":"ast-product-gallery-layout-horizontal","15":"ast-product-single-variable","16":"ast-product-tabs-layout-horizontal","17":"ast-qv-on-image","19":"first","20":"instock","21":"sale","22":"shipping-taxable","23":"purchasable","24":"product-type-variable","25":"has-default-attributes"},"tiered_pricing_type":"fixed","tiered_pricing_fixed_rules":{"30":10.37,"60":9.19,"100":7.85,"200":7.69,"500":7.19,"1000":7.09},"tiered_pricing_product_settings":{"layout":"default","base_unit_name":{"singular":null,"plural":null},"default_variation":null},"tiered_pricing_minimum_quantity":null,"tiered_pricing_roles_data":[],"tiered_pricing_percentage_rules":[],"_links":{"self":[{"href":"https:\/\/puffvapestore.com\/de\/wp-json\/wp\/v2\/product\/4162","targetHints":{"allow":["GET"]}}],"collection":[{"href":"https:\/\/puffvapestore.com\/de\/wp-json\/wp\/v2\/product"}],"about":[{"href":"https:\/\/puffvapestore.com\/de\/wp-json\/wp\/v2\/types\/product"}],"replies":[{"embeddable":true,"href":"https:\/\/puffvapestore.com\/de\/wp-json\/wp\/v2\/comments?post=4162"}],"version-history":[{"count":7,"href":"https:\/\/puffvapestore.com\/de\/wp-json\/wp\/v2\/product\/4162\/revisions"}],"predecessor-version":[{"id":10317,"href":"https:\/\/puffvapestore.com\/de\/wp-json\/wp\/v2\/product\/4162\/revisions\/10317"}],"wp:featuredmedia":[{"embeddable":true,"href":"https:\/\/puffvapestore.com\/de\/wp-json\/wp\/v2\/media\/8459"}],"wp:attachment":[{"href":"https:\/\/puffvapestore.com\/de\/wp-json\/wp\/v2\/media?parent=4162"}],"wp:term":[{"taxonomy":"product_brand","embeddable":true,"href":"https:\/\/puffvapestore.com\/de\/wp-json\/wp\/v2\/product_brand?post=4162"},{"taxonomy":"product_cat","embeddable":true,"href":"https:\/\/puffvapestore.com\/de\/wp-json\/wp\/v2\/product_cat?post=4162"},{"taxonomy":"product_tag","embeddable":true,"href":"https:\/\/puffvapestore.com\/de\/wp-json\/wp\/v2\/product_tag?post=4162"}],"curies":[{"name":"wp","href":"https:\/\/api.w.org\/{rel}","templated":true}]}}