{"id":3378,"date":"2025-06-28T10:53:25","date_gmt":"2025-06-28T10:53:25","guid":{"rendered":"https:\/\/puffvapestore.com\/?post_type=product&#038;p=3378"},"modified":"2026-01-19T10:54:04","modified_gmt":"2026-01-19T10:54:04","slug":"puff-9000-taff-randm-tornado-9k-pink-lemonade","status":"publish","type":"product","link":"https:\/\/puffvapestore.com\/de\/product\/puff-9000-taff-randm-tornado-9k-pink-lemonade\/","title":{"rendered":"Puff 9000 taff RandM Tornado 9K - Pink Lemonade"},"content":{"rendered":"<div data-elementor-type=\"wp-post\" data-elementor-id=\"3378\" class=\"elementor elementor-3378\">\n\t\t\t\t<div class=\"elementor-element elementor-element-d3f3f97 e-flex e-con-boxed e-con e-parent\" data-id=\"d3f3f97\" data-element_type=\"container\" data-e-type=\"container\">\n\t\t\t\t\t<div class=\"e-con-inner\">\n\t\t\t\t<div class=\"elementor-element elementor-element-9600b1d elementor-widget elementor-widget-text-editor\" data-id=\"9600b1d\" data-element_type=\"widget\" data-e-type=\"widget\" data-widget_type=\"text-editor.default\">\n\t\t\t\t<div class=\"elementor-widget-container\">\n\t\t\t\t\t\t\t\t\t<h2>Geschmack: Pink Lemonade<\/h2><p>Diese Rosenlimonade ist eine sorgf\u00e4ltig zusammengestellte Mischung, die den klassischen Geschmack von s\u00fc\u00df-saurer Limonade mit einem k\u00f6stlichen Aroma von rosa Fr\u00fcchten verbindet. Dieser erfrischende Geschmack der Rosenlimonade bietet ein s\u00fc\u00df-saures und befriedigendes Erlebnis.<\/p><ul><li>Zitronenherbheit: Bei der Inhalation vermittelt die Rosa Limonade das s\u00e4uerliche Gef\u00fchl von frisch gepresstem Zitronensaft mit einem lebhaften Zitrusduft. Dieser s\u00e4uerliche Geschmack ist erfrischend und s\u00fc\u00df, genau wie der einer eisgek\u00fchlten Limonade im Sommer, die belebend wirkt.<\/li><li>S\u00fc\u00dfe Erdbeere: Beim Ausatmen tritt allm\u00e4hlich die S\u00fc\u00dfe reifer Erdbeeren hervor und f\u00fcgt einen Hauch von fruchtiger S\u00fc\u00dfe hinzu. Diese S\u00fc\u00dfe bildet ein perfektes Gleichgewicht mit der S\u00e4ure der Zitrone und verhindert so die Eint\u00f6nigkeit eines einzigartigen s\u00e4uerlichen Geschmacks.<\/li><\/ul>\t\t\t\t\t\t\t\t<\/div>\n\t\t\t\t<\/div>\n\t\t\t\t\t<\/div>\n\t\t\t\t<\/div>\n\t\t<div class=\"elementor-element elementor-element-08c26f9 e-flex e-con-boxed e-con e-parent\" data-id=\"08c26f9\" data-element_type=\"container\" data-e-type=\"container\">\n\t\t\t\t\t<div class=\"e-con-inner\">\n\t\t\t\t<div class=\"elementor-element elementor-element-a005a97 elementor-widget elementor-widget-text-editor\" data-id=\"a005a97\" data-element_type=\"widget\" data-e-type=\"widget\" data-widget_type=\"text-editor.default\">\n\t\t\t\t<div class=\"elementor-widget-container\">\n\t\t\t\t\t\t\t\t\t<h2>RandM Tornado 9K Pink Lemonade<\/h2><p>Die elektronische Zigarette RandM Tornado 9000 Pink Lemonade bietet bis zu 9000 Z\u00fcge f\u00fcr einen l\u00e4ngeren Genuss. Sie ist mit einem leistungsstarken, wiederaufladbaren 850-mAh-Akku und einem USB-C-Schnellladeanschluss f\u00fcr den Dauerbetrieb ausgestattet. Ihr ergonomisches und elegantes Design vereint Portabilit\u00e4t und Stil und macht sie zu einem unverzichtbaren Modell f\u00fcr Dampfer, die nach Leistung und Praktikabilit\u00e4t suchen. Die Tornado 9000 Pink Lemonade verf\u00fcgt \u00fcber einen 18 ml Tank f\u00fcr lang anhaltenden Geschmack ohne h\u00e4ufiges Nachf\u00fcllen. Der integrierte 0,8 Ohm Mesh-Widerstand verbessert den Dampfaussto\u00df f\u00fcr einen reichhaltigen und cremigen Geschmack bei jedem Zug.<\/p>\t\t\t\t\t\t\t\t<\/div>\n\t\t\t\t<\/div>\n\t\t\t\t\t<\/div>\n\t\t\t\t<\/div>\n\t\t<div class=\"elementor-element elementor-element-4ac287c e-flex e-con-boxed e-con e-parent\" data-id=\"4ac287c\" data-element_type=\"container\" data-e-type=\"container\">\n\t\t\t\t\t<div class=\"e-con-inner\">\n\t\t<div class=\"elementor-element elementor-element-bbd8e4a e-con-full e-flex e-con e-child\" data-id=\"bbd8e4a\" data-element_type=\"container\" data-e-type=\"container\">\n\t\t\t\t<div class=\"elementor-element elementor-element-0dc5338 elementor-widget elementor-widget-text-editor\" data-id=\"0dc5338\" data-element_type=\"widget\" data-e-type=\"widget\" data-widget_type=\"text-editor.default\">\n\t\t\t\t<div class=\"elementor-widget-container\">\n\t\t\t\t\t\t\t\t\t<h2>Eigenschaften der RandM Tornado 9000 Pink Lemonade:<\/h2><ul><li>Kapazit\u00e4t der Z\u00fcge : Bis zu 9000 Z\u00fcge, ideal f\u00fcr den Langzeitgebrauch.<\/li><li>Akku: Wiederaufladbarer 850-mAh-Akku mit Type-C-Ladefunktion f\u00fcr schnelles und effizientes Aufladen.<\/li><li>Liquid: Vorgef\u00fcllt mit 18 ml E-Liquid, Nikotinst\u00e4rke 2% oder optional 5%.<\/li><li>Technologie: Verwendet fortschrittliche Mesh-Widerst\u00e4nde f\u00fcr einen sanften, gleichm\u00e4\u00dfigen Dampf und intensiven Geschmack.<\/li><li>Design: Klein und leicht, elegant und \u00e4sthetisch. Er ist mit hellen RGB-LEDs ausgestattet, die hervorragende visuelle Effekte bieten. Es sind keine Kn\u00f6pfe erforderlich: Einfach einatmen und loslegen, was f\u00fcr Anf\u00e4nger praktisch ist.<\/li><\/ul>\t\t\t\t\t\t\t\t<\/div>\n\t\t\t\t<\/div>\n\t\t\t\t<\/div>\n\t\t<div class=\"elementor-element elementor-element-8e0e87d e-con-full e-flex e-con e-child\" data-id=\"8e0e87d\" data-element_type=\"container\" data-e-type=\"container\">\n\t\t\t\t<div class=\"elementor-element elementor-element-63d978d elementor-widget elementor-widget-image-gallery\" data-id=\"63d978d\" data-element_type=\"widget\" data-e-type=\"widget\" data-widget_type=\"image-gallery.default\">\n\t\t\t\t<div class=\"elementor-widget-container\">\n\t\t\t\t\t\t\t<div class=\"elementor-image-gallery\">\n\t\t\t<div id='gallery-1' class='gallery galleryid-3378 gallery-columns-1 gallery-size-medium_large'><figure class='gallery-item'>\n\t\t\t<div class='gallery-icon landscape'>\n\t\t\t\t<img fetchpriority=\"high\" decoding=\"async\" width=\"768\" height=\"768\" src=\"https:\/\/puffvapestore.com\/wp-content\/uploads\/2025\/06\/randm-tornado-vape-9000-pink-lemonade-pvafrt9000-768x768.jpg\" class=\"attachment-medium_large size-medium_large\" alt=\"randm 9000 vape pink lemonade\" aria-describedby=\"gallery-1-3167\" srcset=\"https:\/\/puffvapestore.com\/wp-content\/uploads\/2025\/06\/randm-tornado-vape-9000-pink-lemonade-pvafrt9000-768x768.jpg 768w, https:\/\/puffvapestore.com\/wp-content\/uploads\/2025\/06\/randm-tornado-vape-9000-pink-lemonade-pvafrt9000-300x300.jpg 300w, https:\/\/puffvapestore.com\/wp-content\/uploads\/2025\/06\/randm-tornado-vape-9000-pink-lemonade-pvafrt9000-150x150.jpg 150w, https:\/\/puffvapestore.com\/wp-content\/uploads\/2025\/06\/randm-tornado-vape-9000-pink-lemonade-pvafrt9000-600x600.jpg 600w, https:\/\/puffvapestore.com\/wp-content\/uploads\/2025\/06\/randm-tornado-vape-9000-pink-lemonade-pvafrt9000-100x100.jpg 100w, https:\/\/puffvapestore.com\/wp-content\/uploads\/2025\/06\/randm-tornado-vape-9000-pink-lemonade-pvafrt9000.jpg 1016w\" sizes=\"(max-width: 768px) 100vw, 768px\" \/>\n\t\t\t<\/div>\n\t\t\t\t<figcaption class='wp-caption-text gallery-caption' id='gallery-1-3167'>\n\t\t\t\trandm 9000 vape pink lemonade\n\t\t\t\t<\/figcaption><\/figure>\n\t\t<\/div>\n\t\t<\/div>\n\t\t\t\t\t\t<\/div>\n\t\t\t\t<\/div>\n\t\t\t\t<\/div>\n\t\t\t\t\t<\/div>\n\t\t\t\t<\/div>\n\t\t<div class=\"elementor-element elementor-element-718b380 e-flex e-con-boxed e-con e-parent\" data-id=\"718b380\" data-element_type=\"container\" data-e-type=\"container\">\n\t\t\t\t\t<div class=\"e-con-inner\">\n\t\t\t\t<div class=\"elementor-element elementor-element-d2cc8fa elementor-widget elementor-widget-text-editor\" data-id=\"d2cc8fa\" data-element_type=\"widget\" data-e-type=\"widget\" data-widget_type=\"text-editor.default\">\n\t\t\t\t<div class=\"elementor-widget-container\">\n\t\t\t\t\t\t\t\t\t<h3>Reicht die Akkulaufzeit der RandM Tornado 9000 Pink Lemonade aus, um die 18 ml E-Fl\u00fcssigkeit zu verwenden?<\/h3><p>Ja, auf jeden Fall. Die elektronische Zigarette RandM Tornado 9000 Pink Lemonade ist mit einem eingebauten 850-mAh-Akku ausgestattet. Dieser kleine Lithium-Ionen-Akku erm\u00f6glicht in der Regel 300 bis 500 vollst\u00e4ndige Lade- und Entladezyklen. Um 18 ml E-Liquid zu rauchen und 9000 Z\u00fcge zu erreichen, mit durchschnittlich 600 Z\u00fcgen pro Ladung, braucht man nur etwa 15 volle Ladungen. Dies entspricht weitgehend der Lebensdauer des Lithium-Ionen-Akkus, und seine Zykluskapazit\u00e4t reicht aus, um die Menge der verwendeten E-Liquids zu decken. Dar\u00fcber hinaus unterst\u00fctzt das Produkt USB Typ-C-Schnellladung und erm\u00f6glicht so ein schnelles Aufladen, wodurch der Benutzerkomfort verbessert wird.<\/p><p>Die RandM Tornado 9000 Pink Lemonade ist mit einem wiederaufladbaren Lithium-Ionen-Akku mit 850 mAh ausgestattet und unterst\u00fctzt die Typ-C-Schnellladung. Obwohl der RandM Tornado 9000 mit einem 850-mAh-Akku ausgestattet ist, reicht die Kapazit\u00e4t einer einzigen vollen Ladung nur f\u00fcr etwa 200 bis 1.000 Z\u00fcge, je nach Dauer und Intensit\u00e4t jedes einzelnen Zuges (leichte oder tiefe Inhalation). Aus Sicht der Akkulaufzeit reicht die Kapazit\u00e4t einer einzigen Ladung also offensichtlich nicht aus, um 9 000 Z\u00fcge zu machen oder die 18 ml E-Fl\u00fcssigkeit auf einmal zu konsumieren. Dies ist jedoch kein Konstruktionsfehler, sondern die Strategie von RandM bei der Segmentierung der Batterielebensdauer: Mehrere Ladezyklen erm\u00f6glichen es, den Bedarf an E-Liquid \u00fcber den gesamten Lebenszyklus hinweg zu decken.<\/p><h3>L\u00e4sst der Geschmack von RandM Tornado 9000 mit der Zeit nach?<\/h3><p>Der Geschmack von RandM Tornado 9000 wird mit der Zeit nicht verblassen.<\/p><p>Die RandM Tornado 9000 ist mit einem fortschrittlichen Mesh-Zerst\u00e4uber mit 0,8 Ohm und einem gro\u00dfen E-Fl\u00fcssigkeitsbeh\u00e4lter mit 18 ml Fassungsverm\u00f6gen ausgestattet. Einer seiner Hauptvorteile ist der gleichbleibende Geschmack w\u00e4hrend des gesamten Nutzungszyklus. Diese Technologie gew\u00e4hrleistet ein optimales Gleichgewicht zwischen der Rauchmenge und dem Geschmack jedes einzelnen Zuges und vermeidet so das Ph\u00e4nomen, dass bei herk\u00f6mmlichen elektronischen Zigaretten die Intensit\u00e4t zu Beginn des Rauchens hoch ist und in der Mitte und am Ende des Rauchens nachl\u00e4sst.<\/p><p>Obwohl die Technologie des Ger\u00e4ts f\u00fcr eine stabile Ausgabe sorgt, wird das tats\u00e4chliche Geschmackserlebnis auch vom Geschmacksempfinden des Nutzers beeinflusst. Beispielsweise werden einige \"ICE\"-Aromen wie \"ICE Mango\" und \"ICE Wassermelone\" nach l\u00e4ngerem Gebrauch einen subjektiven Eindruck von \"erh\u00f6hter Frische und abgeschw\u00e4chter Fruchtigkeit\" vermitteln. Beachten Sie, dass diese Ver\u00e4nderung oft nicht auf die Leistung des Ger\u00e4ts zur\u00fcckzuf\u00fchren ist, sondern eine Sinnest\u00e4uschung aufgrund von Geschmackserm\u00fcdung sein kann. Bei l\u00e4ngerer Verwendung desselben Aromas kommt es zu einer allm\u00e4hlichen Anpassung des Geschmacks an bestimmte Zutaten, sodass Sie das Gef\u00fchl haben, \"weniger intensiv\" zu schmecken.<\/p><p>Wenn Sie das Gef\u00fchl haben, dass der Geschmack d\u00fcnner geworden ist, pr\u00fcfen Sie zuerst, ob die Batterie und die e-Fl\u00fcssigkeit leer sind. Dann k\u00f6nnen Sie andere Geschmacksrichtungen ausprobieren, um die geschmackliche Erm\u00fcdung zu mildern. Wenn Sie z. B. das Aroma \"ICE\" mit milderen Geschmacksrichtungen wie \"Mango\" und \"Cantaloupe\" abwechseln, kann dies dazu beitragen, die komplexe Textur des Geschmacks wiederherzustellen.<\/p>\t\t\t\t\t\t\t\t<\/div>\n\t\t\t\t<\/div>\n\t\t\t\t\t<\/div>\n\t\t\t\t<\/div>\n\t\t\t\t<\/div>","protected":false},"excerpt":{"rendered":"<p>Ar\u00f4me\u00a0: Pink Lemonade Cette Limonade Rose est un m\u00e9lange soigneusement \u00e9labor\u00e9 qui allie la saveur classique de la limonade aigre-douce \u00e0 un d\u00e9licieux ar\u00f4me de fruits roses. Ce parfum rafra\u00eechissant de limonade rose offre une exp\u00e9rience aigre-douce et satisfaisante. Aigreur citronn\u00e9e\u00a0: \u00c0 l&rsquo;inhalation, la Limonade Rose procure la sensation acidul\u00e9e du jus de citron fra\u00eechement [&hellip;]<\/p>\n","protected":false},"featured_media":3167,"comment_status":"open","ping_status":"closed","template":"","meta":{"site-sidebar-layout":"no-sidebar","site-content-layout":"page-builder","ast-site-content-layout":"normal-width-container","site-content-style":"default","site-sidebar-style":"default","ast-global-header-display":"","ast-banner-title-visibility":"","ast-main-header-display":"","ast-hfb-above-header-display":"","ast-hfb-below-header-display":"","ast-hfb-mobile-header-display":"","site-post-title":"disabled","ast-breadcrumbs-content":"","ast-featured-img":"disabled","footer-sml-layout":"","ast-disable-related-posts":"","theme-transparent-header-meta":"default","adv-header-id-meta":"","stick-header-meta":"default","header-above-stick-meta":"","header-main-stick-meta":"","header-below-stick-meta":"","astra-migrate-meta-layouts":"set","ast-page-background-enabled":"default","ast-page-background-meta":{"desktop":{"background-color":"","background-image":"","background-repeat":"repeat","background-position":"center center","background-size":"auto","background-attachment":"scroll","background-type":"","background-media":"","overlay-type":"","overlay-color":"","overlay-opacity":"","overlay-gradient":""},"tablet":{"background-color":"","background-image":"","background-repeat":"repeat","background-position":"center center","background-size":"auto","background-attachment":"scroll","background-type":"","background-media":"","overlay-type":"","overlay-color":"","overlay-opacity":"","overlay-gradient":""},"mobile":{"background-color":"","background-image":"","background-repeat":"repeat","background-position":"center center","background-size":"auto","background-attachment":"scroll","background-type":"","background-media":"","overlay-type":"","overlay-color":"","overlay-opacity":"","overlay-gradient":""}},"ast-content-background-meta":{"desktop":{"background-color":"var(--ast-global-color-5)","background-image":"","background-repeat":"repeat","background-position":"center center","background-size":"auto","background-attachment":"scroll","background-type":"","background-media":"","overlay-type":"","overlay-color":"","overlay-opacity":"","overlay-gradient":""},"tablet":{"background-color":"var(--ast-global-color-5)","background-image":"","background-repeat":"repeat","background-position":"center center","background-size":"auto","background-attachment":"scroll","background-type":"","background-media":"","overlay-type":"","overlay-color":"","overlay-opacity":"","overlay-gradient":""},"mobile":{"background-color":"var(--ast-global-color-5)","background-image":"","background-repeat":"repeat","background-position":"center center","background-size":"auto","background-attachment":"scroll","background-type":"","background-media":"","overlay-type":"","overlay-color":"","overlay-opacity":"","overlay-gradient":""}}},"product_brand":[42],"product_cat":[43,78,15],"product_tag":[],"class_list":{"0":"post-3378","1":"product","2":"type-product","3":"status-publish","4":"has-post-thumbnail","6":"product_brand-randm-tornado","7":"product_cat-randm-tornado-9000","8":"product_cat-puff-9k","9":"product_cat-magasin-cigarette-electronique","10":"desktop-align-center","11":"tablet-align-center","12":"mobile-align-center","13":"ast-product-gallery-layout-horizontal","14":"ast-product-gallery-with-no-image","15":"ast-product-single-variable","16":"ast-product-tabs-layout-horizontal","17":"ast-qv-on-image","19":"first","20":"outofstock","21":"sale","22":"shipping-taxable","23":"purchasable","24":"product-type-variable","25":"has-default-attributes"},"tiered_pricing_type":"fixed","tiered_pricing_fixed_rules":{"30":8.58,"60":8.13,"100":7.61,"200":7.12,"400":6.86},"tiered_pricing_product_settings":{"layout":"default","base_unit_name":{"singular":null,"plural":null},"default_variation":null},"tiered_pricing_minimum_quantity":null,"tiered_pricing_roles_data":[],"tiered_pricing_percentage_rules":[],"_links":{"self":[{"href":"https:\/\/puffvapestore.com\/de\/wp-json\/wp\/v2\/product\/3378","targetHints":{"allow":["GET"]}}],"collection":[{"href":"https:\/\/puffvapestore.com\/de\/wp-json\/wp\/v2\/product"}],"about":[{"href":"https:\/\/puffvapestore.com\/de\/wp-json\/wp\/v2\/types\/product"}],"replies":[{"embeddable":true,"href":"https:\/\/puffvapestore.com\/de\/wp-json\/wp\/v2\/comments?post=3378"}],"version-history":[{"count":8,"href":"https:\/\/puffvapestore.com\/de\/wp-json\/wp\/v2\/product\/3378\/revisions"}],"predecessor-version":[{"id":7246,"href":"https:\/\/puffvapestore.com\/de\/wp-json\/wp\/v2\/product\/3378\/revisions\/7246"}],"wp:featuredmedia":[{"embeddable":true,"href":"https:\/\/puffvapestore.com\/de\/wp-json\/wp\/v2\/media\/3167"}],"wp:attachment":[{"href":"https:\/\/puffvapestore.com\/de\/wp-json\/wp\/v2\/media?parent=3378"}],"wp:term":[{"taxonomy":"product_brand","embeddable":true,"href":"https:\/\/puffvapestore.com\/de\/wp-json\/wp\/v2\/product_brand?post=3378"},{"taxonomy":"product_cat","embeddable":true,"href":"https:\/\/puffvapestore.com\/de\/wp-json\/wp\/v2\/product_cat?post=3378"},{"taxonomy":"product_tag","embeddable":true,"href":"https:\/\/puffvapestore.com\/de\/wp-json\/wp\/v2\/product_tag?post=3378"}],"curies":[{"name":"wp","href":"https:\/\/api.w.org\/{rel}","templated":true}]}}