{"id":3352,"date":"2025-06-26T09:15:42","date_gmt":"2025-06-26T09:15:42","guid":{"rendered":"https:\/\/puffvapestore.com\/?post_type=product&#038;p=3352"},"modified":"2026-01-19T10:54:04","modified_gmt":"2026-01-19T10:54:04","slug":"tornado-randm-9000-gummy-bear","status":"publish","type":"product","link":"https:\/\/puffvapestore.com\/de\/product\/tornado-randm-9000-gummy-bear\/","title":{"rendered":"Tornado RandM 9000 - Gummy Bear"},"content":{"rendered":"<div data-elementor-type=\"wp-post\" data-elementor-id=\"3352\" class=\"elementor elementor-3352\">\n\t\t\t\t<div class=\"elementor-element elementor-element-d3f3f97 e-flex e-con-boxed e-con e-parent\" data-id=\"d3f3f97\" data-element_type=\"container\" data-e-type=\"container\">\n\t\t\t\t\t<div class=\"e-con-inner\">\n\t\t\t\t<div class=\"elementor-element elementor-element-9600b1d elementor-widget elementor-widget-text-editor\" data-id=\"9600b1d\" data-element_type=\"widget\" data-e-type=\"widget\" data-widget_type=\"text-editor.default\">\n\t\t\t\t<div class=\"elementor-widget-container\">\n\t\t\t\t\t\t\t\t\t<h2>Geschmack: Gummy Bear<\/h2><p>RandM Tornado 9000 Gelierte B\u00e4ren (Geschmack Gelierte B\u00e4ren) ist eine von klassischen Bonbons inspirierte e-Liquid, die entwickelt wurde, um das fruchtig-s\u00e4uerliche und weiche Aroma von bunten Gummib\u00e4rchen nachzuahmen.<\/p><ul><li><strong>Kopfnote: Explosives, s\u00fc\u00dfes Aroma von gemischten Fr\u00fcchten.<\/strong><br \/>Erster Zug: Schon beim ersten Zug sp\u00fcrst du die gemischte S\u00fc\u00dfe verschiedener Fr\u00fcchte, \u00e4hnlich dem komplexen fruchtigen Aroma der Regenbogen-Gummib\u00e4rchen, mit Aromen von Erdbeere, Orange, Zitrone oder tropischen Fr\u00fcchten, f\u00fcr einen lebhaften und spritzigen Geschmack.<\/li><li><strong>Herznote: Die gelartige Textur von Gummib\u00e4rchen und ein Gleichgewicht zwischen S\u00fc\u00dfe und S\u00e4ure.<\/strong><br \/>Hauptgeschmacksrichtung: Der fruchtige Geschmack enth\u00fcllt allm\u00e4hlich den einzigartigen Gelgeschmack der Gummib\u00e4rchen, simuliert die weiche Textur echter Gummib\u00e4rchen und weist gleichzeitig einen moderaten S\u00e4uregehalt auf (\u00e4hnlich wie Zitronen- oder Apfels\u00e4ure), um die S\u00fc\u00dfe auszugleichen.<\/li><li><strong>Nachgeschmack: Langer Abgang von Bonbons.<\/strong><br \/>Abgang: Beim Ausatmen hinterl\u00e4sst der Mund einen s\u00fc\u00dfen Nachgeschmack von Fruchtbonbons, \u00e4hnlich dem fruchtigen Aroma, das nach dem Verzehr eines weichen Bonbons zur\u00fcckbleibt, mit einer anhaltenden S\u00fc\u00dfe, ohne klebrig zu sein.<\/li><\/ul>\t\t\t\t\t\t\t\t<\/div>\n\t\t\t\t<\/div>\n\t\t\t\t\t<\/div>\n\t\t\t\t<\/div>\n\t\t<div class=\"elementor-element elementor-element-08c26f9 e-flex e-con-boxed e-con e-parent\" data-id=\"08c26f9\" data-element_type=\"container\" data-e-type=\"container\">\n\t\t\t\t\t<div class=\"e-con-inner\">\n\t\t\t\t<div class=\"elementor-element elementor-element-a005a97 elementor-widget elementor-widget-text-editor\" data-id=\"a005a97\" data-element_type=\"widget\" data-e-type=\"widget\" data-widget_type=\"text-editor.default\">\n\t\t\t\t<div class=\"elementor-widget-container\">\n\t\t\t\t\t\t\t\t\t<h2>Tornado RandM 9000 Gummib\u00e4rchen<\/h2><p>Die elektronische Zigarette RandM Tornado 9000 Gummy Bear zeichnet sich durch ihre sehr lange Lebensdauer (bis zu 9000 Z\u00fcge), ihre hohe Leistung und ihr einzigartiges Design aus. Sie ist mit einem wiederaufladbaren 850-mAh-Akku und einer USB-C-Schnellladeschnittstelle ausgestattet, sodass sie in etwa einer Stunde vollst\u00e4ndig aufgeladen werden kann, um sie \u00fcber einen l\u00e4ngeren Zeitraum zu verwenden. Der integrierte \u00d6ltank fasst ca. 18 ml \u00d6l. Dar\u00fcber hinaus verwendet die RandM Tornado 9000 Gummy Bear einen 0,8 Ohm Mesh-Zerst\u00e4uber, um die Rauchkonzentration und den Geschmack effektiv zu verbessern.<\/p>\t\t\t\t\t\t\t\t<\/div>\n\t\t\t\t<\/div>\n\t\t\t\t\t<\/div>\n\t\t\t\t<\/div>\n\t\t<div class=\"elementor-element elementor-element-4ac287c e-flex e-con-boxed e-con e-parent\" data-id=\"4ac287c\" data-element_type=\"container\" data-e-type=\"container\">\n\t\t\t\t\t<div class=\"e-con-inner\">\n\t\t<div class=\"elementor-element elementor-element-bbd8e4a e-con-full e-flex e-con e-child\" data-id=\"bbd8e4a\" data-element_type=\"container\" data-e-type=\"container\">\n\t\t\t\t<div class=\"elementor-element elementor-element-0dc5338 elementor-widget elementor-widget-text-editor\" data-id=\"0dc5338\" data-element_type=\"widget\" data-e-type=\"widget\" data-widget_type=\"text-editor.default\">\n\t\t\t\t<div class=\"elementor-widget-container\">\n\t\t\t\t\t\t\t\t\t<h2>Eigenschaften des RandM Tornado 9000 Gummy Bear:<\/h2><ul><li>Kapazit\u00e4t der Z\u00fcge : Bis zu 9000 Z\u00fcge, ideal f\u00fcr den Langzeitgebrauch.<\/li><li>Akku: Wiederaufladbarer 850-mAh-Akku mit Type-C-Ladefunktion f\u00fcr schnelles und effizientes Aufladen.<\/li><li>Liquid: Vorgef\u00fcllt mit 18 ml E-Liquid, Nikotinst\u00e4rke 2% oder optional 5%.<\/li><li>Technologie: Verwendet fortschrittliche Mesh-Widerst\u00e4nde f\u00fcr einen sanften, gleichm\u00e4\u00dfigen Dampf und intensiven Geschmack.<\/li><li>Design: Klein und leicht, elegant und \u00e4sthetisch. Er ist mit hellen RGB-LEDs ausgestattet, die hervorragende visuelle Effekte bieten. Es sind keine Kn\u00f6pfe erforderlich: Einfach einatmen und loslegen, was f\u00fcr Anf\u00e4nger praktisch ist.<\/li><\/ul>\t\t\t\t\t\t\t\t<\/div>\n\t\t\t\t<\/div>\n\t\t\t\t<\/div>\n\t\t<div class=\"elementor-element elementor-element-8e0e87d e-con-full e-flex e-con e-child\" data-id=\"8e0e87d\" data-element_type=\"container\" data-e-type=\"container\">\n\t\t\t\t<div class=\"elementor-element elementor-element-63d978d elementor-widget elementor-widget-image-gallery\" data-id=\"63d978d\" data-element_type=\"widget\" data-e-type=\"widget\" data-widget_type=\"image-gallery.default\">\n\t\t\t\t<div class=\"elementor-widget-container\">\n\t\t\t\t\t\t\t<div class=\"elementor-image-gallery\">\n\t\t\t<div id='gallery-100' class='gallery galleryid-3585 gallery-columns-1 gallery-size-medium_large'><figure class='gallery-item'>\n\t\t\t<div class='gallery-icon landscape'>\n\t\t\t\t<img fetchpriority=\"high\" width=\"768\" height=\"768\" src=\"https:\/\/puffvapestore.com\/wp-content\/uploads\/2025\/06\/RandM-Tornado-Vape-9000-Gummybear-pvafrt9000-768x768.jpg\" class=\"attachment-medium_large size-medium_large\" alt=\"Gummib\u00e4rchen RandM Tornado 9000\" aria-describedby=\"gallery-100-3155\" decoding=\"async\" srcset=\"https:\/\/puffvapestore.com\/wp-content\/uploads\/2025\/06\/RandM-Tornado-Vape-9000-Gummybear-pvafrt9000-768x768.jpg 768w, https:\/\/puffvapestore.com\/wp-content\/uploads\/2025\/06\/RandM-Tornado-Vape-9000-Gummybear-pvafrt9000-300x300.jpg 300w, https:\/\/puffvapestore.com\/wp-content\/uploads\/2025\/06\/RandM-Tornado-Vape-9000-Gummybear-pvafrt9000-150x150.jpg 150w, https:\/\/puffvapestore.com\/wp-content\/uploads\/2025\/06\/RandM-Tornado-Vape-9000-Gummybear-pvafrt9000-600x600.jpg 600w, https:\/\/puffvapestore.com\/wp-content\/uploads\/2025\/06\/RandM-Tornado-Vape-9000-Gummybear-pvafrt9000-100x100.jpg 100w, https:\/\/puffvapestore.com\/wp-content\/uploads\/2025\/06\/RandM-Tornado-Vape-9000-Gummybear-pvafrt9000.jpg 1016w\" sizes=\"(max-width: 768px) 100vw, 768px\" \/>\n\t\t\t<\/div>\n\t\t\t\t<figcaption class='wp-caption-text gallery-caption' id='gallery-100-3155'>\n\t\t\t\tGummib\u00e4rchen RandM Tornado 9000\n\t\t\t\t<\/figcaption><\/figure>\n\t\t<\/div>\n\t\t<\/div>\n\t\t\t\t\t\t<\/div>\n\t\t\t\t<\/div>\n\t\t\t\t<\/div>\n\t\t\t\t\t<\/div>\n\t\t\t\t<\/div>\n\t\t<div class=\"elementor-element elementor-element-718b380 e-flex e-con-boxed e-con e-parent\" data-id=\"718b380\" data-element_type=\"container\" data-e-type=\"container\">\n\t\t\t\t\t<div class=\"e-con-inner\">\n\t\t\t\t<div class=\"elementor-element elementor-element-d2cc8fa elementor-widget elementor-widget-text-editor\" data-id=\"d2cc8fa\" data-element_type=\"widget\" data-e-type=\"widget\" data-widget_type=\"text-editor.default\">\n\t\t\t\t<div class=\"elementor-widget-container\">\n\t\t\t\t\t\t\t\t\t<h3>Ist die Akkulaufzeit der RandM Tornado 9000 Gummy Bear ausreichend, um die 18 ml E-Fl\u00fcssigkeit zu verwenden?<\/h3><p>Der 850-mAh-Akku der RandM Tornado 9000 Gummy Bear reicht nach mehrmaligem Aufladen f\u00fcr 9.000 Z\u00fcge mit 18 ml E-Fl\u00fcssigkeit.<\/p><p>Der RandM Tornado 9000 Gummy Bear ist mit einem wiederaufladbaren 850-mAh-Akku und 18 ml vorgef\u00fcllter E-Fl\u00fcssigkeit ausgestattet, die etwa 9000 Z\u00fcge liefert. Der 850-mAh-Akku bietet eine h\u00f6here Kapazit\u00e4t als Einwegger\u00e4te und erm\u00f6glicht ein schnelles Aufladen \u00fcber den Type-C-Anschluss. Der 850-mAh-Akku des RandM Tornado 9000 h\u00e4lt mit einer einzigen vollen Ladung etwa 200 bis 1000 Z\u00fcge aus (abh\u00e4ngig von der Dauer der Z\u00fcge). Eine einzige Ladung von 850 mAh reicht nicht f\u00fcr 9000 Z\u00fcge, aber mehrere Ladungen k\u00f6nnen diesen Mangel ausgleichen. Au\u00dferdem \u00fcberstehen Lithium-Ionen-Akkus (wie 850-mAh-Akkus) in der Regel 300 bis 500 vollst\u00e4ndige Ladezyklen (von 0 % bis 100 %), was bedeutet, dass die Gesamtakkulaufzeit die Anforderungen von Einwegger\u00e4ten bei weitem \u00fcbersteigt.<\/p><h3>L\u00e4sst der Geschmack von RandM Tornado 9000 mit der Zeit nach?<\/h3><p>Der Geschmack von RandM Tornado 9000 wird mit der Zeit nicht verblassen.<\/p><p>Die RandM Tornado 9000 bietet ein sehr konstantes Geschmackserlebnis \u00fcber den gesamten Nutzungszyklus hinweg. Das gro\u00dfe Fassungsverm\u00f6gen von 18 ml E-Liquid und die Mesh-Core-Technologie (0,8 Ohm Mesh-Widerstand) sorgen f\u00fcr eine gleichm\u00e4\u00dfige und lang anhaltende Dosierung. Die fruchtigen Aromen wie \"ICE\" und \"Heidelbeere Himbeere\" behalten ihre Frische und werden auch nach wochenlangem Gebrauch nicht schw\u00e4cher.<\/p><h5>Unterschiedliche Nutzererfahrungen f\u00fcr verschiedene Personen<\/h5><p>Obwohl die Technologie darauf ausgelegt ist, den Geschmack konstant zu halten, ist das Nutzererlebnis von Person zu Person unterschiedlich. Einige Nutzer berichten, dass einige Geschmacksrichtungen (z. B. solche mit \"ICE\"-Elementen) nach l\u00e4ngerem Gebrauch Geschmacksver\u00e4nderungen aufweisen k\u00f6nnen, wie z. B. eine erh\u00f6hte Frische und etwas leichtere Fruchtaromen. Dies k\u00f6nnte mit einer geschmacklichen Erm\u00fcdung zusammenh\u00e4ngen. Die meisten Benutzer der RandM Tornado 9000 sind der Meinung, dass der Geschmack der elektronischen Zigarette RandM Tornado 9000 \u00fcber ihren gesamten Lebenszyklus hinweg stabil bleibt. Im Falle einer geschmacklichen Erm\u00fcdung k\u00f6nnen Sie den Geschmack wechseln. H\u00e4ufiges Wechseln der Geschmacksrichtung ist eine gute M\u00f6glichkeit, um geschmackliche Erm\u00fcdung zu lindern.<\/p>\t\t\t\t\t\t\t\t<\/div>\n\t\t\t\t<\/div>\n\t\t\t\t\t<\/div>\n\t\t\t\t<\/div>\n\t\t\t\t<\/div>","protected":false},"excerpt":{"rendered":"<p>Go\u00fbt: Gummy Bear RandM Tornado 9000 Oursons G\u00e9lifi\u00e9s (Go\u00fbt Oursons G\u00e9lifi\u00e9s) est un e-liquide inspir\u00e9 des bonbons classiques, con\u00e7u pour reproduire l&rsquo;ar\u00f4me fruit\u00e9 acidul\u00e9 et moelleux des bonbons g\u00e9lifi\u00e9s color\u00e9s. Note de t\u00eate\u00a0: Ar\u00f4me explosif et sucr\u00e9 de fruits m\u00e9lang\u00e9s. Premi\u00e8re bouff\u00e9e\u00a0: D\u00e8s la premi\u00e8re bouff\u00e9e, vous ressentirez la douceur m\u00eal\u00e9e de divers fruits, similaire [&hellip;]<\/p>\n","protected":false},"featured_media":3155,"comment_status":"open","ping_status":"closed","template":"","meta":{"site-sidebar-layout":"no-sidebar","site-content-layout":"page-builder","ast-site-content-layout":"normal-width-container","site-content-style":"default","site-sidebar-style":"default","ast-global-header-display":"","ast-banner-title-visibility":"","ast-main-header-display":"","ast-hfb-above-header-display":"","ast-hfb-below-header-display":"","ast-hfb-mobile-header-display":"","site-post-title":"disabled","ast-breadcrumbs-content":"","ast-featured-img":"disabled","footer-sml-layout":"","ast-disable-related-posts":"","theme-transparent-header-meta":"default","adv-header-id-meta":"","stick-header-meta":"default","header-above-stick-meta":"","header-main-stick-meta":"","header-below-stick-meta":"","astra-migrate-meta-layouts":"set","ast-page-background-enabled":"default","ast-page-background-meta":{"desktop":{"background-color":"","background-image":"","background-repeat":"repeat","background-position":"center center","background-size":"auto","background-attachment":"scroll","background-type":"","background-media":"","overlay-type":"","overlay-color":"","overlay-opacity":"","overlay-gradient":""},"tablet":{"background-color":"","background-image":"","background-repeat":"repeat","background-position":"center center","background-size":"auto","background-attachment":"scroll","background-type":"","background-media":"","overlay-type":"","overlay-color":"","overlay-opacity":"","overlay-gradient":""},"mobile":{"background-color":"","background-image":"","background-repeat":"repeat","background-position":"center center","background-size":"auto","background-attachment":"scroll","background-type":"","background-media":"","overlay-type":"","overlay-color":"","overlay-opacity":"","overlay-gradient":""}},"ast-content-background-meta":{"desktop":{"background-color":"var(--ast-global-color-5)","background-image":"","background-repeat":"repeat","background-position":"center center","background-size":"auto","background-attachment":"scroll","background-type":"","background-media":"","overlay-type":"","overlay-color":"","overlay-opacity":"","overlay-gradient":""},"tablet":{"background-color":"var(--ast-global-color-5)","background-image":"","background-repeat":"repeat","background-position":"center center","background-size":"auto","background-attachment":"scroll","background-type":"","background-media":"","overlay-type":"","overlay-color":"","overlay-opacity":"","overlay-gradient":""},"mobile":{"background-color":"var(--ast-global-color-5)","background-image":"","background-repeat":"repeat","background-position":"center center","background-size":"auto","background-attachment":"scroll","background-type":"","background-media":"","overlay-type":"","overlay-color":"","overlay-opacity":"","overlay-gradient":""}}},"product_brand":[42],"product_cat":[43,78,15],"product_tag":[],"class_list":{"0":"post-3352","1":"product","2":"type-product","3":"status-publish","4":"has-post-thumbnail","6":"product_brand-randm-tornado","7":"product_cat-randm-tornado-9000","8":"product_cat-puff-9k","9":"product_cat-magasin-cigarette-electronique","10":"desktop-align-center","11":"tablet-align-center","12":"mobile-align-center","13":"ast-product-gallery-layout-horizontal","14":"ast-product-gallery-with-no-image","15":"ast-product-single-variable","16":"ast-product-tabs-layout-horizontal","17":"ast-qv-on-image","19":"first","20":"outofstock","21":"sale","22":"shipping-taxable","23":"purchasable","24":"product-type-variable","25":"has-default-attributes"},"tiered_pricing_type":"fixed","tiered_pricing_fixed_rules":{"30":8.58,"60":8.13,"100":7.61,"200":7.12,"400":6.86},"tiered_pricing_product_settings":{"layout":"default","base_unit_name":{"singular":null,"plural":null},"default_variation":null},"tiered_pricing_minimum_quantity":null,"tiered_pricing_roles_data":[],"tiered_pricing_percentage_rules":[],"_links":{"self":[{"href":"https:\/\/puffvapestore.com\/de\/wp-json\/wp\/v2\/product\/3352","targetHints":{"allow":["GET"]}}],"collection":[{"href":"https:\/\/puffvapestore.com\/de\/wp-json\/wp\/v2\/product"}],"about":[{"href":"https:\/\/puffvapestore.com\/de\/wp-json\/wp\/v2\/types\/product"}],"replies":[{"embeddable":true,"href":"https:\/\/puffvapestore.com\/de\/wp-json\/wp\/v2\/comments?post=3352"}],"version-history":[{"count":8,"href":"https:\/\/puffvapestore.com\/de\/wp-json\/wp\/v2\/product\/3352\/revisions"}],"predecessor-version":[{"id":7248,"href":"https:\/\/puffvapestore.com\/de\/wp-json\/wp\/v2\/product\/3352\/revisions\/7248"}],"wp:featuredmedia":[{"embeddable":true,"href":"https:\/\/puffvapestore.com\/de\/wp-json\/wp\/v2\/media\/3155"}],"wp:attachment":[{"href":"https:\/\/puffvapestore.com\/de\/wp-json\/wp\/v2\/media?parent=3352"}],"wp:term":[{"taxonomy":"product_brand","embeddable":true,"href":"https:\/\/puffvapestore.com\/de\/wp-json\/wp\/v2\/product_brand?post=3352"},{"taxonomy":"product_cat","embeddable":true,"href":"https:\/\/puffvapestore.com\/de\/wp-json\/wp\/v2\/product_cat?post=3352"},{"taxonomy":"product_tag","embeddable":true,"href":"https:\/\/puffvapestore.com\/de\/wp-json\/wp\/v2\/product_tag?post=3352"}],"curies":[{"name":"wp","href":"https:\/\/api.w.org\/{rel}","templated":true}]}}