{"id":2498,"date":"2025-06-17T05:22:42","date_gmt":"2025-06-17T05:22:42","guid":{"rendered":"https:\/\/puffvapestore.com\/?post_type=product&#038;p=2498"},"modified":"2026-01-19T10:32:53","modified_gmt":"2026-01-19T10:32:53","slug":"puff-randm-tornado-7000-red-apple-ice","status":"publish","type":"product","link":"https:\/\/puffvapestore.com\/de\/product\/puff-randm-tornado-7000-red-apple-ice\/","title":{"rendered":"Puff RandM Tornado 7000 - Red Apple Ice"},"content":{"rendered":"<div data-elementor-type=\"wp-post\" data-elementor-id=\"2498\" class=\"elementor elementor-2498\">\n\t\t\t\t<div class=\"elementor-element elementor-element-d3f3f97 e-flex e-con-boxed e-con e-parent\" data-id=\"d3f3f97\" data-element_type=\"container\" data-e-type=\"container\">\n\t\t\t\t\t<div class=\"e-con-inner\">\n\t\t\t\t<div class=\"elementor-element elementor-element-9600b1d elementor-widget elementor-widget-text-editor\" data-id=\"9600b1d\" data-element_type=\"widget\" data-e-type=\"widget\" data-widget_type=\"text-editor.default\">\n\t\t\t\t<div class=\"elementor-widget-container\">\n\t\t\t\t\t\t\t\t\t<h2>Geschmacksrichtung: Red Apple Ice<\/h2><p>La Pomme Rouge Glac\u00e9e ist ein klassisches Eisapfelaroma aus der Produktreihe RandM Tornado 7000, das s\u00fc\u00dfe \u00c4pfel mit frischer Minze verbindet. Sein Geschmack ist sehr ausgewogen und eignet sich f\u00fcr Liebhaber von Fr\u00fcchten und frischer Minze.<\/p><ul><li><strong>S\u00fc\u00dfe und S\u00e4ure des roten Apfels :<\/strong><br \/>Das Hauptaroma ist die nat\u00fcrliche S\u00fc\u00dfe reifer roter \u00c4pfel, die ein saftiges Gef\u00fchl vermittelt, als w\u00fcrde man in einen frischen Apfel bei\u00dfen. Der Geschmack von roten \u00c4pfeln ist s\u00fc\u00df, ohne fettig zu sein, mit einer leichten S\u00e4ure, die die Knackigkeit von Fr\u00fcchten nachahmt.<\/li><li><strong>Erfrischender Nachgeschmack von frischer Minze :<\/strong><br \/>Nach dem Einatmen verwandelt sich die S\u00fc\u00dfe der roten \u00c4pfel allm\u00e4hlich in einen Hauch von frischer Minze (Menthol). Dieser k\u00fchlende Effekt ist perfekt und f\u00fcgt dem fruchtigen Geschmack einen Hauch von Frische hinzu, so als ob man an einem hei\u00dfen Sommertag an einem Glas eisgek\u00fchltem Apfelsaft nippt. Beim Ausatmen hinterl\u00e4sst das k\u00fchle Gef\u00fchl einen belebenden, erfrischenden Abgang in Mund und Rachen, der das Gesamterlebnis sublimiert und jeden Schluck zum Genuss werden l\u00e4sst.<\/li><\/ul>\t\t\t\t\t\t\t\t<\/div>\n\t\t\t\t<\/div>\n\t\t\t\t\t<\/div>\n\t\t\t\t<\/div>\n\t\t<div class=\"elementor-element elementor-element-08c26f9 e-flex e-con-boxed e-con e-parent\" data-id=\"08c26f9\" data-element_type=\"container\" data-e-type=\"container\">\n\t\t\t\t\t<div class=\"e-con-inner\">\n\t\t\t\t<div class=\"elementor-element elementor-element-a005a97 elementor-widget elementor-widget-text-editor\" data-id=\"a005a97\" data-element_type=\"widget\" data-e-type=\"widget\" data-widget_type=\"text-editor.default\">\n\t\t\t\t<div class=\"elementor-widget-container\">\n\t\t\t\t\t\t\t\t\t<h2>RandM Tornado 7000 Red Apple Ice<\/h2><p>Die elektronische Einwegzigarette RandM Tornado 7000 Red Apple Ice ist mit 14 ml Premium-E-Liquid mit Nikotinsalzen vorgef\u00fcllt. Die zwei Nikotinst\u00e4rken: 2 % und 5 % erf\u00fcllen die Bed\u00fcrfnisse von Gelegenheitsdampfern und denen, die ein intensiveres Dampferlebnis suchen. Der eingebaute Akku verf\u00fcgt \u00fcber einen zuverl\u00e4ssigen Type-C-Ladeanschluss f\u00fcr eine kontinuierliche Stromversorgung, sodass die Benutzer jeden Zug genie\u00dfen k\u00f6nnen. Das elegante, tragbare Design vereint Praktikabilit\u00e4t mit langlebiger Leistung und ist somit die ideale Wahl f\u00fcr alle, die gerne elektronische Zigaretten rauchen.<\/p>\t\t\t\t\t\t\t\t<\/div>\n\t\t\t\t<\/div>\n\t\t\t\t\t<\/div>\n\t\t\t\t<\/div>\n\t\t<div class=\"elementor-element elementor-element-4ac287c e-flex e-con-boxed e-con e-parent\" data-id=\"4ac287c\" data-element_type=\"container\" data-e-type=\"container\">\n\t\t\t\t\t<div class=\"e-con-inner\">\n\t\t<div class=\"elementor-element elementor-element-bbd8e4a e-con-full e-flex e-con e-child\" data-id=\"bbd8e4a\" data-element_type=\"container\" data-e-type=\"container\">\n\t\t\t\t<div class=\"elementor-element elementor-element-0dc5338 elementor-widget elementor-widget-text-editor\" data-id=\"0dc5338\" data-element_type=\"widget\" data-e-type=\"widget\" data-widget_type=\"text-editor.default\">\n\t\t\t\t<div class=\"elementor-widget-container\">\n\t\t\t\t\t\t\t\t\t<h2>Eigenschaften der RandM Tornado 7000 Red Apple Ice:<\/h2><ul><li><strong>Anzahl der Z\u00fcge<\/strong>\u00a0: Jedes Ger\u00e4t kann bis zu 7000 Z\u00fcge abfeuern, was ideal f\u00fcr den Langzeitgebrauch ist.<\/li><li><strong>Akku\u00a0<\/strong>: Wiederaufladbarer 850-mAh-Akku mit Typ-C-Ladeanschluss f\u00fcr schnelles Aufladen (30 bis 60 Minuten).<\/li><li><strong>Kapazit\u00e4t der E-Fl\u00fcssigkeit<\/strong>\u00a0: Vorgef\u00fcllte 14-ml-Beh\u00e4lter mit einer Auswahl an Nikotinsalzen zu 2 % oder 5 %.<\/li><li><strong>Design\u00a0<\/strong>: Tragbar, aus langlebigen Materialien hergestellt und mit einem transparenten \u00d6ltank ausgestattet, um den verbleibenden \u00d6lstand zu kontrollieren. RGB-Leuchten und LED-Anzeigen sorgen f\u00fcr einen Hauch von Eleganz.<\/li><li><strong>Mesh-Widerstand<\/strong>\u00a0: Verwenden Sie ein Mesh-Heizelement f\u00fcr einen gleichbleibenden Geschmack und Dampfaussto\u00df.<\/li><\/ul>\t\t\t\t\t\t\t\t<\/div>\n\t\t\t\t<\/div>\n\t\t\t\t<\/div>\n\t\t<div class=\"elementor-element elementor-element-8e0e87d e-con-full e-flex e-con e-child\" data-id=\"8e0e87d\" data-element_type=\"container\" data-e-type=\"container\">\n\t\t\t\t<div class=\"elementor-element elementor-element-63d978d elementor-widget elementor-widget-image-gallery\" data-id=\"63d978d\" data-element_type=\"widget\" data-e-type=\"widget\" data-widget_type=\"image-gallery.default\">\n\t\t\t\t<div class=\"elementor-widget-container\">\n\t\t\t\t\t\t\t<div class=\"elementor-image-gallery\">\n\t\t\t<div id='gallery-1' class='gallery galleryid-2498 gallery-columns-1 gallery-size-medium_large'><figure class='gallery-item'>\n\t\t\t<div class='gallery-icon landscape'>\n\t\t\t\t<img fetchpriority=\"high\" decoding=\"async\" width=\"768\" height=\"768\" src=\"https:\/\/puffvapestore.com\/wp-content\/uploads\/2025\/06\/RandM-Tornado-Vape-7000-Red-Apple-Ice-pvafrt7000-768x768.jpg\" class=\"attachment-medium_large size-medium_large\" alt=\"Red Apple Ice RandM Tornado Vape 7000\" aria-describedby=\"gallery-1-2284\" srcset=\"https:\/\/puffvapestore.com\/wp-content\/uploads\/2025\/06\/RandM-Tornado-Vape-7000-Red-Apple-Ice-pvafrt7000-768x768.jpg 768w, https:\/\/puffvapestore.com\/wp-content\/uploads\/2025\/06\/RandM-Tornado-Vape-7000-Red-Apple-Ice-pvafrt7000-300x300.jpg 300w, https:\/\/puffvapestore.com\/wp-content\/uploads\/2025\/06\/RandM-Tornado-Vape-7000-Red-Apple-Ice-pvafrt7000-1024x1024.jpg 1024w, https:\/\/puffvapestore.com\/wp-content\/uploads\/2025\/06\/RandM-Tornado-Vape-7000-Red-Apple-Ice-pvafrt7000-150x150.jpg 150w, https:\/\/puffvapestore.com\/wp-content\/uploads\/2025\/06\/RandM-Tornado-Vape-7000-Red-Apple-Ice-pvafrt7000-600x600.jpg 600w, https:\/\/puffvapestore.com\/wp-content\/uploads\/2025\/06\/RandM-Tornado-Vape-7000-Red-Apple-Ice-pvafrt7000-100x100.jpg 100w, https:\/\/puffvapestore.com\/wp-content\/uploads\/2025\/06\/RandM-Tornado-Vape-7000-Red-Apple-Ice-pvafrt7000.jpg 1039w\" sizes=\"(max-width: 768px) 100vw, 768px\" \/>\n\t\t\t<\/div>\n\t\t\t\t<figcaption class='wp-caption-text gallery-caption' id='gallery-1-2284'>\n\t\t\t\tRandM Tornado Vape 7000 Red Apple Ice pvafrt7000\n\t\t\t\t<\/figcaption><\/figure>\n\t\t<\/div>\n\t\t<\/div>\n\t\t\t\t\t\t<\/div>\n\t\t\t\t<\/div>\n\t\t\t\t<\/div>\n\t\t\t\t\t<\/div>\n\t\t\t\t<\/div>\n\t\t<div class=\"elementor-element elementor-element-718b380 e-flex e-con-boxed e-con e-parent\" data-id=\"718b380\" data-element_type=\"container\" data-e-type=\"container\">\n\t\t\t\t\t<div class=\"e-con-inner\">\n\t\t\t\t<div class=\"elementor-element elementor-element-d2cc8fa elementor-widget elementor-widget-text-editor\" data-id=\"d2cc8fa\" data-element_type=\"widget\" data-e-type=\"widget\" data-widget_type=\"text-editor.default\">\n\t\t\t\t<div class=\"elementor-widget-container\">\n\t\t\t\t\t\t\t\t\t<h3>Gibt die RandM Tornado 7000 Red Apple Ice Ger\u00fcche ab oder l\u00e4uft sie aus?<\/h3><p>Die elektronischen Zigaretten RandM Tornado 7000 Red Apple Ice geben bei normalem Gebrauch keinen Geruch ab und lecken kein \u00d6l.<\/p><p>Die elektronische Zigarette RandM Tornado 7000 Red Apple Ice hat ein geschlossenes integriertes Design: Komponenten wie der \u00d6ltank, die Batterie, der Mesh-Widerstand und das Mundst\u00fcck sind in einer stabilen Schale eingebaut. Aus hochfesten Materialien gefertigt und pr\u00e4zise bearbeitet, verbessert diese Schale nicht nur ihre strukturelle Festigkeit, sondern auch ihre Auslaufsicherheit. Insbesondere werden lebensmittelechte Materialien f\u00fcr die Lagerung des \u00d6ls verwendet und eine mehrschichtige Dichtungsbehandlung angewendet, um Verfl\u00fcchtigung, Oxidation und Auslaufen des \u00d6ls wirksam zu verhindern.<\/p><p>Um ein Auslaufen des \u00d6ls zu verhindern, ist der RandM Tornado 7000 Red Apple Ice an verschiedenen Schl\u00fcsselstellen mit hochelastischen und korrosionsbest\u00e4ndigen Dichtungen und Gummipuffern ausgestattet, u. a. an der Verbindung zwischen dem \u00d6ltank und dem Kern des Zerst\u00e4ubers, dem Mundst\u00fcck der E-Zigarette usw. Au\u00dferdem ist die Unterseite des Ger\u00e4ts mit einem Silikonstopfen oder einem Dichtungsaufkleber versehen, der \u00e4u\u00dfere St\u00f6\u00dfe und Luftdruckschwankungen w\u00e4hrend des Transports oder der Lagerung wirksam d\u00e4mpft und so ein Auslaufen des \u00d6ls verhindert. Die gesamte elektronische Zigarette profitiert von zahlreichen Schutzma\u00dfnahmen, insbesondere hinsichtlich der Dichtungsstruktur und der Materialauswahl, um ihre Stabilit\u00e4t und Sauberkeit im Alltag zu gew\u00e4hrleisten.<\/p><h3>Ist die RandM Tornado 7000 Red Apple Ice mit dem automatischen Start der Inhalation kompatibel?<\/h3><p>Ja, die elektronische Zigarette RandM Tornado 7000 Red Apple Ice ist mit der automatischen Aktivierung durch Inhalation kompatibel. Dieses Design ben\u00f6tigt keine Kn\u00f6pfe. Man muss nur inhalieren, damit der Zerst\u00e4uber sich automatisch einschaltet, die E-Fl\u00fcssigkeit erhitzt und Rauch erzeugt. Sein Grundprinzip ist die Integration eines Luftdrucksensors. Beim Inhalieren l\u00f6st der Luftstrom das Signal des Sensors aus, der sofort die Batterie mit Strom versorgt und das Heizelement aktiviert, um die Zerst\u00e4ubung abzuschlie\u00dfen. Diese \"Luftschalter\"-Technologie ist eine der g\u00e4ngigsten und bew\u00e4hrtesten Methoden zur Steuerung von elektronischen Einwegzigaretten.<\/p><p>Die Technologie der automatischen Aktivierung durch Inhalation verbessert den Komfort und die Intuitivit\u00e4t der Anwendung erheblich, insbesondere f\u00fcr unerfahrene Nutzer oder diejenigen, die ein sofort einsatzbereites Erlebnis suchen. Sie vereinfacht die Bedienung der Tasten und vermeidet l\u00e4stige Einstellungen. Sie ist ideal f\u00fcr den schnellen Einsatz im Auto, bei Outdoor-Aktivit\u00e4ten oder in schwer zug\u00e4nglichen Situationen. Dar\u00fcber hinaus verringert diese Funktion das Risiko einer versehentlichen Ber\u00fchrung, erh\u00f6ht die allgemeine Sicherheit und verl\u00e4ngert die Lebensdauer des Ger\u00e4ts.<\/p><p>Erw\u00e4hnenswert ist, dass das automatische Aktivierungssystem des RandM Tornado 7000 Red Apple Ice so optimiert wurde, dass es auch bei mehrfachem Dauereinsatz ein sensibles Ansprechverhalten und eine stabile Ausl\u00f6sung beibeh\u00e4lt, wodurch verz\u00f6gerte Ausl\u00f6sungen oder Fehltritte vermieden werden.<\/p>\t\t\t\t\t\t\t\t<\/div>\n\t\t\t\t<\/div>\n\t\t\t\t\t<\/div>\n\t\t\t\t<\/div>\n\t\t\t\t<\/div>","protected":false},"excerpt":{"rendered":"<p>Saveur\u00a0: Red Apple Ice La Pomme Rouge Glac\u00e9e est un ar\u00f4me classique de pomme glac\u00e9e de la gamme RandM Tornado 7000. Il allie des pommes sucr\u00e9es \u00e0 une menthe fra\u00eeche. Son go\u00fbt est tr\u00e8s \u00e9quilibr\u00e9 et convient aux amateurs de fruits et de menthe fra\u00eeche. Douceur et acidit\u00e9 de la pomme rouge\u00a0: L&rsquo;ar\u00f4me principal est [&hellip;]<\/p>\n","protected":false},"featured_media":2284,"comment_status":"open","ping_status":"closed","template":"","meta":{"site-sidebar-layout":"no-sidebar","site-content-layout":"page-builder","ast-site-content-layout":"normal-width-container","site-content-style":"default","site-sidebar-style":"default","ast-global-header-display":"","ast-banner-title-visibility":"","ast-main-header-display":"","ast-hfb-above-header-display":"","ast-hfb-below-header-display":"","ast-hfb-mobile-header-display":"","site-post-title":"disabled","ast-breadcrumbs-content":"","ast-featured-img":"disabled","footer-sml-layout":"","ast-disable-related-posts":"","theme-transparent-header-meta":"default","adv-header-id-meta":"","stick-header-meta":"default","header-above-stick-meta":"","header-main-stick-meta":"","header-below-stick-meta":"","astra-migrate-meta-layouts":"set","ast-page-background-enabled":"default","ast-page-background-meta":{"desktop":{"background-color":"","background-image":"","background-repeat":"repeat","background-position":"center center","background-size":"auto","background-attachment":"scroll","background-type":"","background-media":"","overlay-type":"","overlay-color":"","overlay-opacity":"","overlay-gradient":""},"tablet":{"background-color":"","background-image":"","background-repeat":"repeat","background-position":"center center","background-size":"auto","background-attachment":"scroll","background-type":"","background-media":"","overlay-type":"","overlay-color":"","overlay-opacity":"","overlay-gradient":""},"mobile":{"background-color":"","background-image":"","background-repeat":"repeat","background-position":"center center","background-size":"auto","background-attachment":"scroll","background-type":"","background-media":"","overlay-type":"","overlay-color":"","overlay-opacity":"","overlay-gradient":""}},"ast-content-background-meta":{"desktop":{"background-color":"var(--ast-global-color-5)","background-image":"","background-repeat":"repeat","background-position":"center center","background-size":"auto","background-attachment":"scroll","background-type":"","background-media":"","overlay-type":"","overlay-color":"","overlay-opacity":"","overlay-gradient":""},"tablet":{"background-color":"var(--ast-global-color-5)","background-image":"","background-repeat":"repeat","background-position":"center center","background-size":"auto","background-attachment":"scroll","background-type":"","background-media":"","overlay-type":"","overlay-color":"","overlay-opacity":"","overlay-gradient":""},"mobile":{"background-color":"var(--ast-global-color-5)","background-image":"","background-repeat":"repeat","background-position":"center center","background-size":"auto","background-attachment":"scroll","background-type":"","background-media":"","overlay-type":"","overlay-color":"","overlay-opacity":"","overlay-gradient":""}}},"product_brand":[42],"product_cat":[41,94,15],"product_tag":[],"class_list":{"0":"post-2498","1":"product","2":"type-product","3":"status-publish","4":"has-post-thumbnail","6":"product_brand-randm-tornado","7":"product_cat-randm-tornado-7000","8":"product_cat-puff-7k","9":"product_cat-magasin-cigarette-electronique","10":"desktop-align-center","11":"tablet-align-center","12":"mobile-align-center","13":"ast-product-gallery-layout-horizontal","14":"ast-product-gallery-with-no-image","15":"ast-product-single-variable","16":"ast-product-tabs-layout-horizontal","17":"ast-qv-on-image","19":"first","20":"outofstock","21":"sale","22":"shipping-taxable","23":"purchasable","24":"product-type-variable","25":"has-default-attributes"},"tiered_pricing_type":"fixed","tiered_pricing_fixed_rules":{"30":8.58,"60":8.12,"100":7.48,"200":6.98},"tiered_pricing_product_settings":{"layout":"default","base_unit_name":{"singular":null,"plural":null},"default_variation":null},"tiered_pricing_minimum_quantity":null,"tiered_pricing_roles_data":[],"tiered_pricing_percentage_rules":[],"_links":{"self":[{"href":"https:\/\/puffvapestore.com\/de\/wp-json\/wp\/v2\/product\/2498","targetHints":{"allow":["GET"]}}],"collection":[{"href":"https:\/\/puffvapestore.com\/de\/wp-json\/wp\/v2\/product"}],"about":[{"href":"https:\/\/puffvapestore.com\/de\/wp-json\/wp\/v2\/types\/product"}],"replies":[{"embeddable":true,"href":"https:\/\/puffvapestore.com\/de\/wp-json\/wp\/v2\/comments?post=2498"}],"version-history":[{"count":8,"href":"https:\/\/puffvapestore.com\/de\/wp-json\/wp\/v2\/product\/2498\/revisions"}],"predecessor-version":[{"id":7257,"href":"https:\/\/puffvapestore.com\/de\/wp-json\/wp\/v2\/product\/2498\/revisions\/7257"}],"wp:featuredmedia":[{"embeddable":true,"href":"https:\/\/puffvapestore.com\/de\/wp-json\/wp\/v2\/media\/2284"}],"wp:attachment":[{"href":"https:\/\/puffvapestore.com\/de\/wp-json\/wp\/v2\/media?parent=2498"}],"wp:term":[{"taxonomy":"product_brand","embeddable":true,"href":"https:\/\/puffvapestore.com\/de\/wp-json\/wp\/v2\/product_brand?post=2498"},{"taxonomy":"product_cat","embeddable":true,"href":"https:\/\/puffvapestore.com\/de\/wp-json\/wp\/v2\/product_cat?post=2498"},{"taxonomy":"product_tag","embeddable":true,"href":"https:\/\/puffvapestore.com\/de\/wp-json\/wp\/v2\/product_tag?post=2498"}],"curies":[{"name":"wp","href":"https:\/\/api.w.org\/{rel}","templated":true}]}}