{"id":2318,"date":"2025-06-11T21:57:50","date_gmt":"2025-06-11T21:57:50","guid":{"rendered":"https:\/\/puffvapestore.com\/?post_type=product&#038;p=2318"},"modified":"2026-01-19T10:32:52","modified_gmt":"2026-01-19T10:32:52","slug":"randm-tornado-7000-vape","status":"publish","type":"product","link":"https:\/\/puffvapestore.com\/de\/product\/randm-tornado-7000-vape\/","title":{"rendered":"RandM Tornado 7000"},"content":{"rendered":"<div data-elementor-type=\"wp-post\" data-elementor-id=\"2318\" class=\"elementor elementor-2318\">\n\t\t\t\t<div class=\"elementor-element elementor-element-08c26f9 e-flex e-con-boxed e-con e-parent\" data-id=\"08c26f9\" data-element_type=\"container\" data-e-type=\"container\">\n\t\t\t\t\t<div class=\"e-con-inner\">\n\t\t\t\t<div class=\"elementor-element elementor-element-a005a97 elementor-widget elementor-widget-text-editor\" data-id=\"a005a97\" data-element_type=\"widget\" data-e-type=\"widget\" data-widget_type=\"text-editor.default\">\n\t\t\t\t<div class=\"elementor-widget-container\">\n\t\t\t\t\t\t\t\t\t<p>Die RandM Tornado 7000 ist eine wiederaufladbare Einweg-E-Zigarette, die von den Benutzern wegen ihrer Lebensdauer von 7000 Z\u00fcgen und ihrer erstklassigen Leistung bevorzugt wird. Sie ist mit 14 ml E-Fl\u00fcssigkeit mit Nikotinsalzen vorgef\u00fcllt, mit Nikotinkonzentrationen von 2 % und 5 %, um den Bed\u00fcrfnissen der verschiedenen Raucher gerecht zu werden. Das Ger\u00e4t ist mit einem wiederaufladbaren Akku und einem Typ-C-Ladeanschluss ausgestattet.<\/p><p>Ein weiteres wichtiges Merkmal dieser elektronischen Zigarette ist der Mesh-Widerstand, der ein reichhaltigeres und gleichm\u00e4\u00dfigeres Raucherlebnis bietet. Das Ger\u00e4t ist knopflos und verf\u00fcgt \u00fcber einen automatischen Start der Inhalation, um die Bedienung zu vereinfachen.<\/p>\t\t\t\t\t\t\t\t<\/div>\n\t\t\t\t<\/div>\n\t\t\t\t\t<\/div>\n\t\t\t\t<\/div>\n\t\t<div class=\"elementor-element elementor-element-4ac287c e-flex e-con-boxed e-con e-parent\" data-id=\"4ac287c\" data-element_type=\"container\" data-e-type=\"container\">\n\t\t\t\t\t<div class=\"e-con-inner\">\n\t\t<div class=\"elementor-element elementor-element-bbd8e4a e-con-full e-flex e-con e-child\" data-id=\"bbd8e4a\" data-element_type=\"container\" data-e-type=\"container\">\n\t\t\t\t<div class=\"elementor-element elementor-element-0dc5338 elementor-widget elementor-widget-text-editor\" data-id=\"0dc5338\" data-element_type=\"widget\" data-e-type=\"widget\" data-widget_type=\"text-editor.default\">\n\t\t\t\t<div class=\"elementor-widget-container\">\n\t\t\t\t\t\t\t\t\t<h2>Eigenschaften der RandM Tornado 7000 :<\/h2><ul><li><strong>Anzahl der Z\u00fcge<\/strong>\u00a0: Jedes Ger\u00e4t kann bis zu 7000 Z\u00fcge abfeuern, was ideal f\u00fcr den Langzeitgebrauch ist.<\/li><li><strong>Akku\u00a0<\/strong>: Wiederaufladbarer 850-mAh-Akku mit Typ-C-Ladeanschluss f\u00fcr schnelles Aufladen (30 bis 60 Minuten). <\/li><li><strong>Kapazit\u00e4t der E-Fl\u00fcssigkeit<\/strong>\u00a0: Vorgef\u00fcllte 14-ml-Beh\u00e4lter mit einer Auswahl an Nikotinsalzen zu 2 % oder 5 %.<\/li><li><strong>Geschm\u00e4cker\u00a0<\/strong>: \u00dcber 50 Aromen, darunter beliebte Geschmacksrichtungen wie \"Lush Ice (Minze-Wassermelone)\", \"Banana Ice\", \"Heidelbeere-Kirsche-Cranberry\" und \"Mango On Ice\".<\/li><li><strong>Design\u00a0<\/strong>: Tragbar, aus langlebigen Materialien hergestellt und mit einem transparenten \u00d6ltank ausgestattet, um den verbleibenden \u00d6lstand zu kontrollieren. RGB-Leuchten und LED-Anzeigen sorgen f\u00fcr einen Hauch von Eleganz.<\/li><li><strong>Mesh-Widerstand<\/strong>\u00a0: Verwenden Sie ein Mesh-Heizelement f\u00fcr einen gleichbleibenden Geschmack und Dampfaussto\u00df.<\/li><\/ul>\t\t\t\t\t\t\t\t<\/div>\n\t\t\t\t<\/div>\n\t\t\t\t<\/div>\n\t\t<div class=\"elementor-element elementor-element-8e0e87d e-con-full e-flex e-con e-child\" data-id=\"8e0e87d\" data-element_type=\"container\" data-e-type=\"container\">\n\t\t\t\t<div class=\"elementor-element elementor-element-63d978d elementor-widget elementor-widget-image-gallery\" data-id=\"63d978d\" data-element_type=\"widget\" data-e-type=\"widget\" data-widget_type=\"image-gallery.default\">\n\t\t\t\t<div class=\"elementor-widget-container\">\n\t\t\t\t\t\t\t<div class=\"elementor-image-gallery\">\n\t\t\t<div id='gallery-1' class='gallery galleryid-2318 gallery-columns-1 gallery-size-medium_large'><figure class='gallery-item'>\n\t\t\t<div class='gallery-icon landscape'>\n\t\t\t\t<img fetchpriority=\"high\" decoding=\"async\" width=\"768\" height=\"768\" src=\"https:\/\/puffvapestore.com\/wp-content\/uploads\/2025\/06\/RandM-Tornado-7000-Apple-Berry-Blast-pvafrt7000-768x768.jpg\" class=\"attachment-medium_large size-medium_large\" alt=\"RandM Tornado 7000 Apple Berry Blast pvafrt7000\" aria-describedby=\"gallery-1-2245\" srcset=\"https:\/\/puffvapestore.com\/wp-content\/uploads\/2025\/06\/RandM-Tornado-7000-Apple-Berry-Blast-pvafrt7000-768x768.jpg 768w, https:\/\/puffvapestore.com\/wp-content\/uploads\/2025\/06\/RandM-Tornado-7000-Apple-Berry-Blast-pvafrt7000-300x300.jpg 300w, https:\/\/puffvapestore.com\/wp-content\/uploads\/2025\/06\/RandM-Tornado-7000-Apple-Berry-Blast-pvafrt7000-1024x1024.jpg 1024w, https:\/\/puffvapestore.com\/wp-content\/uploads\/2025\/06\/RandM-Tornado-7000-Apple-Berry-Blast-pvafrt7000-150x150.jpg 150w, https:\/\/puffvapestore.com\/wp-content\/uploads\/2025\/06\/RandM-Tornado-7000-Apple-Berry-Blast-pvafrt7000-600x600.jpg 600w, https:\/\/puffvapestore.com\/wp-content\/uploads\/2025\/06\/RandM-Tornado-7000-Apple-Berry-Blast-pvafrt7000-100x100.jpg 100w, https:\/\/puffvapestore.com\/wp-content\/uploads\/2025\/06\/RandM-Tornado-7000-Apple-Berry-Blast-pvafrt7000.jpg 1039w\" sizes=\"(max-width: 768px) 100vw, 768px\" \/>\n\t\t\t<\/div>\n\t\t\t\t<figcaption class='wp-caption-text gallery-caption' id='gallery-1-2245'>\n\t\t\t\tRandM Tornado 7000 Apple Berry Blast pvafrt7000\n\t\t\t\t<\/figcaption><\/figure>\n\t\t<\/div>\n\t\t<\/div>\n\t\t\t\t\t\t<\/div>\n\t\t\t\t<\/div>\n\t\t\t\t<\/div>\n\t\t\t\t\t<\/div>\n\t\t\t\t<\/div>\n\t\t<div class=\"elementor-element elementor-element-d3f3f97 e-flex e-con-boxed e-con e-parent\" data-id=\"d3f3f97\" data-element_type=\"container\" data-e-type=\"container\">\n\t\t\t\t\t<div class=\"e-con-inner\">\n\t\t\t\t<div class=\"elementor-element elementor-element-9600b1d elementor-widget elementor-widget-text-editor\" data-id=\"9600b1d\" data-element_type=\"widget\" data-e-type=\"widget\" data-widget_type=\"text-editor.default\">\n\t\t\t\t<div class=\"elementor-widget-container\">\n\t\t\t\t\t\t\t\t\t<h3>Der RandM Tornado 7000 bietet eine breite Palette an Geschmacksrichtungen<\/h3><p>Der RandM Tornado 7000 bietet eine gro\u00dfe Auswahl an Geschmacksrichtungen, von frischem Obst bis zu frischer Minze, von Desserts bis zu Getr\u00e4nken, um den Vorlieben jedes Nutzers gerecht zu werden. Die meisten Geschmacksrichtungen sind reichhaltig und f\u00fcr eine l\u00e4ngere Nutzung geeignet.<\/p><p>Der RandM Tornado 7000 bietet eine reiche, fruchtige Mischung aus Geschmacksrichtungen wie \"Apple Berry Blast\", \"Himbeere Heidelbeere\" und \"Erdbeere Wassermelone\" f\u00fcr ein reiches und komplexes Fruchterlebnis. Tropische Fruchtkombinationen wie \"Kiwi, Passionsfrucht, Guave\" und \"Pfirsich, Mango\" strotzen nur so vor exotischen Aromen. Auch Klassiker wie \"Blue Razz, Kirsche\" und \"Erdbeere, Kiwi\" sind sehr beliebt.<\/p><p>Das Eissortiment legt den Schwerpunkt auf erfrischende Empfindungen, insbesondere mit \"Banana Ice\", \"Grape Ice\" und \"Red Apple Ice\", die der fruchtigen Basis eine erfrischende Note verleihen. \"Blackcurrant Menthol\" und \"Cool Mint\" sorgen f\u00fcr eine st\u00e4rkere Mentholnote, w\u00e4hrend \"Lush Ice\" und \"Cola Ice\" die klassischen Geschmacksrichtungen verfeinern.<\/p><p>Dessertliebhaber k\u00f6nnen mit \"Banana Milkshake\", \"Strawberry Donut\" und \"Cotton Candy\" eine s\u00fc\u00dfe Leckerei probieren. Getr\u00e4nke wie \"Pink Lemonade\", \"Cherry Cola\" und \"Dr. Blue\" bilden die Klassiker nach, w\u00e4hrend \"Pina Colada Rum\" eine leicht s\u00e4uerliche, tropische Note verleiht.<\/p><p>Einige Geschmacksrichtungen sind sehr kreativ, wie \"Skittles\" und \"Gummy Bear\", die den s\u00fc\u00df-sauren Geschmack von Bonbons nachahmen, w\u00e4hrend \"Bingo Crush\" und \"Vimto Crush\" einen komplexen und einzigartigen Fruchtgeschmack mit sich bringen. \"Red Energy Ice\" und \"Strawberry Red Bull\" imitieren den Geschmack von Energydrinks, w\u00e4hrend \"Fizzy Cherry\" und \"Ice Pop\" von einer sommerlichen Nostalgie gepr\u00e4gt sind.<\/p>\t\t\t\t\t\t\t\t<\/div>\n\t\t\t\t<\/div>\n\t\t\t\t\t<\/div>\n\t\t\t\t<\/div>\n\t\t<div class=\"elementor-element elementor-element-718b380 e-flex e-con-boxed e-con e-parent\" data-id=\"718b380\" data-element_type=\"container\" data-e-type=\"container\">\n\t\t\t\t\t<div class=\"e-con-inner\">\n\t\t\t\t<div class=\"elementor-element elementor-element-d2cc8fa elementor-widget elementor-widget-text-editor\" data-id=\"d2cc8fa\" data-element_type=\"widget\" data-e-type=\"widget\" data-widget_type=\"text-editor.default\">\n\t\t\t\t<div class=\"elementor-widget-container\">\n\t\t\t\t\t\t\t\t\t<h3>Gibt die RandM Tornado 7000 Ger\u00fcche ab oder ist sie undicht?<\/h3><p>Unter normalen Bedingungen gibt die elektronische Zigarette RandM Tornado 7000 keinen Geruch ab und l\u00e4uft nicht aus.<\/p><p>Die RandM Tornado 7000 verf\u00fcgt \u00fcber ein integriertes geschlossenes Design, das das Aufbewahrungsfach f\u00fcr die e-Fl\u00fcssigkeit, den Mesh-Widerstand, den Akku und den Airflow-Kanal umfasst. Das Geh\u00e4use des Ger\u00e4ts besteht aus hochfesten Materialien, die mit einem ausgekl\u00fcgelten Montageprozess verbunden sind, um die Dichtigkeit der Gesamtstruktur zu gew\u00e4hrleisten. Der \u00d6lbeh\u00e4lter ist das Herzst\u00fcck der Dichtung. Es werden lebensmittelechte Materialien verwendet, um eine chemische Reaktion des \u00d6ls mit der \u00e4u\u00dferen Umgebung oder ein Auslaufen zu verhindern. Die elektronische Zigarette RandM Tornado 7000 verwendet mehrschichtige Dichtungen an der Verbindung zwischen dem \u00d6ltank und dem Mundst\u00fcck, dem Widerstand und den anderen Komponenten. Diese Dichtungen, die sehr elastisch und chemikalienbest\u00e4ndig sind, verhindern wirksam das Auslaufen von Fl\u00fcssigkeit. Dar\u00fcber hinaus ist der Boden des Ger\u00e4ts mit einem Silikonstopfen oder -aufkleber versehen, der den \u00d6ltank w\u00e4hrend des Transports und der Lagerung sch\u00fctzt und so ein Auslaufen aufgrund von Druckschwankungen oder St\u00f6\u00dfen verhindert. Dieses strukturelle Design bietet eine solide Grundlage, um das Auslaufen von \u00d6l zu verhindern, und stellt gleichzeitig sicher, dass das \u00d6l bei l\u00e4ngerer Lagerung nicht verdampft oder verunreinigt wird. Das oben analysierte geschlossene Design des RandM Tornado 7000 zeugt von einer besonders sorgf\u00e4ltigen Abdichtung, die gew\u00e4hrleistet, dass unter normalen Bedingungen keine Ger\u00fcche entstehen und kein \u00d6l austritt.<\/p><h3>Ist die RandM Tornado 7000 mit dem automatischen Start der Inhalation kompatibel?<\/h3><p>Ja, die RandM Tornado 7000 ist mit dem automatischen Start der Inhalation kompatibel.<\/p><p>Die elektronische Zigarette RandM Tornado 7000 verwendet die Technologie der automatischen Ausl\u00f6sung durch Inhalation, die am weitesten auf dem Markt verbreitet ist. So muss der Benutzer keinen einzigen Knopf dr\u00fccken. Er muss nur einatmen, um den internen Zerst\u00e4uber zu aktivieren und Rauch zu erzeugen. Das Grundprinzip besteht darin, den Luftstrom zu nutzen, um den internen Sensor auszul\u00f6sen, wodurch die Batterie automatisch den Kern des Zerst\u00e4ubers mit Strom versorgt, um die E-Fl\u00fcssigkeit zu erhitzen.<\/p><p>Die automatische Ausl\u00f6sung durch Inhalation macht die Verwendung der RandM Tornado 7000 einfacher, intuitiver und bequemer, insbesondere f\u00fcr neue Benutzer von elektronischen Zigaretten oder in Situationen, in denen eine gebrauchsfertige Zigarette ben\u00f6tigt wird. Zum Beispiel beim Autofahren, im Freien oder wenn es unpraktisch ist, die H\u00e4nde zu benutzen, m\u00fcssen die Benutzer nur das Mundst\u00fcck halten und inhalieren, um die elektronische Zigarette RandM Tornado 7000 zu benutzen, ohne nach Kn\u00f6pfen suchen oder Einstellungen vornehmen zu m\u00fcssen, was die Tragbarkeit und Bequemlichkeit erheblich verbessert.<\/p>\t\t\t\t\t\t\t\t<\/div>\n\t\t\t\t<\/div>\n\t\t\t\t\t<\/div>\n\t\t\t\t<\/div>\n\t\t\t\t<\/div>","protected":false},"excerpt":{"rendered":"<p>La RandM Tornado 7000 est une cigarette \u00e9lectronique jetable rechargeable, pl\u00e9biscit\u00e9e par les utilisateurs pour sa dur\u00e9e de vie de 7000 bouff\u00e9es et ses performances haut de gamme. Elle est pr\u00e9-remplie de 14 ml d&rsquo;e-liquide aux sels de nicotine, avec des concentrations de nicotine de 2\u00a0% et 5\u00a0%, pour r\u00e9pondre aux besoins des diff\u00e9rents fumeurs. [&hellip;]<\/p>\n","protected":false},"featured_media":2245,"comment_status":"open","ping_status":"closed","template":"","meta":{"site-sidebar-layout":"no-sidebar","site-content-layout":"page-builder","ast-site-content-layout":"normal-width-container","site-content-style":"default","site-sidebar-style":"default","ast-global-header-display":"","ast-banner-title-visibility":"","ast-main-header-display":"","ast-hfb-above-header-display":"","ast-hfb-below-header-display":"","ast-hfb-mobile-header-display":"","site-post-title":"disabled","ast-breadcrumbs-content":"","ast-featured-img":"disabled","footer-sml-layout":"","ast-disable-related-posts":"","theme-transparent-header-meta":"default","adv-header-id-meta":"","stick-header-meta":"default","header-above-stick-meta":"","header-main-stick-meta":"","header-below-stick-meta":"","astra-migrate-meta-layouts":"set","ast-page-background-enabled":"default","ast-page-background-meta":{"desktop":{"background-color":"","background-image":"","background-repeat":"repeat","background-position":"center center","background-size":"auto","background-attachment":"scroll","background-type":"","background-media":"","overlay-type":"","overlay-color":"","overlay-opacity":"","overlay-gradient":""},"tablet":{"background-color":"","background-image":"","background-repeat":"repeat","background-position":"center center","background-size":"auto","background-attachment":"scroll","background-type":"","background-media":"","overlay-type":"","overlay-color":"","overlay-opacity":"","overlay-gradient":""},"mobile":{"background-color":"","background-image":"","background-repeat":"repeat","background-position":"center center","background-size":"auto","background-attachment":"scroll","background-type":"","background-media":"","overlay-type":"","overlay-color":"","overlay-opacity":"","overlay-gradient":""}},"ast-content-background-meta":{"desktop":{"background-color":"var(--ast-global-color-5)","background-image":"","background-repeat":"repeat","background-position":"center center","background-size":"auto","background-attachment":"scroll","background-type":"","background-media":"","overlay-type":"","overlay-color":"","overlay-opacity":"","overlay-gradient":""},"tablet":{"background-color":"var(--ast-global-color-5)","background-image":"","background-repeat":"repeat","background-position":"center center","background-size":"auto","background-attachment":"scroll","background-type":"","background-media":"","overlay-type":"","overlay-color":"","overlay-opacity":"","overlay-gradient":""},"mobile":{"background-color":"var(--ast-global-color-5)","background-image":"","background-repeat":"repeat","background-position":"center center","background-size":"auto","background-attachment":"scroll","background-type":"","background-media":"","overlay-type":"","overlay-color":"","overlay-opacity":"","overlay-gradient":""}}},"product_brand":[42],"product_cat":[41,94,15],"product_tag":[],"class_list":{"0":"post-2318","1":"product","2":"type-product","3":"status-publish","4":"has-post-thumbnail","6":"product_brand-randm-tornado","7":"product_cat-randm-tornado-7000","8":"product_cat-puff-7k","9":"product_cat-magasin-cigarette-electronique","10":"desktop-align-center","11":"tablet-align-center","12":"mobile-align-center","13":"ast-product-gallery-layout-horizontal","14":"ast-product-single-variable","15":"ast-product-tabs-layout-horizontal","16":"ast-qv-on-image","18":"first","19":"outofstock","20":"sale","21":"shipping-taxable","22":"purchasable","23":"product-type-variable","24":"has-default-attributes"},"tiered_pricing_type":"fixed","tiered_pricing_fixed_rules":{"30":8.58,"60":8.12,"100":7.48,"200":6.98},"tiered_pricing_product_settings":{"layout":"default","base_unit_name":{"singular":null,"plural":null},"default_variation":null},"tiered_pricing_minimum_quantity":null,"tiered_pricing_roles_data":[],"tiered_pricing_percentage_rules":[],"_links":{"self":[{"href":"https:\/\/puffvapestore.com\/de\/wp-json\/wp\/v2\/product\/2318","targetHints":{"allow":["GET"]}}],"collection":[{"href":"https:\/\/puffvapestore.com\/de\/wp-json\/wp\/v2\/product"}],"about":[{"href":"https:\/\/puffvapestore.com\/de\/wp-json\/wp\/v2\/types\/product"}],"replies":[{"embeddable":true,"href":"https:\/\/puffvapestore.com\/de\/wp-json\/wp\/v2\/comments?post=2318"}],"version-history":[{"count":8,"href":"https:\/\/puffvapestore.com\/de\/wp-json\/wp\/v2\/product\/2318\/revisions"}],"predecessor-version":[{"id":2442,"href":"https:\/\/puffvapestore.com\/de\/wp-json\/wp\/v2\/product\/2318\/revisions\/2442"}],"wp:featuredmedia":[{"embeddable":true,"href":"https:\/\/puffvapestore.com\/de\/wp-json\/wp\/v2\/media\/2245"}],"wp:attachment":[{"href":"https:\/\/puffvapestore.com\/de\/wp-json\/wp\/v2\/media?parent=2318"}],"wp:term":[{"taxonomy":"product_brand","embeddable":true,"href":"https:\/\/puffvapestore.com\/de\/wp-json\/wp\/v2\/product_brand?post=2318"},{"taxonomy":"product_cat","embeddable":true,"href":"https:\/\/puffvapestore.com\/de\/wp-json\/wp\/v2\/product_cat?post=2318"},{"taxonomy":"product_tag","embeddable":true,"href":"https:\/\/puffvapestore.com\/de\/wp-json\/wp\/v2\/product_tag?post=2318"}],"curies":[{"name":"wp","href":"https:\/\/api.w.org\/{rel}","templated":true}]}}