{"id":2134,"date":"2025-04-18T19:20:39","date_gmt":"2025-04-18T19:20:39","guid":{"rendered":"https:\/\/puffvapestore.com\/?post_type=product&#038;p=2134"},"modified":"2026-01-19T10:37:33","modified_gmt":"2026-01-19T10:37:33","slug":"blueberry-kiwi-puff-18000-jnr-falcon","status":"publish","type":"product","link":"https:\/\/puffvapestore.com\/de\/product\/blueberry-kiwi-puff-18000-jnr-falcon\/","title":{"rendered":"Blueberry Kiwi Puff 18000 JNR Falcon X"},"content":{"rendered":"<div data-elementor-type=\"wp-post\" data-elementor-id=\"2134\" class=\"elementor elementor-2134\">\n\t\t\t\t<div class=\"elementor-element elementor-element-0510f80 e-flex e-con-boxed e-con e-parent\" data-id=\"0510f80\" data-element_type=\"container\" data-e-type=\"container\">\n\t\t\t\t\t<div class=\"e-con-inner\">\n\t\t<div class=\"elementor-element elementor-element-5f144d5 e-con-full e-flex e-con e-child\" data-id=\"5f144d5\" data-element_type=\"container\" data-e-type=\"container\">\n\t\t\t\t<div class=\"elementor-element elementor-element-53019a1 elementor-widget elementor-widget-text-editor\" data-id=\"53019a1\" data-element_type=\"widget\" data-e-type=\"widget\" data-widget_type=\"text-editor.default\">\n\t\t\t\t<div class=\"elementor-widget-container\">\n\t\t\t\t\t\t\t\t\t<h2>Eigenschaften des JNR Falcon 18K Blueberry Kiwi:<\/h2><p>Z\u00fcge : Bis zu 18000 Z\u00fcge<br \/>Fl\u00fcssigkeit: 24 ml<br \/>Nikotinst\u00e4rke: 0 %, 2 %, 5 %<br \/>Widerstand: 0.6 Ohm<br \/>Akkukapazit\u00e4t: 950 mAh<br \/>Aufladen: Type-C<br \/>Einstellbarer Luftstrom: Ja<br \/>Digitale Anzeige<br \/>Doppelter Maschen- und Doppelkernwiderstand<br \/>Ma\u00dfe: 53,5 x 32 x 121 mm<\/p>\t\t\t\t\t\t\t\t<\/div>\n\t\t\t\t<\/div>\n\t\t\t\t<\/div>\n\t\t<div class=\"elementor-element elementor-element-434c269 e-con-full e-flex e-con e-child\" data-id=\"434c269\" data-element_type=\"container\" data-e-type=\"container\">\n\t\t\t\t<div class=\"elementor-element elementor-element-baaa2b5 elementor-widget elementor-widget-image-gallery\" data-id=\"baaa2b5\" data-element_type=\"widget\" data-e-type=\"widget\" data-widget_type=\"image-gallery.default\">\n\t\t\t\t<div class=\"elementor-widget-container\">\n\t\t\t\t\t\t\t<div class=\"elementor-image-gallery\">\n\t\t\t<div id='gallery-1' class='gallery galleryid-2134 gallery-columns-1 gallery-size-medium_large'><figure class='gallery-item'>\n\t\t\t<div class='gallery-icon portrait'>\n\t\t\t\t<img fetchpriority=\"high\" decoding=\"async\" width=\"654\" height=\"690\" src=\"https:\/\/puffvapestore.com\/wp-content\/uploads\/2025\/04\/pvajf18000-9.jpg\" class=\"attachment-medium_large size-medium_large\" alt=\"JNR Falcon Blueberry Kiwi 18000 pvajf18000\" aria-describedby=\"gallery-1-1949\" srcset=\"https:\/\/puffvapestore.com\/wp-content\/uploads\/2025\/04\/pvajf18000-9.jpg 654w, https:\/\/puffvapestore.com\/wp-content\/uploads\/2025\/04\/pvajf18000-9-284x300.jpg 284w, https:\/\/puffvapestore.com\/wp-content\/uploads\/2025\/04\/pvajf18000-9-600x633.jpg 600w\" sizes=\"(max-width: 654px) 100vw, 654px\" \/>\n\t\t\t<\/div>\n\t\t\t\t<figcaption class='wp-caption-text gallery-caption' id='gallery-1-1949'>\n\t\t\t\tJNR Falcon Blueberry Kiwi 18000 pvajf18000\n\t\t\t\t<\/figcaption><\/figure>\n\t\t<\/div>\n\t\t<\/div>\n\t\t\t\t\t\t<\/div>\n\t\t\t\t<\/div>\n\t\t\t\t<\/div>\n\t\t\t\t\t<\/div>\n\t\t\t\t<\/div>\n\t\t<div class=\"elementor-element elementor-element-cad69f4 e-flex e-con-boxed e-con e-parent\" data-id=\"cad69f4\" data-element_type=\"container\" data-e-type=\"container\">\n\t\t\t\t\t<div class=\"e-con-inner\">\n\t\t\t\t<div class=\"elementor-element elementor-element-6bc25e5 elementor-widget elementor-widget-n-accordion\" data-id=\"6bc25e5\" data-element_type=\"widget\" data-e-type=\"widget\" data-settings=\"{&quot;default_state&quot;:&quot;expanded&quot;,&quot;max_items_expended&quot;:&quot;one&quot;,&quot;n_accordion_animation_duration&quot;:{&quot;unit&quot;:&quot;ms&quot;,&quot;size&quot;:400,&quot;sizes&quot;:[]}}\" data-widget_type=\"nested-accordion.default\">\n\t\t\t\t<div class=\"elementor-widget-container\">\n\t\t\t\t\t\t\t<div class=\"e-n-accordion\" aria-label=\"Accordion (Akkordeon). \u00d6ffnen Sie Links mit Enter oder Space, schlie\u00dfen Sie mit Escape und navigieren Sie mit Arrow Keys.\">\n\t\t\t\t\t\t<details id=\"e-n-accordion-item-1120\" class=\"e-n-accordion-item\" open>\n\t\t\t\t<summary class=\"e-n-accordion-item-title\" data-accordion-index=\"1\" tabindex=\"0\" aria-expanded=\"true\" aria-controls=\"e-n-accordion-item-1120\" >\n\t\t\t\t\t<span class='e-n-accordion-item-title-header'><div class=\"e-n-accordion-item-title-text\"> Eigenschaften und Funktionen von JNR Falcon X 18K Blueberry Kiwi <\/div><\/span>\n\t\t\t\t\t\t\t<span class='e-n-accordion-item-title-icon'>\n\t\t\t<span class='e-opened' ><svg aria-hidden=\"true\" class=\"e-font-icon-svg e-fas-minus\" viewbox=\"0 0 448 512\" xmlns=\"http:\/\/www.w3.org\/2000\/svg\"><path d=\"M416 208H32c-17.67 0-32 14.33-32 32v32c0 17.67 14.33 32 32 32h384c17.67 0 32-14.33 32-32v-32c0-17.67-14.33-32-32-32z\"><\/path><\/svg><\/span>\n\t\t\t<span class='e-closed'><svg aria-hidden=\"true\" class=\"e-font-icon-svg e-fas-plus\" viewbox=\"0 0 448 512\" xmlns=\"http:\/\/www.w3.org\/2000\/svg\"><path d=\"M416 208H272V64c0-17.67-14.33-32-32-32h-32c-17.67 0-32 14.33-32 32v144H32c-17.67 0-32 14.33-32 32v32c0 17.67 14.33 32 32 32h144v144c0 17.67 14.33 32 32 32h32c17.67 0 32-14.33 32-32V304h144c17.67 0 32-14.33 32-32v-32c0-17.67-14.33-32-32-32z\"><\/path><\/svg><\/span>\n\t\t<\/span>\n\n\t\t\t\t\t\t<\/summary>\n\t\t\t\t<div role=\"region\" aria-labelledby=\"e-n-accordion-item-1120\" class=\"elementor-element elementor-element-57ad40e e-con-full e-flex e-con e-child\" data-id=\"57ad40e\" data-element_type=\"container\" data-e-type=\"container\">\n\t\t<div role=\"region\" aria-labelledby=\"e-n-accordion-item-1120\" class=\"elementor-element elementor-element-e7698e3 e-flex e-con-boxed e-con e-child\" data-id=\"e7698e3\" data-element_type=\"container\" data-e-type=\"container\">\n\t\t\t\t\t<div class=\"e-con-inner\">\n\t\t\t\t<div class=\"elementor-element elementor-element-76f0fd1 elementor-widget elementor-widget-text-editor\" data-id=\"76f0fd1\" data-element_type=\"widget\" data-e-type=\"widget\" data-widget_type=\"text-editor.default\">\n\t\t\t\t<div class=\"elementor-widget-container\">\n\t\t\t\t\t\t\t\t\t<h2>Gro\u00dfe Kapazit\u00e4t an E-Liquid<\/h2><p>Die JNR Falcon-X 18K bietet eine Liquidkapazit\u00e4t von 24 ml, mehr als die meisten anderen elektronischen Einwegzigaretten auf dem Markt. Diese gro\u00dfz\u00fcgige Kapazit\u00e4t reduziert nicht nur das h\u00e4ufige Nachf\u00fcllen, sondern erm\u00f6glicht auch das Rauchen \u00fcber lange Zeitr\u00e4ume ohne Unterbrechung. Sie ist daher ideal f\u00fcr alle, die bei der Arbeit, unterwegs oder in der Freizeit auf eine lange Nutzungsdauer und einen gleichbleibenden Geschmack Wert legen.<\/p><p>Das JNR Falcon-X 18K verf\u00fcgt \u00fcber einen eingebauten Hochleistungsakku mit 950 mAh f\u00fcr den ganzt\u00e4gigen Gebrauch. Der moderne Typ-C-Ladeanschluss erm\u00f6glicht ein schnelleres und sichereres Aufladen, sodass Sie Ihr Ger\u00e4t ohne lange Wartezeiten aufladen k\u00f6nnen.<\/p><h2>Dual-Mesh Dual-Core-Widerst\u00e4nde mit 0,6 Ohm f\u00fcr verbesserten Dampf und Geschmack<\/h2><p>Der JNR Falcon-X 18K verwendet einen Dual-Mesh Dual-Core-Widerstand mit 0,6 Ohm, der die Dampfproduktion und -dicke deutlich verbessert. Die Doppeldochtstruktur sorgt f\u00fcr eine gleichm\u00e4\u00dfigere Erw\u00e4rmung, verhindert Brandger\u00fcche und bietet ein weicheres und raffinierteres Dampferlebnis. Egal, ob Sie ein gro\u00dfes Dampfvolumen oder einen reinen Geschmack w\u00fcnschen, der JNR Falcon 18K erf\u00fcllt Ihre Anforderungen perfekt.<\/p><h2>Flexibles und einstellbares Luftstromsystem f\u00fcr eine individuelle Inhalation<\/h2><p>Der JNR Falcon-X 18K verf\u00fcgt \u00fcber eine innovative Luftstromanpassung, die es dem Benutzer erm\u00f6glicht, die Menge der eingeatmeten Luft frei nach seinen Vorlieben einzustellen und so ein abwechslungsreiches Raucherlebnis zu schaffen, das von einem festen, sanften Rauch bis hin zu einem vollen, ausladenden Rauch reicht.<\/p><h2>Langlebig, kosteng\u00fcnstig und praktisch<\/h2><p>Dank ihrer fortschrittlichen Technologie bietet die JNR Falcon-X 18K bis zu 18000 Z\u00fcge und \u00fcbertrifft damit die Lebensdauer herk\u00f6mmlicher elektronischer Einwegzigaretten bei weitem. Ihre Haltbarkeit verbessert ihr Preis-Leistungs-Verh\u00e4ltnis erheblich und macht sie ideal f\u00fcr Intensivnutzer und lange Nutzungsdauer. Sie vermeidet h\u00e4ufiges Auswechseln und ist somit sowohl umweltfreundlich als auch kosteng\u00fcnstig.<\/p><p>Ein eingebautes hochaufl\u00f6sendes digitales Display zeigt in Echtzeit den Akkustand und die verbleibende Menge an E-Fl\u00fcssigkeit an, sodass die Benutzer den Status des Ger\u00e4ts klar erkennen k\u00f6nnen. Das intuitive Feedback vereinfacht die Bedienung und eliminiert Unterbrechungen aufgrund eines schwachen Akkus oder leerer E-Fl\u00fcssigkeit, sodass Sie jedes Mal einen reibungslosen und sorgenfreien Zug genie\u00dfen k\u00f6nnen.<\/p><p>Die JNR Falcon-X 18K bietet drei Nikotinst\u00e4rken: 0 %, 2 % und 5 %, die den Bed\u00fcrfnissen und dem Geschmack jedes einzelnen Nutzers bei der Raucherentw\u00f6hnung gerecht werden. Vom reinen Genuss ohne Nikotin \u00fcber den allm\u00e4hlichen Rauchstopp mit niedrig konzentriertem Nikotin bis hin zum Bedarf an hoch konzentriertem Nikotin - flexible Optionen helfen Ihnen, die f\u00fcr Sie passende L\u00f6sung zu finden.<\/p>\t\t\t\t\t\t\t\t<\/div>\n\t\t\t\t<\/div>\n\t\t\t\t\t<\/div>\n\t\t\t\t<\/div>\n\t\t\t\t<\/div>\n\t\t\t\t\t<\/details>\n\t\t\t\t\t\t<details id=\"e-n-accordion-item-1121\" class=\"e-n-accordion-item\" >\n\t\t\t\t<summary class=\"e-n-accordion-item-title\" data-accordion-index=\"2\" tabindex=\"-1\" aria-expanded=\"false\" aria-controls=\"e-n-accordion-item-1121\" >\n\t\t\t\t\t<span class='e-n-accordion-item-title-header'><div class=\"e-n-accordion-item-title-text\"> Puff JNR Falcon X 18K Blueberry Kiwi <\/div><\/span>\n\t\t\t\t\t\t\t<span class='e-n-accordion-item-title-icon'>\n\t\t\t<span class='e-opened' ><svg aria-hidden=\"true\" class=\"e-font-icon-svg e-fas-minus\" viewbox=\"0 0 448 512\" xmlns=\"http:\/\/www.w3.org\/2000\/svg\"><path d=\"M416 208H32c-17.67 0-32 14.33-32 32v32c0 17.67 14.33 32 32 32h384c17.67 0 32-14.33 32-32v-32c0-17.67-14.33-32-32-32z\"><\/path><\/svg><\/span>\n\t\t\t<span class='e-closed'><svg aria-hidden=\"true\" class=\"e-font-icon-svg e-fas-plus\" viewbox=\"0 0 448 512\" xmlns=\"http:\/\/www.w3.org\/2000\/svg\"><path d=\"M416 208H272V64c0-17.67-14.33-32-32-32h-32c-17.67 0-32 14.33-32 32v144H32c-17.67 0-32 14.33-32 32v32c0 17.67 14.33 32 32 32h144v144c0 17.67 14.33 32 32 32h32c17.67 0 32-14.33 32-32V304h144c17.67 0 32-14.33 32-32v-32c0-17.67-14.33-32-32-32z\"><\/path><\/svg><\/span>\n\t\t<\/span>\n\n\t\t\t\t\t\t<\/summary>\n\t\t\t\t<div role=\"region\" aria-labelledby=\"e-n-accordion-item-1121\" class=\"elementor-element elementor-element-b6b0c11 e-con-full e-flex e-con e-child\" data-id=\"b6b0c11\" data-element_type=\"container\" data-e-type=\"container\">\n\t\t<div role=\"region\" aria-labelledby=\"e-n-accordion-item-1121\" class=\"elementor-element elementor-element-615d36f e-flex e-con-boxed e-con e-child\" data-id=\"615d36f\" data-element_type=\"container\" data-e-type=\"container\">\n\t\t\t\t\t<div class=\"e-con-inner\">\n\t\t\t\t<div class=\"elementor-element elementor-element-55fd5fa elementor-widget elementor-widget-text-editor\" data-id=\"55fd5fa\" data-element_type=\"widget\" data-e-type=\"widget\" data-widget_type=\"text-editor.default\">\n\t\t\t\t<div class=\"elementor-widget-container\">\n\t\t\t\t\t\t\t\t\t<p>Im Ankunftsbereich des Pariser Flughafens brauchen m\u00fcde Gesch\u00e4ftsreisende oft einen kleinen Moment der Entspannung. Zurzeit ist der Heidelbeer-Kiwi-Geschmack der elektronischen Zigarette JNR Falcon 18000 f\u00fcr viele Menschen zur ersten Wahl geworden. Diese E-Zigarette hat nicht nur einen hervorragenden Geschmack, sondern ist auch tragbar und praktisch, so dass sie sich besonders f\u00fcr den kurzfristigen Gebrauch in solchen halboffenen R\u00e4umen eignet.<\/p><p>Das Hauptmerkmal des Heidelbeer-Kiwi-Geschmacks ist sein geschichtetes Geschmackserlebnis. Die S\u00fc\u00dfe der Heidelbeeren und die S\u00e4ure der Kiwis vermischen sich perfekt und bieten den Nutzern einen vertrauten, aber frischen Geschmack. Der Geschmack ist gut ausgewogen, nicht zu s\u00fc\u00df und nicht zu sauer, geeignet f\u00fcr Verbraucher mit allen Geschmacksvorlieben. Die 0,6 Ohm Doppelmaschen-Spulentechnologie von JNR Falcon stellt sicher, dass dieser komplexe Geschmack bei jeder Inhalation vollst\u00e4ndig freigesetzt wird, so dass die Nutzer den Reichtum der Heidelbeere und die Frische der Kiwi erleben k\u00f6nnen.<\/p><p>In Bezug auf die Benutzererfahrung bietet der JNR Falcon 18000 klare Vorteile. Die gro\u00dfe Liquidkapazit\u00e4t von 24 ml und die Lebensdauer von bis zu 18.000 Z\u00fcgen bedeuten, dass selbst Vielnutzer das Ger\u00e4t nicht h\u00e4ufig austauschen m\u00fcssen. Der Nikotingehalt von 2% sorgt f\u00fcr moderate Befriedigung und verhindert gleichzeitig eine \u00fcberm\u00e4\u00dfige Stimulation. Das einstellbare Luftstromdesign erm\u00f6glicht es den Benutzern, das Inhalationserlebnis an ihre pers\u00f6nlichen Vorlieben anzupassen. Ob sie nun leichte Z\u00fcge oder volle Z\u00fcge m\u00f6gen, sie k\u00f6nnen den idealen Effekt erzielen.<\/p>\t\t\t\t\t\t\t\t<\/div>\n\t\t\t\t<\/div>\n\t\t<div role=\"region\" aria-labelledby=\"e-n-accordion-item-1121\" class=\"elementor-element elementor-element-942ccb0 e-con-full e-flex e-con e-child\" data-id=\"942ccb0\" data-element_type=\"container\" data-e-type=\"container\">\n\t\t<div role=\"region\" aria-labelledby=\"e-n-accordion-item-1121\" class=\"elementor-element elementor-element-d5e4b56 e-con-full e-flex e-con e-child\" data-id=\"d5e4b56\" data-element_type=\"container\" data-e-type=\"container\">\n\t\t\t\t<div class=\"elementor-element elementor-element-381dfcb elementor-widget elementor-widget-image-gallery\" data-id=\"381dfcb\" data-element_type=\"widget\" data-e-type=\"widget\" data-widget_type=\"image-gallery.default\">\n\t\t\t\t<div class=\"elementor-widget-container\">\n\t\t\t\t\t\t\t<div class=\"elementor-image-gallery\">\n\t\t\t<div id='gallery-1' class='gallery galleryid-2134 gallery-columns-1 gallery-size-medium_large'><figure class='gallery-item'>\n\t\t\t<div class='gallery-icon portrait'>\n\t\t\t\t<img fetchpriority=\"high\" decoding=\"async\" width=\"654\" height=\"690\" src=\"https:\/\/puffvapestore.com\/wp-content\/uploads\/2025\/04\/pvajf18000-9.jpg\" class=\"attachment-medium_large size-medium_large\" alt=\"JNR Falcon Blueberry Kiwi 18000 pvajf18000\" aria-describedby=\"gallery-1-1949\" srcset=\"https:\/\/puffvapestore.com\/wp-content\/uploads\/2025\/04\/pvajf18000-9.jpg 654w, https:\/\/puffvapestore.com\/wp-content\/uploads\/2025\/04\/pvajf18000-9-284x300.jpg 284w, https:\/\/puffvapestore.com\/wp-content\/uploads\/2025\/04\/pvajf18000-9-600x633.jpg 600w\" sizes=\"(max-width: 654px) 100vw, 654px\" \/>\n\t\t\t<\/div>\n\t\t\t\t<figcaption class='wp-caption-text gallery-caption' id='gallery-1-1949'>\n\t\t\t\tJNR Falcon Blueberry Kiwi 18000 pvajf18000\n\t\t\t\t<\/figcaption><\/figure>\n\t\t<\/div>\n\t\t<\/div>\n\t\t\t\t\t\t<\/div>\n\t\t\t\t<\/div>\n\t\t\t\t<\/div>\n\t\t<div role=\"region\" aria-labelledby=\"e-n-accordion-item-1121\" class=\"elementor-element elementor-element-577deeb e-con-full e-flex e-con e-child\" data-id=\"577deeb\" data-element_type=\"container\" data-e-type=\"container\">\n\t\t\t\t<div class=\"elementor-element elementor-element-5d167cf elementor-widget elementor-widget-text-editor\" data-id=\"5d167cf\" data-element_type=\"widget\" data-e-type=\"widget\" data-widget_type=\"text-editor.default\">\n\t\t\t\t<div class=\"elementor-widget-container\">\n\t\t\t\t\t\t\t\t\t<p>Die Praktikabilit\u00e4t des Produkts ist ebenfalls eines seiner Verkaufsargumente. Die Akkukapazit\u00e4t von 950 mAh garantiert eine lange Nutzungsdauer, was besonders f\u00fcr Nutzer geeignet ist, die auf Reisen sind oder bei der Arbeit besch\u00e4ftigt sind. Der Typ-C-Ladeanschluss bietet ein bequemes Ladeerlebnis und Sie k\u00f6nnen das Ger\u00e4t auch nach einem kurzen Ladevorgang weiter verwenden. Die digitale LED-Anzeige zeigt deutlich den Leistungsstand und die Nutzung an, sodass die Nutzer den Status des Ger\u00e4ts jederzeit nachvollziehen k\u00f6nnen.<\/p><p>Das JNR Falcon 18000 vereint viele fortschrittliche Funktionen in einem tragbaren K\u00f6rper mit den Ma\u00dfen 53,5 \u00d7 32 \u00d7 121 mm, der sowohl platzsparend als auch leicht zu transportieren ist. Egal, ob Sie am Flughafen auf Freunde und Familie warten oder eine kurze Pause machen, dieses Ger\u00e4t kann eine praktische und zufriedenstellende Benutzererfahrung bieten.<\/p>\t\t\t\t\t\t\t\t<\/div>\n\t\t\t\t<\/div>\n\t\t\t\t<\/div>\n\t\t\t\t<\/div>\n\t\t<div role=\"region\" aria-labelledby=\"e-n-accordion-item-1121\" class=\"elementor-element elementor-element-7926c6b e-con-full e-flex e-con e-child\" data-id=\"7926c6b\" data-element_type=\"container\" data-e-type=\"container\">\n\t\t\t\t<div class=\"elementor-element elementor-element-2b41948 elementor-widget elementor-widget-text-editor\" data-id=\"2b41948\" data-element_type=\"widget\" data-e-type=\"widget\" data-widget_type=\"text-editor.default\">\n\t\t\t\t<div class=\"elementor-widget-container\">\n\t\t\t\t\t\t\t\t\t<p>Insgesamt gibt es gute Gr\u00fcnde, warum der Heidelbeer-Kiwi-Geschmack des JNR Falcon 18000 bei den franz\u00f6sischen Verbrauchern beliebt ist. Sie erf\u00fcllt nicht nur den Wunsch nach einem qualitativ hochwertigen Lebensstil, sondern bietet auch eine bequeme und praktische Benutzererfahrung. F\u00fcr Verbraucher, die auf der Suche nach einer hochwertigen elektronischen Einwegzigarette sind, ist dies sicherlich eine Option, die sie in Betracht ziehen sollten.<\/p>\t\t\t\t\t\t\t\t<\/div>\n\t\t\t\t<\/div>\n\t\t\t\t<\/div>\n\t\t\t\t\t<\/div>\n\t\t\t\t<\/div>\n\t\t\t\t<\/div>\n\t\t\t\t\t<\/details>\n\t\t\t\t\t<\/div>\n\t\t\t\t\t\t<\/div>\n\t\t\t\t<\/div>\n\t\t\t\t\t<\/div>\n\t\t\t\t<\/div>\n\t\t\t\t<\/div>","protected":false},"excerpt":{"rendered":"<p>Caract\u00e9ristiques du JNR Falcon 18K Blueberry Kiwi: Bouff\u00e9es : Jusqu\u2019\u00e0 18000 bouff\u00e9es Liquide : 24 ml Taux de nicotine : 0 %, 2 %, 5 % R\u00e9sistance : 0.6 ohm Capacit\u00e9 de la batterie : 950 mAh Chargement : Type-C D\u00e9bit d\u2019air r\u00e9glable : Oui Affichage num\u00e9rique R\u00e9sistance double maille et double c\u0153ur Dimensions : [&hellip;]<\/p>\n","protected":false},"featured_media":1949,"comment_status":"open","ping_status":"closed","template":"","meta":{"site-sidebar-layout":"no-sidebar","site-content-layout":"page-builder","ast-site-content-layout":"normal-width-container","site-content-style":"default","site-sidebar-style":"default","ast-global-header-display":"","ast-banner-title-visibility":"","ast-main-header-display":"","ast-hfb-above-header-display":"","ast-hfb-below-header-display":"","ast-hfb-mobile-header-display":"","site-post-title":"disabled","ast-breadcrumbs-content":"","ast-featured-img":"disabled","footer-sml-layout":"","ast-disable-related-posts":"","theme-transparent-header-meta":"default","adv-header-id-meta":"","stick-header-meta":"default","header-above-stick-meta":"","header-main-stick-meta":"","header-below-stick-meta":"","astra-migrate-meta-layouts":"set","ast-page-background-enabled":"default","ast-page-background-meta":{"desktop":{"background-color":"","background-image":"","background-repeat":"repeat","background-position":"center center","background-size":"auto","background-attachment":"scroll","background-type":"","background-media":"","overlay-type":"","overlay-color":"","overlay-opacity":"","overlay-gradient":""},"tablet":{"background-color":"","background-image":"","background-repeat":"repeat","background-position":"center center","background-size":"auto","background-attachment":"scroll","background-type":"","background-media":"","overlay-type":"","overlay-color":"","overlay-opacity":"","overlay-gradient":""},"mobile":{"background-color":"","background-image":"","background-repeat":"repeat","background-position":"center center","background-size":"auto","background-attachment":"scroll","background-type":"","background-media":"","overlay-type":"","overlay-color":"","overlay-opacity":"","overlay-gradient":""}},"ast-content-background-meta":{"desktop":{"background-color":"var(--ast-global-color-5)","background-image":"","background-repeat":"repeat","background-position":"center center","background-size":"auto","background-attachment":"scroll","background-type":"","background-media":"","overlay-type":"","overlay-color":"","overlay-opacity":"","overlay-gradient":""},"tablet":{"background-color":"var(--ast-global-color-5)","background-image":"","background-repeat":"repeat","background-position":"center center","background-size":"auto","background-attachment":"scroll","background-type":"","background-media":"","overlay-type":"","overlay-color":"","overlay-opacity":"","overlay-gradient":""},"mobile":{"background-color":"var(--ast-global-color-5)","background-image":"","background-repeat":"repeat","background-position":"center center","background-size":"auto","background-attachment":"scroll","background-type":"","background-media":"","overlay-type":"","overlay-color":"","overlay-opacity":"","overlay-gradient":""}}},"product_brand":[30],"product_cat":[40,84,77,34,31],"product_tag":[],"class_list":{"0":"post-2134","1":"product","2":"type-product","3":"status-publish","4":"has-post-thumbnail","6":"product_brand-jnr","7":"product_cat-jnr-18k","8":"product_cat-puff-18k","9":"product_cat-entrepot-de-lue","10":"product_cat-puff-jnr","11":"product_cat-jnr-falcon","12":"desktop-align-center","13":"tablet-align-center","14":"mobile-align-center","15":"ast-product-gallery-layout-horizontal","16":"ast-product-gallery-with-no-image","17":"ast-product-single-variable","18":"ast-product-tabs-layout-horizontal","19":"ast-qv-on-image","21":"first","22":"instock","23":"sale","24":"shipping-taxable","25":"purchasable","26":"product-type-variable","27":"has-default-attributes"},"tiered_pricing_type":"fixed","tiered_pricing_fixed_rules":{"30":10.08,"60":9.28,"100":8.13,"200":7.48,"500":7.28,"1000":6.98},"tiered_pricing_product_settings":{"layout":"default","base_unit_name":{"singular":null,"plural":null},"default_variation":null},"tiered_pricing_minimum_quantity":null,"tiered_pricing_roles_data":[],"tiered_pricing_percentage_rules":[],"_links":{"self":[{"href":"https:\/\/puffvapestore.com\/de\/wp-json\/wp\/v2\/product\/2134","targetHints":{"allow":["GET"]}}],"collection":[{"href":"https:\/\/puffvapestore.com\/de\/wp-json\/wp\/v2\/product"}],"about":[{"href":"https:\/\/puffvapestore.com\/de\/wp-json\/wp\/v2\/types\/product"}],"replies":[{"embeddable":true,"href":"https:\/\/puffvapestore.com\/de\/wp-json\/wp\/v2\/comments?post=2134"}],"version-history":[{"count":24,"href":"https:\/\/puffvapestore.com\/de\/wp-json\/wp\/v2\/product\/2134\/revisions"}],"predecessor-version":[{"id":13602,"href":"https:\/\/puffvapestore.com\/de\/wp-json\/wp\/v2\/product\/2134\/revisions\/13602"}],"wp:featuredmedia":[{"embeddable":true,"href":"https:\/\/puffvapestore.com\/de\/wp-json\/wp\/v2\/media\/1949"}],"wp:attachment":[{"href":"https:\/\/puffvapestore.com\/de\/wp-json\/wp\/v2\/media?parent=2134"}],"wp:term":[{"taxonomy":"product_brand","embeddable":true,"href":"https:\/\/puffvapestore.com\/de\/wp-json\/wp\/v2\/product_brand?post=2134"},{"taxonomy":"product_cat","embeddable":true,"href":"https:\/\/puffvapestore.com\/de\/wp-json\/wp\/v2\/product_cat?post=2134"},{"taxonomy":"product_tag","embeddable":true,"href":"https:\/\/puffvapestore.com\/de\/wp-json\/wp\/v2\/product_tag?post=2134"}],"curies":[{"name":"wp","href":"https:\/\/api.w.org\/{rel}","templated":true}]}}