{"id":2127,"date":"2025-04-18T13:15:26","date_gmt":"2025-04-18T13:15:26","guid":{"rendered":"https:\/\/puffvapestore.com\/?post_type=product&#038;p=2127"},"modified":"2026-01-19T10:37:33","modified_gmt":"2026-01-19T10:37:33","slug":"watermelon-bubblegum-18000-jnr-falcon-vape","status":"publish","type":"product","link":"https:\/\/puffvapestore.com\/de\/product\/watermelon-bubblegum-18000-jnr-falcon-dampfen\/","title":{"rendered":"Watermelon Bubblegum 18000 JNR Falcon X Vape"},"content":{"rendered":"<div data-elementor-type=\"wp-post\" data-elementor-id=\"2127\" class=\"elementor elementor-2127\">\n\t\t\t\t<div class=\"elementor-element elementor-element-17fadbc e-flex e-con-boxed e-con e-parent\" data-id=\"17fadbc\" data-element_type=\"container\" data-e-type=\"container\">\n\t\t\t\t\t<div class=\"e-con-inner\">\n\t\t<div class=\"elementor-element elementor-element-273a49b e-con-full e-flex e-con e-child\" data-id=\"273a49b\" data-element_type=\"container\" data-e-type=\"container\">\n\t\t\t\t<div class=\"elementor-element elementor-element-7c1aca9 elementor-widget elementor-widget-text-editor\" data-id=\"7c1aca9\" data-element_type=\"widget\" data-e-type=\"widget\" data-widget_type=\"text-editor.default\">\n\t\t\t\t<div class=\"elementor-widget-container\">\n\t\t\t\t\t\t\t\t\t<h2>Eigenschaften des JNR Falcon 18K Watermelon Bubblegum:<\/h2><p>Z\u00fcge : Bis zu 18000 Z\u00fcge<br \/>Fl\u00fcssigkeit: 24 ml<br \/>Nikotinst\u00e4rke: 0 %, 2 %, 5 %<br \/>Widerstand: 0.6 Ohm<br \/>Akkukapazit\u00e4t: 950 mAh<br \/>Aufladen: Type-C<br \/>Einstellbarer Luftstrom: Ja<br \/>Digitale Anzeige<br \/>Doppelter Maschen- und Doppelkernwiderstand<br \/>Ma\u00dfe: 53,5 x 32 x 121 mm<\/p>\t\t\t\t\t\t\t\t<\/div>\n\t\t\t\t<\/div>\n\t\t\t\t<\/div>\n\t\t<div class=\"elementor-element elementor-element-eaa0176 e-con-full e-flex e-con e-child\" data-id=\"eaa0176\" data-element_type=\"container\" data-e-type=\"container\">\n\t\t\t\t<div class=\"elementor-element elementor-element-a649ca6 elementor-widget elementor-widget-image-gallery\" data-id=\"a649ca6\" data-element_type=\"widget\" data-e-type=\"widget\" data-widget_type=\"image-gallery.default\">\n\t\t\t\t<div class=\"elementor-widget-container\">\n\t\t\t\t\t\t\t<div class=\"elementor-image-gallery\">\n\t\t\t<div id='gallery-1' class='gallery galleryid-2127 gallery-columns-1 gallery-size-medium_large'><figure class='gallery-item'>\n\t\t\t<div class='gallery-icon portrait'>\n\t\t\t\t<img fetchpriority=\"high\" decoding=\"async\" width=\"654\" height=\"690\" src=\"https:\/\/puffvapestore.com\/wp-content\/uploads\/2025\/04\/pvajf18000-14.jpg\" class=\"attachment-medium_large size-medium_large\" alt=\"JNR Falcon 18000 Watermelon Bubblegum pvajf18000\" aria-describedby=\"gallery-1-1954\" srcset=\"https:\/\/puffvapestore.com\/wp-content\/uploads\/2025\/04\/pvajf18000-14.jpg 654w, https:\/\/puffvapestore.com\/wp-content\/uploads\/2025\/04\/pvajf18000-14-284x300.jpg 284w, https:\/\/puffvapestore.com\/wp-content\/uploads\/2025\/04\/pvajf18000-14-600x633.jpg 600w\" sizes=\"(max-width: 654px) 100vw, 654px\" \/>\n\t\t\t<\/div>\n\t\t\t\t<figcaption class='wp-caption-text gallery-caption' id='gallery-1-1954'>\n\t\t\t\tJNR Falcon 18000 Watermelon Bubblegum pvajf18000\n\t\t\t\t<\/figcaption><\/figure>\n\t\t<\/div>\n\t\t<\/div>\n\t\t\t\t\t\t<\/div>\n\t\t\t\t<\/div>\n\t\t\t\t<\/div>\n\t\t\t\t\t<\/div>\n\t\t\t\t<\/div>\n\t\t<div class=\"elementor-element elementor-element-16b36ac e-flex e-con-boxed e-con e-parent\" data-id=\"16b36ac\" data-element_type=\"container\" data-e-type=\"container\">\n\t\t\t\t\t<div class=\"e-con-inner\">\n\t\t\t\t<div class=\"elementor-element elementor-element-47bbe71 elementor-widget elementor-widget-n-accordion\" data-id=\"47bbe71\" data-element_type=\"widget\" data-e-type=\"widget\" data-settings=\"{&quot;default_state&quot;:&quot;expanded&quot;,&quot;max_items_expended&quot;:&quot;one&quot;,&quot;n_accordion_animation_duration&quot;:{&quot;unit&quot;:&quot;ms&quot;,&quot;size&quot;:400,&quot;sizes&quot;:[]}}\" data-widget_type=\"nested-accordion.default\">\n\t\t\t\t<div class=\"elementor-widget-container\">\n\t\t\t\t\t\t\t<div class=\"e-n-accordion\" aria-label=\"Accordion (Akkordeon). \u00d6ffnen Sie Links mit Enter oder Space, schlie\u00dfen Sie mit Escape und navigieren Sie mit Arrow Keys.\">\n\t\t\t\t\t\t<details id=\"e-n-accordion-item-7520\" class=\"e-n-accordion-item\" open>\n\t\t\t\t<summary class=\"e-n-accordion-item-title\" data-accordion-index=\"1\" tabindex=\"0\" aria-expanded=\"true\" aria-controls=\"e-n-accordion-item-7520\" >\n\t\t\t\t\t<span class='e-n-accordion-item-title-header'><div class=\"e-n-accordion-item-title-text\"> Eigenschaften und Merkmale des JNR Falcon X 18K Watermelon Bubblegum <\/div><\/span>\n\t\t\t\t\t\t\t<span class='e-n-accordion-item-title-icon'>\n\t\t\t<span class='e-opened' ><svg aria-hidden=\"true\" class=\"e-font-icon-svg e-fas-minus\" viewbox=\"0 0 448 512\" xmlns=\"http:\/\/www.w3.org\/2000\/svg\"><path d=\"M416 208H32c-17.67 0-32 14.33-32 32v32c0 17.67 14.33 32 32 32h384c17.67 0 32-14.33 32-32v-32c0-17.67-14.33-32-32-32z\"><\/path><\/svg><\/span>\n\t\t\t<span class='e-closed'><svg aria-hidden=\"true\" class=\"e-font-icon-svg e-fas-plus\" viewbox=\"0 0 448 512\" xmlns=\"http:\/\/www.w3.org\/2000\/svg\"><path d=\"M416 208H272V64c0-17.67-14.33-32-32-32h-32c-17.67 0-32 14.33-32 32v144H32c-17.67 0-32 14.33-32 32v32c0 17.67 14.33 32 32 32h144v144c0 17.67 14.33 32 32 32h32c17.67 0 32-14.33 32-32V304h144c17.67 0 32-14.33 32-32v-32c0-17.67-14.33-32-32-32z\"><\/path><\/svg><\/span>\n\t\t<\/span>\n\n\t\t\t\t\t\t<\/summary>\n\t\t\t\t<div role=\"region\" aria-labelledby=\"e-n-accordion-item-7520\" class=\"elementor-element elementor-element-2496275 e-con-full e-flex e-con e-child\" data-id=\"2496275\" data-element_type=\"container\" data-e-type=\"container\">\n\t\t<div role=\"region\" aria-labelledby=\"e-n-accordion-item-7520\" class=\"elementor-element elementor-element-a0b516d e-flex e-con-boxed e-con e-child\" data-id=\"a0b516d\" data-element_type=\"container\" data-e-type=\"container\">\n\t\t\t\t\t<div class=\"e-con-inner\">\n\t\t\t\t<div class=\"elementor-element elementor-element-1f299ce elementor-widget elementor-widget-text-editor\" data-id=\"1f299ce\" data-element_type=\"widget\" data-e-type=\"widget\" data-widget_type=\"text-editor.default\">\n\t\t\t\t<div class=\"elementor-widget-container\">\n\t\t\t\t\t\t\t\t\t<h2>Gro\u00dfe Kapazit\u00e4t an E-Liquid<\/h2><p>Die JNR Falcon-X 18K bietet eine Liquidkapazit\u00e4t von 24 ml, mehr als die meisten anderen elektronischen Einwegzigaretten auf dem Markt. Diese gro\u00dfz\u00fcgige Kapazit\u00e4t reduziert nicht nur das h\u00e4ufige Nachf\u00fcllen, sondern erm\u00f6glicht auch das Rauchen \u00fcber lange Zeitr\u00e4ume ohne Unterbrechung. Sie ist daher ideal f\u00fcr alle, die bei der Arbeit, unterwegs oder in der Freizeit auf eine lange Nutzungsdauer und einen gleichbleibenden Geschmack Wert legen.<\/p><p>Das JNR Falcon-X 18K verf\u00fcgt \u00fcber einen eingebauten Hochleistungsakku mit 950 mAh f\u00fcr den ganzt\u00e4gigen Gebrauch. Der moderne Typ-C-Ladeanschluss erm\u00f6glicht ein schnelleres und sichereres Aufladen, sodass Sie Ihr Ger\u00e4t ohne lange Wartezeiten aufladen k\u00f6nnen.<\/p><h2>Dual-Mesh Dual-Core-Widerst\u00e4nde mit 0,6 Ohm f\u00fcr verbesserten Dampf und Geschmack<\/h2><p>Der JNR Falcon-X 18K verwendet einen Dual-Mesh Dual-Core-Widerstand mit 0,6 Ohm, der die Dampfproduktion und -dicke deutlich verbessert. Die Doppeldochtstruktur sorgt f\u00fcr eine gleichm\u00e4\u00dfigere Erw\u00e4rmung, verhindert Brandger\u00fcche und bietet ein weicheres und raffinierteres Dampferlebnis. Egal, ob Sie ein gro\u00dfes Dampfvolumen oder einen reinen Geschmack w\u00fcnschen, der JNR Falcon 18K erf\u00fcllt Ihre Anforderungen perfekt.<\/p><h2>Flexibles und einstellbares Luftstromsystem f\u00fcr eine individuelle Inhalation<\/h2><p>Der JNR Falcon-X 18K verf\u00fcgt \u00fcber eine innovative Luftstromanpassung, die es dem Benutzer erm\u00f6glicht, die Menge der eingeatmeten Luft frei nach seinen Vorlieben einzustellen und so ein abwechslungsreiches Raucherlebnis zu schaffen, das von einem festen, sanften Rauch bis hin zu einem vollen, ausladenden Rauch reicht.<\/p><h2>Langlebig, kosteng\u00fcnstig und praktisch<\/h2><p>Dank ihrer fortschrittlichen Technologie bietet die JNR Falcon-X 18K bis zu 18000 Z\u00fcge und \u00fcbertrifft damit die Lebensdauer herk\u00f6mmlicher elektronischer Einwegzigaretten bei weitem. Ihre Haltbarkeit verbessert ihr Preis-Leistungs-Verh\u00e4ltnis erheblich und macht sie ideal f\u00fcr Intensivnutzer und lange Nutzungsdauer. Sie vermeidet h\u00e4ufiges Auswechseln und ist somit sowohl umweltfreundlich als auch kosteng\u00fcnstig.<\/p><p>Ein eingebautes hochaufl\u00f6sendes digitales Display zeigt in Echtzeit den Akkustand und die verbleibende Menge an E-Fl\u00fcssigkeit an, sodass die Benutzer den Status des Ger\u00e4ts klar erkennen k\u00f6nnen. Das intuitive Feedback vereinfacht die Bedienung und eliminiert Unterbrechungen aufgrund eines schwachen Akkus oder leerer E-Fl\u00fcssigkeit, sodass Sie jedes Mal einen reibungslosen und sorgenfreien Zug genie\u00dfen k\u00f6nnen.<\/p><p>Die JNR Falcon-X 18K bietet drei Nikotinst\u00e4rken: 0 %, 2 % und 5 %, die den Bed\u00fcrfnissen und dem Geschmack jedes einzelnen Nutzers bei der Raucherentw\u00f6hnung gerecht werden. Vom reinen Genuss ohne Nikotin \u00fcber den allm\u00e4hlichen Rauchstopp mit niedrig konzentriertem Nikotin bis hin zum Bedarf an hoch konzentriertem Nikotin - flexible Optionen helfen Ihnen, die f\u00fcr Sie passende L\u00f6sung zu finden.<\/p>\t\t\t\t\t\t\t\t<\/div>\n\t\t\t\t<\/div>\n\t\t\t\t\t<\/div>\n\t\t\t\t<\/div>\n\t\t\t\t<\/div>\n\t\t\t\t\t<\/details>\n\t\t\t\t\t\t<details id=\"e-n-accordion-item-7521\" class=\"e-n-accordion-item\" >\n\t\t\t\t<summary class=\"e-n-accordion-item-title\" data-accordion-index=\"2\" tabindex=\"-1\" aria-expanded=\"false\" aria-controls=\"e-n-accordion-item-7521\" >\n\t\t\t\t\t<span class='e-n-accordion-item-title-header'><div class=\"e-n-accordion-item-title-text\"> Puff JNR Falcon X 18K Watermelon Bubblegum <\/div><\/span>\n\t\t\t\t\t\t\t<span class='e-n-accordion-item-title-icon'>\n\t\t\t<span class='e-opened' ><svg aria-hidden=\"true\" class=\"e-font-icon-svg e-fas-minus\" viewbox=\"0 0 448 512\" xmlns=\"http:\/\/www.w3.org\/2000\/svg\"><path d=\"M416 208H32c-17.67 0-32 14.33-32 32v32c0 17.67 14.33 32 32 32h384c17.67 0 32-14.33 32-32v-32c0-17.67-14.33-32-32-32z\"><\/path><\/svg><\/span>\n\t\t\t<span class='e-closed'><svg aria-hidden=\"true\" class=\"e-font-icon-svg e-fas-plus\" viewbox=\"0 0 448 512\" xmlns=\"http:\/\/www.w3.org\/2000\/svg\"><path d=\"M416 208H272V64c0-17.67-14.33-32-32-32h-32c-17.67 0-32 14.33-32 32v144H32c-17.67 0-32 14.33-32 32v32c0 17.67 14.33 32 32 32h144v144c0 17.67 14.33 32 32 32h32c17.67 0 32-14.33 32-32V304h144c17.67 0 32-14.33 32-32v-32c0-17.67-14.33-32-32-32z\"><\/path><\/svg><\/span>\n\t\t<\/span>\n\n\t\t\t\t\t\t<\/summary>\n\t\t\t\t<div role=\"region\" aria-labelledby=\"e-n-accordion-item-7521\" class=\"elementor-element elementor-element-4ea0188 e-con-full e-flex e-con e-child\" data-id=\"4ea0188\" data-element_type=\"container\" data-e-type=\"container\">\n\t\t<div role=\"region\" aria-labelledby=\"e-n-accordion-item-7521\" class=\"elementor-element elementor-element-2d9a9b2 e-flex e-con-boxed e-con e-child\" data-id=\"2d9a9b2\" data-element_type=\"container\" data-e-type=\"container\">\n\t\t\t\t\t<div class=\"e-con-inner\">\n\t\t\t\t<div class=\"elementor-element elementor-element-55fd5fa elementor-widget elementor-widget-text-editor\" data-id=\"55fd5fa\" data-element_type=\"widget\" data-e-type=\"widget\" data-widget_type=\"text-editor.default\">\n\t\t\t\t<div class=\"elementor-widget-container\">\n\t\t\t\t\t\t\t\t\t<p>Nachdem ich mehrere Stunden lang auf der franz\u00f6sischen Autobahn gefahren war, fand ich schlie\u00dflich eine Rastst\u00e4tte und hielt an, um eine Pause zu machen. In diesem Moment holte ich die elektronische Zigarette JNR Falcon X 18000 heraus, w\u00e4hlte die Geschmacksrichtung Wassermelonen-Kaugummi, nahm einen tiefen Zug Rauch und f\u00fchlte mich \u00fcberall wohl.<\/p><p>Im Ernst, dieser Wassermelonen-Kaugummi schmeckt so gut! Das erfrischende Gef\u00fchl der Wassermelone erscheint sofort, vermischt mit der S\u00fc\u00dfe des Kaugummis, der weder zu fett noch zu fade ist. An einer Rastst\u00e4tte wie dieser, umgeben von m\u00fcden Fahrern und einer lauten Umgebung, einen Zug an einer Zigarette zu nehmen, gibt mir das Gef\u00fchl, einen ruhigen Ort gefunden zu haben.<\/p><p>Der Vorteil der elektronischen Zigarette JNR Falcon ist die lange Lebensdauer der Batterie. Die 950 mAh Batterie hat eine gro\u00dfe Kapazit\u00e4t von 18.000 Z\u00fcgen. Ich habe die gesamte Strecke von Paris nach Lyon zur\u00fcckgelegt, ohne mir Sorgen machen zu m\u00fcssen, dass mir die Zigaretten ausgehen. Und seine Doppelmaschen-Spulentechnologie macht den Geschmack voller, und der Widerstand von 0,6 Ohm macht den Rauch grob und weich.<\/p>\t\t\t\t\t\t\t\t<\/div>\n\t\t\t\t<\/div>\n\t\t<div role=\"region\" aria-labelledby=\"e-n-accordion-item-7521\" class=\"elementor-element elementor-element-942ccb0 e-con-full e-flex e-con e-child\" data-id=\"942ccb0\" data-element_type=\"container\" data-e-type=\"container\">\n\t\t<div role=\"region\" aria-labelledby=\"e-n-accordion-item-7521\" class=\"elementor-element elementor-element-d5e4b56 e-con-full e-flex e-con e-child\" data-id=\"d5e4b56\" data-element_type=\"container\" data-e-type=\"container\">\n\t\t\t\t<div class=\"elementor-element elementor-element-381dfcb elementor-widget elementor-widget-image-gallery\" data-id=\"381dfcb\" data-element_type=\"widget\" data-e-type=\"widget\" data-widget_type=\"image-gallery.default\">\n\t\t\t\t<div class=\"elementor-widget-container\">\n\t\t\t\t\t\t\t<div class=\"elementor-image-gallery\">\n\t\t\t<div id='gallery-1' class='gallery galleryid-2127 gallery-columns-1 gallery-size-medium_large'><figure class='gallery-item'>\n\t\t\t<div class='gallery-icon portrait'>\n\t\t\t\t<img fetchpriority=\"high\" decoding=\"async\" width=\"654\" height=\"690\" src=\"https:\/\/puffvapestore.com\/wp-content\/uploads\/2025\/04\/pvajf18000-14.jpg\" class=\"attachment-medium_large size-medium_large\" alt=\"JNR Falcon 18000 Watermelon Bubblegum pvajf18000\" aria-describedby=\"gallery-1-1954\" srcset=\"https:\/\/puffvapestore.com\/wp-content\/uploads\/2025\/04\/pvajf18000-14.jpg 654w, https:\/\/puffvapestore.com\/wp-content\/uploads\/2025\/04\/pvajf18000-14-284x300.jpg 284w, https:\/\/puffvapestore.com\/wp-content\/uploads\/2025\/04\/pvajf18000-14-600x633.jpg 600w\" sizes=\"(max-width: 654px) 100vw, 654px\" \/>\n\t\t\t<\/div>\n\t\t\t\t<figcaption class='wp-caption-text gallery-caption' id='gallery-1-1954'>\n\t\t\t\tJNR Falcon 18000 Watermelon Bubblegum pvajf18000\n\t\t\t\t<\/figcaption><\/figure>\n\t\t<\/div>\n\t\t<\/div>\n\t\t\t\t\t\t<\/div>\n\t\t\t\t<\/div>\n\t\t\t\t<\/div>\n\t\t<div role=\"region\" aria-labelledby=\"e-n-accordion-item-7521\" class=\"elementor-element elementor-element-577deeb e-con-full e-flex e-con e-child\" data-id=\"577deeb\" data-element_type=\"container\" data-e-type=\"container\">\n\t\t\t\t<div class=\"elementor-element elementor-element-5d167cf elementor-widget elementor-widget-text-editor\" data-id=\"5d167cf\" data-element_type=\"widget\" data-e-type=\"widget\" data-widget_type=\"text-editor.default\">\n\t\t\t\t<div class=\"elementor-widget-container\">\n\t\t\t\t\t\t\t\t\t<p>Manchmal setze ich mich in ein Caf\u00e9 auf einer Autobahnrastst\u00e4tte, beobachte die Autos, die durch das Fenster kommen und gehen, stelle den Luftstrom ein und nehme langsam ein paar Z\u00fcge an der Zigarette. Das Gef\u00fchl der Befriedigung ist wirklich unvergleichlich mit dem von gew\u00f6hnlichen elektronischen Zigaretten. Der Nikotingehalt von 2% reicht gerade aus, um Ihnen einen angenehmen Geschmack zu verleihen, ohne dass Ihnen schwindelig wird.<\/p><p>Das praktischste Merkmal ist die LED-Anzeige, die Ihnen deutlich anzeigt, wie viel Energie Sie noch haben und wie viele Z\u00fcge Sie gemacht haben. Das ist ein Rettungsanker f\u00fcr Leute wie mich, die oft das Aufladen vergessen. Au\u00dferdem ist der Typ-C-Ladeanschluss sehr praktisch zu verwenden. Er kann nach einem 15- bis 20-min\u00fctigen Ladevorgang in einem Servicebereich lange halten.<\/p>\t\t\t\t\t\t\t\t<\/div>\n\t\t\t\t<\/div>\n\t\t\t\t<\/div>\n\t\t\t\t<\/div>\n\t\t<div role=\"region\" aria-labelledby=\"e-n-accordion-item-7521\" class=\"elementor-element elementor-element-7926c6b e-con-full e-flex e-con e-child\" data-id=\"7926c6b\" data-element_type=\"container\" data-e-type=\"container\">\n\t\t\t\t<div class=\"elementor-element elementor-element-2b41948 elementor-widget elementor-widget-text-editor\" data-id=\"2b41948\" data-element_type=\"widget\" data-e-type=\"widget\" data-widget_type=\"text-editor.default\">\n\t\t\t\t<div class=\"elementor-widget-container\">\n\t\t\t\t\t\t\t\t\t<p>Ich nehme diesen Wassermelonen-Kaugummi immer mit, wenn ich eine lange Reise antrete. Das Fassungsverm\u00f6gen von 24 ml reicht mir, um ihn w\u00e4hrend der gesamten Fahrt zu verwenden. Um ehrlich zu sein, halte ich sogar manchmal an einer Rastst\u00e4tte an, nur um ein paar Zigaretten zu rauchen. Das ist zu einem kleinen Ritual auf meinem Roadtrip geworden.<\/p><p>Wenn Sie sich wie ich gerne auf der Stra\u00dfe am\u00fcsieren, es aber nicht zu kompliziert haben wollen, ist die elektronische Zigarette JNR Falcon X 18000 Watermelon Bubble Gum einen Versuch wert. Besonders in diesen langweiligen Autobahn-Servicebereichen kann sie Ihren kurzen Stopp interessanter machen.<\/p>\t\t\t\t\t\t\t\t<\/div>\n\t\t\t\t<\/div>\n\t\t\t\t<\/div>\n\t\t\t\t\t<\/div>\n\t\t\t\t<\/div>\n\t\t\t\t<\/div>\n\t\t\t\t\t<\/details>\n\t\t\t\t\t<\/div>\n\t\t\t\t\t\t<\/div>\n\t\t\t\t<\/div>\n\t\t\t\t\t<\/div>\n\t\t\t\t<\/div>\n\t\t\t\t<\/div>","protected":false},"excerpt":{"rendered":"<p>Caract\u00e9ristiques du JNR Falcon 18K Watermelon Bubblegum: Bouff\u00e9es : Jusqu\u2019\u00e0 18000 bouff\u00e9es Liquide : 24 ml Taux de nicotine : 0 %, 2 %, 5 % R\u00e9sistance : 0.6 ohm Capacit\u00e9 de la batterie : 950 mAh Chargement : Type-C D\u00e9bit d\u2019air r\u00e9glable : Oui Affichage num\u00e9rique R\u00e9sistance double maille et double c\u0153ur Dimensions : [&hellip;]<\/p>\n","protected":false},"featured_media":1954,"comment_status":"open","ping_status":"closed","template":"","meta":{"site-sidebar-layout":"no-sidebar","site-content-layout":"page-builder","ast-site-content-layout":"normal-width-container","site-content-style":"default","site-sidebar-style":"default","ast-global-header-display":"","ast-banner-title-visibility":"","ast-main-header-display":"","ast-hfb-above-header-display":"","ast-hfb-below-header-display":"","ast-hfb-mobile-header-display":"","site-post-title":"disabled","ast-breadcrumbs-content":"","ast-featured-img":"disabled","footer-sml-layout":"","ast-disable-related-posts":"","theme-transparent-header-meta":"default","adv-header-id-meta":"","stick-header-meta":"default","header-above-stick-meta":"","header-main-stick-meta":"","header-below-stick-meta":"","astra-migrate-meta-layouts":"set","ast-page-background-enabled":"default","ast-page-background-meta":{"desktop":{"background-color":"","background-image":"","background-repeat":"repeat","background-position":"center center","background-size":"auto","background-attachment":"scroll","background-type":"","background-media":"","overlay-type":"","overlay-color":"","overlay-opacity":"","overlay-gradient":""},"tablet":{"background-color":"","background-image":"","background-repeat":"repeat","background-position":"center center","background-size":"auto","background-attachment":"scroll","background-type":"","background-media":"","overlay-type":"","overlay-color":"","overlay-opacity":"","overlay-gradient":""},"mobile":{"background-color":"","background-image":"","background-repeat":"repeat","background-position":"center center","background-size":"auto","background-attachment":"scroll","background-type":"","background-media":"","overlay-type":"","overlay-color":"","overlay-opacity":"","overlay-gradient":""}},"ast-content-background-meta":{"desktop":{"background-color":"var(--ast-global-color-5)","background-image":"","background-repeat":"repeat","background-position":"center center","background-size":"auto","background-attachment":"scroll","background-type":"","background-media":"","overlay-type":"","overlay-color":"","overlay-opacity":"","overlay-gradient":""},"tablet":{"background-color":"var(--ast-global-color-5)","background-image":"","background-repeat":"repeat","background-position":"center center","background-size":"auto","background-attachment":"scroll","background-type":"","background-media":"","overlay-type":"","overlay-color":"","overlay-opacity":"","overlay-gradient":""},"mobile":{"background-color":"var(--ast-global-color-5)","background-image":"","background-repeat":"repeat","background-position":"center center","background-size":"auto","background-attachment":"scroll","background-type":"","background-media":"","overlay-type":"","overlay-color":"","overlay-opacity":"","overlay-gradient":""}}},"product_brand":[30],"product_cat":[40,84,77,35,31],"product_tag":[],"class_list":{"0":"post-2127","1":"product","2":"type-product","3":"status-publish","4":"has-post-thumbnail","6":"product_brand-jnr","7":"product_cat-jnr-18k","8":"product_cat-puff-18k","9":"product_cat-entrepot-de-lue","10":"product_cat-jnr-vape","11":"product_cat-jnr-falcon","12":"desktop-align-center","13":"tablet-align-center","14":"mobile-align-center","15":"ast-product-gallery-layout-horizontal","16":"ast-product-gallery-with-no-image","17":"ast-product-single-variable","18":"ast-product-tabs-layout-horizontal","19":"ast-qv-on-image","21":"first","22":"instock","23":"sale","24":"shipping-taxable","25":"purchasable","26":"product-type-variable","27":"has-default-attributes"},"tiered_pricing_type":"fixed","tiered_pricing_fixed_rules":{"30":10.08,"60":9.28,"100":8.13,"200":7.48,"500":7.28,"1000":6.98},"tiered_pricing_product_settings":{"layout":"default","base_unit_name":{"singular":null,"plural":null},"default_variation":null},"tiered_pricing_minimum_quantity":null,"tiered_pricing_roles_data":[],"tiered_pricing_percentage_rules":[],"_links":{"self":[{"href":"https:\/\/puffvapestore.com\/de\/wp-json\/wp\/v2\/product\/2127","targetHints":{"allow":["GET"]}}],"collection":[{"href":"https:\/\/puffvapestore.com\/de\/wp-json\/wp\/v2\/product"}],"about":[{"href":"https:\/\/puffvapestore.com\/de\/wp-json\/wp\/v2\/types\/product"}],"replies":[{"embeddable":true,"href":"https:\/\/puffvapestore.com\/de\/wp-json\/wp\/v2\/comments?post=2127"}],"version-history":[{"count":23,"href":"https:\/\/puffvapestore.com\/de\/wp-json\/wp\/v2\/product\/2127\/revisions"}],"predecessor-version":[{"id":13603,"href":"https:\/\/puffvapestore.com\/de\/wp-json\/wp\/v2\/product\/2127\/revisions\/13603"}],"wp:featuredmedia":[{"embeddable":true,"href":"https:\/\/puffvapestore.com\/de\/wp-json\/wp\/v2\/media\/1954"}],"wp:attachment":[{"href":"https:\/\/puffvapestore.com\/de\/wp-json\/wp\/v2\/media?parent=2127"}],"wp:term":[{"taxonomy":"product_brand","embeddable":true,"href":"https:\/\/puffvapestore.com\/de\/wp-json\/wp\/v2\/product_brand?post=2127"},{"taxonomy":"product_cat","embeddable":true,"href":"https:\/\/puffvapestore.com\/de\/wp-json\/wp\/v2\/product_cat?post=2127"},{"taxonomy":"product_tag","embeddable":true,"href":"https:\/\/puffvapestore.com\/de\/wp-json\/wp\/v2\/product_tag?post=2127"}],"curies":[{"name":"wp","href":"https:\/\/api.w.org\/{rel}","templated":true}]}}