{"id":2099,"date":"2025-04-15T15:50:20","date_gmt":"2025-04-15T15:50:20","guid":{"rendered":"https:\/\/puffvapestore.com\/?post_type=product&#038;p=2099"},"modified":"2026-01-19T10:37:33","modified_gmt":"2026-01-19T10:37:33","slug":"watermelon-lychee-puff-jnr-falcon-18k-vape","status":"publish","type":"product","link":"https:\/\/puffvapestore.com\/de\/product\/watermelon-lychee-puff-jnr-falcon-18k-vape\/","title":{"rendered":"Watermelon Lychee Puff JNR Falcon 18k Vape | JNR Falcon X 18000"},"content":{"rendered":"<div data-elementor-type=\"wp-post\" data-elementor-id=\"2099\" class=\"elementor elementor-2099\">\n\t\t\t\t<div class=\"elementor-element elementor-element-cfc1dc8 e-flex e-con-boxed e-con e-parent\" data-id=\"cfc1dc8\" data-element_type=\"container\" data-e-type=\"container\">\n\t\t\t\t\t<div class=\"e-con-inner\">\n\t\t<div class=\"elementor-element elementor-element-da8e3bc e-con-full e-flex e-con e-child\" data-id=\"da8e3bc\" data-element_type=\"container\" data-e-type=\"container\">\n\t\t\t\t<div class=\"elementor-element elementor-element-dcc85c6 elementor-widget__width-initial elementor-widget elementor-widget-text-editor\" data-id=\"dcc85c6\" data-element_type=\"widget\" data-e-type=\"widget\" data-widget_type=\"text-editor.default\">\n\t\t\t\t<div class=\"elementor-widget-container\">\n\t\t\t\t\t\t\t\t\t<h2>Eigenschaften des JNR Falcon 18K Watermelon Lychee:<\/h2><p>Z\u00fcge : Bis zu 18000 Z\u00fcge<br \/>Fl\u00fcssigkeit: 24 ml<br \/>Nikotinst\u00e4rke: 0 %, 2 %, 5 %<br \/>Widerstand: 0.6 Ohm<br \/>Akkukapazit\u00e4t: 950 mAh<br \/>Aufladen: Type-C<br \/>Einstellbarer Luftstrom: Ja<br \/>Digitale Anzeige<br \/>Doppelter Maschen- und Doppelkernwiderstand<br \/>Ma\u00dfe: 53,5 x 32 x 121 mm<\/p>\t\t\t\t\t\t\t\t<\/div>\n\t\t\t\t<\/div>\n\t\t\t\t<\/div>\n\t\t<div class=\"elementor-element elementor-element-0d338e0 e-con-full e-flex e-con e-child\" data-id=\"0d338e0\" data-element_type=\"container\" data-e-type=\"container\">\n\t\t\t\t<div class=\"elementor-element elementor-element-344113e elementor-widget elementor-widget-image-gallery\" data-id=\"344113e\" data-element_type=\"widget\" data-e-type=\"widget\" data-widget_type=\"image-gallery.default\">\n\t\t\t\t<div class=\"elementor-widget-container\">\n\t\t\t\t\t\t\t<div class=\"elementor-image-gallery\">\n\t\t\t<div id='gallery-1' class='gallery galleryid-2099 gallery-columns-1 gallery-size-medium_large'><figure class='gallery-item'>\n\t\t\t<div class='gallery-icon portrait'>\n\t\t\t\t<img fetchpriority=\"high\" decoding=\"async\" width=\"654\" height=\"690\" src=\"https:\/\/puffvapestore.com\/wp-content\/uploads\/2025\/04\/pvajf18000-17.jpg\" class=\"attachment-medium_large size-medium_large\" alt=\"JNR Falcon 18000 29 verf\u00fcgbare Geschmacksrichtungen pvajf18000\" aria-describedby=\"gallery-1-1957\" srcset=\"https:\/\/puffvapestore.com\/wp-content\/uploads\/2025\/04\/pvajf18000-17.jpg 654w, https:\/\/puffvapestore.com\/wp-content\/uploads\/2025\/04\/pvajf18000-17-284x300.jpg 284w, https:\/\/puffvapestore.com\/wp-content\/uploads\/2025\/04\/pvajf18000-17-600x633.jpg 600w\" sizes=\"(max-width: 654px) 100vw, 654px\" \/>\n\t\t\t<\/div>\n\t\t\t\t<figcaption class='wp-caption-text gallery-caption' id='gallery-1-1957'>\n\t\t\t\tJNR Falcon 18000 29 verf\u00fcgbare Geschmacksrichtungen pvajf18000\n\t\t\t\t<\/figcaption><\/figure>\n\t\t<\/div>\n\t\t<\/div>\n\t\t\t\t\t\t<\/div>\n\t\t\t\t<\/div>\n\t\t\t\t<\/div>\n\t\t\t\t\t<\/div>\n\t\t\t\t<\/div>\n\t\t<div class=\"elementor-element elementor-element-5b68b49 e-flex e-con-boxed e-con e-parent\" data-id=\"5b68b49\" data-element_type=\"container\" data-e-type=\"container\">\n\t\t\t\t\t<div class=\"e-con-inner\">\n\t\t\t\t<div class=\"elementor-element elementor-element-7264117 elementor-widget elementor-widget-n-accordion\" data-id=\"7264117\" data-element_type=\"widget\" data-e-type=\"widget\" data-settings=\"{&quot;default_state&quot;:&quot;expanded&quot;,&quot;max_items_expended&quot;:&quot;one&quot;,&quot;n_accordion_animation_duration&quot;:{&quot;unit&quot;:&quot;ms&quot;,&quot;size&quot;:400,&quot;sizes&quot;:[]}}\" data-widget_type=\"nested-accordion.default\">\n\t\t\t\t<div class=\"elementor-widget-container\">\n\t\t\t\t\t\t\t<div class=\"e-n-accordion\" aria-label=\"Accordion (Akkordeon). \u00d6ffnen Sie Links mit Enter oder Space, schlie\u00dfen Sie mit Escape und navigieren Sie mit Arrow Keys.\">\n\t\t\t\t\t\t<details id=\"e-n-accordion-item-1190\" class=\"e-n-accordion-item\" open>\n\t\t\t\t<summary class=\"e-n-accordion-item-title\" data-accordion-index=\"1\" tabindex=\"0\" aria-expanded=\"true\" aria-controls=\"e-n-accordion-item-1190\" >\n\t\t\t\t\t<span class='e-n-accordion-item-title-header'><div class=\"e-n-accordion-item-title-text\"> Eigenschaften und Merkmale von JNR Falcon X 18K Watermelon Lychee <\/div><\/span>\n\t\t\t\t\t\t\t<span class='e-n-accordion-item-title-icon'>\n\t\t\t<span class='e-opened' ><svg aria-hidden=\"true\" class=\"e-font-icon-svg e-fas-minus\" viewbox=\"0 0 448 512\" xmlns=\"http:\/\/www.w3.org\/2000\/svg\"><path d=\"M416 208H32c-17.67 0-32 14.33-32 32v32c0 17.67 14.33 32 32 32h384c17.67 0 32-14.33 32-32v-32c0-17.67-14.33-32-32-32z\"><\/path><\/svg><\/span>\n\t\t\t<span class='e-closed'><svg aria-hidden=\"true\" class=\"e-font-icon-svg e-fas-plus\" viewbox=\"0 0 448 512\" xmlns=\"http:\/\/www.w3.org\/2000\/svg\"><path d=\"M416 208H272V64c0-17.67-14.33-32-32-32h-32c-17.67 0-32 14.33-32 32v144H32c-17.67 0-32 14.33-32 32v32c0 17.67 14.33 32 32 32h144v144c0 17.67 14.33 32 32 32h32c17.67 0 32-14.33 32-32V304h144c17.67 0 32-14.33 32-32v-32c0-17.67-14.33-32-32-32z\"><\/path><\/svg><\/span>\n\t\t<\/span>\n\n\t\t\t\t\t\t<\/summary>\n\t\t\t\t<div role=\"region\" aria-labelledby=\"e-n-accordion-item-1190\" class=\"elementor-element elementor-element-385c2c2 e-con-full e-flex e-con e-child\" data-id=\"385c2c2\" data-element_type=\"container\" data-e-type=\"container\">\n\t\t<div role=\"region\" aria-labelledby=\"e-n-accordion-item-1190\" class=\"elementor-element elementor-element-036e65d e-flex e-con-boxed e-con e-child\" data-id=\"036e65d\" data-element_type=\"container\" data-e-type=\"container\">\n\t\t\t\t\t<div class=\"e-con-inner\">\n\t\t\t\t<div class=\"elementor-element elementor-element-f4eeb91 elementor-widget elementor-widget-text-editor\" data-id=\"f4eeb91\" data-element_type=\"widget\" data-e-type=\"widget\" data-widget_type=\"text-editor.default\">\n\t\t\t\t<div class=\"elementor-widget-container\">\n\t\t\t\t\t\t\t\t\t<h2>Gro\u00dfe Kapazit\u00e4t an E-Liquid f\u00fcr ein lang anhaltendes Erlebnis<\/h2><p>Die elektronische Zigarette JNR Falcon-X 18K bietet bis zu 18000 Z\u00fcge, was eine lange Nutzungsdauer ohne h\u00e4ufiges Wechseln des Ger\u00e4ts garantiert. Ob f\u00fcr den t\u00e4glichen Gebrauch oder auf Reisen, sie erf\u00fcllt Ihren h\u00e4ufigen Bedarf an E-Liquids und verbessert so Ihren Komfort und Ihre Praktikabilit\u00e4t erheblich.<\/p><p>Die gro\u00dfe Kapazit\u00e4t von 24 ml Liquid reduziert das h\u00e4ufige Nachf\u00fcllen erheblich, sodass Sie auch \u00fcber l\u00e4ngere Zeitr\u00e4ume ein reichhaltiges und cremiges Erlebnis genie\u00dfen k\u00f6nnen. Egal, ob Sie gelegentlich oder regelm\u00e4\u00dfig Liquids verwenden, dank seines langlebigen Designs m\u00fcssen Sie nicht st\u00e4ndig den F\u00fcllstand Ihrer E-Fl\u00fcssigkeit \u00fcberwachen.<\/p><h2>Verschiedene Nikotinst\u00e4rken, um Ihren Bed\u00fcrfnissen gerecht zu werden<\/h2><p>Die JNR Falcon-X 18K bietet drei Nikotinst\u00e4rken: 0 %, 2 % und 5 %, die so konzipiert sind, dass sie sich an Ihre Geschmacksvorlieben und Ihre Bed\u00fcrfnisse bei der Raucherentw\u00f6hnung anpassen. Ob Sie den reinen Geschmack von Null Nikotin bevorzugen oder einen moderaten Nikotingehalt suchen, Sie werden leicht die richtige Stufe f\u00fcr sich finden.<\/p><h2>Pr\u00e4zise digitale Anzeige f\u00fcr klare Informationen auf einen Blick<\/h2><p>Der JNR Falcon-X 18K verf\u00fcgt \u00fcber ein hochaufl\u00f6sendes digitales Display, das in Echtzeit wichtige Daten wie die Batterieladung und die verbleibende Menge an E-Fl\u00fcssigkeit anzeigt. Dadurch k\u00f6nnen die Benutzer den Status des Ger\u00e4ts klar \u00fcberwachen und unangenehme Situationen wie Stromausf\u00e4lle oder das Versiegen der E-Fl\u00fcssigkeit vermeiden. Die Benutzererfahrung wird verbessert und die Verwaltung und Wartung des Ger\u00e4ts vereinfacht.<\/p><p>Der integrierte Lithium-Ionen-Akku mit hoher Kapazit\u00e4t und 950 mAh erm\u00f6glicht eine l\u00e4ngere Nutzung, w\u00e4hrend der Typ-C-Schnellladeanschluss das Aufladen effizienter und bequemer macht. Ob bei der Arbeit, unterwegs oder im Alltag - die Ausgangsleistung bleibt konstant, sodass die Belastung durch h\u00e4ufiges Aufladen entf\u00e4llt.<\/p><h2>Einstellbarer Luftstrom f\u00fcr ein individuelles Inhalationserlebnis<\/h2><p>Das einzigartige System zur Regulierung des Luftstroms erm\u00f6glicht es den Benutzern, den Inhalationswiderstand nach ihren Vorlieben einzustellen. Egal, ob Sie einen festeren oder cremigeren Dampf bevorzugen, Sie k\u00f6nnen den Inhalationswiderstand ganz einfach anpassen, um das perfekte Dampferlebnis zu erhalten, das Ihnen zusagt.<\/p><p>Die JNR Falcon-X 18K verwendet eine fortschrittliche 0,6 Ohm Dual-Mesh- und Dual-Core-Widerstandstechnologie, die die Effizienz der Zerst\u00e4ubung und die Dampfdichte verbessert und einen reicheren und volleren Geschmack sowie ein sanfteres Inhalieren erm\u00f6glicht. Jeder Zug ist mit einem zarten, cremigen Rauch gef\u00fcllt und erf\u00fcllt die Bed\u00fcrfnisse von Musikliebhabern.<\/p>\t\t\t\t\t\t\t\t<\/div>\n\t\t\t\t<\/div>\n\t\t\t\t\t<\/div>\n\t\t\t\t<\/div>\n\t\t\t\t<\/div>\n\t\t\t\t\t<\/details>\n\t\t\t\t\t\t<details id=\"e-n-accordion-item-1191\" class=\"e-n-accordion-item\" >\n\t\t\t\t<summary class=\"e-n-accordion-item-title\" data-accordion-index=\"2\" tabindex=\"-1\" aria-expanded=\"false\" aria-controls=\"e-n-accordion-item-1191\" >\n\t\t\t\t\t<span class='e-n-accordion-item-title-header'><div class=\"e-n-accordion-item-title-text\"> Watermelon Lychee Puff JNR Falcon X 18K <\/div><\/span>\n\t\t\t\t\t\t\t<span class='e-n-accordion-item-title-icon'>\n\t\t\t<span class='e-opened' ><svg aria-hidden=\"true\" class=\"e-font-icon-svg e-fas-minus\" viewbox=\"0 0 448 512\" xmlns=\"http:\/\/www.w3.org\/2000\/svg\"><path d=\"M416 208H32c-17.67 0-32 14.33-32 32v32c0 17.67 14.33 32 32 32h384c17.67 0 32-14.33 32-32v-32c0-17.67-14.33-32-32-32z\"><\/path><\/svg><\/span>\n\t\t\t<span class='e-closed'><svg aria-hidden=\"true\" class=\"e-font-icon-svg e-fas-plus\" viewbox=\"0 0 448 512\" xmlns=\"http:\/\/www.w3.org\/2000\/svg\"><path d=\"M416 208H272V64c0-17.67-14.33-32-32-32h-32c-17.67 0-32 14.33-32 32v144H32c-17.67 0-32 14.33-32 32v32c0 17.67 14.33 32 32 32h144v144c0 17.67 14.33 32 32 32h32c17.67 0 32-14.33 32-32V304h144c17.67 0 32-14.33 32-32v-32c0-17.67-14.33-32-32-32z\"><\/path><\/svg><\/span>\n\t\t<\/span>\n\n\t\t\t\t\t\t<\/summary>\n\t\t\t\t<div role=\"region\" aria-labelledby=\"e-n-accordion-item-1191\" class=\"elementor-element elementor-element-aaac0cb e-con-full e-flex e-con e-child\" data-id=\"aaac0cb\" data-element_type=\"container\" data-e-type=\"container\">\n\t\t<div role=\"region\" aria-labelledby=\"e-n-accordion-item-1191\" class=\"elementor-element elementor-element-490ed75 e-flex e-con-boxed e-con e-child\" data-id=\"490ed75\" data-element_type=\"container\" data-e-type=\"container\">\n\t\t\t\t\t<div class=\"e-con-inner\">\n\t\t\t\t<div class=\"elementor-element elementor-element-55fd5fa elementor-widget elementor-widget-text-editor\" data-id=\"55fd5fa\" data-element_type=\"widget\" data-e-type=\"widget\" data-widget_type=\"text-editor.default\">\n\t\t\t\t<div class=\"elementor-widget-container\">\n\t\t\t\t\t\t\t\t\t<p>Nach einem Ausritt durch die franz\u00f6sische Landschaft gibt es nichts Sch\u00f6neres, als sich auf die Terrasse zu setzen und eine JNR Falcon X 18000 Vape mit dem Geschmack von Wassermelone und Litschi anzuz\u00fcnden. Diese E-Zigarette ist nicht nur ein Produkt, sie ist eine Erfahrung, ein Trost nach einem anstrengenden Ausritt.<\/p><p>Die Kombination von Wassermelone und Litschi klingt seltsam, aber wenn Sie sie einmal probiert haben, werden Sie begeistert sein. Das erfrischende Gef\u00fchl der Wassermelone dringt sofort in den Mund ein, gefolgt von dem s\u00fc\u00dfen Duft der Litschi, die auf der Zungenspitze tanzt. Dieser Geschmack ist besonders erfrischend, wenn man von einem Spaziergang zur\u00fcckkommt, und der Nikotingehalt von 2 % entspannt Sie, ohne zu stark zu sein.<\/p>\t\t\t\t\t\t\t\t<\/div>\n\t\t\t\t<\/div>\n\t\t<div role=\"region\" aria-labelledby=\"e-n-accordion-item-1191\" class=\"elementor-element elementor-element-3c1fb34 e-con-full e-flex e-con e-child\" data-id=\"3c1fb34\" data-element_type=\"container\" data-e-type=\"container\">\n\t\t<div role=\"region\" aria-labelledby=\"e-n-accordion-item-1191\" class=\"elementor-element elementor-element-2b9d469 e-con-full e-flex e-con e-child\" data-id=\"2b9d469\" data-element_type=\"container\" data-e-type=\"container\">\n\t\t\t\t<div class=\"elementor-element elementor-element-aa46266 elementor-widget elementor-widget-image-gallery\" data-id=\"aa46266\" data-element_type=\"widget\" data-e-type=\"widget\" data-widget_type=\"image-gallery.default\">\n\t\t\t\t<div class=\"elementor-widget-container\">\n\t\t\t\t\t\t\t<div class=\"elementor-image-gallery\">\n\t\t\t<div id='gallery-1' class='gallery galleryid-2099 gallery-columns-1 gallery-size-medium_large'><figure class='gallery-item'>\n\t\t\t<div class='gallery-icon portrait'>\n\t\t\t\t<img fetchpriority=\"high\" decoding=\"async\" width=\"654\" height=\"690\" src=\"https:\/\/puffvapestore.com\/wp-content\/uploads\/2025\/04\/pvajf18000-17.jpg\" class=\"attachment-medium_large size-medium_large\" alt=\"JNR Falcon 18000 29 verf\u00fcgbare Geschmacksrichtungen pvajf18000\" aria-describedby=\"gallery-1-1957\" srcset=\"https:\/\/puffvapestore.com\/wp-content\/uploads\/2025\/04\/pvajf18000-17.jpg 654w, https:\/\/puffvapestore.com\/wp-content\/uploads\/2025\/04\/pvajf18000-17-284x300.jpg 284w, https:\/\/puffvapestore.com\/wp-content\/uploads\/2025\/04\/pvajf18000-17-600x633.jpg 600w\" sizes=\"(max-width: 654px) 100vw, 654px\" \/>\n\t\t\t<\/div>\n\t\t\t\t<figcaption class='wp-caption-text gallery-caption' id='gallery-1-1957'>\n\t\t\t\tJNR Falcon 18000 29 verf\u00fcgbare Geschmacksrichtungen pvajf18000\n\t\t\t\t<\/figcaption><\/figure>\n\t\t<\/div>\n\t\t<\/div>\n\t\t\t\t\t\t<\/div>\n\t\t\t\t<\/div>\n\t\t\t\t<\/div>\n\t\t<div role=\"region\" aria-labelledby=\"e-n-accordion-item-1191\" class=\"elementor-element elementor-element-d5f00b5 e-con-full e-flex e-con e-child\" data-id=\"d5f00b5\" data-element_type=\"container\" data-e-type=\"container\">\n\t\t\t\t<div class=\"elementor-element elementor-element-b3c274b elementor-widget__width-initial elementor-widget elementor-widget-text-editor\" data-id=\"b3c274b\" data-element_type=\"widget\" data-e-type=\"widget\" data-widget_type=\"text-editor.default\">\n\t\t\t\t<div class=\"elementor-widget-container\">\n\t\t\t\t\t\t\t\t\t<p>Die Technologie des JNR Falcon X 18000 ist wirklich beeindruckend. Seine Dual-Mesh-Spule und die Dual-Core-Technologie (0,6 \u03a9) sorgen jedes Mal f\u00fcr perfekte Aromen. Nach einem Tag auf dem Fahrrad wirst du den 950-mAh-Akku und den Typ-C-Ladeanschluss zu sch\u00e4tzen wissen: So musst du dir w\u00e4hrend deines Urlaubs auf dem Land keine Sorgen mehr machen, dass dir der Akku ausgeht. Dank der Kapazit\u00e4t von 24 ml k\u00f6nnen Sie sie immer wieder verwenden, bis zu 18.000 Z\u00fcge, was f\u00fcr einen ganzen Urlaub ausreicht.<\/p><p>Der einstellbare Luftstrom ist eine meiner Lieblingsfunktionen. Manchmal mag ich es, nach einem Spaziergang sanft zu atmen; ein anderes Mal brauche ich ein intensiveres Erlebnis. Die LED-Anzeige ist ebenfalls sehr praktisch. Sie zeigt mir an, wie viel Energie noch \u00fcbrig ist und wie oft ich sie benutzt habe.<\/p>\t\t\t\t\t\t\t\t<\/div>\n\t\t\t\t<\/div>\n\t\t\t\t<\/div>\n\t\t\t\t<\/div>\n\t\t<div role=\"region\" aria-labelledby=\"e-n-accordion-item-1191\" class=\"elementor-element elementor-element-7926c6b e-con-full e-flex e-con e-child\" data-id=\"7926c6b\" data-element_type=\"container\" data-e-type=\"container\">\n\t\t\t\t<div class=\"elementor-element elementor-element-2b41948 elementor-widget elementor-widget-text-editor\" data-id=\"2b41948\" data-element_type=\"widget\" data-e-type=\"widget\" data-widget_type=\"text-editor.default\">\n\t\t\t\t<div class=\"elementor-widget-container\">\n\t\t\t\t\t\t\t\t\t<p>Am Ende des Ausritts, wenn das Pferd sich ausruht, nehmen Sie dieses kompakte Ger\u00e4t mit den Ma\u00dfen 53,5\u00d732\u00d7121mm heraus, inhalieren Sie einen Zug der elektronischen Zigarette mit dem Geschmack von Wassermelone und Litschi und sp\u00fcren Sie den Atem des sommerlichen Obstgartens. Das ist eine andere Art, das Leben auf dem franz\u00f6sischen Land zu genie\u00dfen.<\/p><p>Ob Sie den Sonnenuntergang in der Provence oder am Rande der Weinberge im Loiretal beobachten, der JNR Falcon X 18000 Geschmacksrichtung Wassermelone Litschi ist die perfekte Wahl, um sich nach einem Spaziergang zu entspannen und die Seele baumeln zu lassen.<\/p>\t\t\t\t\t\t\t\t<\/div>\n\t\t\t\t<\/div>\n\t\t\t\t<\/div>\n\t\t\t\t\t<\/div>\n\t\t\t\t<\/div>\n\t\t\t\t<\/div>\n\t\t\t\t\t<\/details>\n\t\t\t\t\t<\/div>\n\t\t\t\t\t\t<\/div>\n\t\t\t\t<\/div>\n\t\t\t\t\t<\/div>\n\t\t\t\t<\/div>\n\t\t\t\t<\/div>","protected":false},"excerpt":{"rendered":"<p>Caract\u00e9ristiques du JNR Falcon 18K Watermelon Lychee: Bouff\u00e9es : Jusqu\u2019\u00e0 18000 bouff\u00e9es Liquide : 24 ml Taux de nicotine : 0 %, 2 %, 5 % R\u00e9sistance : 0.6 ohm Capacit\u00e9 de la batterie : 950 mAh Chargement : Type-C D\u00e9bit d\u2019air r\u00e9glable : Oui Affichage num\u00e9rique R\u00e9sistance double maille et double c\u0153ur Dimensions : [&hellip;]<\/p>\n","protected":false},"featured_media":1957,"comment_status":"open","ping_status":"closed","template":"","meta":{"site-sidebar-layout":"no-sidebar","site-content-layout":"page-builder","ast-site-content-layout":"normal-width-container","site-content-style":"default","site-sidebar-style":"default","ast-global-header-display":"","ast-banner-title-visibility":"","ast-main-header-display":"","ast-hfb-above-header-display":"","ast-hfb-below-header-display":"","ast-hfb-mobile-header-display":"","site-post-title":"disabled","ast-breadcrumbs-content":"","ast-featured-img":"disabled","footer-sml-layout":"","ast-disable-related-posts":"","theme-transparent-header-meta":"default","adv-header-id-meta":"","stick-header-meta":"default","header-above-stick-meta":"","header-main-stick-meta":"","header-below-stick-meta":"","astra-migrate-meta-layouts":"set","ast-page-background-enabled":"default","ast-page-background-meta":{"desktop":{"background-color":"","background-image":"","background-repeat":"repeat","background-position":"center center","background-size":"auto","background-attachment":"scroll","background-type":"","background-media":"","overlay-type":"","overlay-color":"","overlay-opacity":"","overlay-gradient":""},"tablet":{"background-color":"","background-image":"","background-repeat":"repeat","background-position":"center center","background-size":"auto","background-attachment":"scroll","background-type":"","background-media":"","overlay-type":"","overlay-color":"","overlay-opacity":"","overlay-gradient":""},"mobile":{"background-color":"","background-image":"","background-repeat":"repeat","background-position":"center center","background-size":"auto","background-attachment":"scroll","background-type":"","background-media":"","overlay-type":"","overlay-color":"","overlay-opacity":"","overlay-gradient":""}},"ast-content-background-meta":{"desktop":{"background-color":"var(--ast-global-color-5)","background-image":"","background-repeat":"repeat","background-position":"center center","background-size":"auto","background-attachment":"scroll","background-type":"","background-media":"","overlay-type":"","overlay-color":"","overlay-opacity":"","overlay-gradient":""},"tablet":{"background-color":"var(--ast-global-color-5)","background-image":"","background-repeat":"repeat","background-position":"center center","background-size":"auto","background-attachment":"scroll","background-type":"","background-media":"","overlay-type":"","overlay-color":"","overlay-opacity":"","overlay-gradient":""},"mobile":{"background-color":"var(--ast-global-color-5)","background-image":"","background-repeat":"repeat","background-position":"center center","background-size":"auto","background-attachment":"scroll","background-type":"","background-media":"","overlay-type":"","overlay-color":"","overlay-opacity":"","overlay-gradient":""}}},"product_brand":[30],"product_cat":[40,84,77,34,35,31],"product_tag":[],"class_list":{"0":"post-2099","1":"product","2":"type-product","3":"status-publish","4":"has-post-thumbnail","6":"product_brand-jnr","7":"product_cat-jnr-18k","8":"product_cat-puff-18k","9":"product_cat-entrepot-de-lue","10":"product_cat-puff-jnr","11":"product_cat-jnr-vape","12":"product_cat-jnr-falcon","13":"desktop-align-center","14":"tablet-align-center","15":"mobile-align-center","16":"ast-product-gallery-layout-horizontal","17":"ast-product-gallery-with-no-image","18":"ast-product-single-variable","19":"ast-product-tabs-layout-horizontal","20":"ast-qv-on-image","22":"first","23":"instock","24":"sale","25":"shipping-taxable","26":"purchasable","27":"product-type-variable","28":"has-default-attributes"},"tiered_pricing_type":"fixed","tiered_pricing_fixed_rules":{"30":10.08,"60":9.28,"100":8.13,"200":7.48,"500":7.28,"1000":6.98},"tiered_pricing_product_settings":{"layout":"default","base_unit_name":{"singular":null,"plural":null},"default_variation":null},"tiered_pricing_minimum_quantity":null,"tiered_pricing_roles_data":[],"tiered_pricing_percentage_rules":[],"_links":{"self":[{"href":"https:\/\/puffvapestore.com\/de\/wp-json\/wp\/v2\/product\/2099","targetHints":{"allow":["GET"]}}],"collection":[{"href":"https:\/\/puffvapestore.com\/de\/wp-json\/wp\/v2\/product"}],"about":[{"href":"https:\/\/puffvapestore.com\/de\/wp-json\/wp\/v2\/types\/product"}],"replies":[{"embeddable":true,"href":"https:\/\/puffvapestore.com\/de\/wp-json\/wp\/v2\/comments?post=2099"}],"version-history":[{"count":24,"href":"https:\/\/puffvapestore.com\/de\/wp-json\/wp\/v2\/product\/2099\/revisions"}],"predecessor-version":[{"id":13623,"href":"https:\/\/puffvapestore.com\/de\/wp-json\/wp\/v2\/product\/2099\/revisions\/13623"}],"wp:featuredmedia":[{"embeddable":true,"href":"https:\/\/puffvapestore.com\/de\/wp-json\/wp\/v2\/media\/1957"}],"wp:attachment":[{"href":"https:\/\/puffvapestore.com\/de\/wp-json\/wp\/v2\/media?parent=2099"}],"wp:term":[{"taxonomy":"product_brand","embeddable":true,"href":"https:\/\/puffvapestore.com\/de\/wp-json\/wp\/v2\/product_brand?post=2099"},{"taxonomy":"product_cat","embeddable":true,"href":"https:\/\/puffvapestore.com\/de\/wp-json\/wp\/v2\/product_cat?post=2099"},{"taxonomy":"product_tag","embeddable":true,"href":"https:\/\/puffvapestore.com\/de\/wp-json\/wp\/v2\/product_tag?post=2099"}],"curies":[{"name":"wp","href":"https:\/\/api.w.org\/{rel}","templated":true}]}}