{"id":2085,"date":"2025-04-14T23:21:37","date_gmt":"2025-04-14T23:21:37","guid":{"rendered":"https:\/\/puffvapestore.com\/?post_type=product&#038;p=2085"},"modified":"2026-01-19T10:37:33","modified_gmt":"2026-01-19T10:37:33","slug":"puff-18k-jnr-falcon-grape-ice","status":"publish","type":"product","link":"https:\/\/puffvapestore.com\/de\/product\/puff-18k-jnr-falcon-grape-ice\/","title":{"rendered":"Puff 18k JNR Falcon Grape Ice | JNR Falcon X 18000"},"content":{"rendered":"<div data-elementor-type=\"wp-post\" data-elementor-id=\"2085\" class=\"elementor elementor-2085\">\n\t\t\t\t<div class=\"elementor-element elementor-element-0277bfe e-flex e-con-boxed e-con e-parent\" data-id=\"0277bfe\" data-element_type=\"container\" data-e-type=\"container\">\n\t\t\t\t\t<div class=\"e-con-inner\">\n\t\t<div class=\"elementor-element elementor-element-a95596c e-con-full e-flex e-con e-child\" data-id=\"a95596c\" data-element_type=\"container\" data-e-type=\"container\">\n\t\t\t\t<div class=\"elementor-element elementor-element-2ebc479 elementor-widget__width-initial elementor-widget elementor-widget-text-editor\" data-id=\"2ebc479\" data-element_type=\"widget\" data-e-type=\"widget\" data-widget_type=\"text-editor.default\">\n\t\t\t\t<div class=\"elementor-widget-container\">\n\t\t\t\t\t\t\t\t\t<h2>Eigenschaften des JNR Falcon 18K Grape Ice:<\/h2><p>Z\u00fcge : Bis zu 18000 Z\u00fcge<br \/>Fl\u00fcssigkeit: 24 ml<br \/>Nikotinst\u00e4rke: 0 %, 2 %, 5 %<br \/>Widerstand: 0.6 Ohm<br \/>Akkukapazit\u00e4t: 950 mAh<br \/>Aufladen: Type-C<br \/>Einstellbarer Luftstrom: Ja<br \/>Digitale Anzeige<br \/>Doppelter Maschen- und Doppelkernwiderstand<br \/>Ma\u00dfe: 53,5 x 32 x 121 mm<\/p>\t\t\t\t\t\t\t\t<\/div>\n\t\t\t\t<\/div>\n\t\t\t\t<\/div>\n\t\t<div class=\"elementor-element elementor-element-806deee e-con-full e-flex e-con e-child\" data-id=\"806deee\" data-element_type=\"container\" data-e-type=\"container\">\n\t\t\t\t<div class=\"elementor-element elementor-element-4ba85f9 elementor-widget elementor-widget-image-gallery\" data-id=\"4ba85f9\" data-element_type=\"widget\" data-e-type=\"widget\" data-widget_type=\"image-gallery.default\">\n\t\t\t\t<div class=\"elementor-widget-container\">\n\t\t\t\t\t\t\t<div class=\"elementor-image-gallery\">\n\t\t\t<div id='gallery-1' class='gallery galleryid-2085 gallery-columns-1 gallery-size-medium_large'><figure class='gallery-item'>\n\t\t\t<div class='gallery-icon portrait'>\n\t\t\t\t<img fetchpriority=\"high\" decoding=\"async\" width=\"654\" height=\"690\" src=\"https:\/\/puffvapestore.com\/wp-content\/uploads\/2025\/04\/pvajf18000-16.jpg\" class=\"attachment-medium_large size-medium_large\" alt=\"JNR Falcon 18000 Grape Ice pvajf18000\" aria-describedby=\"gallery-1-1956\" srcset=\"https:\/\/puffvapestore.com\/wp-content\/uploads\/2025\/04\/pvajf18000-16.jpg 654w, https:\/\/puffvapestore.com\/wp-content\/uploads\/2025\/04\/pvajf18000-16-284x300.jpg 284w, https:\/\/puffvapestore.com\/wp-content\/uploads\/2025\/04\/pvajf18000-16-600x633.jpg 600w\" sizes=\"(max-width: 654px) 100vw, 654px\" \/>\n\t\t\t<\/div>\n\t\t\t\t<figcaption class='wp-caption-text gallery-caption' id='gallery-1-1956'>\n\t\t\t\tJNR Falcon 18000 Grape Ice pvajf18000\n\t\t\t\t<\/figcaption><\/figure>\n\t\t<\/div>\n\t\t<\/div>\n\t\t\t\t\t\t<\/div>\n\t\t\t\t<\/div>\n\t\t\t\t<\/div>\n\t\t\t\t\t<\/div>\n\t\t\t\t<\/div>\n\t\t<div class=\"elementor-element elementor-element-4bbb63a e-flex e-con-boxed e-con e-parent\" data-id=\"4bbb63a\" data-element_type=\"container\" data-e-type=\"container\">\n\t\t\t\t\t<div class=\"e-con-inner\">\n\t\t\t\t<div class=\"elementor-element elementor-element-bbef702 elementor-widget elementor-widget-n-accordion\" data-id=\"bbef702\" data-element_type=\"widget\" data-e-type=\"widget\" data-settings=\"{&quot;default_state&quot;:&quot;expanded&quot;,&quot;max_items_expended&quot;:&quot;one&quot;,&quot;n_accordion_animation_duration&quot;:{&quot;unit&quot;:&quot;ms&quot;,&quot;size&quot;:400,&quot;sizes&quot;:[]}}\" data-widget_type=\"nested-accordion.default\">\n\t\t\t\t<div class=\"elementor-widget-container\">\n\t\t\t\t\t\t\t<div class=\"e-n-accordion\" aria-label=\"Accordion (Akkordeon). \u00d6ffnen Sie Links mit Enter oder Space, schlie\u00dfen Sie mit Escape und navigieren Sie mit Arrow Keys.\">\n\t\t\t\t\t\t<details id=\"e-n-accordion-item-1970\" class=\"e-n-accordion-item\" open>\n\t\t\t\t<summary class=\"e-n-accordion-item-title\" data-accordion-index=\"1\" tabindex=\"0\" aria-expanded=\"true\" aria-controls=\"e-n-accordion-item-1970\" >\n\t\t\t\t\t<span class='e-n-accordion-item-title-header'><div class=\"e-n-accordion-item-title-text\"> Eigenschaften und Merkmale des JNR Falcon X 18K Grape Ice <\/div><\/span>\n\t\t\t\t\t\t\t<span class='e-n-accordion-item-title-icon'>\n\t\t\t<span class='e-opened' ><svg aria-hidden=\"true\" class=\"e-font-icon-svg e-fas-minus\" viewbox=\"0 0 448 512\" xmlns=\"http:\/\/www.w3.org\/2000\/svg\"><path d=\"M416 208H32c-17.67 0-32 14.33-32 32v32c0 17.67 14.33 32 32 32h384c17.67 0 32-14.33 32-32v-32c0-17.67-14.33-32-32-32z\"><\/path><\/svg><\/span>\n\t\t\t<span class='e-closed'><svg aria-hidden=\"true\" class=\"e-font-icon-svg e-fas-plus\" viewbox=\"0 0 448 512\" xmlns=\"http:\/\/www.w3.org\/2000\/svg\"><path d=\"M416 208H272V64c0-17.67-14.33-32-32-32h-32c-17.67 0-32 14.33-32 32v144H32c-17.67 0-32 14.33-32 32v32c0 17.67 14.33 32 32 32h144v144c0 17.67 14.33 32 32 32h32c17.67 0 32-14.33 32-32V304h144c17.67 0 32-14.33 32-32v-32c0-17.67-14.33-32-32-32z\"><\/path><\/svg><\/span>\n\t\t<\/span>\n\n\t\t\t\t\t\t<\/summary>\n\t\t\t\t<div role=\"region\" aria-labelledby=\"e-n-accordion-item-1970\" class=\"elementor-element elementor-element-e60b61e e-con-full e-flex e-con e-child\" data-id=\"e60b61e\" data-element_type=\"container\" data-e-type=\"container\">\n\t\t<div role=\"region\" aria-labelledby=\"e-n-accordion-item-1970\" class=\"elementor-element elementor-element-2a515a1 e-flex e-con-boxed e-con e-child\" data-id=\"2a515a1\" data-element_type=\"container\" data-e-type=\"container\">\n\t\t\t\t\t<div class=\"e-con-inner\">\n\t\t\t\t<div class=\"elementor-element elementor-element-b2fe0b4 elementor-widget elementor-widget-text-editor\" data-id=\"b2fe0b4\" data-element_type=\"widget\" data-e-type=\"widget\" data-widget_type=\"text-editor.default\">\n\t\t\t\t<div class=\"elementor-widget-container\">\n\t\t\t\t\t\t\t\t\t<h2>Gro\u00dfe Kapazit\u00e4t an E-Liquid f\u00fcr ein lang anhaltendes Erlebnis<\/h2><p>Die elektronische Zigarette JNR Falcon-X 18K bietet bis zu 18000 Z\u00fcge, was eine lange Nutzungsdauer ohne h\u00e4ufiges Wechseln des Ger\u00e4ts garantiert. Ob f\u00fcr den t\u00e4glichen Gebrauch oder auf Reisen, sie erf\u00fcllt Ihren h\u00e4ufigen Bedarf an E-Liquids und verbessert so Ihren Komfort und Ihre Praktikabilit\u00e4t erheblich.<\/p><p>Die gro\u00dfe Kapazit\u00e4t von 24 ml Liquid reduziert das h\u00e4ufige Nachf\u00fcllen erheblich, sodass Sie auch \u00fcber l\u00e4ngere Zeitr\u00e4ume ein reichhaltiges und cremiges Erlebnis genie\u00dfen k\u00f6nnen. Egal, ob Sie gelegentlich oder regelm\u00e4\u00dfig Liquids verwenden, dank seines langlebigen Designs m\u00fcssen Sie nicht st\u00e4ndig den F\u00fcllstand Ihrer E-Fl\u00fcssigkeit \u00fcberwachen.<\/p><h2>Verschiedene Nikotinst\u00e4rken, um Ihren Bed\u00fcrfnissen gerecht zu werden<\/h2><p>Die JNR Falcon-X 18K bietet drei Nikotinst\u00e4rken: 0 %, 2 % und 5 %, die so konzipiert sind, dass sie sich an Ihre Geschmacksvorlieben und Ihre Bed\u00fcrfnisse bei der Raucherentw\u00f6hnung anpassen. Ob Sie den reinen Geschmack von Null Nikotin bevorzugen oder einen moderaten Nikotingehalt suchen, Sie werden leicht die richtige Stufe f\u00fcr sich finden.<\/p><h2>Pr\u00e4zise digitale Anzeige f\u00fcr klare Informationen auf einen Blick<\/h2><p>Der JNR Falcon-X 18K verf\u00fcgt \u00fcber ein hochaufl\u00f6sendes digitales Display, das in Echtzeit wichtige Daten wie die Batterieladung und die verbleibende Menge an E-Fl\u00fcssigkeit anzeigt. Dadurch k\u00f6nnen die Benutzer den Status des Ger\u00e4ts klar \u00fcberwachen und unangenehme Situationen wie Stromausf\u00e4lle oder das Versiegen der E-Fl\u00fcssigkeit vermeiden. Die Benutzererfahrung wird verbessert und die Verwaltung und Wartung des Ger\u00e4ts vereinfacht.<\/p><p>Der integrierte Lithium-Ionen-Akku mit hoher Kapazit\u00e4t und 950 mAh erm\u00f6glicht eine l\u00e4ngere Nutzung, w\u00e4hrend der Typ-C-Schnellladeanschluss das Aufladen effizienter und bequemer macht. Ob bei der Arbeit, unterwegs oder im Alltag - die Ausgangsleistung bleibt konstant, sodass die Belastung durch h\u00e4ufiges Aufladen entf\u00e4llt.<\/p><h2>Einstellbarer Luftstrom f\u00fcr ein individuelles Inhalationserlebnis<\/h2><p>Das einzigartige System zur Regulierung des Luftstroms erm\u00f6glicht es den Benutzern, den Inhalationswiderstand nach ihren Vorlieben einzustellen. Egal, ob Sie einen festeren oder cremigeren Dampf bevorzugen, Sie k\u00f6nnen den Inhalationswiderstand ganz einfach anpassen, um das perfekte Dampferlebnis zu erhalten, das Ihnen zusagt.<\/p><p>Die JNR Falcon-X 18K verwendet eine fortschrittliche 0,6 Ohm Dual-Mesh- und Dual-Core-Widerstandstechnologie, die die Effizienz der Zerst\u00e4ubung und die Dampfdichte verbessert und einen reicheren und volleren Geschmack sowie ein sanfteres Inhalieren erm\u00f6glicht. Jeder Zug ist mit einem zarten, cremigen Rauch gef\u00fcllt und erf\u00fcllt die Bed\u00fcrfnisse von Musikliebhabern.<\/p>\t\t\t\t\t\t\t\t<\/div>\n\t\t\t\t<\/div>\n\t\t\t\t\t<\/div>\n\t\t\t\t<\/div>\n\t\t\t\t<\/div>\n\t\t\t\t\t<\/details>\n\t\t\t\t\t\t<details id=\"e-n-accordion-item-1971\" class=\"e-n-accordion-item\" >\n\t\t\t\t<summary class=\"e-n-accordion-item-title\" data-accordion-index=\"2\" tabindex=\"-1\" aria-expanded=\"false\" aria-controls=\"e-n-accordion-item-1971\" >\n\t\t\t\t\t<span class='e-n-accordion-item-title-header'><div class=\"e-n-accordion-item-title-text\"> Puff Grape Ice JNR Falcon X 18K <\/div><\/span>\n\t\t\t\t\t\t\t<span class='e-n-accordion-item-title-icon'>\n\t\t\t<span class='e-opened' ><svg aria-hidden=\"true\" class=\"e-font-icon-svg e-fas-minus\" viewbox=\"0 0 448 512\" xmlns=\"http:\/\/www.w3.org\/2000\/svg\"><path d=\"M416 208H32c-17.67 0-32 14.33-32 32v32c0 17.67 14.33 32 32 32h384c17.67 0 32-14.33 32-32v-32c0-17.67-14.33-32-32-32z\"><\/path><\/svg><\/span>\n\t\t\t<span class='e-closed'><svg aria-hidden=\"true\" class=\"e-font-icon-svg e-fas-plus\" viewbox=\"0 0 448 512\" xmlns=\"http:\/\/www.w3.org\/2000\/svg\"><path d=\"M416 208H272V64c0-17.67-14.33-32-32-32h-32c-17.67 0-32 14.33-32 32v144H32c-17.67 0-32 14.33-32 32v32c0 17.67 14.33 32 32 32h144v144c0 17.67 14.33 32 32 32h32c17.67 0 32-14.33 32-32V304h144c17.67 0 32-14.33 32-32v-32c0-17.67-14.33-32-32-32z\"><\/path><\/svg><\/span>\n\t\t<\/span>\n\n\t\t\t\t\t\t<\/summary>\n\t\t\t\t<div role=\"region\" aria-labelledby=\"e-n-accordion-item-1971\" class=\"elementor-element elementor-element-4dc98e2 e-con-full e-flex e-con e-child\" data-id=\"4dc98e2\" data-element_type=\"container\" data-e-type=\"container\">\n\t\t<div role=\"region\" aria-labelledby=\"e-n-accordion-item-1971\" class=\"elementor-element elementor-element-64e7604 e-flex e-con-boxed e-con e-child\" data-id=\"64e7604\" data-element_type=\"container\" data-e-type=\"container\">\n\t\t\t\t\t<div class=\"e-con-inner\">\n\t\t\t\t<div class=\"elementor-element elementor-element-55fd5fa elementor-widget elementor-widget-text-editor\" data-id=\"55fd5fa\" data-element_type=\"widget\" data-e-type=\"widget\" data-widget_type=\"text-editor.default\">\n\t\t\t\t<div class=\"elementor-widget-container\">\n\t\t\t\t\t\t\t\t\t<p>Im Entspannungsbereich der Universit\u00e4t Toulouse scheint das Sonnenlicht durch die Bl\u00e4tter der Sykomoren. Viele Studenten versammeln sich hier, um sich nach dem Ende ihrer Vorlesungen f\u00fcr einen Moment zu entspannen. Der Traubenfrostgeschmack der elektronischen Zigarette JNR Falcon X 18000 ist bei ihnen zu einer beliebten Wahl geworden.<\/p><p>Diese E-Zigarette mit Traubenfrost ist etwas ganz Besonderes. Sie hat eine reiche Traubens\u00fc\u00dfe und einen k\u00fchlen, erfrischenden Nachgeschmack, was an einem hei\u00dfen Nachmittag besonders erfrischend ist. Als ich sie in der Lounge der Universit\u00e4t Toulouse probierte, hatte ich das Gef\u00fchl, in jedem Zug die S\u00fc\u00dfe der Traube mit der Frische des Raureifs zu schmecken. Die Geschm\u00e4cker waren deutlich \u00fcberlagert und nicht monoton.<\/p><p>Die doppelmaschigen 0,6-Ohm-Spulen des JNR Falcon X haben wirklich gute Arbeit geleistet und den Geschmack des Grape Frost herausgearbeitet. Nachdem ich den Luftstrom angepasst hatte, erhielt ich das perfekte Ergebnis, nicht zu stark und nicht zu schwach. Die LED-Anzeige ist auch sehr praktisch, man kann immer sehen, wie viel Energie noch \u00fcbrig ist und wie viele Z\u00fcge man macht.<\/p>\t\t\t\t\t\t\t\t<\/div>\n\t\t\t\t<\/div>\n\t\t<div role=\"region\" aria-labelledby=\"e-n-accordion-item-1971\" class=\"elementor-element elementor-element-3c1fb34 e-con-full e-flex e-con e-child\" data-id=\"3c1fb34\" data-element_type=\"container\" data-e-type=\"container\">\n\t\t<div role=\"region\" aria-labelledby=\"e-n-accordion-item-1971\" class=\"elementor-element elementor-element-2b9d469 e-con-full e-flex e-con e-child\" data-id=\"2b9d469\" data-element_type=\"container\" data-e-type=\"container\">\n\t\t\t\t<div class=\"elementor-element elementor-element-aa46266 elementor-widget elementor-widget-image-gallery\" data-id=\"aa46266\" data-element_type=\"widget\" data-e-type=\"widget\" data-widget_type=\"image-gallery.default\">\n\t\t\t\t<div class=\"elementor-widget-container\">\n\t\t\t\t\t\t\t<div class=\"elementor-image-gallery\">\n\t\t\t<div id='gallery-1' class='gallery galleryid-2085 gallery-columns-1 gallery-size-medium_large'><figure class='gallery-item'>\n\t\t\t<div class='gallery-icon portrait'>\n\t\t\t\t<img fetchpriority=\"high\" decoding=\"async\" width=\"654\" height=\"690\" src=\"https:\/\/puffvapestore.com\/wp-content\/uploads\/2025\/04\/pvajf18000-16.jpg\" class=\"attachment-medium_large size-medium_large\" alt=\"JNR Falcon 18000 Grape Ice pvajf18000\" aria-describedby=\"gallery-1-1956\" srcset=\"https:\/\/puffvapestore.com\/wp-content\/uploads\/2025\/04\/pvajf18000-16.jpg 654w, https:\/\/puffvapestore.com\/wp-content\/uploads\/2025\/04\/pvajf18000-16-284x300.jpg 284w, https:\/\/puffvapestore.com\/wp-content\/uploads\/2025\/04\/pvajf18000-16-600x633.jpg 600w\" sizes=\"(max-width: 654px) 100vw, 654px\" \/>\n\t\t\t<\/div>\n\t\t\t\t<figcaption class='wp-caption-text gallery-caption' id='gallery-1-1956'>\n\t\t\t\tJNR Falcon 18000 Grape Ice pvajf18000\n\t\t\t\t<\/figcaption><\/figure>\n\t\t<\/div>\n\t\t<\/div>\n\t\t\t\t\t\t<\/div>\n\t\t\t\t<\/div>\n\t\t\t\t<\/div>\n\t\t<div role=\"region\" aria-labelledby=\"e-n-accordion-item-1971\" class=\"elementor-element elementor-element-d5f00b5 e-con-full e-flex e-con e-child\" data-id=\"d5f00b5\" data-element_type=\"container\" data-e-type=\"container\">\n\t\t\t\t<div class=\"elementor-element elementor-element-b3c274b elementor-widget__width-initial elementor-widget elementor-widget-text-editor\" data-id=\"b3c274b\" data-element_type=\"widget\" data-e-type=\"widget\" data-widget_type=\"text-editor.default\">\n\t\t\t\t<div class=\"elementor-widget-container\">\n\t\t\t\t\t\t\t\t\t<p>Was mich am meisten zufriedenstellt, ist die Laufzeit seiner Batterie. Die 18 000 Z\u00fcge und die Kapazit\u00e4t von 24 ml reichen f\u00fcr eine lange Zeit aus, und ich muss nicht bef\u00fcrchten, dass mir pl\u00f6tzlich die Zigaretten ausgehen. Der 950-mAh-Akku ist mit einem Typ-C-Ladeanschluss verbunden, sodass Sie ihn einfach aufladen und weiter verwenden k\u00f6nnen, w\u00e4hrend Sie \u00fcber Nacht in der Bibliothek lernen, was sehr praktisch ist.<\/p><p>Der Nikotingehalt von 2% ist f\u00fcr mich genau richtig, erfrischend, aber nicht zu stimulierend. Dies in der Lounge der Universit\u00e4t Toulouse zu rauchen, wird andere nicht mit dem stechenden Geruch herk\u00f6mmlicher Zigaretten bel\u00e4stigen, und Sie k\u00f6nnen die S\u00fc\u00dfe der Trauben und die Frische des Gels genie\u00dfen.<\/p>\t\t\t\t\t\t\t\t<\/div>\n\t\t\t\t<\/div>\n\t\t\t\t<\/div>\n\t\t\t\t<\/div>\n\t\t<div role=\"region\" aria-labelledby=\"e-n-accordion-item-1971\" class=\"elementor-element elementor-element-7926c6b e-con-full e-flex e-con e-child\" data-id=\"7926c6b\" data-element_type=\"container\" data-e-type=\"container\">\n\t\t\t\t<div class=\"elementor-element elementor-element-2b41948 elementor-widget elementor-widget-text-editor\" data-id=\"2b41948\" data-element_type=\"widget\" data-e-type=\"widget\" data-widget_type=\"text-editor.default\">\n\t\t\t\t<div class=\"elementor-widget-container\">\n\t\t\t\t\t\t\t\t\t<p>Insgesamt ist das JNR Falcon X 18000 Grape Frost eine gute Wahl, die sich besonders f\u00fcr den Einsatz in einer Campus-Umgebung eignet. Er vereint guten Geschmack, solide Leistung und eine hervorragende Akkulaufzeit mit einem eleganten Design. Wenn Sie den Geschmack von Trauben m\u00f6gen und sich ein erfrischendes Gef\u00fchl w\u00fcnschen, ist diese E-Zigarette einen Versuch wert.<\/p>\t\t\t\t\t\t\t\t<\/div>\n\t\t\t\t<\/div>\n\t\t\t\t<\/div>\n\t\t\t\t\t<\/div>\n\t\t\t\t<\/div>\n\t\t\t\t<\/div>\n\t\t\t\t\t<\/details>\n\t\t\t\t\t<\/div>\n\t\t\t\t\t\t<\/div>\n\t\t\t\t<\/div>\n\t\t\t\t\t<\/div>\n\t\t\t\t<\/div>\n\t\t\t\t<\/div>","protected":false},"excerpt":{"rendered":"<p>Caract\u00e9ristiques du JNR Falcon 18K Grape Ice: Bouff\u00e9es : Jusqu\u2019\u00e0 18000 bouff\u00e9es Liquide : 24 ml Taux de nicotine : 0 %, 2 %, 5 % R\u00e9sistance : 0.6 ohm Capacit\u00e9 de la batterie : 950 mAh Chargement : Type-C D\u00e9bit d\u2019air r\u00e9glable : Oui Affichage num\u00e9rique R\u00e9sistance double maille et double c\u0153ur Dimensions : [&hellip;]<\/p>\n","protected":false},"featured_media":1956,"comment_status":"open","ping_status":"closed","template":"","meta":{"site-sidebar-layout":"no-sidebar","site-content-layout":"page-builder","ast-site-content-layout":"normal-width-container","site-content-style":"default","site-sidebar-style":"default","ast-global-header-display":"","ast-banner-title-visibility":"","ast-main-header-display":"","ast-hfb-above-header-display":"","ast-hfb-below-header-display":"","ast-hfb-mobile-header-display":"","site-post-title":"disabled","ast-breadcrumbs-content":"","ast-featured-img":"disabled","footer-sml-layout":"","ast-disable-related-posts":"","theme-transparent-header-meta":"default","adv-header-id-meta":"","stick-header-meta":"default","header-above-stick-meta":"","header-main-stick-meta":"","header-below-stick-meta":"","astra-migrate-meta-layouts":"set","ast-page-background-enabled":"default","ast-page-background-meta":{"desktop":{"background-color":"","background-image":"","background-repeat":"repeat","background-position":"center center","background-size":"auto","background-attachment":"scroll","background-type":"","background-media":"","overlay-type":"","overlay-color":"","overlay-opacity":"","overlay-gradient":""},"tablet":{"background-color":"","background-image":"","background-repeat":"repeat","background-position":"center center","background-size":"auto","background-attachment":"scroll","background-type":"","background-media":"","overlay-type":"","overlay-color":"","overlay-opacity":"","overlay-gradient":""},"mobile":{"background-color":"","background-image":"","background-repeat":"repeat","background-position":"center center","background-size":"auto","background-attachment":"scroll","background-type":"","background-media":"","overlay-type":"","overlay-color":"","overlay-opacity":"","overlay-gradient":""}},"ast-content-background-meta":{"desktop":{"background-color":"var(--ast-global-color-5)","background-image":"","background-repeat":"repeat","background-position":"center center","background-size":"auto","background-attachment":"scroll","background-type":"","background-media":"","overlay-type":"","overlay-color":"","overlay-opacity":"","overlay-gradient":""},"tablet":{"background-color":"var(--ast-global-color-5)","background-image":"","background-repeat":"repeat","background-position":"center center","background-size":"auto","background-attachment":"scroll","background-type":"","background-media":"","overlay-type":"","overlay-color":"","overlay-opacity":"","overlay-gradient":""},"mobile":{"background-color":"var(--ast-global-color-5)","background-image":"","background-repeat":"repeat","background-position":"center center","background-size":"auto","background-attachment":"scroll","background-type":"","background-media":"","overlay-type":"","overlay-color":"","overlay-opacity":"","overlay-gradient":""}}},"product_brand":[30],"product_cat":[40,84,77,34,35],"product_tag":[],"class_list":{"0":"post-2085","1":"product","2":"type-product","3":"status-publish","4":"has-post-thumbnail","6":"product_brand-jnr","7":"product_cat-jnr-18k","8":"product_cat-puff-18k","9":"product_cat-entrepot-de-lue","10":"product_cat-puff-jnr","11":"product_cat-jnr-vape","12":"desktop-align-center","13":"tablet-align-center","14":"mobile-align-center","15":"ast-product-gallery-layout-horizontal","16":"ast-product-gallery-with-no-image","17":"ast-product-single-variable","18":"ast-product-tabs-layout-horizontal","19":"ast-qv-on-image","21":"first","22":"instock","23":"sale","24":"shipping-taxable","25":"purchasable","26":"product-type-variable","27":"has-default-attributes"},"tiered_pricing_type":"fixed","tiered_pricing_fixed_rules":{"30":10.08,"60":9.28,"100":8.13,"200":7.48,"500":7.28,"1000":6.98},"tiered_pricing_product_settings":{"layout":"default","base_unit_name":{"singular":null,"plural":null},"default_variation":null},"tiered_pricing_minimum_quantity":null,"tiered_pricing_roles_data":[],"tiered_pricing_percentage_rules":[],"_links":{"self":[{"href":"https:\/\/puffvapestore.com\/de\/wp-json\/wp\/v2\/product\/2085","targetHints":{"allow":["GET"]}}],"collection":[{"href":"https:\/\/puffvapestore.com\/de\/wp-json\/wp\/v2\/product"}],"about":[{"href":"https:\/\/puffvapestore.com\/de\/wp-json\/wp\/v2\/types\/product"}],"replies":[{"embeddable":true,"href":"https:\/\/puffvapestore.com\/de\/wp-json\/wp\/v2\/comments?post=2085"}],"version-history":[{"count":23,"href":"https:\/\/puffvapestore.com\/de\/wp-json\/wp\/v2\/product\/2085\/revisions"}],"predecessor-version":[{"id":13610,"href":"https:\/\/puffvapestore.com\/de\/wp-json\/wp\/v2\/product\/2085\/revisions\/13610"}],"wp:featuredmedia":[{"embeddable":true,"href":"https:\/\/puffvapestore.com\/de\/wp-json\/wp\/v2\/media\/1956"}],"wp:attachment":[{"href":"https:\/\/puffvapestore.com\/de\/wp-json\/wp\/v2\/media?parent=2085"}],"wp:term":[{"taxonomy":"product_brand","embeddable":true,"href":"https:\/\/puffvapestore.com\/de\/wp-json\/wp\/v2\/product_brand?post=2085"},{"taxonomy":"product_cat","embeddable":true,"href":"https:\/\/puffvapestore.com\/de\/wp-json\/wp\/v2\/product_cat?post=2085"},{"taxonomy":"product_tag","embeddable":true,"href":"https:\/\/puffvapestore.com\/de\/wp-json\/wp\/v2\/product_tag?post=2085"}],"curies":[{"name":"wp","href":"https:\/\/api.w.org\/{rel}","templated":true}]}}