{"id":2064,"date":"2025-04-14T15:42:47","date_gmt":"2025-04-14T15:42:47","guid":{"rendered":"https:\/\/puffvapestore.com\/?post_type=product&#038;p=2064"},"modified":"2026-01-19T10:37:34","modified_gmt":"2026-01-19T10:37:34","slug":"peach-ice-puff-jnr-falcon-18000","status":"publish","type":"product","link":"https:\/\/puffvapestore.com\/de\/product\/peach-ice-puff-jnr-falcon-18000\/","title":{"rendered":"Peach Ice Puff JNR Falcon X 18000"},"content":{"rendered":"<div data-elementor-type=\"wp-post\" data-elementor-id=\"2064\" class=\"elementor elementor-2064\">\n\t\t\t\t<div class=\"elementor-element elementor-element-2cf03b9 e-flex e-con-boxed e-con e-parent\" data-id=\"2cf03b9\" data-element_type=\"container\" data-e-type=\"container\">\n\t\t\t\t\t<div class=\"e-con-inner\">\n\t\t<div class=\"elementor-element elementor-element-6db255d e-con-full e-flex e-con e-child\" data-id=\"6db255d\" data-element_type=\"container\" data-e-type=\"container\">\n\t\t\t\t<div class=\"elementor-element elementor-element-50056a6 elementor-widget__width-initial elementor-widget elementor-widget-text-editor\" data-id=\"50056a6\" data-element_type=\"widget\" data-e-type=\"widget\" data-widget_type=\"text-editor.default\">\n\t\t\t\t<div class=\"elementor-widget-container\">\n\t\t\t\t\t\t\t\t\t<h2>Spezifikationen von JNR Falcon 18K Peach Ice:<\/h2><p>Z\u00fcge : Bis zu 18000 Z\u00fcge<br \/>Fl\u00fcssigkeit: 24 ml<br \/>Nikotinst\u00e4rke: 0 %, 2 %, 5 %<br \/>Widerstand: 0.6 Ohm<br \/>Akkukapazit\u00e4t: 950 mAh<br \/>Aufladen: Type-C<br \/>Einstellbarer Luftstrom: Ja<br \/>Digitale Anzeige<br \/>Doppelter Maschen- und Doppelkernwiderstand<br \/>Ma\u00dfe: 53,5 x 32 x 121 mm<\/p>\t\t\t\t\t\t\t\t<\/div>\n\t\t\t\t<\/div>\n\t\t\t\t<\/div>\n\t\t<div class=\"elementor-element elementor-element-8886b29 e-con-full e-flex e-con e-child\" data-id=\"8886b29\" data-element_type=\"container\" data-e-type=\"container\">\n\t\t\t\t<div class=\"elementor-element elementor-element-0835ed5 elementor-widget elementor-widget-image-gallery\" data-id=\"0835ed5\" data-element_type=\"widget\" data-e-type=\"widget\" data-widget_type=\"image-gallery.default\">\n\t\t\t\t<div class=\"elementor-widget-container\">\n\t\t\t\t\t\t\t<div class=\"elementor-image-gallery\">\n\t\t\t<div id='gallery-1' class='gallery galleryid-2064 gallery-columns-1 gallery-size-medium_large'><figure class='gallery-item'>\n\t\t\t<div class='gallery-icon portrait'>\n\t\t\t\t<img fetchpriority=\"high\" decoding=\"async\" width=\"654\" height=\"690\" src=\"https:\/\/puffvapestore.com\/wp-content\/uploads\/2025\/04\/pvajf18000-21.jpg\" class=\"attachment-medium_large size-medium_large\" alt=\"JNR Falcon 18k Peach Ice pvajf18000\" aria-describedby=\"gallery-1-1961\" srcset=\"https:\/\/puffvapestore.com\/wp-content\/uploads\/2025\/04\/pvajf18000-21.jpg 654w, https:\/\/puffvapestore.com\/wp-content\/uploads\/2025\/04\/pvajf18000-21-284x300.jpg 284w, https:\/\/puffvapestore.com\/wp-content\/uploads\/2025\/04\/pvajf18000-21-600x633.jpg 600w\" sizes=\"(max-width: 654px) 100vw, 654px\" \/>\n\t\t\t<\/div>\n\t\t\t\t<figcaption class='wp-caption-text gallery-caption' id='gallery-1-1961'>\n\t\t\t\tJNR Falcon 18k Peach Ice pvajf18000\n\t\t\t\t<\/figcaption><\/figure>\n\t\t<\/div>\n\t\t<\/div>\n\t\t\t\t\t\t<\/div>\n\t\t\t\t<\/div>\n\t\t\t\t<\/div>\n\t\t\t\t\t<\/div>\n\t\t\t\t<\/div>\n\t\t<div class=\"elementor-element elementor-element-977a593 e-flex e-con-boxed e-con e-parent\" data-id=\"977a593\" data-element_type=\"container\" data-e-type=\"container\">\n\t\t\t\t\t<div class=\"e-con-inner\">\n\t\t\t\t<div class=\"elementor-element elementor-element-b340fe9 elementor-widget elementor-widget-n-accordion\" data-id=\"b340fe9\" data-element_type=\"widget\" data-e-type=\"widget\" data-settings=\"{&quot;default_state&quot;:&quot;expanded&quot;,&quot;max_items_expended&quot;:&quot;one&quot;,&quot;n_accordion_animation_duration&quot;:{&quot;unit&quot;:&quot;ms&quot;,&quot;size&quot;:400,&quot;sizes&quot;:[]}}\" data-widget_type=\"nested-accordion.default\">\n\t\t\t\t<div class=\"elementor-widget-container\">\n\t\t\t\t\t\t\t<div class=\"e-n-accordion\" aria-label=\"Accordion (Akkordeon). \u00d6ffnen Sie Links mit Enter oder Space, schlie\u00dfen Sie mit Escape und navigieren Sie mit Arrow Keys.\">\n\t\t\t\t\t\t<details id=\"e-n-accordion-item-1870\" class=\"e-n-accordion-item\" open>\n\t\t\t\t<summary class=\"e-n-accordion-item-title\" data-accordion-index=\"1\" tabindex=\"0\" aria-expanded=\"true\" aria-controls=\"e-n-accordion-item-1870\" >\n\t\t\t\t\t<span class='e-n-accordion-item-title-header'><div class=\"e-n-accordion-item-title-text\"> Eigenschaften und Merkmale von JNR Falcon X 18K Peach Ice <\/div><\/span>\n\t\t\t\t\t\t\t<span class='e-n-accordion-item-title-icon'>\n\t\t\t<span class='e-opened' ><svg aria-hidden=\"true\" class=\"e-font-icon-svg e-fas-minus\" viewbox=\"0 0 448 512\" xmlns=\"http:\/\/www.w3.org\/2000\/svg\"><path d=\"M416 208H32c-17.67 0-32 14.33-32 32v32c0 17.67 14.33 32 32 32h384c17.67 0 32-14.33 32-32v-32c0-17.67-14.33-32-32-32z\"><\/path><\/svg><\/span>\n\t\t\t<span class='e-closed'><svg aria-hidden=\"true\" class=\"e-font-icon-svg e-fas-plus\" viewbox=\"0 0 448 512\" xmlns=\"http:\/\/www.w3.org\/2000\/svg\"><path d=\"M416 208H272V64c0-17.67-14.33-32-32-32h-32c-17.67 0-32 14.33-32 32v144H32c-17.67 0-32 14.33-32 32v32c0 17.67 14.33 32 32 32h144v144c0 17.67 14.33 32 32 32h32c17.67 0 32-14.33 32-32V304h144c17.67 0 32-14.33 32-32v-32c0-17.67-14.33-32-32-32z\"><\/path><\/svg><\/span>\n\t\t<\/span>\n\n\t\t\t\t\t\t<\/summary>\n\t\t\t\t<div role=\"region\" aria-labelledby=\"e-n-accordion-item-1870\" class=\"elementor-element elementor-element-7644e54 e-con-full e-flex e-con e-child\" data-id=\"7644e54\" data-element_type=\"container\" data-e-type=\"container\">\n\t\t<div role=\"region\" aria-labelledby=\"e-n-accordion-item-1870\" class=\"elementor-element elementor-element-e72d405 e-flex e-con-boxed e-con e-child\" data-id=\"e72d405\" data-element_type=\"container\" data-e-type=\"container\">\n\t\t\t\t\t<div class=\"e-con-inner\">\n\t\t\t\t<div class=\"elementor-element elementor-element-4c83baa elementor-widget elementor-widget-text-editor\" data-id=\"4c83baa\" data-element_type=\"widget\" data-e-type=\"widget\" data-widget_type=\"text-editor.default\">\n\t\t\t\t<div class=\"elementor-widget-container\">\n\t\t\t\t\t\t\t\t\t<h2>Gro\u00dfe Kapazit\u00e4t von 24 ml E-Fl\u00fcssigkeit<\/h2><p>Die elektronische Zigarette JNR Falcon-X 18K enth\u00e4lt 24 ml hochwertige E-Fl\u00fcssigkeit, was die Reichweite im Vergleich zu herk\u00f6mmlichen elektronischen Einwegzigaretten um ein Vielfaches erh\u00f6ht. Dank dieser gro\u00dfz\u00fcgigen Kapazit\u00e4t k\u00f6nnen Sie lang anhaltenden Dampf und Geschmack genie\u00dfen, ohne h\u00e4ufig nachf\u00fcllen zu m\u00fcssen oder Angst haben zu m\u00fcssen, dass Ihnen die Fl\u00fcssigkeit ausgeht, was sie ideal f\u00fcr lange Reisen oder Intensivnutzer macht.<\/p><h2>Bis zu 18000 Z\u00fcge<\/h2><p>Dank des optimierten Designs f\u00fcr die Atemwege und des effizienten Zerst\u00e4ubungsmechanismus bietet die JNR Falcon-X 18K bis zu 18000 Z\u00fcge. Ein einziges Ger\u00e4t entspricht mehreren herk\u00f6mmlichen elektronischen Einwegzigaretten zum Preis von einer, aber mit einer l\u00e4ngeren Lebensdauer.<\/p><p>Mit drei Nikotinst\u00e4rken: 0 %, 2 % und 5 %, haben Sie die Wahl aus einer breiten Palette an nikotinfreien Optionen, von einer leichten, nikotinfreien Erfahrung bis hin zu einer intensiven, befriedigenden Erfahrung. Egal, ob Sie Anf\u00e4nger sind, Ihre Dosierung kontrollieren wollen oder ein erfahrener Dampfer auf der Suche nach dem ultimativen Nikotinschub sind, Sie werden die perfekte Dosierung finden.<\/p><p>Der JNR Falcon-X 18K verf\u00fcgt \u00fcber eine 0,6 Ohm Dual-Core-Doppelmaschenkonstruktion f\u00fcr gleichm\u00e4\u00dfiges Aufheizen und effiziente Zerst\u00e4ubung, die einen reichen, cremigen Zug voller unverwechselbarer Aromen garantiert. Die Doppelmaschenstruktur verbessert nicht nur die Verfeinerung der Aromen, sondern bietet auch ein reichhaltigeres Dampfvolumen und damit ein Erlebnis, das mit dem von High-End-Ger\u00e4ten vergleichbar ist.<\/p><h2>Au\u00dfergew\u00f6hnlich lange Akkulaufzeit f\u00fcr entspanntes Dampfen<\/h2><p>Das JNR Falcon 18K ist mit einem hochdichten 950-mAh-Lithium-Ionen-Akku ausgestattet, der gen\u00fcgend Leistung f\u00fcr eine l\u00e4ngere Nutzung bietet. Dank der Type-C-Schnellladetechnologie l\u00e4dt er sich schnell und effizient auf, sodass Sie schnell von einem schwachen Akku zu einer vollen Ladung wechseln k\u00f6nnen. Egal, ob Sie zu Hause, im B\u00fcro oder unterwegs sind, Sie k\u00f6nnen fl\u00fcssig dampfen und die Sorge um den Akku beseitigen.<\/p><p>Ein digitales Miniaturdisplay zeigt die verbleibende Batterie- und E-Fl\u00fcssigkeitsmenge in Echtzeit an, sodass Sie sofort sehen k\u00f6nnen, wie es um das Ger\u00e4t bestellt ist. Schluss mit dem Frust, wenn pl\u00f6tzlich die Batterie oder die E-Fl\u00fcssigkeit ausgeht, und genie\u00dfen Sie ein ruhiges und angenehmes Dampfen.<\/p><h2>Einstellbares Luftstromsystem<\/h2><p>Die JNR Falcon-X 18K ist mit einem pr\u00e4zisen Luftstromregler ausgestattet, mit dem sich der Zugwiderstand leicht einstellen l\u00e4sst. So k\u00f6nnen Sie frei zwischen einem fl\u00fcssigen Direktzug (DL) und einem engen Zug (MTL) wechseln, um sich Ihren Rauchgewohnheiten und Geschmacksvorlieben anzupassen.<\/p>\t\t\t\t\t\t\t\t<\/div>\n\t\t\t\t<\/div>\n\t\t\t\t\t<\/div>\n\t\t\t\t<\/div>\n\t\t\t\t<\/div>\n\t\t\t\t\t<\/details>\n\t\t\t\t\t\t<details id=\"e-n-accordion-item-1871\" class=\"e-n-accordion-item\" >\n\t\t\t\t<summary class=\"e-n-accordion-item-title\" data-accordion-index=\"2\" tabindex=\"-1\" aria-expanded=\"false\" aria-controls=\"e-n-accordion-item-1871\" >\n\t\t\t\t\t<span class='e-n-accordion-item-title-header'><div class=\"e-n-accordion-item-title-text\"> Puff Peach Ice JNR Falcon X 18K <\/div><\/span>\n\t\t\t\t\t\t\t<span class='e-n-accordion-item-title-icon'>\n\t\t\t<span class='e-opened' ><svg aria-hidden=\"true\" class=\"e-font-icon-svg e-fas-minus\" viewbox=\"0 0 448 512\" xmlns=\"http:\/\/www.w3.org\/2000\/svg\"><path d=\"M416 208H32c-17.67 0-32 14.33-32 32v32c0 17.67 14.33 32 32 32h384c17.67 0 32-14.33 32-32v-32c0-17.67-14.33-32-32-32z\"><\/path><\/svg><\/span>\n\t\t\t<span class='e-closed'><svg aria-hidden=\"true\" class=\"e-font-icon-svg e-fas-plus\" viewbox=\"0 0 448 512\" xmlns=\"http:\/\/www.w3.org\/2000\/svg\"><path d=\"M416 208H272V64c0-17.67-14.33-32-32-32h-32c-17.67 0-32 14.33-32 32v144H32c-17.67 0-32 14.33-32 32v32c0 17.67 14.33 32 32 32h144v144c0 17.67 14.33 32 32 32h32c17.67 0 32-14.33 32-32V304h144c17.67 0 32-14.33 32-32v-32c0-17.67-14.33-32-32-32z\"><\/path><\/svg><\/span>\n\t\t<\/span>\n\n\t\t\t\t\t\t<\/summary>\n\t\t\t\t<div role=\"region\" aria-labelledby=\"e-n-accordion-item-1871\" class=\"elementor-element elementor-element-a5de9ac e-con-full e-flex e-con e-child\" data-id=\"a5de9ac\" data-element_type=\"container\" data-e-type=\"container\">\n\t\t<div role=\"region\" aria-labelledby=\"e-n-accordion-item-1871\" class=\"elementor-element elementor-element-71a5ecb e-flex e-con-boxed e-con e-child\" data-id=\"71a5ecb\" data-element_type=\"container\" data-e-type=\"container\">\n\t\t\t\t\t<div class=\"e-con-inner\">\n\t\t\t\t<div class=\"elementor-element elementor-element-55fd5fa elementor-widget elementor-widget-text-editor\" data-id=\"55fd5fa\" data-element_type=\"widget\" data-e-type=\"widget\" data-widget_type=\"text-editor.default\">\n\t\t\t\t<div class=\"elementor-widget-container\">\n\t\t\t\t\t\t\t\t\t<h2>Peach Ice: Eine neue Erfahrung mit E-Zigaretten auf franz\u00f6sische Art<\/h2><p>Der Geschmack dieser Einweg-elektronischen Zigarette JNR Falcon 18000 von Taozibing ist wirklich eing\u00e4ngig. Bei der ersten Benutzung wurde ich von seinem schlanken K\u00f6rper mit 53,5 \u00d7 32 \u00d7 121 mm angezogen. Er f\u00fchlte sich leicht und strukturiert in meiner Hand an.<\/p><p>Wenn Sie den ersten Zug inhalieren, breitet sich sofort das s\u00fc\u00dfe Aroma reifer Pfirsiche in Ihrem Mund aus, gefolgt von einem Hauch eines frischen eisigen Gef\u00fchls. Dieses \u00fcberlagernde Gef\u00fchl ist unglaublich! Ich pers\u00f6nlich finde, dass der Nikotingehalt von 2 % perfekt ist und den Leuten ein befriedigendes, aber nicht zu starkes Gef\u00fchl vermittelt. Am \u00fcberraschendsten ist das Doppelspulendesign aus Mesh. Der Widerstand von 0,6 Ohm sorgt daf\u00fcr, dass jeder Rauchzug einen reichen, vollen Geschmack und eine moderate Rauchmenge mit sich bringt, was besser ist als bei allen Einweg-e-Zigaretten, die ich bisher benutzt habe.<\/p>\t\t\t\t\t\t\t\t<\/div>\n\t\t\t\t<\/div>\n\t\t<div role=\"region\" aria-labelledby=\"e-n-accordion-item-1871\" class=\"elementor-element elementor-element-3c1fb34 e-con-full e-flex e-con e-child\" data-id=\"3c1fb34\" data-element_type=\"container\" data-e-type=\"container\">\n\t\t<div role=\"region\" aria-labelledby=\"e-n-accordion-item-1871\" class=\"elementor-element elementor-element-2b9d469 e-con-full e-flex e-con e-child\" data-id=\"2b9d469\" data-element_type=\"container\" data-e-type=\"container\">\n\t\t\t\t<div class=\"elementor-element elementor-element-aa46266 elementor-widget elementor-widget-image-gallery\" data-id=\"aa46266\" data-element_type=\"widget\" data-e-type=\"widget\" data-widget_type=\"image-gallery.default\">\n\t\t\t\t<div class=\"elementor-widget-container\">\n\t\t\t\t\t\t\t<div class=\"elementor-image-gallery\">\n\t\t\t<div id='gallery-1' class='gallery galleryid-2064 gallery-columns-1 gallery-size-medium_large'><figure class='gallery-item'>\n\t\t\t<div class='gallery-icon portrait'>\n\t\t\t\t<img fetchpriority=\"high\" decoding=\"async\" width=\"654\" height=\"690\" src=\"https:\/\/puffvapestore.com\/wp-content\/uploads\/2025\/04\/pvajf18000-21.jpg\" class=\"attachment-medium_large size-medium_large\" alt=\"JNR Falcon 18k Peach Ice pvajf18000\" aria-describedby=\"gallery-1-1961\" srcset=\"https:\/\/puffvapestore.com\/wp-content\/uploads\/2025\/04\/pvajf18000-21.jpg 654w, https:\/\/puffvapestore.com\/wp-content\/uploads\/2025\/04\/pvajf18000-21-284x300.jpg 284w, https:\/\/puffvapestore.com\/wp-content\/uploads\/2025\/04\/pvajf18000-21-600x633.jpg 600w\" sizes=\"(max-width: 654px) 100vw, 654px\" \/>\n\t\t\t<\/div>\n\t\t\t\t<figcaption class='wp-caption-text gallery-caption' id='gallery-1-1961'>\n\t\t\t\tJNR Falcon 18k Peach Ice pvajf18000\n\t\t\t\t<\/figcaption><\/figure>\n\t\t<\/div>\n\t\t<\/div>\n\t\t\t\t\t\t<\/div>\n\t\t\t\t<\/div>\n\t\t\t\t<\/div>\n\t\t<div role=\"region\" aria-labelledby=\"e-n-accordion-item-1871\" class=\"elementor-element elementor-element-d5f00b5 e-con-full e-flex e-con e-child\" data-id=\"d5f00b5\" data-element_type=\"container\" data-e-type=\"container\">\n\t\t\t\t<div class=\"elementor-element elementor-element-b3c274b elementor-widget__width-initial elementor-widget elementor-widget-text-editor\" data-id=\"b3c274b\" data-element_type=\"widget\" data-e-type=\"widget\" data-widget_type=\"text-editor.default\">\n\t\t\t\t<div class=\"elementor-widget-container\">\n\t\t\t\t\t\t\t\t\t<p>Vor ein paar Tagen fuhr ich mit dem Fernbus von Paris in die Provence und hielt an einer Rastst\u00e4tte an, um mir die Beine zu vertreten. Ich holte meine JNR Falcon heraus und nahm ein paar Z\u00fcge von der elektronischen Zigarette Peach Ice. Es f\u00fchlte sich so gut an! Die M\u00fcdigkeit verflog augenblicklich, die S\u00fc\u00dfe der Pfirsiche gemischt mit einem Hauch von Frische, gepaart mit der provenzalischen Landschaft au\u00dferhalb des Rastplatzes, es war ein unbeschreibliches Gef\u00fchl der Behaglichkeit.<\/p><p>Das praktischste Merkmal ist die digitale Anzeige, mit der Sie jederzeit sehen k\u00f6nnen, wie viele Z\u00fcge Zigaretten noch \u00fcbrig sind und wie viel Energie noch vorhanden ist, ohne sich um die Peinlichkeit k\u00fcmmern zu m\u00fcssen, dass Ihnen pl\u00f6tzlich die Energie ausgeht. Mit einem gro\u00dfen Fassungsverm\u00f6gen von 24 ml und einer Reichweite von 18 000 Z\u00fcgen m\u00fcssen Sie sich keine Sorgen machen, dass Ihnen im Urlaub die Zigaretten ausgehen. Au\u00dferdem kann sein Luftstrom von Ihnen selbst eingestellt werden. Sie k\u00f6nnen ihn je nach Vorliebe leichter oder st\u00e4rker machen.<\/p>\t\t\t\t\t\t\t\t<\/div>\n\t\t\t\t<\/div>\n\t\t\t\t<\/div>\n\t\t\t\t<\/div>\n\t\t<div role=\"region\" aria-labelledby=\"e-n-accordion-item-1871\" class=\"elementor-element elementor-element-7926c6b e-con-full e-flex e-con e-child\" data-id=\"7926c6b\" data-element_type=\"container\" data-e-type=\"container\">\n\t\t\t\t<div class=\"elementor-element elementor-element-2b41948 elementor-widget elementor-widget-text-editor\" data-id=\"2b41948\" data-element_type=\"widget\" data-e-type=\"widget\" data-widget_type=\"text-editor.default\">\n\t\t\t\t<div class=\"elementor-widget-container\">\n\t\t\t\t\t\t\t\t\t<p>Auch das Aufladen ist sehr praktisch. Sie k\u00f6nnen sich fast \u00fcberall ein Ladeger\u00e4t mit einer Type-C-Schnittstelle ausleihen, und der 950-mAh-Akku reicht lange. In Frankreich haben viele Menschen begonnen, die elektronische Zigarette in sozialen Situationen zu verwenden. Als sie die JNR Falcon auspacken, fragen viele einheimische Freunde neugierig, um welche Marke es sich handelt. Auch der Geschmack von Pfirsicheis kam gut an.<\/p><p>Wenn Sie eine Einweg-elektronische Zigarette mit langer Batterielebensdauer, gutem Geschmack und einfacher Bedienung wollen, ist die JNR Falcon 18000 Peach Ice auf jeden Fall einen Versuch wert. Ob f\u00fcr den t\u00e4glichen Gebrauch oder auf Reisen, sie wird Sie nicht im Stich lassen. Vor allem der Geschmack des Pfirsicheises, der s\u00fc\u00df, aber nicht fett, k\u00fchl, aber nicht kalt ist, und wirklich unvergesslich!<\/p>\t\t\t\t\t\t\t\t<\/div>\n\t\t\t\t<\/div>\n\t\t\t\t<\/div>\n\t\t\t\t\t<\/div>\n\t\t\t\t<\/div>\n\t\t\t\t<\/div>\n\t\t\t\t\t<\/details>\n\t\t\t\t\t<\/div>\n\t\t\t\t\t\t<\/div>\n\t\t\t\t<\/div>\n\t\t\t\t\t<\/div>\n\t\t\t\t<\/div>\n\t\t\t\t<\/div>","protected":false},"excerpt":{"rendered":"<p>Caract\u00e9ristiques du JNR Falcon 18K Peach Ice: Bouff\u00e9es : Jusqu\u2019\u00e0 18000 bouff\u00e9es Liquide : 24 ml Taux de nicotine : 0 %, 2 %, 5 % R\u00e9sistance : 0.6 ohm Capacit\u00e9 de la batterie : 950 mAh Chargement : Type-C D\u00e9bit d\u2019air r\u00e9glable : Oui Affichage num\u00e9rique R\u00e9sistance double maille et double c\u0153ur Dimensions : [&hellip;]<\/p>\n","protected":false},"featured_media":1961,"comment_status":"open","ping_status":"closed","template":"","meta":{"site-sidebar-layout":"no-sidebar","site-content-layout":"page-builder","ast-site-content-layout":"normal-width-container","site-content-style":"default","site-sidebar-style":"default","ast-global-header-display":"","ast-banner-title-visibility":"","ast-main-header-display":"","ast-hfb-above-header-display":"","ast-hfb-below-header-display":"","ast-hfb-mobile-header-display":"","site-post-title":"disabled","ast-breadcrumbs-content":"","ast-featured-img":"disabled","footer-sml-layout":"","ast-disable-related-posts":"","theme-transparent-header-meta":"default","adv-header-id-meta":"","stick-header-meta":"default","header-above-stick-meta":"","header-main-stick-meta":"","header-below-stick-meta":"","astra-migrate-meta-layouts":"set","ast-page-background-enabled":"default","ast-page-background-meta":{"desktop":{"background-color":"","background-image":"","background-repeat":"repeat","background-position":"center center","background-size":"auto","background-attachment":"scroll","background-type":"","background-media":"","overlay-type":"","overlay-color":"","overlay-opacity":"","overlay-gradient":""},"tablet":{"background-color":"","background-image":"","background-repeat":"repeat","background-position":"center center","background-size":"auto","background-attachment":"scroll","background-type":"","background-media":"","overlay-type":"","overlay-color":"","overlay-opacity":"","overlay-gradient":""},"mobile":{"background-color":"","background-image":"","background-repeat":"repeat","background-position":"center center","background-size":"auto","background-attachment":"scroll","background-type":"","background-media":"","overlay-type":"","overlay-color":"","overlay-opacity":"","overlay-gradient":""}},"ast-content-background-meta":{"desktop":{"background-color":"var(--ast-global-color-5)","background-image":"","background-repeat":"repeat","background-position":"center center","background-size":"auto","background-attachment":"scroll","background-type":"","background-media":"","overlay-type":"","overlay-color":"","overlay-opacity":"","overlay-gradient":""},"tablet":{"background-color":"var(--ast-global-color-5)","background-image":"","background-repeat":"repeat","background-position":"center center","background-size":"auto","background-attachment":"scroll","background-type":"","background-media":"","overlay-type":"","overlay-color":"","overlay-opacity":"","overlay-gradient":""},"mobile":{"background-color":"var(--ast-global-color-5)","background-image":"","background-repeat":"repeat","background-position":"center center","background-size":"auto","background-attachment":"scroll","background-type":"","background-media":"","overlay-type":"","overlay-color":"","overlay-opacity":"","overlay-gradient":""}}},"product_brand":[30],"product_cat":[40,84,77,34,35],"product_tag":[],"class_list":{"0":"post-2064","1":"product","2":"type-product","3":"status-publish","4":"has-post-thumbnail","6":"product_brand-jnr","7":"product_cat-jnr-18k","8":"product_cat-puff-18k","9":"product_cat-entrepot-de-lue","10":"product_cat-puff-jnr","11":"product_cat-jnr-vape","12":"desktop-align-center","13":"tablet-align-center","14":"mobile-align-center","15":"ast-product-gallery-layout-horizontal","16":"ast-product-gallery-with-no-image","17":"ast-product-single-variable","18":"ast-product-tabs-layout-horizontal","19":"ast-qv-on-image","21":"first","22":"instock","23":"sale","24":"shipping-taxable","25":"purchasable","26":"product-type-variable","27":"has-default-attributes"},"tiered_pricing_type":"fixed","tiered_pricing_fixed_rules":{"30":10.08,"60":9.28,"100":8.13,"200":7.48,"500":7.28,"1000":6.98},"tiered_pricing_product_settings":{"layout":"default","base_unit_name":{"singular":null,"plural":null},"default_variation":null},"tiered_pricing_minimum_quantity":null,"tiered_pricing_roles_data":[],"tiered_pricing_percentage_rules":[],"_links":{"self":[{"href":"https:\/\/puffvapestore.com\/de\/wp-json\/wp\/v2\/product\/2064","targetHints":{"allow":["GET"]}}],"collection":[{"href":"https:\/\/puffvapestore.com\/de\/wp-json\/wp\/v2\/product"}],"about":[{"href":"https:\/\/puffvapestore.com\/de\/wp-json\/wp\/v2\/types\/product"}],"replies":[{"embeddable":true,"href":"https:\/\/puffvapestore.com\/de\/wp-json\/wp\/v2\/comments?post=2064"}],"version-history":[{"count":22,"href":"https:\/\/puffvapestore.com\/de\/wp-json\/wp\/v2\/product\/2064\/revisions"}],"predecessor-version":[{"id":13613,"href":"https:\/\/puffvapestore.com\/de\/wp-json\/wp\/v2\/product\/2064\/revisions\/13613"}],"wp:featuredmedia":[{"embeddable":true,"href":"https:\/\/puffvapestore.com\/de\/wp-json\/wp\/v2\/media\/1961"}],"wp:attachment":[{"href":"https:\/\/puffvapestore.com\/de\/wp-json\/wp\/v2\/media?parent=2064"}],"wp:term":[{"taxonomy":"product_brand","embeddable":true,"href":"https:\/\/puffvapestore.com\/de\/wp-json\/wp\/v2\/product_brand?post=2064"},{"taxonomy":"product_cat","embeddable":true,"href":"https:\/\/puffvapestore.com\/de\/wp-json\/wp\/v2\/product_cat?post=2064"},{"taxonomy":"product_tag","embeddable":true,"href":"https:\/\/puffvapestore.com\/de\/wp-json\/wp\/v2\/product_tag?post=2064"}],"curies":[{"name":"wp","href":"https:\/\/api.w.org\/{rel}","templated":true}]}}