{"id":2022,"date":"2025-04-12T03:40:23","date_gmt":"2025-04-12T03:40:23","guid":{"rendered":"https:\/\/puffvapestore.com\/?post_type=product&#038;p=2022"},"modified":"2026-01-19T10:37:34","modified_gmt":"2026-01-19T10:37:34","slug":"puff-jnr-falcon-18k-sour-apple-ice","status":"publish","type":"product","link":"https:\/\/puffvapestore.com\/de\/product\/puff-jnr-falcon-18k-sour-apple-ice\/","title":{"rendered":"Puff JNR Falcon 18k Sour Apple Ice | JNR Falcon X 18000"},"content":{"rendered":"<div data-elementor-type=\"wp-post\" data-elementor-id=\"2022\" class=\"elementor elementor-2022\">\n\t\t\t\t<div class=\"elementor-element elementor-element-3c1fb34 e-flex e-con-boxed e-con e-parent\" data-id=\"3c1fb34\" data-element_type=\"container\" data-e-type=\"container\">\n\t\t\t\t\t<div class=\"e-con-inner\">\n\t\t<div class=\"elementor-element elementor-element-d5f00b5 e-con-full e-flex e-con e-child\" data-id=\"d5f00b5\" data-element_type=\"container\" data-e-type=\"container\">\n\t\t\t\t<div class=\"elementor-element elementor-element-b3c274b elementor-widget__width-initial elementor-widget elementor-widget-text-editor\" data-id=\"b3c274b\" data-element_type=\"widget\" data-e-type=\"widget\" data-widget_type=\"text-editor.default\">\n\t\t\t\t<div class=\"elementor-widget-container\">\n\t\t\t\t\t\t\t\t\t<h2>Eigenschaften des JNR Falcon 18K Sour Apple Ice:<\/h2><p>Z\u00fcge : Bis zu 18000 Z\u00fcge<br \/>Fl\u00fcssigkeit: 24 ml<br \/>Nikotinst\u00e4rke: 0 %, 2 %, 5 %<br \/>Widerstand: 0.6 Ohm<br \/>Akkukapazit\u00e4t: 950 mAh<br \/>Aufladen: Type-C<br \/>Einstellbarer Luftstrom: Ja<br \/>Digitale Anzeige<br \/>Doppelter Maschen- und Doppelkernwiderstand<br \/>Ma\u00dfe: 53,5 x 32 x 121 mm<\/p>\t\t\t\t\t\t\t\t<\/div>\n\t\t\t\t<\/div>\n\t\t\t\t<\/div>\n\t\t<div class=\"elementor-element elementor-element-2b9d469 e-con-full e-flex e-con e-child\" data-id=\"2b9d469\" data-element_type=\"container\" data-e-type=\"container\">\n\t\t\t\t<div class=\"elementor-element elementor-element-aa46266 elementor-widget elementor-widget-image-gallery\" data-id=\"aa46266\" data-element_type=\"widget\" data-e-type=\"widget\" data-widget_type=\"image-gallery.default\">\n\t\t\t\t<div class=\"elementor-widget-container\">\n\t\t\t\t\t\t\t<div class=\"elementor-image-gallery\">\n\t\t\t<div id='gallery-1' class='gallery galleryid-2022 gallery-columns-1 gallery-size-medium_large'><figure class='gallery-item'>\n\t\t\t<div class='gallery-icon portrait'>\n\t\t\t\t<img fetchpriority=\"high\" decoding=\"async\" width=\"654\" height=\"690\" src=\"https:\/\/puffvapestore.com\/wp-content\/uploads\/2025\/04\/pvajf18000-22.jpg\" class=\"attachment-medium_large size-medium_large\" alt=\"JNR Falcon 18k Sour Apple Ice pvajf18000\" aria-describedby=\"gallery-1-1962\" srcset=\"https:\/\/puffvapestore.com\/wp-content\/uploads\/2025\/04\/pvajf18000-22.jpg 654w, https:\/\/puffvapestore.com\/wp-content\/uploads\/2025\/04\/pvajf18000-22-284x300.jpg 284w, https:\/\/puffvapestore.com\/wp-content\/uploads\/2025\/04\/pvajf18000-22-600x633.jpg 600w\" sizes=\"(max-width: 654px) 100vw, 654px\" \/>\n\t\t\t<\/div>\n\t\t\t\t<figcaption class='wp-caption-text gallery-caption' id='gallery-1-1962'>\n\t\t\t\tJNR Falcon 18k Sour Apple Ice pvajf18000\n\t\t\t\t<\/figcaption><\/figure>\n\t\t<\/div>\n\t\t<\/div>\n\t\t\t\t\t\t<\/div>\n\t\t\t\t<\/div>\n\t\t\t\t<\/div>\n\t\t\t\t\t<\/div>\n\t\t\t\t<\/div>\n\t\t<div class=\"elementor-element elementor-element-28b6058 e-flex e-con-boxed e-con e-parent\" data-id=\"28b6058\" data-element_type=\"container\" data-e-type=\"container\">\n\t\t\t\t\t<div class=\"e-con-inner\">\n\t\t\t\t<div class=\"elementor-element elementor-element-518b9cf elementor-widget elementor-widget-n-accordion\" data-id=\"518b9cf\" data-element_type=\"widget\" data-e-type=\"widget\" data-settings=\"{&quot;default_state&quot;:&quot;expanded&quot;,&quot;max_items_expended&quot;:&quot;one&quot;,&quot;n_accordion_animation_duration&quot;:{&quot;unit&quot;:&quot;ms&quot;,&quot;size&quot;:400,&quot;sizes&quot;:[]}}\" data-widget_type=\"nested-accordion.default\">\n\t\t\t\t<div class=\"elementor-widget-container\">\n\t\t\t\t\t\t\t<div class=\"e-n-accordion\" aria-label=\"Accordion (Akkordeon). \u00d6ffnen Sie Links mit Enter oder Space, schlie\u00dfen Sie mit Escape und navigieren Sie mit Arrow Keys.\">\n\t\t\t\t\t\t<details id=\"e-n-accordion-item-8550\" class=\"e-n-accordion-item\" open>\n\t\t\t\t<summary class=\"e-n-accordion-item-title\" data-accordion-index=\"1\" tabindex=\"0\" aria-expanded=\"true\" aria-controls=\"e-n-accordion-item-8550\" >\n\t\t\t\t\t<span class='e-n-accordion-item-title-header'><div class=\"e-n-accordion-item-title-text\"> Eigenschaften und Funktionen des JNR Falcon X 18K Sour Apple Ice <\/div><\/span>\n\t\t\t\t\t\t\t<span class='e-n-accordion-item-title-icon'>\n\t\t\t<span class='e-opened' ><svg aria-hidden=\"true\" class=\"e-font-icon-svg e-fas-minus\" viewbox=\"0 0 448 512\" xmlns=\"http:\/\/www.w3.org\/2000\/svg\"><path d=\"M416 208H32c-17.67 0-32 14.33-32 32v32c0 17.67 14.33 32 32 32h384c17.67 0 32-14.33 32-32v-32c0-17.67-14.33-32-32-32z\"><\/path><\/svg><\/span>\n\t\t\t<span class='e-closed'><svg aria-hidden=\"true\" class=\"e-font-icon-svg e-fas-plus\" viewbox=\"0 0 448 512\" xmlns=\"http:\/\/www.w3.org\/2000\/svg\"><path d=\"M416 208H272V64c0-17.67-14.33-32-32-32h-32c-17.67 0-32 14.33-32 32v144H32c-17.67 0-32 14.33-32 32v32c0 17.67 14.33 32 32 32h144v144c0 17.67 14.33 32 32 32h32c17.67 0 32-14.33 32-32V304h144c17.67 0 32-14.33 32-32v-32c0-17.67-14.33-32-32-32z\"><\/path><\/svg><\/span>\n\t\t<\/span>\n\n\t\t\t\t\t\t<\/summary>\n\t\t\t\t<div role=\"region\" aria-labelledby=\"e-n-accordion-item-8550\" class=\"elementor-element elementor-element-3556f13 e-con-full e-flex e-con e-child\" data-id=\"3556f13\" data-element_type=\"container\" data-e-type=\"container\">\n\t\t<div role=\"region\" aria-labelledby=\"e-n-accordion-item-8550\" class=\"elementor-element elementor-element-928a202 e-flex e-con-boxed e-con e-child\" data-id=\"928a202\" data-element_type=\"container\" data-e-type=\"container\">\n\t\t\t\t\t<div class=\"e-con-inner\">\n\t\t\t\t<div class=\"elementor-element elementor-element-be1c2a2 elementor-widget elementor-widget-text-editor\" data-id=\"be1c2a2\" data-element_type=\"widget\" data-e-type=\"widget\" data-widget_type=\"text-editor.default\">\n\t\t\t\t<div class=\"elementor-widget-container\">\n\t\t\t\t\t\t\t\t\t<h2>Ultralange Akkulaufzeit und hohe Kapazit\u00e4t<\/h2><p>Das JNR Falcon-X 18K ist mit einem 950-mAh-Lithium-Ionen-Akku mit hoher Dichte und einem optimierten Energiemanagementsystem ausgestattet, das bei jedem Ladevorgang eine l\u00e4ngere Laufzeit garantiert. Selbst Vielnutzer k\u00f6nnen es bequem den ganzen Tag lang verwenden, ohne es h\u00e4ufig aufladen zu m\u00fcssen. Der Typ-C-Schnellladeanschluss sorgt f\u00fcr ein schnelles, zuverl\u00e4ssiges und sicheres Aufladen, sodass Sie das Ger\u00e4t schnell wieder aufladen k\u00f6nnen.<\/p><h2>Gro\u00dfes Reservoir von 24 ml<\/h2><p>Eine einzelne JNR Falcon-X 18K bietet bis zu 18000 Z\u00fcge und damit eine weitaus l\u00e4ngere Lebensdauer als eine herk\u00f6mmliche elektronische Einwegzigarette. Ob f\u00fcr den t\u00e4glichen Gebrauch oder f\u00fcr lange Fahrten, dieses Ger\u00e4t bietet ein gleichbleibendes Geschmackserlebnis, macht h\u00e4ufiges Auswechseln \u00fcberfl\u00fcssig und sorgt f\u00fcr lang anhaltenden Genuss.<\/p><p>Das 24-ml-Reservoir erm\u00f6glicht eine l\u00e4ngere Nutzung. Das ist ein praktischer Vorteil f\u00fcr diejenigen, die viel reisen oder h\u00e4ufiges Nachf\u00fcllen vermeiden m\u00f6chten. Der gro\u00dfe E-Fl\u00fcssigkeitstank verringert au\u00dferdem das Risiko, dass der Widerstand des Zerst\u00e4ubers trocken verbrennt, und sorgt so f\u00fcr einen gleichbleibenden Geschmack.<\/p><h2>Mehrere Nikotinst\u00e4rken<\/h2><p>Der JNR Falcon-X 18K bietet drei Nikotinst\u00e4rken: 0 %, 2 % und 5 %, die unterschiedlichen Dampferbed\u00fcrfnissen gerecht werden, von einem leichten Geschmack ohne Nikotin bis hin zu einem starken Hit im Hals. Egal, ob Sie ein Neuling beim Dampfen sind oder ein erfahrener Nutzer auf der Suche nach einer befriedigenderen Erfahrung, Sie werden die Geschmacksl\u00f6sung finden, die zu Ihnen passt.<\/p><h2>Doppelte Maschenkonstruktion + doppeltes Herz<\/h2><p>Der JNR Falcon-X 18K verwendet ein doppeltes Maschenheizsystem mit einem Doppelkernwiderstand f\u00fcr eine gleichm\u00e4\u00dfigere Erw\u00e4rmung und einen verfeinerten Dampf. Diese Doppelmaschenstruktur erw\u00e4rmt die E-Fl\u00fcssigkeit gleichm\u00e4\u00dfig und sofort, wodurch eine lokale \u00dcberhitzung minimiert wird. Die Doppelkernkonstruktion sorgt f\u00fcr eine l\u00e4ngere Lebensdauer des Widerstandes und ein konstanteres Aromaprofil. Genie\u00dfen Sie mit jedem Zug ein reichhaltiges Aroma und cremigen Dampf.<\/p><p>Der JNR Falcon-X 18K ist mit einem 0,6-Ohm-Widerstand mit geringem Luftwiderstand ausgestattet, der ein perfektes Gleichgewicht zwischen Geschmack und Dampfvolumen bietet. Diese Konstruktion mit geringem Luftwiderstand bietet ein gr\u00f6\u00dferes Dampfvolumen und einen weicheren Zug, was ideal f\u00fcr die direkte Lungeninhalation ist. Sie erm\u00f6glicht au\u00dferdem einen einstellbaren Luftstrom f\u00fcr die Mund-zu-Mund-Beatmung und bietet so ein individuelleres Erlebnis.<\/p><h2>Design mit einstellbarem Luftstrom<\/h2><p>Der JNR Falcon-X 18K verf\u00fcgt \u00fcber ein einstellbares Luftstromsystem, das es dem Benutzer erm\u00f6glicht, je nach Vorliebe frei zwischen dem direkten Lungenmodus mit hohem Dampf und dem engen Mund-zu-Mund-Modus zu wechseln. Ob Sie nun eine sanfte, luftige Inhalation oder einen reichhaltigen, konzentrierten Hit im Hals bevorzugen, Sie k\u00f6nnen ganz einfach die Einstellung finden, die Ihnen am angenehmsten ist.<\/p><p>Das eingebaute hochaufl\u00f6sende Digitaldisplay zeigt den Batterie- und E-Fl\u00fcssigkeitsstand in Echtzeit an, sodass Sie den Status des Ger\u00e4ts mit einem Blick klar \u00fcberwachen k\u00f6nnen und unerwartete Stromausf\u00e4lle oder Trockenbr\u00e4nde vermieden werden k\u00f6nnen. Die intuitiven visuellen Informationen sorgen f\u00fcr eine sicherere und gelassenere Nutzung.<\/p><p>Mit den Ma\u00dfen 53,5 \u00d7 32 \u00d7 121 mm verf\u00fcgt der JNR Falcon-X 18K \u00fcber einen Akku und einen Tank mit hoher Kapazit\u00e4t und bietet gleichzeitig einen komfortablen Griff und eine hohe Tragbarkeit. Ob in der Hosentasche oder in der Handtasche, er passt problemlos hinein und bietet Ihnen ein hochwertiges Dampferlebnis, wo immer Sie auch sind.<\/p><p>Der JNR Falcon-X 18K hat ein schlichtes Design mit ergonomischen Kurven. Seine Oberfl\u00e4chenbehandlung ist sowohl verschlei\u00dffest als auch rutschfest und sorgt so f\u00fcr ein angenehmes Tragegef\u00fchl. Seine minimalistischen, hochwertigen Farben und die liebevollen Details machen ihn zu mehr als nur einer elektronischen Zigarette - zu einem eleganten Accessoire, das Sie \u00fcberallhin mitnehmen k\u00f6nnen.<\/p>\t\t\t\t\t\t\t\t<\/div>\n\t\t\t\t<\/div>\n\t\t\t\t\t<\/div>\n\t\t\t\t<\/div>\n\t\t\t\t<\/div>\n\t\t\t\t\t<\/details>\n\t\t\t\t\t\t<details id=\"e-n-accordion-item-8551\" class=\"e-n-accordion-item\" >\n\t\t\t\t<summary class=\"e-n-accordion-item-title\" data-accordion-index=\"2\" tabindex=\"-1\" aria-expanded=\"false\" aria-controls=\"e-n-accordion-item-8551\" >\n\t\t\t\t\t<span class='e-n-accordion-item-title-header'><div class=\"e-n-accordion-item-title-text\"> Puff Sour Apple Ice JNR Falcon X 18K <\/div><\/span>\n\t\t\t\t\t\t\t<span class='e-n-accordion-item-title-icon'>\n\t\t\t<span class='e-opened' ><svg aria-hidden=\"true\" class=\"e-font-icon-svg e-fas-minus\" viewbox=\"0 0 448 512\" xmlns=\"http:\/\/www.w3.org\/2000\/svg\"><path d=\"M416 208H32c-17.67 0-32 14.33-32 32v32c0 17.67 14.33 32 32 32h384c17.67 0 32-14.33 32-32v-32c0-17.67-14.33-32-32-32z\"><\/path><\/svg><\/span>\n\t\t\t<span class='e-closed'><svg aria-hidden=\"true\" class=\"e-font-icon-svg e-fas-plus\" viewbox=\"0 0 448 512\" xmlns=\"http:\/\/www.w3.org\/2000\/svg\"><path d=\"M416 208H272V64c0-17.67-14.33-32-32-32h-32c-17.67 0-32 14.33-32 32v144H32c-17.67 0-32 14.33-32 32v32c0 17.67 14.33 32 32 32h144v144c0 17.67 14.33 32 32 32h32c17.67 0 32-14.33 32-32V304h144c17.67 0 32-14.33 32-32v-32c0-17.67-14.33-32-32-32z\"><\/path><\/svg><\/span>\n\t\t<\/span>\n\n\t\t\t\t\t\t<\/summary>\n\t\t\t\t<div role=\"region\" aria-labelledby=\"e-n-accordion-item-8551\" class=\"elementor-element elementor-element-7b6c483 e-con-full e-flex e-con e-child\" data-id=\"7b6c483\" data-element_type=\"container\" data-e-type=\"container\">\n\t\t<div role=\"region\" aria-labelledby=\"e-n-accordion-item-8551\" class=\"elementor-element elementor-element-278dca9 e-flex e-con-boxed e-con e-child\" data-id=\"278dca9\" data-element_type=\"container\" data-e-type=\"container\">\n\t\t\t\t\t<div class=\"e-con-inner\">\n\t\t\t\t<div class=\"elementor-element elementor-element-55fd5fa elementor-widget elementor-widget-text-editor\" data-id=\"55fd5fa\" data-element_type=\"widget\" data-e-type=\"widget\" data-widget_type=\"text-editor.default\">\n\t\t\t\t<div class=\"elementor-widget-container\">\n\t\t\t\t\t\t\t\t\t<p>Im Sommer in Paris scheint die Sonne auf die Seine und die Stadt ist voller Vitalit\u00e4t, aber extrem gesch\u00e4ftig. F\u00fcr viele franz\u00f6sische B\u00fcroangestellte sind die wenigen Minuten, bevor sie nach einem anstrengenden Arbeitstag nach Hause gehen, ein seltener Moment der Erholung.<\/p><p>Der Geschmack Sour Apple Ice der elektronischen Zigarette JNR Falcon 18000 ist f\u00fcr Momente wie diesen gemacht. Neben dem Auto stehend nahm ich einen Zug an der Zigarette, und der s\u00fc\u00df-saure Geschmack des gr\u00fcnen Apfels bl\u00fchte sofort in meinem Mund auf, gefolgt von einer leichten K\u00fchle, die sich von meiner Zungenspitze bis zu meiner Kehle erstreckte. Dieses Gef\u00fchl ist wie ein Biss in einen eiskalten Apfelsaft, erfrischend und entspannend.<\/p><p>Der gr\u00f6\u00dfte Vorteil dieser E-Zigarette ist ihre Langlebigkeit. Die gro\u00dfe Kapazit\u00e4t von 18.000 Z\u00fcgen bedeutet, dass Sie sich keine Sorgen um h\u00e4ufiges Auswechseln machen m\u00fcssen, und die 24 ml E-Fl\u00fcssigkeit reichen aus, um mehrere Wochen t\u00e4glichen Gebrauchs zu \u00fcberstehen. Als Verkaufsleiter, der h\u00e4ufig zwischen Paris und Lyon reist, sch\u00e4tze ich das Sortiment besonders. Untersch\u00e4tzen Sie nicht die Kapazit\u00e4t des 950-mAh-Akkus. Mit der Lademethode Typ C k\u00f6nnen Sie den Akku jederzeit aufladen, auch w\u00e4hrend einer Langstreckenfahrt.<\/p>\t\t\t\t\t\t\t\t<\/div>\n\t\t\t\t<\/div>\n\t\t<div role=\"region\" aria-labelledby=\"e-n-accordion-item-8551\" class=\"elementor-element elementor-element-fcfdbde e-con-full e-flex e-con e-child\" data-id=\"fcfdbde\" data-element_type=\"container\" data-e-type=\"container\">\n\t\t<div role=\"region\" aria-labelledby=\"e-n-accordion-item-8551\" class=\"elementor-element elementor-element-94b2a6b e-con-full e-flex e-con e-child\" data-id=\"94b2a6b\" data-element_type=\"container\" data-e-type=\"container\">\n\t\t\t\t<div class=\"elementor-element elementor-element-3bb21ea elementor-widget elementor-widget-image-gallery\" data-id=\"3bb21ea\" data-element_type=\"widget\" data-e-type=\"widget\" data-widget_type=\"image-gallery.default\">\n\t\t\t\t<div class=\"elementor-widget-container\">\n\t\t\t\t\t\t\t<div class=\"elementor-image-gallery\">\n\t\t\t<div id='gallery-1' class='gallery galleryid-2022 gallery-columns-1 gallery-size-medium_large'><figure class='gallery-item'>\n\t\t\t<div class='gallery-icon portrait'>\n\t\t\t\t<img fetchpriority=\"high\" decoding=\"async\" width=\"654\" height=\"690\" src=\"https:\/\/puffvapestore.com\/wp-content\/uploads\/2025\/04\/pvajf18000-22.jpg\" class=\"attachment-medium_large size-medium_large\" alt=\"JNR Falcon 18k Sour Apple Ice pvajf18000\" aria-describedby=\"gallery-1-1962\" srcset=\"https:\/\/puffvapestore.com\/wp-content\/uploads\/2025\/04\/pvajf18000-22.jpg 654w, https:\/\/puffvapestore.com\/wp-content\/uploads\/2025\/04\/pvajf18000-22-284x300.jpg 284w, https:\/\/puffvapestore.com\/wp-content\/uploads\/2025\/04\/pvajf18000-22-600x633.jpg 600w\" sizes=\"(max-width: 654px) 100vw, 654px\" \/>\n\t\t\t<\/div>\n\t\t\t\t<figcaption class='wp-caption-text gallery-caption' id='gallery-1-1962'>\n\t\t\t\tJNR Falcon 18k Sour Apple Ice pvajf18000\n\t\t\t\t<\/figcaption><\/figure>\n\t\t<\/div>\n\t\t<\/div>\n\t\t\t\t\t\t<\/div>\n\t\t\t\t<\/div>\n\t\t\t\t<\/div>\n\t\t<div role=\"region\" aria-labelledby=\"e-n-accordion-item-8551\" class=\"elementor-element elementor-element-9b86ae6 e-con-full e-flex e-con e-child\" data-id=\"9b86ae6\" data-element_type=\"container\" data-e-type=\"container\">\n\t\t\t\t<div class=\"elementor-element elementor-element-756979a elementor-widget__width-initial elementor-widget elementor-widget-text-editor\" data-id=\"756979a\" data-element_type=\"widget\" data-e-type=\"widget\" data-widget_type=\"text-editor.default\">\n\t\t\t\t<div class=\"elementor-widget-container\">\n\t\t\t\t\t\t\t\t\t<p>Der Sour Apple Ice-Geschmack ist dank des 0,6-Ohm-Dual-Mesh-Spulendesigns des JNR Falcon 18000 sehr ausdrucksstark. Im Gegensatz zu anderen Produkten auf dem Markt kann diese Doppelkerntechnologie den vielschichtigen Geschmack des gr\u00fcnen Apfels voll entfalten: erst die knackige S\u00e4ure, dann die moderate S\u00fc\u00dfe und schlie\u00dflich ein lang anhaltendes Gef\u00fchl der Frische hinterlassen. Die Dichte des Rauchs ist perfekt, nicht zu dick, um die Sicht des Fahrers zu beeintr\u00e4chtigen.<\/p><p>Besonders erw\u00e4hnenswert ist seine Funktion des einstellbaren Luftstroms. Manchmal, wenn ich mich nach der Arbeit m\u00fcde f\u00fchle, erh\u00f6he ich den Luftstrom, um das Gef\u00fchl der Frische intensiver und direkter zu machen; und an einem ruhigen Wochenende kann ich den Luftstrom senken und die wechselnden Ebenen des sauren und s\u00fc\u00dfen Geschmacks genie\u00dfen. Diese personalisierte Erfahrung ist Teil unseres franz\u00f6sischen Strebens nach Lebensqualit\u00e4t.<\/p>\t\t\t\t\t\t\t\t<\/div>\n\t\t\t\t<\/div>\n\t\t\t\t<\/div>\n\t\t\t\t<\/div>\n\t\t<div role=\"region\" aria-labelledby=\"e-n-accordion-item-8551\" class=\"elementor-element elementor-element-7926c6b e-con-full e-flex e-con e-child\" data-id=\"7926c6b\" data-element_type=\"container\" data-e-type=\"container\">\n\t\t\t\t<div class=\"elementor-element elementor-element-2b41948 elementor-widget elementor-widget-text-editor\" data-id=\"2b41948\" data-element_type=\"widget\" data-e-type=\"widget\" data-widget_type=\"text-editor.default\">\n\t\t\t\t<div class=\"elementor-widget-container\">\n\t\t\t\t\t\t\t\t\t<p>Das Design mit LED-Anzeige ist ebenfalls durchdacht und macht es \u00fcberfl\u00fcssig, die Anzahl der verbleibenden Inhalationen und die Batterieleistung zu erraten, wodurch es intuitiver zu bedienen ist. Der K\u00f6rper misst 53,5 \u00d7 32 \u00d7 121 mm, was perfekt in die Hand passt und auch nicht sperrig wirkt, wenn man ihn in eine Tasche steckt.<\/p><p>Um ehrlich zu sein, habe ich schon eine ganze Menge elektronischer Zigaretten ausprobiert, aber nur wenige Produkte k\u00f6nnen ein so frisches und nat\u00fcrliches Geschmackserlebnis bieten wie die JNR Falcon 18000, ohne dabei auf die Befriedigung durch Nikotin verzichten zu m\u00fcssen (der Nikotingehalt der 2% ist perfekt). Selbst in Frankreich, wo die Rauchverbote immer strenger werden, erm\u00f6glicht mir dieses Produkt, in der kurzen Zeit, bevor ich mich auf den Weg mache, ein angenehmes Nickerchen zu genie\u00dfen.<\/p><p>Wenn Sie die Eint\u00f6nigkeit des traditionellen Tabaks satt haben oder nach einer elektronischen Zigarette suchen, die dem hektischen Stadtleben einen Hauch von Frische verleihen kann, ist die Sour Apple Ice von JNR Falcon 18000 definitiv eine gute Wahl. Sie ist nicht nur eine elektronische Zigarette, sondern auch eine modische Einstellung im modernen franz\u00f6sischen Leben.<\/p>\t\t\t\t\t\t\t\t<\/div>\n\t\t\t\t<\/div>\n\t\t\t\t<\/div>\n\t\t\t\t\t<\/div>\n\t\t\t\t<\/div>\n\t\t\t\t<\/div>\n\t\t\t\t\t<\/details>\n\t\t\t\t\t<\/div>\n\t\t\t\t\t\t<\/div>\n\t\t\t\t<\/div>\n\t\t\t\t\t<\/div>\n\t\t\t\t<\/div>\n\t\t\t\t<\/div>","protected":false},"excerpt":{"rendered":"<p>Caract\u00e9ristiques du JNR Falcon 18K Sour Apple Ice: Bouff\u00e9es : Jusqu\u2019\u00e0 18000 bouff\u00e9es Liquide : 24 ml Taux de nicotine : 0 %, 2 %, 5 % R\u00e9sistance : 0.6 ohm Capacit\u00e9 de la batterie : 950 mAh Chargement : Type-C D\u00e9bit d\u2019air r\u00e9glable : Oui Affichage num\u00e9rique R\u00e9sistance double maille et double c\u0153ur Dimensions [&hellip;]<\/p>\n","protected":false},"featured_media":1962,"comment_status":"open","ping_status":"closed","template":"","meta":{"site-sidebar-layout":"no-sidebar","site-content-layout":"page-builder","ast-site-content-layout":"normal-width-container","site-content-style":"default","site-sidebar-style":"default","ast-global-header-display":"","ast-banner-title-visibility":"","ast-main-header-display":"","ast-hfb-above-header-display":"","ast-hfb-below-header-display":"","ast-hfb-mobile-header-display":"","site-post-title":"disabled","ast-breadcrumbs-content":"","ast-featured-img":"disabled","footer-sml-layout":"","ast-disable-related-posts":"","theme-transparent-header-meta":"default","adv-header-id-meta":"","stick-header-meta":"default","header-above-stick-meta":"","header-main-stick-meta":"","header-below-stick-meta":"","astra-migrate-meta-layouts":"set","ast-page-background-enabled":"default","ast-page-background-meta":{"desktop":{"background-color":"","background-image":"","background-repeat":"repeat","background-position":"center center","background-size":"auto","background-attachment":"scroll","background-type":"","background-media":"","overlay-type":"","overlay-color":"","overlay-opacity":"","overlay-gradient":""},"tablet":{"background-color":"","background-image":"","background-repeat":"repeat","background-position":"center center","background-size":"auto","background-attachment":"scroll","background-type":"","background-media":"","overlay-type":"","overlay-color":"","overlay-opacity":"","overlay-gradient":""},"mobile":{"background-color":"","background-image":"","background-repeat":"repeat","background-position":"center center","background-size":"auto","background-attachment":"scroll","background-type":"","background-media":"","overlay-type":"","overlay-color":"","overlay-opacity":"","overlay-gradient":""}},"ast-content-background-meta":{"desktop":{"background-color":"var(--ast-global-color-5)","background-image":"","background-repeat":"repeat","background-position":"center center","background-size":"auto","background-attachment":"scroll","background-type":"","background-media":"","overlay-type":"","overlay-color":"","overlay-opacity":"","overlay-gradient":""},"tablet":{"background-color":"var(--ast-global-color-5)","background-image":"","background-repeat":"repeat","background-position":"center center","background-size":"auto","background-attachment":"scroll","background-type":"","background-media":"","overlay-type":"","overlay-color":"","overlay-opacity":"","overlay-gradient":""},"mobile":{"background-color":"var(--ast-global-color-5)","background-image":"","background-repeat":"repeat","background-position":"center center","background-size":"auto","background-attachment":"scroll","background-type":"","background-media":"","overlay-type":"","overlay-color":"","overlay-opacity":"","overlay-gradient":""}}},"product_brand":[30],"product_cat":[40,84,77,34,15],"product_tag":[],"class_list":{"0":"post-2022","1":"product","2":"type-product","3":"status-publish","4":"has-post-thumbnail","6":"product_brand-jnr","7":"product_cat-jnr-18k","8":"product_cat-puff-18k","9":"product_cat-entrepot-de-lue","10":"product_cat-puff-jnr","11":"product_cat-magasin-cigarette-electronique","12":"desktop-align-center","13":"tablet-align-center","14":"mobile-align-center","15":"ast-product-gallery-layout-horizontal","16":"ast-product-gallery-with-no-image","17":"ast-product-single-variable","18":"ast-product-tabs-layout-horizontal","19":"ast-qv-on-image","21":"first","22":"instock","23":"sale","24":"shipping-taxable","25":"purchasable","26":"product-type-variable","27":"has-default-attributes"},"tiered_pricing_type":"fixed","tiered_pricing_fixed_rules":{"30":10.08,"60":9.28,"100":8.13,"200":7.48,"500":7.28,"1000":6.98},"tiered_pricing_product_settings":{"layout":"default","base_unit_name":{"singular":null,"plural":null},"default_variation":null},"tiered_pricing_minimum_quantity":null,"tiered_pricing_roles_data":[],"tiered_pricing_percentage_rules":[],"_links":{"self":[{"href":"https:\/\/puffvapestore.com\/de\/wp-json\/wp\/v2\/product\/2022","targetHints":{"allow":["GET"]}}],"collection":[{"href":"https:\/\/puffvapestore.com\/de\/wp-json\/wp\/v2\/product"}],"about":[{"href":"https:\/\/puffvapestore.com\/de\/wp-json\/wp\/v2\/types\/product"}],"replies":[{"embeddable":true,"href":"https:\/\/puffvapestore.com\/de\/wp-json\/wp\/v2\/comments?post=2022"}],"version-history":[{"count":23,"href":"https:\/\/puffvapestore.com\/de\/wp-json\/wp\/v2\/product\/2022\/revisions"}],"predecessor-version":[{"id":13620,"href":"https:\/\/puffvapestore.com\/de\/wp-json\/wp\/v2\/product\/2022\/revisions\/13620"}],"wp:featuredmedia":[{"embeddable":true,"href":"https:\/\/puffvapestore.com\/de\/wp-json\/wp\/v2\/media\/1962"}],"wp:attachment":[{"href":"https:\/\/puffvapestore.com\/de\/wp-json\/wp\/v2\/media?parent=2022"}],"wp:term":[{"taxonomy":"product_brand","embeddable":true,"href":"https:\/\/puffvapestore.com\/de\/wp-json\/wp\/v2\/product_brand?post=2022"},{"taxonomy":"product_cat","embeddable":true,"href":"https:\/\/puffvapestore.com\/de\/wp-json\/wp\/v2\/product_cat?post=2022"},{"taxonomy":"product_tag","embeddable":true,"href":"https:\/\/puffvapestore.com\/de\/wp-json\/wp\/v2\/product_tag?post=2022"}],"curies":[{"name":"wp","href":"https:\/\/api.w.org\/{rel}","templated":true}]}}