{"id":2015,"date":"2025-04-12T02:32:16","date_gmt":"2025-04-12T02:32:16","guid":{"rendered":"https:\/\/puffvapestore.com\/?post_type=product&#038;p=2015"},"modified":"2026-01-19T10:37:34","modified_gmt":"2026-01-19T10:37:34","slug":"jnr-falcon-18k-passion-fruit-kiwi-vape","status":"publish","type":"product","link":"https:\/\/puffvapestore.com\/de\/product\/jnr-falcon-18k-passion-fruit-kiwi-vape\/","title":{"rendered":"JNR Falcon 18k Passion Fruit Kiwi Vape | Puff JNR Falcon X 18000"},"content":{"rendered":"<div data-elementor-type=\"wp-post\" data-elementor-id=\"2015\" class=\"elementor elementor-2015\">\n\t\t\t\t<div class=\"elementor-element elementor-element-942ccb0 e-flex e-con-boxed e-con e-parent\" data-id=\"942ccb0\" data-element_type=\"container\" data-e-type=\"container\">\n\t\t\t\t\t<div class=\"e-con-inner\">\n\t\t<div class=\"elementor-element elementor-element-577deeb e-con-full e-flex e-con e-child\" data-id=\"577deeb\" data-element_type=\"container\" data-e-type=\"container\">\n\t\t\t\t<div class=\"elementor-element elementor-element-5d167cf elementor-widget elementor-widget-text-editor\" data-id=\"5d167cf\" data-element_type=\"widget\" data-e-type=\"widget\" data-widget_type=\"text-editor.default\">\n\t\t\t\t<div class=\"elementor-widget-container\">\n\t\t\t\t\t\t\t\t\t<h2>Spezifikationen von JNR Falcon 18K Passion Fruit Kiwi:<\/h2><p>Z\u00fcge : Bis zu 18000 Z\u00fcge<br \/>Fl\u00fcssigkeit: 24 ml<br \/>Nikotinst\u00e4rke: 0 %, 2 %, 5 %<br \/>Widerstand: 0.6 Ohm<br \/>Akkukapazit\u00e4t: 950 mAh<br \/>Aufladen: Type-C<br \/>Einstellbarer Luftstrom: Ja<br \/>Digitale Anzeige<br \/>Doppelter Maschen- und Doppelkernwiderstand<br \/>Ma\u00dfe: 53,5 x 32 x 121 mm<\/p>\t\t\t\t\t\t\t\t<\/div>\n\t\t\t\t<\/div>\n\t\t\t\t<\/div>\n\t\t<div class=\"elementor-element elementor-element-d5e4b56 e-con-full e-flex e-con e-child\" data-id=\"d5e4b56\" data-element_type=\"container\" data-e-type=\"container\">\n\t\t\t\t<div class=\"elementor-element elementor-element-381dfcb elementor-widget elementor-widget-image-gallery\" data-id=\"381dfcb\" data-element_type=\"widget\" data-e-type=\"widget\" data-widget_type=\"image-gallery.default\">\n\t\t\t\t<div class=\"elementor-widget-container\">\n\t\t\t\t\t\t\t<div class=\"elementor-image-gallery\">\n\t\t\t<div id='gallery-1' class='gallery galleryid-2015 gallery-columns-1 gallery-size-medium_large'><figure class='gallery-item'>\n\t\t\t<div class='gallery-icon portrait'>\n\t\t\t\t<img fetchpriority=\"high\" decoding=\"async\" width=\"654\" height=\"690\" src=\"https:\/\/puffvapestore.com\/wp-content\/uploads\/2025\/04\/pvajf18000-5.jpg\" class=\"attachment-medium_large size-medium_large\" alt=\"JNR Falcon 18000 Passion Fruit Kiwi pvajf18000\" aria-describedby=\"gallery-1-1945\" srcset=\"https:\/\/puffvapestore.com\/wp-content\/uploads\/2025\/04\/pvajf18000-5.jpg 654w, https:\/\/puffvapestore.com\/wp-content\/uploads\/2025\/04\/pvajf18000-5-284x300.jpg 284w, https:\/\/puffvapestore.com\/wp-content\/uploads\/2025\/04\/pvajf18000-5-600x633.jpg 600w\" sizes=\"(max-width: 654px) 100vw, 654px\" \/>\n\t\t\t<\/div>\n\t\t\t\t<figcaption class='wp-caption-text gallery-caption' id='gallery-1-1945'>\n\t\t\t\tJNR Falcon 18000 Passion Fruit Kiwi pvajf18000\n\t\t\t\t<\/figcaption><\/figure>\n\t\t<\/div>\n\t\t<\/div>\n\t\t\t\t\t\t<\/div>\n\t\t\t\t<\/div>\n\t\t\t\t<\/div>\n\t\t\t\t\t<\/div>\n\t\t\t\t<\/div>\n\t\t<div class=\"elementor-element elementor-element-cb614c2 e-flex e-con-boxed e-con e-parent\" data-id=\"cb614c2\" data-element_type=\"container\" data-e-type=\"container\">\n\t\t\t\t\t<div class=\"e-con-inner\">\n\t\t\t\t<div class=\"elementor-element elementor-element-3fd8b2c elementor-widget elementor-widget-n-accordion\" data-id=\"3fd8b2c\" data-element_type=\"widget\" data-e-type=\"widget\" data-settings=\"{&quot;default_state&quot;:&quot;expanded&quot;,&quot;max_items_expended&quot;:&quot;one&quot;,&quot;n_accordion_animation_duration&quot;:{&quot;unit&quot;:&quot;ms&quot;,&quot;size&quot;:400,&quot;sizes&quot;:[]}}\" data-widget_type=\"nested-accordion.default\">\n\t\t\t\t<div class=\"elementor-widget-container\">\n\t\t\t\t\t\t\t<div class=\"e-n-accordion\" aria-label=\"Accordion (Akkordeon). \u00d6ffnen Sie Links mit Enter oder Space, schlie\u00dfen Sie mit Escape und navigieren Sie mit Arrow Keys.\">\n\t\t\t\t\t\t<details id=\"e-n-accordion-item-6690\" class=\"e-n-accordion-item\" open>\n\t\t\t\t<summary class=\"e-n-accordion-item-title\" data-accordion-index=\"1\" tabindex=\"0\" aria-expanded=\"true\" aria-controls=\"e-n-accordion-item-6690\" >\n\t\t\t\t\t<span class='e-n-accordion-item-title-header'><div class=\"e-n-accordion-item-title-text\"> Eigenschaften und Funktionen von JNR Falcon X 18K Passion Fruit Kiwi <\/div><\/span>\n\t\t\t\t\t\t\t<span class='e-n-accordion-item-title-icon'>\n\t\t\t<span class='e-opened' ><svg aria-hidden=\"true\" class=\"e-font-icon-svg e-fas-minus\" viewbox=\"0 0 448 512\" xmlns=\"http:\/\/www.w3.org\/2000\/svg\"><path d=\"M416 208H32c-17.67 0-32 14.33-32 32v32c0 17.67 14.33 32 32 32h384c17.67 0 32-14.33 32-32v-32c0-17.67-14.33-32-32-32z\"><\/path><\/svg><\/span>\n\t\t\t<span class='e-closed'><svg aria-hidden=\"true\" class=\"e-font-icon-svg e-fas-plus\" viewbox=\"0 0 448 512\" xmlns=\"http:\/\/www.w3.org\/2000\/svg\"><path d=\"M416 208H272V64c0-17.67-14.33-32-32-32h-32c-17.67 0-32 14.33-32 32v144H32c-17.67 0-32 14.33-32 32v32c0 17.67 14.33 32 32 32h144v144c0 17.67 14.33 32 32 32h32c17.67 0 32-14.33 32-32V304h144c17.67 0 32-14.33 32-32v-32c0-17.67-14.33-32-32-32z\"><\/path><\/svg><\/span>\n\t\t<\/span>\n\n\t\t\t\t\t\t<\/summary>\n\t\t\t\t<div role=\"region\" aria-labelledby=\"e-n-accordion-item-6690\" class=\"elementor-element elementor-element-4f0ff10 e-con-full e-flex e-con e-child\" data-id=\"4f0ff10\" data-element_type=\"container\" data-e-type=\"container\">\n\t\t<div role=\"region\" aria-labelledby=\"e-n-accordion-item-6690\" class=\"elementor-element elementor-element-e580e5f e-flex e-con-boxed e-con e-child\" data-id=\"e580e5f\" data-element_type=\"container\" data-e-type=\"container\">\n\t\t\t\t\t<div class=\"e-con-inner\">\n\t\t\t\t<div class=\"elementor-element elementor-element-d738929 elementor-widget elementor-widget-text-editor\" data-id=\"d738929\" data-element_type=\"widget\" data-e-type=\"widget\" data-widget_type=\"text-editor.default\">\n\t\t\t\t<div class=\"elementor-widget-container\">\n\t\t\t\t\t\t\t\t\t<h2>Ultralange Akkulaufzeit und hohe Kapazit\u00e4t<\/h2><p>Das JNR Falcon-X 18K ist mit einem 950-mAh-Lithium-Ionen-Akku mit hoher Dichte und einem optimierten Energiemanagementsystem ausgestattet, das bei jedem Ladevorgang eine l\u00e4ngere Laufzeit garantiert. Selbst Vielnutzer k\u00f6nnen es bequem den ganzen Tag lang verwenden, ohne es h\u00e4ufig aufladen zu m\u00fcssen. Der Typ-C-Schnellladeanschluss sorgt f\u00fcr ein schnelles, zuverl\u00e4ssiges und sicheres Aufladen, sodass Sie das Ger\u00e4t schnell wieder aufladen k\u00f6nnen.<\/p><h2>Gro\u00dfes Reservoir von 24 ml<\/h2><p>Eine einzelne JNR Falcon-X 18K bietet bis zu 18000 Z\u00fcge und damit eine weitaus l\u00e4ngere Lebensdauer als eine herk\u00f6mmliche elektronische Einwegzigarette. Ob f\u00fcr den t\u00e4glichen Gebrauch oder f\u00fcr lange Fahrten, dieses Ger\u00e4t bietet ein gleichbleibendes Geschmackserlebnis, macht h\u00e4ufiges Auswechseln \u00fcberfl\u00fcssig und sorgt f\u00fcr lang anhaltenden Genuss.<\/p><p>Das 24-ml-Reservoir erm\u00f6glicht eine l\u00e4ngere Nutzung. Das ist ein praktischer Vorteil f\u00fcr diejenigen, die viel reisen oder h\u00e4ufiges Nachf\u00fcllen vermeiden m\u00f6chten. Der gro\u00dfe E-Fl\u00fcssigkeitstank verringert au\u00dferdem das Risiko, dass der Widerstand des Zerst\u00e4ubers trocken verbrennt, und sorgt so f\u00fcr einen gleichbleibenden Geschmack.<\/p><h2>Mehrere Nikotinst\u00e4rken<\/h2><p>Der JNR Falcon-X 18K bietet drei Nikotinst\u00e4rken: 0 %, 2 % und 5 %, die unterschiedlichen Dampferbed\u00fcrfnissen gerecht werden, von einem leichten Geschmack ohne Nikotin bis hin zu einem starken Hit im Hals. Egal, ob Sie ein Neuling beim Dampfen sind oder ein erfahrener Nutzer auf der Suche nach einer befriedigenderen Erfahrung, Sie werden die Geschmacksl\u00f6sung finden, die zu Ihnen passt.<\/p><h2>Doppelte Maschenkonstruktion + doppeltes Herz<\/h2><p>Der JNR Falcon-X 18K verwendet ein doppeltes Maschenheizsystem mit einem Doppelkernwiderstand f\u00fcr eine gleichm\u00e4\u00dfigere Erw\u00e4rmung und einen verfeinerten Dampf. Diese Doppelmaschenstruktur erw\u00e4rmt die E-Fl\u00fcssigkeit gleichm\u00e4\u00dfig und sofort, wodurch eine lokale \u00dcberhitzung minimiert wird. Die Doppelkernkonstruktion sorgt f\u00fcr eine l\u00e4ngere Lebensdauer des Widerstandes und ein konstanteres Aromaprofil. Genie\u00dfen Sie mit jedem Zug ein reichhaltiges Aroma und cremigen Dampf.<\/p><p>Der JNR Falcon-X 18K ist mit einem 0,6-Ohm-Widerstand mit geringem Luftwiderstand ausgestattet, der ein perfektes Gleichgewicht zwischen Geschmack und Dampfvolumen bietet. Diese Konstruktion mit geringem Luftwiderstand bietet ein gr\u00f6\u00dferes Dampfvolumen und einen weicheren Zug, was ideal f\u00fcr die direkte Lungeninhalation ist. Sie erm\u00f6glicht au\u00dferdem einen einstellbaren Luftstrom f\u00fcr die Mund-zu-Mund-Beatmung und bietet so ein individuelleres Erlebnis.<\/p><h2>Design mit einstellbarem Luftstrom<\/h2><p>Der JNR Falcon-X 18K verf\u00fcgt \u00fcber ein einstellbares Luftstromsystem, das es dem Benutzer erm\u00f6glicht, je nach Vorliebe frei zwischen dem direkten Lungenmodus mit hohem Dampf und dem engen Mund-zu-Mund-Modus zu wechseln. Ob Sie nun eine sanfte, luftige Inhalation oder einen reichhaltigen, konzentrierten Hit im Hals bevorzugen, Sie k\u00f6nnen ganz einfach die Einstellung finden, die Ihnen am angenehmsten ist.<\/p><p>Das eingebaute hochaufl\u00f6sende Digitaldisplay zeigt den Batterie- und E-Fl\u00fcssigkeitsstand in Echtzeit an, sodass Sie den Status des Ger\u00e4ts mit einem Blick klar \u00fcberwachen k\u00f6nnen und unerwartete Stromausf\u00e4lle oder Trockenbr\u00e4nde vermieden werden k\u00f6nnen. Die intuitiven visuellen Informationen sorgen f\u00fcr eine sicherere und gelassenere Nutzung.<\/p><p>Mit den Ma\u00dfen 53,5 \u00d7 32 \u00d7 121 mm verf\u00fcgt der JNR Falcon-X 18K \u00fcber einen Akku und einen Tank mit hoher Kapazit\u00e4t und bietet gleichzeitig einen komfortablen Griff und eine hohe Tragbarkeit. Ob in der Hosentasche oder in der Handtasche, er passt problemlos hinein und bietet Ihnen ein hochwertiges Dampferlebnis, wo immer Sie auch sind.<\/p><p>Der JNR Falcon-X 18K hat ein schlichtes Design mit ergonomischen Kurven. Seine Oberfl\u00e4chenbehandlung ist sowohl verschlei\u00dffest als auch rutschfest und sorgt so f\u00fcr ein angenehmes Tragegef\u00fchl. Seine minimalistischen, hochwertigen Farben und die liebevollen Details machen ihn zu mehr als nur einer elektronischen Zigarette - zu einem eleganten Accessoire, das Sie \u00fcberallhin mitnehmen k\u00f6nnen.<\/p>\t\t\t\t\t\t\t\t<\/div>\n\t\t\t\t<\/div>\n\t\t\t\t\t<\/div>\n\t\t\t\t<\/div>\n\t\t\t\t<\/div>\n\t\t\t\t\t<\/details>\n\t\t\t\t\t\t<details id=\"e-n-accordion-item-6691\" class=\"e-n-accordion-item\" >\n\t\t\t\t<summary class=\"e-n-accordion-item-title\" data-accordion-index=\"2\" tabindex=\"-1\" aria-expanded=\"false\" aria-controls=\"e-n-accordion-item-6691\" >\n\t\t\t\t\t<span class='e-n-accordion-item-title-header'><div class=\"e-n-accordion-item-title-text\"> Puff Passion Fruit Kiwi JNR Falcon X 18K <\/div><\/span>\n\t\t\t\t\t\t\t<span class='e-n-accordion-item-title-icon'>\n\t\t\t<span class='e-opened' ><svg aria-hidden=\"true\" class=\"e-font-icon-svg e-fas-minus\" viewbox=\"0 0 448 512\" xmlns=\"http:\/\/www.w3.org\/2000\/svg\"><path d=\"M416 208H32c-17.67 0-32 14.33-32 32v32c0 17.67 14.33 32 32 32h384c17.67 0 32-14.33 32-32v-32c0-17.67-14.33-32-32-32z\"><\/path><\/svg><\/span>\n\t\t\t<span class='e-closed'><svg aria-hidden=\"true\" class=\"e-font-icon-svg e-fas-plus\" viewbox=\"0 0 448 512\" xmlns=\"http:\/\/www.w3.org\/2000\/svg\"><path d=\"M416 208H272V64c0-17.67-14.33-32-32-32h-32c-17.67 0-32 14.33-32 32v144H32c-17.67 0-32 14.33-32 32v32c0 17.67 14.33 32 32 32h144v144c0 17.67 14.33 32 32 32h32c17.67 0 32-14.33 32-32V304h144c17.67 0 32-14.33 32-32v-32c0-17.67-14.33-32-32-32z\"><\/path><\/svg><\/span>\n\t\t<\/span>\n\n\t\t\t\t\t\t<\/summary>\n\t\t\t\t<div role=\"region\" aria-labelledby=\"e-n-accordion-item-6691\" class=\"elementor-element elementor-element-4f2b5a7 e-con-full e-flex e-con e-child\" data-id=\"4f2b5a7\" data-element_type=\"container\" data-e-type=\"container\">\n\t\t<div role=\"region\" aria-labelledby=\"e-n-accordion-item-6691\" class=\"elementor-element elementor-element-f81f470 e-flex e-con-boxed e-con e-child\" data-id=\"f81f470\" data-element_type=\"container\" data-e-type=\"container\">\n\t\t\t\t\t<div class=\"e-con-inner\">\n\t\t\t\t<div class=\"elementor-element elementor-element-55fd5fa elementor-widget elementor-widget-text-editor\" data-id=\"55fd5fa\" data-element_type=\"widget\" data-e-type=\"widget\" data-widget_type=\"text-editor.default\">\n\t\t\t\t<div class=\"elementor-widget-container\">\n\t\t\t\t\t\t\t\t\t<p>Nach einer Fahrt auf einer franz\u00f6sischen Landstra\u00dfe gibt es nichts Besseres, als einen gem\u00fctlichen Platz zu finden, an dem man sich ausruhen und mit einer elektronischen Zigarette JNR Falcon 18000 entspannen kann. Der Geschmack Passionsfrucht Kiwi eignet sich besonders gut, um nach dem Fahren eine Pause einzulegen.<\/p><p>Die Geschmacksrichtung Passion Fruit Kiwi kombiniert die Reichhaltigkeit der Passionsfrucht mit der Frische der Kiwi und verleiht jedem Zug einen reichen und komplexen Geschmack. Zuerst entfaltet sich die Passionsfrucht mit einer warmen S\u00fc\u00dfe im Mund, gefolgt von der leicht s\u00e4uerlichen und erfrischenden Kiwi, die ein perfektes Gleichgewicht bildet. Diese Geschmackskombination ist perfekt, um sich nach einem Spaziergang zu entspannen, erfrischend, ohne zu stark zu sein.<\/p>\t\t\t\t\t\t\t\t<\/div>\n\t\t\t\t<\/div>\n\t\t<div role=\"region\" aria-labelledby=\"e-n-accordion-item-6691\" class=\"elementor-element elementor-element-a8567a4 e-con-full e-flex e-con e-child\" data-id=\"a8567a4\" data-element_type=\"container\" data-e-type=\"container\">\n\t\t<div role=\"region\" aria-labelledby=\"e-n-accordion-item-6691\" class=\"elementor-element elementor-element-325988d e-con-full e-flex e-con e-child\" data-id=\"325988d\" data-element_type=\"container\" data-e-type=\"container\">\n\t\t\t\t<div class=\"elementor-element elementor-element-2e87376 elementor-widget elementor-widget-image-gallery\" data-id=\"2e87376\" data-element_type=\"widget\" data-e-type=\"widget\" data-widget_type=\"image-gallery.default\">\n\t\t\t\t<div class=\"elementor-widget-container\">\n\t\t\t\t\t\t\t<div class=\"elementor-image-gallery\">\n\t\t\t<div id='gallery-1' class='gallery galleryid-2015 gallery-columns-1 gallery-size-medium_large'><figure class='gallery-item'>\n\t\t\t<div class='gallery-icon portrait'>\n\t\t\t\t<img fetchpriority=\"high\" decoding=\"async\" width=\"654\" height=\"690\" src=\"https:\/\/puffvapestore.com\/wp-content\/uploads\/2025\/04\/pvajf18000-5.jpg\" class=\"attachment-medium_large size-medium_large\" alt=\"JNR Falcon 18000 Passion Fruit Kiwi pvajf18000\" aria-describedby=\"gallery-1-1945\" srcset=\"https:\/\/puffvapestore.com\/wp-content\/uploads\/2025\/04\/pvajf18000-5.jpg 654w, https:\/\/puffvapestore.com\/wp-content\/uploads\/2025\/04\/pvajf18000-5-284x300.jpg 284w, https:\/\/puffvapestore.com\/wp-content\/uploads\/2025\/04\/pvajf18000-5-600x633.jpg 600w\" sizes=\"(max-width: 654px) 100vw, 654px\" \/>\n\t\t\t<\/div>\n\t\t\t\t<figcaption class='wp-caption-text gallery-caption' id='gallery-1-1945'>\n\t\t\t\tJNR Falcon 18000 Passion Fruit Kiwi pvajf18000\n\t\t\t\t<\/figcaption><\/figure>\n\t\t<\/div>\n\t\t<\/div>\n\t\t\t\t\t\t<\/div>\n\t\t\t\t<\/div>\n\t\t\t\t<\/div>\n\t\t<div role=\"region\" aria-labelledby=\"e-n-accordion-item-6691\" class=\"elementor-element elementor-element-3cde5a4 e-con-full e-flex e-con e-child\" data-id=\"3cde5a4\" data-element_type=\"container\" data-e-type=\"container\">\n\t\t\t\t<div class=\"elementor-element elementor-element-52828e8 elementor-widget elementor-widget-text-editor\" data-id=\"52828e8\" data-element_type=\"widget\" data-e-type=\"widget\" data-widget_type=\"text-editor.default\">\n\t\t\t\t<div class=\"elementor-widget-container\">\n\t\t\t\t\t\t\t\t\t<p>Die JNR Falcon 18000 verwendet ein 0,6-Ohm-Doppelmaschenspulendesign, um sicherzustellen, dass jeder Rauchzug die Geschmackseigenschaften der Kiwi-Passionsfrucht voll freisetzen kann. Der einstellbare Luftstrom erm\u00f6glicht es Ihnen, das Inhalationserlebnis an Ihre pers\u00f6nlichen Vorlieben anzupassen. Ob Sie nun einen milden oder starken Geschmack m\u00f6gen, er kann Ihren Bed\u00fcrfnissen gerecht werden.<\/p><p>W\u00e4hrend der Fahrt m\u00fcssen Sie sich keine Sorgen um Energieprobleme machen. Die Batteriekapazit\u00e4t von 950 mAh und der Typ-C-Ladeanschluss halten diese elektronische Zigarette jederzeit im besten Zustand. Die Reichweite des E-Liquid-Akkus von bis zu 18.000 Z\u00fcgen reicht aus, um eine lange Fahrradtour zu \u00fcberstehen, und Sie m\u00fcssen das E-Liquid nicht h\u00e4ufig wechseln, auch nicht bei mehrt\u00e4gigem Radfahren. Das digitale Display zeigt Ihnen deutlich die verbleibende Leistung und den Verbrauch an, sodass Sie immer \u00fcber den Status informiert sind.<\/p>\t\t\t\t\t\t\t\t<\/div>\n\t\t\t\t<\/div>\n\t\t\t\t<\/div>\n\t\t\t\t<\/div>\n\t\t<div role=\"region\" aria-labelledby=\"e-n-accordion-item-6691\" class=\"elementor-element elementor-element-7926c6b e-con-full e-flex e-con e-child\" data-id=\"7926c6b\" data-element_type=\"container\" data-e-type=\"container\">\n\t\t\t\t<div class=\"elementor-element elementor-element-2b41948 elementor-widget elementor-widget-text-editor\" data-id=\"2b41948\" data-element_type=\"widget\" data-e-type=\"widget\" data-widget_type=\"text-editor.default\">\n\t\t\t\t<div class=\"elementor-widget-container\">\n\t\t\t\t\t\t\t\t\t<p>Der Nikotingehalt von 2 % ist ideal f\u00fcr die Entspannung nach dem Training und bietet gen\u00fcgend Befriedigung, ohne zu intensiv zu sein. Die gro\u00dfe Liquidkapazit\u00e4t von 24 ml und die kompakte Gr\u00f6\u00dfe von 53,5 \u00d7 32 \u00d7 121 mm machen die JNR Falcon sowohl tragbar als auch langlebig.<\/p><p>Wenn Sie sich nach einem anstrengenden Spaziergang ausruhen, holen Sie diese Passionsfrucht-Kiwi heraus, passen Sie den Luftstrom an, nehmen Sie einen tiefen Zug aus dem Rauch und lassen Sie den Geschmack der tropischen Fr\u00fcchte mit jedem Atemzug langsam entweichen. Die M\u00fcdigkeit wird sofort viel verschwinden. Das ist die einzigartige Erfahrung, die der JNR Falcon 18000 Passion Fruit Kiwi bietet, ein tropischer Trost in der Tasche eines passionierten Radfahrers.<\/p>\t\t\t\t\t\t\t\t<\/div>\n\t\t\t\t<\/div>\n\t\t\t\t<\/div>\n\t\t\t\t\t<\/div>\n\t\t\t\t<\/div>\n\t\t\t\t<\/div>\n\t\t\t\t\t<\/details>\n\t\t\t\t\t<\/div>\n\t\t\t\t\t\t<\/div>\n\t\t\t\t<\/div>\n\t\t\t\t\t<\/div>\n\t\t\t\t<\/div>\n\t\t\t\t<\/div>","protected":false},"excerpt":{"rendered":"<p>Caract\u00e9ristiques du JNR Falcon 18K Passion Fruit Kiwi: Bouff\u00e9es : Jusqu\u2019\u00e0 18000 bouff\u00e9es Liquide : 24 ml Taux de nicotine : 0 %, 2 %, 5 % R\u00e9sistance : 0.6 ohm Capacit\u00e9 de la batterie : 950 mAh Chargement : Type-C D\u00e9bit d\u2019air r\u00e9glable : Oui Affichage num\u00e9rique R\u00e9sistance double maille et double c\u0153ur Dimensions [&hellip;]<\/p>\n","protected":false},"featured_media":1945,"comment_status":"open","ping_status":"closed","template":"","meta":{"site-sidebar-layout":"no-sidebar","site-content-layout":"page-builder","ast-site-content-layout":"normal-width-container","site-content-style":"default","site-sidebar-style":"default","ast-global-header-display":"","ast-banner-title-visibility":"","ast-main-header-display":"","ast-hfb-above-header-display":"","ast-hfb-below-header-display":"","ast-hfb-mobile-header-display":"","site-post-title":"disabled","ast-breadcrumbs-content":"","ast-featured-img":"disabled","footer-sml-layout":"","ast-disable-related-posts":"","theme-transparent-header-meta":"default","adv-header-id-meta":"","stick-header-meta":"default","header-above-stick-meta":"","header-main-stick-meta":"","header-below-stick-meta":"","astra-migrate-meta-layouts":"set","ast-page-background-enabled":"default","ast-page-background-meta":{"desktop":{"background-color":"","background-image":"","background-repeat":"repeat","background-position":"center center","background-size":"auto","background-attachment":"scroll","background-type":"","background-media":"","overlay-type":"","overlay-color":"","overlay-opacity":"","overlay-gradient":""},"tablet":{"background-color":"","background-image":"","background-repeat":"repeat","background-position":"center center","background-size":"auto","background-attachment":"scroll","background-type":"","background-media":"","overlay-type":"","overlay-color":"","overlay-opacity":"","overlay-gradient":""},"mobile":{"background-color":"","background-image":"","background-repeat":"repeat","background-position":"center center","background-size":"auto","background-attachment":"scroll","background-type":"","background-media":"","overlay-type":"","overlay-color":"","overlay-opacity":"","overlay-gradient":""}},"ast-content-background-meta":{"desktop":{"background-color":"var(--ast-global-color-5)","background-image":"","background-repeat":"repeat","background-position":"center center","background-size":"auto","background-attachment":"scroll","background-type":"","background-media":"","overlay-type":"","overlay-color":"","overlay-opacity":"","overlay-gradient":""},"tablet":{"background-color":"var(--ast-global-color-5)","background-image":"","background-repeat":"repeat","background-position":"center center","background-size":"auto","background-attachment":"scroll","background-type":"","background-media":"","overlay-type":"","overlay-color":"","overlay-opacity":"","overlay-gradient":""},"mobile":{"background-color":"var(--ast-global-color-5)","background-image":"","background-repeat":"repeat","background-position":"center center","background-size":"auto","background-attachment":"scroll","background-type":"","background-media":"","overlay-type":"","overlay-color":"","overlay-opacity":"","overlay-gradient":""}}},"product_brand":[30],"product_cat":[40,84,77,31,15],"product_tag":[],"class_list":{"0":"post-2015","1":"product","2":"type-product","3":"status-publish","4":"has-post-thumbnail","6":"product_brand-jnr","7":"product_cat-jnr-18k","8":"product_cat-puff-18k","9":"product_cat-entrepot-de-lue","10":"product_cat-jnr-falcon","11":"product_cat-magasin-cigarette-electronique","12":"desktop-align-center","13":"tablet-align-center","14":"mobile-align-center","15":"ast-product-gallery-layout-horizontal","16":"ast-product-gallery-with-no-image","17":"ast-product-single-variable","18":"ast-product-tabs-layout-horizontal","19":"ast-qv-on-image","21":"first","22":"instock","23":"sale","24":"shipping-taxable","25":"purchasable","26":"product-type-variable","27":"has-default-attributes"},"tiered_pricing_type":"fixed","tiered_pricing_fixed_rules":{"30":10.08,"60":9.28,"100":8.13,"200":7.48,"500":7.28,"1000":6.98},"tiered_pricing_product_settings":{"layout":"default","base_unit_name":{"singular":null,"plural":null},"default_variation":null},"tiered_pricing_minimum_quantity":null,"tiered_pricing_roles_data":[],"tiered_pricing_percentage_rules":[],"_links":{"self":[{"href":"https:\/\/puffvapestore.com\/de\/wp-json\/wp\/v2\/product\/2015","targetHints":{"allow":["GET"]}}],"collection":[{"href":"https:\/\/puffvapestore.com\/de\/wp-json\/wp\/v2\/product"}],"about":[{"href":"https:\/\/puffvapestore.com\/de\/wp-json\/wp\/v2\/types\/product"}],"replies":[{"embeddable":true,"href":"https:\/\/puffvapestore.com\/de\/wp-json\/wp\/v2\/comments?post=2015"}],"version-history":[{"count":23,"href":"https:\/\/puffvapestore.com\/de\/wp-json\/wp\/v2\/product\/2015\/revisions"}],"predecessor-version":[{"id":13621,"href":"https:\/\/puffvapestore.com\/de\/wp-json\/wp\/v2\/product\/2015\/revisions\/13621"}],"wp:featuredmedia":[{"embeddable":true,"href":"https:\/\/puffvapestore.com\/de\/wp-json\/wp\/v2\/media\/1945"}],"wp:attachment":[{"href":"https:\/\/puffvapestore.com\/de\/wp-json\/wp\/v2\/media?parent=2015"}],"wp:term":[{"taxonomy":"product_brand","embeddable":true,"href":"https:\/\/puffvapestore.com\/de\/wp-json\/wp\/v2\/product_brand?post=2015"},{"taxonomy":"product_cat","embeddable":true,"href":"https:\/\/puffvapestore.com\/de\/wp-json\/wp\/v2\/product_cat?post=2015"},{"taxonomy":"product_tag","embeddable":true,"href":"https:\/\/puffvapestore.com\/de\/wp-json\/wp\/v2\/product_tag?post=2015"}],"curies":[{"name":"wp","href":"https:\/\/api.w.org\/{rel}","templated":true}]}}