{"id":2008,"date":"2025-04-12T01:23:52","date_gmt":"2025-04-12T01:23:52","guid":{"rendered":"https:\/\/puffvapestore.com\/?post_type=product&#038;p=2008"},"modified":"2026-01-19T10:37:34","modified_gmt":"2026-01-19T10:37:34","slug":"puff-jnr-falcon-18000-strawberry-watermelon-ice","status":"publish","type":"product","link":"https:\/\/puffvapestore.com\/de\/product\/puff-jnr-falcon-18000-strawberry-watermelon-ice\/","title":{"rendered":"Puff JNR Falcon 18000 Strawberry Watermelon Ice | JNR Falcon X 18K"},"content":{"rendered":"<div data-elementor-type=\"wp-post\" data-elementor-id=\"2008\" class=\"elementor elementor-2008\">\n\t\t\t\t<div class=\"elementor-element elementor-element-802ad32 e-flex e-con-boxed e-con e-parent\" data-id=\"802ad32\" data-element_type=\"container\" data-e-type=\"container\">\n\t\t\t\t\t<div class=\"e-con-inner\">\n\t\t<div class=\"elementor-element elementor-element-04ce208 e-con-full e-flex e-con e-child\" data-id=\"04ce208\" data-element_type=\"container\" data-e-type=\"container\">\n\t\t\t\t<div class=\"elementor-element elementor-element-5182eba elementor-widget elementor-widget-text-editor\" data-id=\"5182eba\" data-element_type=\"widget\" data-e-type=\"widget\" data-widget_type=\"text-editor.default\">\n\t\t\t\t<div class=\"elementor-widget-container\">\n\t\t\t\t\t\t\t\t\t<h2>Eigenschaften des JNR Falcon 18K Strawberry Watermelon Ice:<\/h2><p>Z\u00fcge : Bis zu 18000 Z\u00fcge<br \/>Fl\u00fcssigkeit: 24 ml<br \/>Nikotinst\u00e4rke: 0 %, 2 %, 5 %<br \/>Widerstand: 0.6 Ohm<br \/>Akkukapazit\u00e4t: 950 mAh<br \/>Aufladen: Type-C<br \/>Einstellbarer Luftstrom: Ja<br \/>Digitale Anzeige<br \/>Doppelter Maschen- und Doppelkernwiderstand<br \/>Ma\u00dfe: 53,5 x 32 x 121 mm<\/p>\t\t\t\t\t\t\t\t<\/div>\n\t\t\t\t<\/div>\n\t\t\t\t<\/div>\n\t\t<div class=\"elementor-element elementor-element-af5711f e-con-full e-flex e-con e-child\" data-id=\"af5711f\" data-element_type=\"container\" data-e-type=\"container\">\n\t\t\t\t<div class=\"elementor-element elementor-element-9ba78ac elementor-widget elementor-widget-image-gallery\" data-id=\"9ba78ac\" data-element_type=\"widget\" data-e-type=\"widget\" data-widget_type=\"image-gallery.default\">\n\t\t\t\t<div class=\"elementor-widget-container\">\n\t\t\t\t\t\t\t<div class=\"elementor-image-gallery\">\n\t\t\t<div id='gallery-1' class='gallery galleryid-2008 gallery-columns-1 gallery-size-medium_large'><figure class='gallery-item'>\n\t\t\t<div class='gallery-icon portrait'>\n\t\t\t\t<img fetchpriority=\"high\" decoding=\"async\" width=\"654\" height=\"690\" src=\"https:\/\/puffvapestore.com\/wp-content\/uploads\/2025\/04\/pvajf18000-27.jpg\" class=\"attachment-medium_large size-medium_large\" alt=\"JNR Falcon 18k Strawberry Watermelon Ice pvajf18000\" aria-describedby=\"gallery-1-1967\" srcset=\"https:\/\/puffvapestore.com\/wp-content\/uploads\/2025\/04\/pvajf18000-27.jpg 654w, https:\/\/puffvapestore.com\/wp-content\/uploads\/2025\/04\/pvajf18000-27-284x300.jpg 284w, https:\/\/puffvapestore.com\/wp-content\/uploads\/2025\/04\/pvajf18000-27-600x633.jpg 600w\" sizes=\"(max-width: 654px) 100vw, 654px\" \/>\n\t\t\t<\/div>\n\t\t\t\t<figcaption class='wp-caption-text gallery-caption' id='gallery-1-1967'>\n\t\t\t\tJNR Falcon 18k Strawberry Watermelon Ice pvajf18000\n\t\t\t\t<\/figcaption><\/figure>\n\t\t<\/div>\n\t\t<\/div>\n\t\t\t\t\t\t<\/div>\n\t\t\t\t<\/div>\n\t\t\t\t<\/div>\n\t\t\t\t\t<\/div>\n\t\t\t\t<\/div>\n\t\t<div class=\"elementor-element elementor-element-ccd38f6 e-flex e-con-boxed e-con e-parent\" data-id=\"ccd38f6\" data-element_type=\"container\" data-e-type=\"container\">\n\t\t\t\t\t<div class=\"e-con-inner\">\n\t\t\t\t<div class=\"elementor-element elementor-element-91ef3b5 elementor-widget elementor-widget-n-accordion\" data-id=\"91ef3b5\" data-element_type=\"widget\" data-e-type=\"widget\" data-settings=\"{&quot;default_state&quot;:&quot;expanded&quot;,&quot;max_items_expended&quot;:&quot;one&quot;,&quot;n_accordion_animation_duration&quot;:{&quot;unit&quot;:&quot;ms&quot;,&quot;size&quot;:400,&quot;sizes&quot;:[]}}\" data-widget_type=\"nested-accordion.default\">\n\t\t\t\t<div class=\"elementor-widget-container\">\n\t\t\t\t\t\t\t<div class=\"e-n-accordion\" aria-label=\"Accordion (Akkordeon). \u00d6ffnen Sie Links mit Enter oder Space, schlie\u00dfen Sie mit Escape und navigieren Sie mit Arrow Keys.\">\n\t\t\t\t\t\t<details id=\"e-n-accordion-item-1530\" class=\"e-n-accordion-item\" open>\n\t\t\t\t<summary class=\"e-n-accordion-item-title\" data-accordion-index=\"1\" tabindex=\"0\" aria-expanded=\"true\" aria-controls=\"e-n-accordion-item-1530\" >\n\t\t\t\t\t<span class='e-n-accordion-item-title-header'><div class=\"e-n-accordion-item-title-text\"> Eigenschaften und Funktionen von JNR Falcon X 18K Strawberry Watermelon Ice <\/div><\/span>\n\t\t\t\t\t\t\t<span class='e-n-accordion-item-title-icon'>\n\t\t\t<span class='e-opened' ><svg aria-hidden=\"true\" class=\"e-font-icon-svg e-fas-minus\" viewbox=\"0 0 448 512\" xmlns=\"http:\/\/www.w3.org\/2000\/svg\"><path d=\"M416 208H32c-17.67 0-32 14.33-32 32v32c0 17.67 14.33 32 32 32h384c17.67 0 32-14.33 32-32v-32c0-17.67-14.33-32-32-32z\"><\/path><\/svg><\/span>\n\t\t\t<span class='e-closed'><svg aria-hidden=\"true\" class=\"e-font-icon-svg e-fas-plus\" viewbox=\"0 0 448 512\" xmlns=\"http:\/\/www.w3.org\/2000\/svg\"><path d=\"M416 208H272V64c0-17.67-14.33-32-32-32h-32c-17.67 0-32 14.33-32 32v144H32c-17.67 0-32 14.33-32 32v32c0 17.67 14.33 32 32 32h144v144c0 17.67 14.33 32 32 32h32c17.67 0 32-14.33 32-32V304h144c17.67 0 32-14.33 32-32v-32c0-17.67-14.33-32-32-32z\"><\/path><\/svg><\/span>\n\t\t<\/span>\n\n\t\t\t\t\t\t<\/summary>\n\t\t\t\t<div role=\"region\" aria-labelledby=\"e-n-accordion-item-1530\" class=\"elementor-element elementor-element-d3b3f7c e-con-full e-flex e-con e-child\" data-id=\"d3b3f7c\" data-element_type=\"container\" data-e-type=\"container\">\n\t\t<div role=\"region\" aria-labelledby=\"e-n-accordion-item-1530\" class=\"elementor-element elementor-element-2373663 e-flex e-con-boxed e-con e-child\" data-id=\"2373663\" data-element_type=\"container\" data-e-type=\"container\">\n\t\t\t\t\t<div class=\"e-con-inner\">\n\t\t\t\t<div class=\"elementor-element elementor-element-95bb838 elementor-widget elementor-widget-text-editor\" data-id=\"95bb838\" data-element_type=\"widget\" data-e-type=\"widget\" data-widget_type=\"text-editor.default\">\n\t\t\t\t<div class=\"elementor-widget-container\">\n\t\t\t\t\t\t\t\t\t<h2>Ultralange Akkulaufzeit und hohe Kapazit\u00e4t<\/h2><p>Das JNR Falcon-X 18K ist mit einem 950-mAh-Lithium-Ionen-Akku mit hoher Dichte und einem optimierten Energiemanagementsystem ausgestattet, das bei jedem Ladevorgang eine l\u00e4ngere Laufzeit garantiert. Selbst Vielnutzer k\u00f6nnen es bequem den ganzen Tag lang verwenden, ohne es h\u00e4ufig aufladen zu m\u00fcssen. Der Typ-C-Schnellladeanschluss sorgt f\u00fcr ein schnelles, zuverl\u00e4ssiges und sicheres Aufladen, sodass Sie das Ger\u00e4t schnell wieder aufladen k\u00f6nnen.<\/p><h2>Gro\u00dfes Reservoir von 24 ml<\/h2><p>Eine einzelne JNR Falcon-X 18K bietet bis zu 18000 Z\u00fcge und damit eine weitaus l\u00e4ngere Lebensdauer als eine herk\u00f6mmliche elektronische Einwegzigarette. Ob f\u00fcr den t\u00e4glichen Gebrauch oder f\u00fcr lange Fahrten, dieses Ger\u00e4t bietet ein gleichbleibendes Geschmackserlebnis, macht h\u00e4ufiges Auswechseln \u00fcberfl\u00fcssig und sorgt f\u00fcr lang anhaltenden Genuss.<\/p><p>Das 24-ml-Reservoir erm\u00f6glicht eine l\u00e4ngere Nutzung. Das ist ein praktischer Vorteil f\u00fcr diejenigen, die viel reisen oder h\u00e4ufiges Nachf\u00fcllen vermeiden m\u00f6chten. Der gro\u00dfe E-Fl\u00fcssigkeitstank verringert au\u00dferdem das Risiko, dass der Widerstand des Zerst\u00e4ubers trocken verbrennt, und sorgt so f\u00fcr einen gleichbleibenden Geschmack.<\/p><h2>Mehrere Nikotinst\u00e4rken<\/h2><p>Der JNR Falcon-X 18K bietet drei Nikotinst\u00e4rken: 0 %, 2 % und 5 %, die unterschiedlichen Dampferbed\u00fcrfnissen gerecht werden, von einem leichten Geschmack ohne Nikotin bis hin zu einem starken Hit im Hals. Egal, ob Sie ein Neuling beim Dampfen sind oder ein erfahrener Nutzer auf der Suche nach einer befriedigenderen Erfahrung, Sie werden die Geschmacksl\u00f6sung finden, die zu Ihnen passt.<\/p><h2>Doppelte Maschenkonstruktion + doppeltes Herz<\/h2><p>Der JNR Falcon-X 18K verwendet ein doppeltes Maschenheizsystem mit einem Doppelkernwiderstand f\u00fcr eine gleichm\u00e4\u00dfigere Erw\u00e4rmung und einen verfeinerten Dampf. Diese Doppelmaschenstruktur erw\u00e4rmt die E-Fl\u00fcssigkeit gleichm\u00e4\u00dfig und sofort, wodurch eine lokale \u00dcberhitzung minimiert wird. Die Doppelkernkonstruktion sorgt f\u00fcr eine l\u00e4ngere Lebensdauer des Widerstandes und ein konstanteres Aromaprofil. Genie\u00dfen Sie mit jedem Zug ein reichhaltiges Aroma und cremigen Dampf.<\/p><p>Der JNR Falcon-X 18K ist mit einem 0,6-Ohm-Widerstand mit geringem Luftwiderstand ausgestattet, der ein perfektes Gleichgewicht zwischen Geschmack und Dampfvolumen bietet. Diese Konstruktion mit geringem Luftwiderstand bietet ein gr\u00f6\u00dferes Dampfvolumen und einen weicheren Zug, was ideal f\u00fcr die direkte Lungeninhalation ist. Sie erm\u00f6glicht au\u00dferdem einen einstellbaren Luftstrom f\u00fcr die Mund-zu-Mund-Beatmung und bietet so ein individuelleres Erlebnis.<\/p><h2>Design mit einstellbarem Luftstrom<\/h2><p>Der JNR Falcon-X 18K verf\u00fcgt \u00fcber ein einstellbares Luftstromsystem, das es dem Benutzer erm\u00f6glicht, je nach Vorliebe frei zwischen dem direkten Lungenmodus mit hohem Dampf und dem engen Mund-zu-Mund-Modus zu wechseln. Ob Sie nun eine sanfte, luftige Inhalation oder einen reichhaltigen, konzentrierten Hit im Hals bevorzugen, Sie k\u00f6nnen ganz einfach die Einstellung finden, die Ihnen am angenehmsten ist.<\/p><p>Das eingebaute hochaufl\u00f6sende Digitaldisplay zeigt den Batterie- und E-Fl\u00fcssigkeitsstand in Echtzeit an, sodass Sie den Status des Ger\u00e4ts mit einem Blick klar \u00fcberwachen k\u00f6nnen und unerwartete Stromausf\u00e4lle oder Trockenbr\u00e4nde vermieden werden k\u00f6nnen. Die intuitiven visuellen Informationen sorgen f\u00fcr eine sicherere und gelassenere Nutzung.<\/p><p>Mit den Ma\u00dfen 53,5 \u00d7 32 \u00d7 121 mm verf\u00fcgt der JNR Falcon-X 18K \u00fcber einen Akku und einen Tank mit hoher Kapazit\u00e4t und bietet gleichzeitig einen komfortablen Griff und eine hohe Tragbarkeit. Ob in der Hosentasche oder in der Handtasche, er passt problemlos hinein und bietet Ihnen ein hochwertiges Dampferlebnis, wo immer Sie auch sind.<\/p><p>Der JNR Falcon-X 18K hat ein schlichtes Design mit ergonomischen Kurven. Seine Oberfl\u00e4chenbehandlung ist sowohl verschlei\u00dffest als auch rutschfest und sorgt so f\u00fcr ein angenehmes Tragegef\u00fchl. Seine minimalistischen, hochwertigen Farben und die liebevollen Details machen ihn zu mehr als nur einer elektronischen Zigarette - zu einem eleganten Accessoire, das Sie \u00fcberallhin mitnehmen k\u00f6nnen.<\/p>\t\t\t\t\t\t\t\t<\/div>\n\t\t\t\t<\/div>\n\t\t\t\t\t<\/div>\n\t\t\t\t<\/div>\n\t\t\t\t<\/div>\n\t\t\t\t\t<\/details>\n\t\t\t\t\t\t<details id=\"e-n-accordion-item-1531\" class=\"e-n-accordion-item\" >\n\t\t\t\t<summary class=\"e-n-accordion-item-title\" data-accordion-index=\"2\" tabindex=\"-1\" aria-expanded=\"false\" aria-controls=\"e-n-accordion-item-1531\" >\n\t\t\t\t\t<span class='e-n-accordion-item-title-header'><div class=\"e-n-accordion-item-title-text\"> Strawberry Watermelon Ice JNR Falcon X 18K <\/div><\/span>\n\t\t\t\t\t\t\t<span class='e-n-accordion-item-title-icon'>\n\t\t\t<span class='e-opened' ><svg aria-hidden=\"true\" class=\"e-font-icon-svg e-fas-minus\" viewbox=\"0 0 448 512\" xmlns=\"http:\/\/www.w3.org\/2000\/svg\"><path d=\"M416 208H32c-17.67 0-32 14.33-32 32v32c0 17.67 14.33 32 32 32h384c17.67 0 32-14.33 32-32v-32c0-17.67-14.33-32-32-32z\"><\/path><\/svg><\/span>\n\t\t\t<span class='e-closed'><svg aria-hidden=\"true\" class=\"e-font-icon-svg e-fas-plus\" viewbox=\"0 0 448 512\" xmlns=\"http:\/\/www.w3.org\/2000\/svg\"><path d=\"M416 208H272V64c0-17.67-14.33-32-32-32h-32c-17.67 0-32 14.33-32 32v144H32c-17.67 0-32 14.33-32 32v32c0 17.67 14.33 32 32 32h144v144c0 17.67 14.33 32 32 32h32c17.67 0 32-14.33 32-32V304h144c17.67 0 32-14.33 32-32v-32c0-17.67-14.33-32-32-32z\"><\/path><\/svg><\/span>\n\t\t<\/span>\n\n\t\t\t\t\t\t<\/summary>\n\t\t\t\t<div role=\"region\" aria-labelledby=\"e-n-accordion-item-1531\" class=\"elementor-element elementor-element-a796dfc e-con-full e-flex e-con e-child\" data-id=\"a796dfc\" data-element_type=\"container\" data-e-type=\"container\">\n\t\t<div role=\"region\" aria-labelledby=\"e-n-accordion-item-1531\" class=\"elementor-element elementor-element-0f769d2 e-flex e-con-boxed e-con e-child\" data-id=\"0f769d2\" data-element_type=\"container\" data-e-type=\"container\">\n\t\t\t\t\t<div class=\"e-con-inner\">\n\t\t\t\t<div class=\"elementor-element elementor-element-55fd5fa elementor-widget elementor-widget-text-editor\" data-id=\"55fd5fa\" data-element_type=\"widget\" data-e-type=\"widget\" data-widget_type=\"text-editor.default\">\n\t\t\t\t<div class=\"elementor-widget-container\">\n\t\t\t\t\t\t\t\t\t<p>Als ich vor einer Pariser Metrostation auf den Zug wartete und um mich herum Menschen kamen und gingen, zog ich gew\u00f6hnlich meine elektronische Zigarette JNR Falcon 18000 aus meiner Tasche und w\u00e4hlte meine Lieblingssorte Erdbeer- und Wassermeloneneis. Diese elektronische Zigarette hat mir wirklich meine l\u00e4stige Wartezeit erspart.<\/p><p>Die Geschmackskombination von Erdbeer- und Wassermeloneneis ist absolut unglaublich! Der erste Zug des Rauchs bringt die S\u00fc\u00dfe der Erdbeere hervor, gefolgt von der Saftigkeit der Wassermelone und l\u00e4sst schlie\u00dflich einen Hauch von Minzfrische im Mund verweilen. Wenn man vor der stickigen U-Bahn-Station steht, ist dieses Gef\u00fchl der Frische besonders angenehm.<\/p>\t\t\t\t\t\t\t\t<\/div>\n\t\t\t\t<\/div>\n\t\t<div role=\"region\" aria-labelledby=\"e-n-accordion-item-1531\" class=\"elementor-element elementor-element-942ccb0 e-con-full e-flex e-con e-child\" data-id=\"942ccb0\" data-element_type=\"container\" data-e-type=\"container\">\n\t\t<div role=\"region\" aria-labelledby=\"e-n-accordion-item-1531\" class=\"elementor-element elementor-element-d5e4b56 e-con-full e-flex e-con e-child\" data-id=\"d5e4b56\" data-element_type=\"container\" data-e-type=\"container\">\n\t\t\t\t<div class=\"elementor-element elementor-element-381dfcb elementor-widget elementor-widget-image-gallery\" data-id=\"381dfcb\" data-element_type=\"widget\" data-e-type=\"widget\" data-widget_type=\"image-gallery.default\">\n\t\t\t\t<div class=\"elementor-widget-container\">\n\t\t\t\t\t\t\t<div class=\"elementor-image-gallery\">\n\t\t\t<div id='gallery-1' class='gallery galleryid-2008 gallery-columns-1 gallery-size-medium_large'><figure class='gallery-item'>\n\t\t\t<div class='gallery-icon portrait'>\n\t\t\t\t<img fetchpriority=\"high\" decoding=\"async\" width=\"654\" height=\"690\" src=\"https:\/\/puffvapestore.com\/wp-content\/uploads\/2025\/04\/pvajf18000-27.jpg\" class=\"attachment-medium_large size-medium_large\" alt=\"JNR Falcon 18k Strawberry Watermelon Ice pvajf18000\" aria-describedby=\"gallery-1-1967\" srcset=\"https:\/\/puffvapestore.com\/wp-content\/uploads\/2025\/04\/pvajf18000-27.jpg 654w, https:\/\/puffvapestore.com\/wp-content\/uploads\/2025\/04\/pvajf18000-27-284x300.jpg 284w, https:\/\/puffvapestore.com\/wp-content\/uploads\/2025\/04\/pvajf18000-27-600x633.jpg 600w\" sizes=\"(max-width: 654px) 100vw, 654px\" \/>\n\t\t\t<\/div>\n\t\t\t\t<figcaption class='wp-caption-text gallery-caption' id='gallery-1-1967'>\n\t\t\t\tJNR Falcon 18k Strawberry Watermelon Ice pvajf18000\n\t\t\t\t<\/figcaption><\/figure>\n\t\t<\/div>\n\t\t<\/div>\n\t\t\t\t\t\t<\/div>\n\t\t\t\t<\/div>\n\t\t\t\t<\/div>\n\t\t<div role=\"region\" aria-labelledby=\"e-n-accordion-item-1531\" class=\"elementor-element elementor-element-577deeb e-con-full e-flex e-con e-child\" data-id=\"577deeb\" data-element_type=\"container\" data-e-type=\"container\">\n\t\t\t\t<div class=\"elementor-element elementor-element-5d167cf elementor-widget elementor-widget-text-editor\" data-id=\"5d167cf\" data-element_type=\"widget\" data-e-type=\"widget\" data-widget_type=\"text-editor.default\">\n\t\t\t\t<div class=\"elementor-widget-container\">\n\t\t\t\t\t\t\t\t\t<p>Um ehrlich zu sein, habe ich viele elektronische Zigaretten ausprobiert, aber die Doppelmaschenspulentechnologie von JNR macht den Geschmack wirklich reiner. Der Widerstand von 0,6 Ohm macht den Rauch voll und weich. Ich mag es, das Luftstromsystem anzupassen. Manchmal m\u00f6chte ich, dass der Rauch voller ist, und manchmal m\u00f6chte ich, dass er weicher ist. Dies kann ganz auf meinen eigenen Vorlieben beruhen.<\/p><p>Das Beste ist die Lebensdauer der Batterie! 18 000 Z\u00fcge bedeuten, dass ich ihn nur alle zwei Wochen austauschen muss. Die 24 ml E-Fl\u00fcssigkeit sind eine beachtliche Menge, sodass Sie nicht bef\u00fcrchten m\u00fcssen, dass Ihnen die Fl\u00fcssigkeit ausgeht. Ich benutze das Ger\u00e4t oft auf Reisen und hatte noch nie die Peinlichkeit, dass mir auf halbem Weg der Akku ausgegangen ist. Selbst wenn der Akku schwach ist, kann er mit der Typ-C-Ladung schnell wieder aufgeladen werden.<\/p><p>Die LED-Anzeige ist sehr praktisch. Man kann sehen, wie viele Z\u00fcge und wie viel Batterie man noch hat, ohne raten zu m\u00fcssen. Ich pers\u00f6nlich finde, dass die Nikotinkonzentration von 2% genau richtig ist und ein starkes, aber nicht zu starkes Gef\u00fchl der Befriedigung vermittelt.<\/p>\t\t\t\t\t\t\t\t<\/div>\n\t\t\t\t<\/div>\n\t\t\t\t<\/div>\n\t\t\t\t<\/div>\n\t\t<div role=\"region\" aria-labelledby=\"e-n-accordion-item-1531\" class=\"elementor-element elementor-element-7926c6b e-con-full e-flex e-con e-child\" data-id=\"7926c6b\" data-element_type=\"container\" data-e-type=\"container\">\n\t\t\t\t<div class=\"elementor-element elementor-element-2b41948 elementor-widget elementor-widget-text-editor\" data-id=\"2b41948\" data-element_type=\"widget\" data-e-type=\"widget\" data-widget_type=\"text-editor.default\">\n\t\t\t\t<div class=\"elementor-widget-container\">\n\t\t\t\t\t\t\t\t\t<p>Die Gr\u00f6\u00dfe dieser E-Zigarette ist perfekt, sie ist sehr bequem in der Hand zu halten und ihr Aussehen ist auch sehr modisch. Es ist nat\u00fcrlich, sie in einem Caf\u00e9 oder beim Warten auf die U-Bahn zu verwenden, und sie wird nicht zu auff\u00e4llig sein.<\/p><p>Wenn Sie ebenfalls fruchtige Geschmacksrichtungen m\u00f6gen und sich ein k\u00fchles Gef\u00fchl w\u00fcnschen, ist Erdbeer- und Wassermeloneneis auf jeden Fall einen Versuch wert. Vor allem im Sommer ist es ein Rettungsanker. Die Qualit\u00e4t des JNR Falcon 18000 und dieser Geschmack sind eine perfekte Kombination, die jedes Raucherlebnis zu einem angenehmen Erlebnis macht.<\/p>\t\t\t\t\t\t\t\t<\/div>\n\t\t\t\t<\/div>\n\t\t\t\t<\/div>\n\t\t\t\t\t<\/div>\n\t\t\t\t<\/div>\n\t\t\t\t<\/div>\n\t\t\t\t\t<\/details>\n\t\t\t\t\t<\/div>\n\t\t\t\t\t\t<\/div>\n\t\t\t\t<\/div>\n\t\t\t\t\t<\/div>\n\t\t\t\t<\/div>\n\t\t\t\t<\/div>","protected":false},"excerpt":{"rendered":"<p>Caract\u00e9ristiques du JNR Falcon 18K Strawberry Watermelon Ice: Bouff\u00e9es : Jusqu\u2019\u00e0 18000 bouff\u00e9es Liquide : 24 ml Taux de nicotine : 0 %, 2 %, 5 % R\u00e9sistance : 0.6 ohm Capacit\u00e9 de la batterie : 950 mAh Chargement : Type-C D\u00e9bit d\u2019air r\u00e9glable : Oui Affichage num\u00e9rique R\u00e9sistance double maille et double c\u0153ur Dimensions [&hellip;]<\/p>\n","protected":false},"featured_media":1967,"comment_status":"open","ping_status":"closed","template":"","meta":{"site-sidebar-layout":"no-sidebar","site-content-layout":"page-builder","ast-site-content-layout":"normal-width-container","site-content-style":"default","site-sidebar-style":"default","ast-global-header-display":"","ast-banner-title-visibility":"","ast-main-header-display":"","ast-hfb-above-header-display":"","ast-hfb-below-header-display":"","ast-hfb-mobile-header-display":"","site-post-title":"disabled","ast-breadcrumbs-content":"","ast-featured-img":"disabled","footer-sml-layout":"","ast-disable-related-posts":"","theme-transparent-header-meta":"default","adv-header-id-meta":"","stick-header-meta":"default","header-above-stick-meta":"","header-main-stick-meta":"","header-below-stick-meta":"","astra-migrate-meta-layouts":"set","ast-page-background-enabled":"default","ast-page-background-meta":{"desktop":{"background-color":"","background-image":"","background-repeat":"repeat","background-position":"center center","background-size":"auto","background-attachment":"scroll","background-type":"","background-media":"","overlay-type":"","overlay-color":"","overlay-opacity":"","overlay-gradient":""},"tablet":{"background-color":"","background-image":"","background-repeat":"repeat","background-position":"center center","background-size":"auto","background-attachment":"scroll","background-type":"","background-media":"","overlay-type":"","overlay-color":"","overlay-opacity":"","overlay-gradient":""},"mobile":{"background-color":"","background-image":"","background-repeat":"repeat","background-position":"center center","background-size":"auto","background-attachment":"scroll","background-type":"","background-media":"","overlay-type":"","overlay-color":"","overlay-opacity":"","overlay-gradient":""}},"ast-content-background-meta":{"desktop":{"background-color":"var(--ast-global-color-5)","background-image":"","background-repeat":"repeat","background-position":"center center","background-size":"auto","background-attachment":"scroll","background-type":"","background-media":"","overlay-type":"","overlay-color":"","overlay-opacity":"","overlay-gradient":""},"tablet":{"background-color":"var(--ast-global-color-5)","background-image":"","background-repeat":"repeat","background-position":"center center","background-size":"auto","background-attachment":"scroll","background-type":"","background-media":"","overlay-type":"","overlay-color":"","overlay-opacity":"","overlay-gradient":""},"mobile":{"background-color":"var(--ast-global-color-5)","background-image":"","background-repeat":"repeat","background-position":"center center","background-size":"auto","background-attachment":"scroll","background-type":"","background-media":"","overlay-type":"","overlay-color":"","overlay-opacity":"","overlay-gradient":""}}},"product_brand":[30],"product_cat":[40,84,77,34,35,31,15],"product_tag":[],"class_list":{"0":"post-2008","1":"product","2":"type-product","3":"status-publish","4":"has-post-thumbnail","6":"product_brand-jnr","7":"product_cat-jnr-18k","8":"product_cat-puff-18k","9":"product_cat-entrepot-de-lue","10":"product_cat-puff-jnr","11":"product_cat-jnr-vape","12":"product_cat-jnr-falcon","13":"product_cat-magasin-cigarette-electronique","14":"desktop-align-center","15":"tablet-align-center","16":"mobile-align-center","17":"ast-product-gallery-layout-horizontal","18":"ast-product-gallery-with-no-image","19":"ast-product-single-variable","20":"ast-product-tabs-layout-horizontal","21":"ast-qv-on-image","23":"first","24":"instock","25":"sale","26":"shipping-taxable","27":"purchasable","28":"product-type-variable","29":"has-default-attributes"},"tiered_pricing_type":"fixed","tiered_pricing_fixed_rules":{"30":10.08,"60":9.28,"100":8.13,"200":7.48,"500":7.28,"1000":6.98},"tiered_pricing_product_settings":{"layout":"default","base_unit_name":{"singular":null,"plural":null},"default_variation":null},"tiered_pricing_minimum_quantity":null,"tiered_pricing_roles_data":[],"tiered_pricing_percentage_rules":[],"_links":{"self":[{"href":"https:\/\/puffvapestore.com\/de\/wp-json\/wp\/v2\/product\/2008","targetHints":{"allow":["GET"]}}],"collection":[{"href":"https:\/\/puffvapestore.com\/de\/wp-json\/wp\/v2\/product"}],"about":[{"href":"https:\/\/puffvapestore.com\/de\/wp-json\/wp\/v2\/types\/product"}],"replies":[{"embeddable":true,"href":"https:\/\/puffvapestore.com\/de\/wp-json\/wp\/v2\/comments?post=2008"}],"version-history":[{"count":22,"href":"https:\/\/puffvapestore.com\/de\/wp-json\/wp\/v2\/product\/2008\/revisions"}],"predecessor-version":[{"id":13622,"href":"https:\/\/puffvapestore.com\/de\/wp-json\/wp\/v2\/product\/2008\/revisions\/13622"}],"wp:featuredmedia":[{"embeddable":true,"href":"https:\/\/puffvapestore.com\/de\/wp-json\/wp\/v2\/media\/1967"}],"wp:attachment":[{"href":"https:\/\/puffvapestore.com\/de\/wp-json\/wp\/v2\/media?parent=2008"}],"wp:term":[{"taxonomy":"product_brand","embeddable":true,"href":"https:\/\/puffvapestore.com\/de\/wp-json\/wp\/v2\/product_brand?post=2008"},{"taxonomy":"product_cat","embeddable":true,"href":"https:\/\/puffvapestore.com\/de\/wp-json\/wp\/v2\/product_cat?post=2008"},{"taxonomy":"product_tag","embeddable":true,"href":"https:\/\/puffvapestore.com\/de\/wp-json\/wp\/v2\/product_tag?post=2008"}],"curies":[{"name":"wp","href":"https:\/\/api.w.org\/{rel}","templated":true}]}}