{"id":1854,"date":"2025-03-31T02:49:42","date_gmt":"2025-03-31T02:49:42","guid":{"rendered":"https:\/\/puffvapestore.com\/?post_type=product&#038;p=1854"},"modified":"2026-04-20T11:03:27","modified_gmt":"2026-04-20T11:03:27","slug":"jnr-falcon-16000-cola-ice","status":"publish","type":"product","link":"https:\/\/puffvapestore.com\/de\/product\/jnr-falcon-16000-cola-ice\/","title":{"rendered":"JNR Falcon 16000 Cola Ice"},"content":{"rendered":"<div data-elementor-type=\"wp-post\" data-elementor-id=\"1854\" class=\"elementor elementor-1854\">\n\t\t\t\t<div class=\"elementor-element elementor-element-824a998 e-flex e-con-boxed e-con e-parent\" data-id=\"824a998\" data-element_type=\"container\" data-e-type=\"container\">\n\t\t\t\t\t<div class=\"e-con-inner\">\n\t\t\t\t<div class=\"elementor-element elementor-element-55fd5fa elementor-widget elementor-widget-text-editor\" data-id=\"55fd5fa\" data-element_type=\"widget\" data-e-type=\"widget\" data-widget_type=\"text-editor.default\">\n\t\t\t\t<div class=\"elementor-widget-container\">\n\t\t\t\t\t\t\t\t\t<h2>JNR Falcon 16000 Cola Ice<\/h2><p>In Frankreich ist der Genuss eines gut gek\u00fchlten Glases Coca-Cola ein Vergn\u00fcgen, das viele Menschen unwiderstehlich finden. Ob bei einem Kaffee im Freien an einem Sommernachmittag oder bei einem Gespr\u00e4ch mit Freunden am sp\u00e4ten Abend, der vertraute, s\u00fc\u00dfe und frische Geschmack mit den leicht h\u00fcpfenden Blasen verleitet die Menschen immer zum Verweilen. Von nun an <strong>JNR Falcon 16000 - Cola Ice<\/strong> kann diese klassische Erfahrung in Ihre elektronische Zigarette bringen, sodass Sie den vertrauten erfrischenden Geschmack jederzeit und \u00fcberall genie\u00dfen k\u00f6nnen!<\/p>\t\t\t\t\t\t\t\t<\/div>\n\t\t\t\t<\/div>\n\t\t\t\t\t<\/div>\n\t\t\t\t<\/div>\n\t\t<div class=\"elementor-element elementor-element-942ccb0 e-flex e-con-boxed e-con e-parent\" data-id=\"942ccb0\" data-element_type=\"container\" data-e-type=\"container\">\n\t\t\t\t\t<div class=\"e-con-inner\">\n\t\t<div class=\"elementor-element elementor-element-577deeb e-con-full e-flex e-con e-child\" data-id=\"577deeb\" data-element_type=\"container\" data-e-type=\"container\">\n\t\t\t\t<div class=\"elementor-element elementor-element-5d167cf elementor-widget elementor-widget-text-editor\" data-id=\"5d167cf\" data-element_type=\"widget\" data-e-type=\"widget\" data-widget_type=\"text-editor.default\">\n\t\t\t\t<div class=\"elementor-widget-container\">\n\t\t\t\t\t\t\t\t\t<h2>Infos \u00fcber JNR Falcon 16000 Cola Ice<\/h2><p>Z\u00fcge : Bis zu 16000 Z\u00fcge<br \/>Fl\u00fcssigkeit: 22 ml<br \/>Nikotinst\u00e4rke: 0 %, 2 %, 5 %<br \/>Widerstand: 1,0 Ohm<br \/>Akkukapazit\u00e4t: 850 mAh<br \/>Aufladen: Type-C<br \/>Doppelter Maschen- und Doppelkernwiderstand<br \/>Ma\u00dfe: 53,5 x 32 x 110 mm<\/p>\t\t\t\t\t\t\t\t<\/div>\n\t\t\t\t<\/div>\n\t\t\t\t<\/div>\n\t\t<div class=\"elementor-element elementor-element-d5e4b56 e-con-full e-flex e-con e-child\" data-id=\"d5e4b56\" data-element_type=\"container\" data-e-type=\"container\">\n\t\t\t\t<div class=\"elementor-element elementor-element-381dfcb elementor-widget elementor-widget-image-gallery\" data-id=\"381dfcb\" data-element_type=\"widget\" data-e-type=\"widget\" data-widget_type=\"image-gallery.default\">\n\t\t\t\t<div class=\"elementor-widget-container\">\n\t\t\t\t\t\t\t<div class=\"elementor-image-gallery\">\n\t\t\t<div id='gallery-1' class='gallery galleryid-1854 gallery-columns-1 gallery-size-medium_large'><figure class='gallery-item'>\n\t\t\t<div class='gallery-icon portrait'>\n\t\t\t\t<img fetchpriority=\"high\" decoding=\"async\" width=\"654\" height=\"690\" src=\"https:\/\/puffvapestore.com\/wp-content\/uploads\/2025\/03\/pvajf16000-18.jpg\" class=\"attachment-medium_large size-medium_large\" alt=\"JNR Falcon 16K Cola Ice\" aria-describedby=\"gallery-1-1565\" srcset=\"https:\/\/puffvapestore.com\/wp-content\/uploads\/2025\/03\/pvajf16000-18.jpg 654w, https:\/\/puffvapestore.com\/wp-content\/uploads\/2025\/03\/pvajf16000-18-284x300.jpg 284w, https:\/\/puffvapestore.com\/wp-content\/uploads\/2025\/03\/pvajf16000-18-600x633.jpg 600w\" sizes=\"(max-width: 654px) 100vw, 654px\" \/>\n\t\t\t<\/div>\n\t\t\t\t<figcaption class='wp-caption-text gallery-caption' id='gallery-1-1565'>\n\t\t\t\tJNR Falcon 16K Cola Ice\n\t\t\t\t<\/figcaption><\/figure>\n\t\t<\/div>\n\t\t<\/div>\n\t\t\t\t\t\t<\/div>\n\t\t\t\t<\/div>\n\t\t\t\t<\/div>\n\t\t\t\t\t<\/div>\n\t\t\t\t<\/div>\n\t\t<div class=\"elementor-element elementor-element-7926c6b e-flex e-con-boxed e-con e-parent\" data-id=\"7926c6b\" data-element_type=\"container\" data-e-type=\"container\">\n\t\t\t\t\t<div class=\"e-con-inner\">\n\t\t\t\t<div class=\"elementor-element elementor-element-2b41948 elementor-widget elementor-widget-text-editor\" data-id=\"2b41948\" data-element_type=\"widget\" data-e-type=\"widget\" data-widget_type=\"text-editor.default\">\n\t\t\t\t<div class=\"elementor-widget-container\">\n\t\t\t\t\t\t\t\t\t<h2>Cola Ice: Die K\u00fchle des Ged\u00e4chtnisses in Dampf verwandeln<\/h2><p>Erinnern Sie sich noch an das erste Mal, als Sie eine k\u00fchle Dose Coca-Cola ge\u00f6ffnet haben? Die S\u00fc\u00dfe von Karamell mit einem feinen Zitrusaroma, gemischt mit den k\u00fchlen Bl\u00e4schen, trifft die Geschmacksnerven, vertreibt die Hitze sofort und macht Lust auf einen weiteren Schluck. Die <strong>elektronische Zigarette JNR Falcon 16000 - Cola Ice<\/strong> reproduziert diese Erfahrung perfekt und f\u00fcgt einen zus\u00e4tzlichen Hauch von Eis hinzu, wodurch jede Rauchinhalation wie ein erfrischender Atemzug mitten in der Nacht wirkt und deine Geschmacksknospen sofort weckt!<\/p><ul><li><strong>Echter Cola-Geschmack<\/strong> : die Reichhaltigkeit von Karamell, der leichte Zitrusduft und die perfekte Kombination dieses klassischen \"Soda-Gef\u00fchls\".<\/li><li><strong>Cooles Upgrade<\/strong> : Genau die richtige Menge an Frische, wie eine Dose Cola frisch aus dem K\u00fchlschrank, anregend, aber nicht reizend f\u00fcr den Hals, erfrischend, aber nicht zu anregend.<\/li><li><strong>Langanhaltender Nachgeschmack<\/strong> Im Gegensatz zu echter Cola, die mit dem Schmelzen des Eises fade wird, bleibt der Geschmack dieser Cola Ice E-Zigarette vom ersten bis zum letzten Zug stabil und bringt immer ein reines Geschmackserlebnis.<\/li><\/ul><h3>Warum ist die Geschmacksrichtung Cola Ice in Frankreich so beliebt?<\/h3><p>Die Franzosen sind f\u00fcr ihr Streben nach Geschmack bekannt, und es ist kein Zufall, dass Cola Ice die anspruchsvollen franz\u00f6sischen Liebhaber von elektronischen Zigaretten erobert hat.<\/p><h4>1. Klassiker fehlen nie, sie rufen Nostalgie hervor<\/h4><p>Coca-Cola ist nicht nur ein Getr\u00e4nk, sondern ein kollektives Ged\u00e4chtnis. Von den Geburtstagsfeiern meiner Kindheit \u00fcber die Snacks im Kino meiner Teenagerjahre bis hin zu den Nachmittagsschl\u00e4fchen im Erwachsenenalter tr\u00e4gt der Geschmack von Coca-Cola Erinnerungen an Freude, Freiheit und Unbeschwertheit in sich. <strong>JNR Falcon 16000 - Cola Ice<\/strong> erm\u00f6glicht es den Menschen, jedes Mal, wenn sie den Rauch einatmen, diese wunderbaren Erinnerungen wachzurufen, als w\u00fcrden sie an den unbeschwerten Sommernachmittag zur\u00fcckkehren.<\/p><h4>2. Passend f\u00fcr jeden Anlass, eine vielseitige Wahl<\/h4><p>Im Gegensatz zu einigen starken oder komplexen Geschmacksrichtungen, die eine bestimmte Stimmung oder Szene ben\u00f6tigen, um genossen zu werden, ist Cola Ice die Art von E-Zigaretten-Geschmack, die jederzeit und \u00fcberall f\u00fcr Genuss sorgen kann. Ob es sich um einen Hauch von Rauch am Morgen zur Erfrischung, einen Hauch von Frische am Nachmittag oder einen Moment der Entspannung am Abend handelt, es f\u00fcgt sich nahtlos ein, um Ihr Erlebnis stimmig zu machen.<\/p>\t\t\t\t\t\t\t\t<\/div>\n\t\t\t\t<\/div>\n\t\t\t\t\t<\/div>\n\t\t\t\t<\/div>\n\t\t\t\t<\/div>","protected":false},"excerpt":{"rendered":"<p>JNR Falcon 16000 Cola Ice En France, d\u00e9guster un verre de Coca-Cola bien frais est un plaisir que beaucoup de gens trouvent irr\u00e9sistible. Qu&rsquo;il s&rsquo;agisse d&rsquo;un caf\u00e9 en plein air un apr\u00e8s-midi d&rsquo;\u00e9t\u00e9 ou d&rsquo;une discussion avec des amis tard le soir, le go\u00fbt familier, sucr\u00e9 et frais, avec des bulles l\u00e9g\u00e8rement sautillantes, incite toujours [&hellip;]<\/p>\n","protected":false},"featured_media":1565,"comment_status":"open","ping_status":"closed","template":"","meta":{"site-sidebar-layout":"no-sidebar","site-content-layout":"page-builder","ast-site-content-layout":"normal-width-container","site-content-style":"default","site-sidebar-style":"default","ast-global-header-display":"","ast-banner-title-visibility":"","ast-main-header-display":"","ast-hfb-above-header-display":"","ast-hfb-below-header-display":"","ast-hfb-mobile-header-display":"","site-post-title":"disabled","ast-breadcrumbs-content":"","ast-featured-img":"disabled","footer-sml-layout":"","ast-disable-related-posts":"","theme-transparent-header-meta":"default","adv-header-id-meta":"","stick-header-meta":"default","header-above-stick-meta":"","header-main-stick-meta":"","header-below-stick-meta":"","astra-migrate-meta-layouts":"set","ast-page-background-enabled":"default","ast-page-background-meta":{"desktop":{"background-color":"","background-image":"","background-repeat":"repeat","background-position":"center center","background-size":"auto","background-attachment":"scroll","background-type":"","background-media":"","overlay-type":"","overlay-color":"","overlay-opacity":"","overlay-gradient":""},"tablet":{"background-color":"","background-image":"","background-repeat":"repeat","background-position":"center center","background-size":"auto","background-attachment":"scroll","background-type":"","background-media":"","overlay-type":"","overlay-color":"","overlay-opacity":"","overlay-gradient":""},"mobile":{"background-color":"","background-image":"","background-repeat":"repeat","background-position":"center center","background-size":"auto","background-attachment":"scroll","background-type":"","background-media":"","overlay-type":"","overlay-color":"","overlay-opacity":"","overlay-gradient":""}},"ast-content-background-meta":{"desktop":{"background-color":"var(--ast-global-color-5)","background-image":"","background-repeat":"repeat","background-position":"center center","background-size":"auto","background-attachment":"scroll","background-type":"","background-media":"","overlay-type":"","overlay-color":"","overlay-opacity":"","overlay-gradient":""},"tablet":{"background-color":"var(--ast-global-color-5)","background-image":"","background-repeat":"repeat","background-position":"center center","background-size":"auto","background-attachment":"scroll","background-type":"","background-media":"","overlay-type":"","overlay-color":"","overlay-opacity":"","overlay-gradient":""},"mobile":{"background-color":"var(--ast-global-color-5)","background-image":"","background-repeat":"repeat","background-position":"center center","background-size":"auto","background-attachment":"scroll","background-type":"","background-media":"","overlay-type":"","overlay-color":"","overlay-opacity":"","overlay-gradient":""}}},"product_brand":[30],"product_cat":[15,81,77,36],"product_tag":[],"class_list":{"0":"post-1854","1":"product","2":"type-product","3":"status-publish","4":"has-post-thumbnail","6":"product_brand-jnr","7":"product_cat-magasin-cigarette-electronique","8":"product_cat-puff-16k","9":"product_cat-entrepot-de-lue","10":"product_cat-jnr-16k","11":"desktop-align-center","12":"tablet-align-center","13":"mobile-align-center","14":"ast-product-gallery-layout-horizontal","15":"ast-product-gallery-with-no-image","16":"ast-product-single-variable","17":"ast-product-tabs-layout-horizontal","18":"ast-qv-on-image","20":"first","21":"instock","22":"sale","23":"shipping-taxable","24":"purchasable","25":"product-type-variable","26":"has-default-attributes"},"tiered_pricing_type":"fixed","tiered_pricing_fixed_rules":{"30":9.88,"60":9.26,"100":8.06,"200":7.38,"500":6.98,"1000":6.8},"tiered_pricing_product_settings":{"layout":"default","base_unit_name":{"singular":null,"plural":null},"default_variation":null},"tiered_pricing_minimum_quantity":null,"tiered_pricing_roles_data":[],"tiered_pricing_percentage_rules":[],"_links":{"self":[{"href":"https:\/\/puffvapestore.com\/de\/wp-json\/wp\/v2\/product\/1854","targetHints":{"allow":["GET"]}}],"collection":[{"href":"https:\/\/puffvapestore.com\/de\/wp-json\/wp\/v2\/product"}],"about":[{"href":"https:\/\/puffvapestore.com\/de\/wp-json\/wp\/v2\/types\/product"}],"replies":[{"embeddable":true,"href":"https:\/\/puffvapestore.com\/de\/wp-json\/wp\/v2\/comments?post=1854"}],"version-history":[{"count":16,"href":"https:\/\/puffvapestore.com\/de\/wp-json\/wp\/v2\/product\/1854\/revisions"}],"predecessor-version":[{"id":17681,"href":"https:\/\/puffvapestore.com\/de\/wp-json\/wp\/v2\/product\/1854\/revisions\/17681"}],"wp:featuredmedia":[{"embeddable":true,"href":"https:\/\/puffvapestore.com\/de\/wp-json\/wp\/v2\/media\/1565"}],"wp:attachment":[{"href":"https:\/\/puffvapestore.com\/de\/wp-json\/wp\/v2\/media?parent=1854"}],"wp:term":[{"taxonomy":"product_brand","embeddable":true,"href":"https:\/\/puffvapestore.com\/de\/wp-json\/wp\/v2\/product_brand?post=1854"},{"taxonomy":"product_cat","embeddable":true,"href":"https:\/\/puffvapestore.com\/de\/wp-json\/wp\/v2\/product_cat?post=1854"},{"taxonomy":"product_tag","embeddable":true,"href":"https:\/\/puffvapestore.com\/de\/wp-json\/wp\/v2\/product_tag?post=1854"}],"curies":[{"name":"wp","href":"https:\/\/api.w.org\/{rel}","templated":true}]}}