{"id":1739,"date":"2025-03-24T22:00:07","date_gmt":"2025-03-24T22:00:07","guid":{"rendered":"https:\/\/puffvapestore.com\/?post_type=product&#038;p=1739"},"modified":"2026-04-20T11:07:04","modified_gmt":"2026-04-20T11:07:04","slug":"jnr-falcon-16000-hubba-bubba-strawberry","status":"publish","type":"product","link":"https:\/\/puffvapestore.com\/de\/product\/jnr-falcon-16000-hubba-bubba-strawberry\/","title":{"rendered":"JNR Falcon 16000 Hubba Bubba Strawberry"},"content":{"rendered":"<div data-elementor-type=\"wp-post\" data-elementor-id=\"1739\" class=\"elementor elementor-1739\">\n\t\t\t\t<div class=\"elementor-element elementor-element-824a998 e-flex e-con-boxed e-con e-parent\" data-id=\"824a998\" data-element_type=\"container\" data-e-type=\"container\">\n\t\t\t\t\t<div class=\"e-con-inner\">\n\t\t\t\t<div class=\"elementor-element elementor-element-55fd5fa elementor-widget elementor-widget-text-editor\" data-id=\"55fd5fa\" data-element_type=\"widget\" data-e-type=\"widget\" data-widget_type=\"text-editor.default\">\n\t\t\t\t<div class=\"elementor-widget-container\">\n\t\t\t\t\t\t\t\t\t<h2>JNR Falcon 16000 Hubba Bubba Fr\u00e4se<\/h2><p>Erinnern Sie sich noch an die riesigen rosa Kaugummikugeln? Sie machten riesige Blasen und f\u00fcllten den ganzen Spielplatz mit Duft. Die <strong>JNR Falcon 16000 - Hubba Bubba Strawberry<\/strong> ist ein solches Produkt ... allerdings in Form einer elektronischen Zigarette. Ein einziger Zug und es ist wie ein One-Way-Ticket in s\u00fc\u00dfe Kindheitserinnerungen, mit einer Explosion von saftigen Erdbeeren und einem Hauch von Retro-Nachsicht.<\/p><p>Aber lassen Sie sich nicht t\u00e4uschen: Unter seinem verspielten \u00c4u\u00dferen ist dieser Falcon 16K eine wahrhaft ausgekl\u00fcgelte Maschine. Er h\u00e4lt 16.000 Z\u00fcge, viel l\u00e4nger als jede Packung Kaugummi.<\/p>\t\t\t\t\t\t\t\t<\/div>\n\t\t\t\t<\/div>\n\t\t\t\t\t<\/div>\n\t\t\t\t<\/div>\n\t\t<div class=\"elementor-element elementor-element-942ccb0 e-flex e-con-boxed e-con e-parent\" data-id=\"942ccb0\" data-element_type=\"container\" data-e-type=\"container\">\n\t\t\t\t\t<div class=\"e-con-inner\">\n\t\t<div class=\"elementor-element elementor-element-577deeb e-con-full e-flex e-con e-child\" data-id=\"577deeb\" data-element_type=\"container\" data-e-type=\"container\">\n\t\t\t\t<div class=\"elementor-element elementor-element-5d167cf elementor-widget elementor-widget-text-editor\" data-id=\"5d167cf\" data-element_type=\"widget\" data-e-type=\"widget\" data-widget_type=\"text-editor.default\">\n\t\t\t\t<div class=\"elementor-widget-container\">\n\t\t\t\t\t\t\t\t\t<h2>Details zu JNR Falcon 16000 Hubba Bubba Strawberry<\/h2><p>Z\u00fcge : Bis zu 16000 Z\u00fcge<br \/>Fl\u00fcssigkeit: 22 ml<br \/>Nikotinst\u00e4rke: 0 %, 2 %, 5 %<br \/>Widerstand: 1,0 Ohm<br \/>Akkukapazit\u00e4t: 850 mAh<br \/>Aufladen: Type-C<br \/>Doppelter Maschen- und Doppelkernwiderstand<br \/>Ma\u00dfe: 53,5 x 32 x 110 mm<\/p>\t\t\t\t\t\t\t\t<\/div>\n\t\t\t\t<\/div>\n\t\t\t\t<\/div>\n\t\t<div class=\"elementor-element elementor-element-d5e4b56 e-con-full e-flex e-con e-child\" data-id=\"d5e4b56\" data-element_type=\"container\" data-e-type=\"container\">\n\t\t\t\t<div class=\"elementor-element elementor-element-381dfcb elementor-widget elementor-widget-image-gallery\" data-id=\"381dfcb\" data-element_type=\"widget\" data-e-type=\"widget\" data-widget_type=\"image-gallery.default\">\n\t\t\t\t<div class=\"elementor-widget-container\">\n\t\t\t\t\t\t\t<div class=\"elementor-image-gallery\">\n\t\t\t<div id='gallery-1' class='gallery galleryid-1739 gallery-columns-1 gallery-size-medium_large'><figure class='gallery-item'>\n\t\t\t<div class='gallery-icon portrait'>\n\t\t\t\t<img fetchpriority=\"high\" decoding=\"async\" width=\"654\" height=\"690\" src=\"https:\/\/puffvapestore.com\/wp-content\/uploads\/2025\/03\/pvajf16000-25.jpg\" class=\"attachment-medium_large size-medium_large\" alt=\"JNR Falcon 16K Hubba Bubba Strawberry\" aria-describedby=\"gallery-1-1572\" srcset=\"https:\/\/puffvapestore.com\/wp-content\/uploads\/2025\/03\/pvajf16000-25.jpg 654w, https:\/\/puffvapestore.com\/wp-content\/uploads\/2025\/03\/pvajf16000-25-284x300.jpg 284w, https:\/\/puffvapestore.com\/wp-content\/uploads\/2025\/03\/pvajf16000-25-600x633.jpg 600w\" sizes=\"(max-width: 654px) 100vw, 654px\" \/>\n\t\t\t<\/div>\n\t\t\t\t<figcaption class='wp-caption-text gallery-caption' id='gallery-1-1572'>\n\t\t\t\tJNR Falcon 16K Hubba Bubba Strawberry\n\t\t\t\t<\/figcaption><\/figure>\n\t\t<\/div>\n\t\t<\/div>\n\t\t\t\t\t\t<\/div>\n\t\t\t\t<\/div>\n\t\t\t\t<\/div>\n\t\t\t\t\t<\/div>\n\t\t\t\t<\/div>\n\t\t<div class=\"elementor-element elementor-element-7926c6b e-flex e-con-boxed e-con e-parent\" data-id=\"7926c6b\" data-element_type=\"container\" data-e-type=\"container\">\n\t\t\t\t\t<div class=\"e-con-inner\">\n\t\t\t\t<div class=\"elementor-element elementor-element-2b41948 elementor-widget elementor-widget-text-editor\" data-id=\"2b41948\" data-element_type=\"widget\" data-e-type=\"widget\" data-widget_type=\"text-editor.default\">\n\t\t\t\t<div class=\"elementor-widget-container\">\n\t\t\t\t\t\t\t\t\t<h3>Warum ist dieser Geschmack so unwiderstehlich?<\/h3><ul><li>Superleckere Erdbeeren mit genau der richtigen Menge an S\u00fc\u00dfe, die an die Lieblingss\u00fc\u00dfigkeiten aus unserer Jugend erinnern.<\/li><li>Ein Hauch von Nostalgie, perfekt f\u00fcr alle, die s\u00fc\u00dfe, aber nicht zu viele Geschmacksrichtungen m\u00f6gen.<\/li><li>Die perfekte Balance zwischen S\u00fc\u00dfe und St\u00e4rke erm\u00f6glicht Ihnen ein E-Zigaretten-Erlebnis, von dem Sie nie genug bekommen werden.<\/li><\/ul><h3>JNR Falcon 16000 Hubba Bubba Strawberry ist ein Ger\u00e4t, das dem Geschmack entspricht<\/h3><p>Weil guter Geschmack eine gute Ausr\u00fcstung verdient, ist der <strong>JNR Falcon 16000 Hubba Bubba Strawberry<\/strong> geht keine Kompromisse ein:<\/p><ul><li><strong>Wiederaufladbarer 850-mAh-Akku<\/strong> - Gehen Ihnen nie die Energie aus.<\/li><li><strong>22 ml E-Liquid<\/strong> - weil man die Frustration erlebt hat, wenn man Kaugummi kaut und ihn zu schnell aufisst.<\/li><li><strong>Dual Mesh Coil-Technologie<\/strong> - f\u00fcr eine ultrapr\u00e4zise Geschmackswiedergabe und viel Dampf.<\/li><li><strong>Schnellladung mit Type-C und Lightning<\/strong> - maximale Flexibilit\u00e4t und keine verlorenen Kabel mehr.<\/li><li><strong>Exquisites Kristall-Design<\/strong> - Wenn du stilvoll dampfen willst, musst du es richtig machen.<\/li><li><strong>Einstellbarer Luftstrom<\/strong> - Ob Sie einen engen oder einen luftigen Luftstrom bevorzugen, bleibt Ihnen \u00fcberlassen.<\/li><\/ul><h3>Hubba Bubba Strawberry: Mehr als ein Geschmack, es ist eine Erfahrung<\/h3><p><strong>JNR Falcon 16000 - Hubba Bubba Strawberry<\/strong> ist mehr als nur eine E-Zigarette, sie ist die Cloud-Version von Prousts Madeleines. Es erinnert Sie an die Zeit, als Ihre einzige Sorge darin bestand, ob Sie eine Blase zum Platzen bringen k\u00f6nnen, die gr\u00f6\u00dfer ist als die Ihres Nachbarn.<\/p><p>Lust auf einen Moment puren s\u00fc\u00dfen Gl\u00fccks?<\/p>\t\t\t\t\t\t\t\t<\/div>\n\t\t\t\t<\/div>\n\t\t\t\t\t<\/div>\n\t\t\t\t<\/div>\n\t\t\t\t<\/div>","protected":false},"excerpt":{"rendered":"<p>JNR Falcon 16000 Hubba Bubba Fraise Vous vous souvenez de ces boules de chewing-gum roses g\u00e9antes ? Ils ont fait d&rsquo;\u00e9normes bulles, remplissant toute l&rsquo;aire de jeux de parfum. Le JNR Falcon 16000 \u2013 Hubba Bubba Strawberry est un tel produit\u2026 mais sous forme de cigarette \u00e9lectronique. Une seule bouff\u00e9e et c&rsquo;est comme un aller [&hellip;]<\/p>\n","protected":false},"featured_media":1572,"comment_status":"open","ping_status":"closed","template":"","meta":{"site-sidebar-layout":"no-sidebar","site-content-layout":"page-builder","ast-site-content-layout":"normal-width-container","site-content-style":"default","site-sidebar-style":"default","ast-global-header-display":"","ast-banner-title-visibility":"","ast-main-header-display":"","ast-hfb-above-header-display":"","ast-hfb-below-header-display":"","ast-hfb-mobile-header-display":"","site-post-title":"disabled","ast-breadcrumbs-content":"","ast-featured-img":"disabled","footer-sml-layout":"","ast-disable-related-posts":"","theme-transparent-header-meta":"default","adv-header-id-meta":"","stick-header-meta":"default","header-above-stick-meta":"","header-main-stick-meta":"","header-below-stick-meta":"","astra-migrate-meta-layouts":"set","ast-page-background-enabled":"default","ast-page-background-meta":{"desktop":{"background-color":"","background-image":"","background-repeat":"repeat","background-position":"center center","background-size":"auto","background-attachment":"scroll","background-type":"","background-media":"","overlay-type":"","overlay-color":"","overlay-opacity":"","overlay-gradient":""},"tablet":{"background-color":"","background-image":"","background-repeat":"repeat","background-position":"center center","background-size":"auto","background-attachment":"scroll","background-type":"","background-media":"","overlay-type":"","overlay-color":"","overlay-opacity":"","overlay-gradient":""},"mobile":{"background-color":"","background-image":"","background-repeat":"repeat","background-position":"center center","background-size":"auto","background-attachment":"scroll","background-type":"","background-media":"","overlay-type":"","overlay-color":"","overlay-opacity":"","overlay-gradient":""}},"ast-content-background-meta":{"desktop":{"background-color":"var(--ast-global-color-5)","background-image":"","background-repeat":"repeat","background-position":"center center","background-size":"auto","background-attachment":"scroll","background-type":"","background-media":"","overlay-type":"","overlay-color":"","overlay-opacity":"","overlay-gradient":""},"tablet":{"background-color":"var(--ast-global-color-5)","background-image":"","background-repeat":"repeat","background-position":"center center","background-size":"auto","background-attachment":"scroll","background-type":"","background-media":"","overlay-type":"","overlay-color":"","overlay-opacity":"","overlay-gradient":""},"mobile":{"background-color":"var(--ast-global-color-5)","background-image":"","background-repeat":"repeat","background-position":"center center","background-size":"auto","background-attachment":"scroll","background-type":"","background-media":"","overlay-type":"","overlay-color":"","overlay-opacity":"","overlay-gradient":""}}},"product_brand":[30],"product_cat":[15,81,77,34,35,36],"product_tag":[],"class_list":{"0":"post-1739","1":"product","2":"type-product","3":"status-publish","4":"has-post-thumbnail","6":"product_brand-jnr","7":"product_cat-magasin-cigarette-electronique","8":"product_cat-puff-16k","9":"product_cat-entrepot-de-lue","10":"product_cat-puff-jnr","11":"product_cat-jnr-vape","12":"product_cat-jnr-16k","13":"desktop-align-center","14":"tablet-align-center","15":"mobile-align-center","16":"ast-product-gallery-layout-horizontal","17":"ast-product-gallery-with-no-image","18":"ast-product-single-variable","19":"ast-product-tabs-layout-horizontal","20":"ast-qv-on-image","22":"first","23":"instock","24":"sale","25":"shipping-taxable","26":"purchasable","27":"product-type-variable","28":"has-default-attributes"},"tiered_pricing_type":"fixed","tiered_pricing_fixed_rules":{"30":9.88,"60":9.26,"100":8.06,"200":7.38,"500":6.98,"1000":6.8},"tiered_pricing_product_settings":{"layout":"default","base_unit_name":{"singular":null,"plural":null},"default_variation":null},"tiered_pricing_minimum_quantity":null,"tiered_pricing_roles_data":[],"tiered_pricing_percentage_rules":[],"_links":{"self":[{"href":"https:\/\/puffvapestore.com\/de\/wp-json\/wp\/v2\/product\/1739","targetHints":{"allow":["GET"]}}],"collection":[{"href":"https:\/\/puffvapestore.com\/de\/wp-json\/wp\/v2\/product"}],"about":[{"href":"https:\/\/puffvapestore.com\/de\/wp-json\/wp\/v2\/types\/product"}],"replies":[{"embeddable":true,"href":"https:\/\/puffvapestore.com\/de\/wp-json\/wp\/v2\/comments?post=1739"}],"version-history":[{"count":14,"href":"https:\/\/puffvapestore.com\/de\/wp-json\/wp\/v2\/product\/1739\/revisions"}],"predecessor-version":[{"id":17719,"href":"https:\/\/puffvapestore.com\/de\/wp-json\/wp\/v2\/product\/1739\/revisions\/17719"}],"wp:featuredmedia":[{"embeddable":true,"href":"https:\/\/puffvapestore.com\/de\/wp-json\/wp\/v2\/media\/1572"}],"wp:attachment":[{"href":"https:\/\/puffvapestore.com\/de\/wp-json\/wp\/v2\/media?parent=1739"}],"wp:term":[{"taxonomy":"product_brand","embeddable":true,"href":"https:\/\/puffvapestore.com\/de\/wp-json\/wp\/v2\/product_brand?post=1739"},{"taxonomy":"product_cat","embeddable":true,"href":"https:\/\/puffvapestore.com\/de\/wp-json\/wp\/v2\/product_cat?post=1739"},{"taxonomy":"product_tag","embeddable":true,"href":"https:\/\/puffvapestore.com\/de\/wp-json\/wp\/v2\/product_tag?post=1739"}],"curies":[{"name":"wp","href":"https:\/\/api.w.org\/{rel}","templated":true}]}}