{"id":1728,"date":"2025-03-24T03:48:17","date_gmt":"2025-03-24T03:48:17","guid":{"rendered":"https:\/\/puffvapestore.com\/?post_type=product&#038;p=1728"},"modified":"2026-04-20T11:07:10","modified_gmt":"2026-04-20T11:07:10","slug":"puff-16k-jnr-falcon-berry-burst","status":"publish","type":"product","link":"https:\/\/puffvapestore.com\/de\/product\/puff-16k-jnr-falcon-berry-burst\/","title":{"rendered":"Puff 16k JNR Falcon Berry Burst"},"content":{"rendered":"<div data-elementor-type=\"wp-post\" data-elementor-id=\"1728\" class=\"elementor elementor-1728\">\n\t\t\t\t<div class=\"elementor-element elementor-element-824a998 e-flex e-con-boxed e-con e-parent\" data-id=\"824a998\" data-element_type=\"container\" data-e-type=\"container\">\n\t\t\t\t\t<div class=\"e-con-inner\">\n\t\t\t\t<div class=\"elementor-element elementor-element-55fd5fa elementor-widget elementor-widget-text-editor\" data-id=\"55fd5fa\" data-element_type=\"widget\" data-e-type=\"widget\" data-widget_type=\"text-editor.default\">\n\t\t\t\t<div class=\"elementor-widget-container\">\n\t\t\t\t\t\t\t\t\t<h2>Puff 16k JNR Falcon Berry Burst<\/h2><p>In Frankreich ist Geschmack eine Kunst, und auch in der Welt der elektronischen Zigarette wird viel Wert auf Schichten und Raffinesse gelegt. <strong>JNR Falcon 16000 Berry Burst<\/strong> ist eine elektronische Zigarette, die f\u00fcr anspruchsvolle Geschmacksnerven entwickelt wurde - wenn Sie den ersten Zug des Rauchs inhalieren, f\u00fchlen Sie sich wie in einem Obstgarten in der Provence, mit reifen Beeren, die leicht in der Sonne gl\u00e4nzen und auf eine sanfte Explosion warten.<\/p><h3>Berry Burst: ein Fest f\u00fcr die Sinne, \u00e4hnlich einem franz\u00f6sischen Dessert<\/h3><p>Stellen Sie sich vor, es ist ein ruhiger Nachmittag, Sie sitzen auf der Terrasse eines Caf\u00e9s an einer Stra\u00dfenecke in Paris und auf dem Tisch wird gerade ein franz\u00f6sischer Beerenkuchen serviert. Der erste Zug des Rauchs ist eine Mischung aus s\u00fc\u00df und sauer, wobei das Aroma von Himbeeren und Brombeeren auf der Zungenspitze bl\u00fcht, w\u00e4hrend die Heidelbeere einen runden, weichen Touch verleiht. Berry Burst ist ein solches Erlebnis - es ist nicht eint\u00f6nig und s\u00fc\u00df, sondern eine reiche Symphonie von Fruchtaromen, die jede Inhalation von Puff 16k JNR Falcon Berry Burst zu einer Geschmacksreise macht.<\/p>\t\t\t\t\t\t\t\t<\/div>\n\t\t\t\t<\/div>\n\t\t\t\t\t<\/div>\n\t\t\t\t<\/div>\n\t\t<div class=\"elementor-element elementor-element-942ccb0 e-flex e-con-boxed e-con e-parent\" data-id=\"942ccb0\" data-element_type=\"container\" data-e-type=\"container\">\n\t\t\t\t\t<div class=\"e-con-inner\">\n\t\t<div class=\"elementor-element elementor-element-577deeb e-con-full e-flex e-con e-child\" data-id=\"577deeb\" data-element_type=\"container\" data-e-type=\"container\">\n\t\t\t\t<div class=\"elementor-element elementor-element-5d167cf elementor-widget elementor-widget-text-editor\" data-id=\"5d167cf\" data-element_type=\"widget\" data-e-type=\"widget\" data-widget_type=\"text-editor.default\">\n\t\t\t\t<div class=\"elementor-widget-container\">\n\t\t\t\t\t\t\t\t\t<h2>Infos \u00fcber JNR Falcon 16000 Berry Burst<\/h2><p>Z\u00fcge : Bis zu 16000 Z\u00fcge<br \/>Fl\u00fcssigkeit: 22 ml<br \/>Nikotinst\u00e4rke: 0 %, 2 %, 5 %<br \/>Widerstand: 1,0 Ohm<br \/>Akkukapazit\u00e4t: 850 mAh<br \/>Aufladen: Type-C<br \/>Doppelter Maschen- und Doppelkernwiderstand<br \/>Ma\u00dfe: 53,5 x 32 x 110 mm<\/p>\t\t\t\t\t\t\t\t<\/div>\n\t\t\t\t<\/div>\n\t\t\t\t<\/div>\n\t\t<div class=\"elementor-element elementor-element-d5e4b56 e-con-full e-flex e-con e-child\" data-id=\"d5e4b56\" data-element_type=\"container\" data-e-type=\"container\">\n\t\t\t\t<div class=\"elementor-element elementor-element-381dfcb elementor-widget elementor-widget-image-gallery\" data-id=\"381dfcb\" data-element_type=\"widget\" data-e-type=\"widget\" data-widget_type=\"image-gallery.default\">\n\t\t\t\t<div class=\"elementor-widget-container\">\n\t\t\t\t\t\t\t<div class=\"elementor-image-gallery\">\n\t\t\t<div id='gallery-1' class='gallery galleryid-1728 gallery-columns-1 gallery-size-medium_large'><figure class='gallery-item'>\n\t\t\t<div class='gallery-icon portrait'>\n\t\t\t\t<img fetchpriority=\"high\" decoding=\"async\" width=\"654\" height=\"690\" src=\"https:\/\/puffvapestore.com\/wp-content\/uploads\/2025\/03\/pvajf16000-23.jpg\" class=\"attachment-medium_large size-medium_large\" alt=\"JNR Falcon 16K Berry Burst\" aria-describedby=\"gallery-1-1570\" srcset=\"https:\/\/puffvapestore.com\/wp-content\/uploads\/2025\/03\/pvajf16000-23.jpg 654w, https:\/\/puffvapestore.com\/wp-content\/uploads\/2025\/03\/pvajf16000-23-284x300.jpg 284w, https:\/\/puffvapestore.com\/wp-content\/uploads\/2025\/03\/pvajf16000-23-600x633.jpg 600w\" sizes=\"(max-width: 654px) 100vw, 654px\" \/>\n\t\t\t<\/div>\n\t\t\t\t<figcaption class='wp-caption-text gallery-caption' id='gallery-1-1570'>\n\t\t\t\tJNR Falcon 16K Berry Burst\n\t\t\t\t<\/figcaption><\/figure>\n\t\t<\/div>\n\t\t<\/div>\n\t\t\t\t\t\t<\/div>\n\t\t\t\t<\/div>\n\t\t\t\t<\/div>\n\t\t\t\t\t<\/div>\n\t\t\t\t<\/div>\n\t\t<div class=\"elementor-element elementor-element-7926c6b e-flex e-con-boxed e-con e-parent\" data-id=\"7926c6b\" data-element_type=\"container\" data-e-type=\"container\">\n\t\t\t\t\t<div class=\"e-con-inner\">\n\t\t\t\t<div class=\"elementor-element elementor-element-2b41948 elementor-widget elementor-widget-text-editor\" data-id=\"2b41948\" data-element_type=\"widget\" data-e-type=\"widget\" data-widget_type=\"text-editor.default\">\n\t\t\t\t<div class=\"elementor-widget-container\">\n\t\t\t\t\t\t\t\t\t<h3>Warum passt Berry Burst in den franz\u00f6sischen Lebensstil?<\/h3><p>Die Franzosen achten auf die Reinheit der Aromen und suchen auch nach einer exquisiten L\u00e4ssigkeit. Dank der hervorragenden Doppelmaschen-Spulentechnologie, <strong>JNR Falcon 16000 Berry Burst<\/strong> f\u00e4ngt jede Spur des Beerenaromas pr\u00e4zise ein und gibt den authentischsten Geschmack wieder, genau wie ein frisch gemixter Beerencocktail, s\u00fc\u00df im Mund und mit langem Nachgeschmack. Ob am Abend an der Seine oder an einem Sommernachmittag in der Provence, er kann die Versch\u00f6nerung der Aromen in Ihren H\u00e4nden sein.<\/p><h3>Eleganz und Zweckm\u00e4\u00dfigkeit koexistieren - Franz\u00f6sische Handwerkskunst in elektronischen Zigaretten<\/h3><p>Wenn man \u00fcber Frankreich spricht, wie kann man da nicht \u00fcber Design sprechen? <strong>Puff 16k JNR Falcon Berry Burst<\/strong> nimmt eine einzigartige handgefertigte Kristallschale an, die nicht nur zart ist, sondern auch einen dezenten Glanz in der Sonne widerspiegelt, genau wie ein sorgf\u00e4ltig geformter Parf\u00fcmflakon, der modern und klassisch zugleich ist. Der eingebaute wiederaufladbare 850-mAh-Akku, gepaart mit den dualen Schnittstellen Type-C und Lightning, sorgt daf\u00fcr, dass Sie jederzeit neue Energie tanken k\u00f6nnen und das Erlebnis nicht abrei\u00dft, egal ob Sie sich zu Hause entspannen oder auf der Stra\u00dfe spazieren gehen.<\/p>\t\t\t\t\t\t\t\t<\/div>\n\t\t\t\t<\/div>\n\t\t\t\t\t<\/div>\n\t\t\t\t<\/div>\n\t\t\t\t<\/div>","protected":false},"excerpt":{"rendered":"<p>Puff 16k JNR Falcon Berry Burst En France, le go\u00fbt est un art, et le monde de la cigarette \u00e9lectronique met \u00e9galement l&rsquo;accent sur les couches et le raffinement. JNR Falcon 16000 Berry Burst est une cigarette \u00e9lectronique con\u00e7ue pour les papilles exigeantes &#8211; lorsque vous inhalez la premi\u00e8re bouff\u00e9e de fum\u00e9e, vous avez l&rsquo;impression [&hellip;]<\/p>\n","protected":false},"featured_media":1570,"comment_status":"open","ping_status":"closed","template":"","meta":{"site-sidebar-layout":"no-sidebar","site-content-layout":"page-builder","ast-site-content-layout":"normal-width-container","site-content-style":"default","site-sidebar-style":"default","ast-global-header-display":"","ast-banner-title-visibility":"","ast-main-header-display":"","ast-hfb-above-header-display":"","ast-hfb-below-header-display":"","ast-hfb-mobile-header-display":"","site-post-title":"disabled","ast-breadcrumbs-content":"","ast-featured-img":"disabled","footer-sml-layout":"","ast-disable-related-posts":"","theme-transparent-header-meta":"default","adv-header-id-meta":"","stick-header-meta":"default","header-above-stick-meta":"","header-main-stick-meta":"","header-below-stick-meta":"","astra-migrate-meta-layouts":"set","ast-page-background-enabled":"default","ast-page-background-meta":{"desktop":{"background-color":"","background-image":"","background-repeat":"repeat","background-position":"center center","background-size":"auto","background-attachment":"scroll","background-type":"","background-media":"","overlay-type":"","overlay-color":"","overlay-opacity":"","overlay-gradient":""},"tablet":{"background-color":"","background-image":"","background-repeat":"repeat","background-position":"center center","background-size":"auto","background-attachment":"scroll","background-type":"","background-media":"","overlay-type":"","overlay-color":"","overlay-opacity":"","overlay-gradient":""},"mobile":{"background-color":"","background-image":"","background-repeat":"repeat","background-position":"center center","background-size":"auto","background-attachment":"scroll","background-type":"","background-media":"","overlay-type":"","overlay-color":"","overlay-opacity":"","overlay-gradient":""}},"ast-content-background-meta":{"desktop":{"background-color":"var(--ast-global-color-5)","background-image":"","background-repeat":"repeat","background-position":"center center","background-size":"auto","background-attachment":"scroll","background-type":"","background-media":"","overlay-type":"","overlay-color":"","overlay-opacity":"","overlay-gradient":""},"tablet":{"background-color":"var(--ast-global-color-5)","background-image":"","background-repeat":"repeat","background-position":"center center","background-size":"auto","background-attachment":"scroll","background-type":"","background-media":"","overlay-type":"","overlay-color":"","overlay-opacity":"","overlay-gradient":""},"mobile":{"background-color":"var(--ast-global-color-5)","background-image":"","background-repeat":"repeat","background-position":"center center","background-size":"auto","background-attachment":"scroll","background-type":"","background-media":"","overlay-type":"","overlay-color":"","overlay-opacity":"","overlay-gradient":""}}},"product_brand":[30],"product_cat":[15,81,77,35,36],"product_tag":[],"class_list":{"0":"post-1728","1":"product","2":"type-product","3":"status-publish","4":"has-post-thumbnail","6":"product_brand-jnr","7":"product_cat-magasin-cigarette-electronique","8":"product_cat-puff-16k","9":"product_cat-entrepot-de-lue","10":"product_cat-jnr-vape","11":"product_cat-jnr-16k","12":"desktop-align-center","13":"tablet-align-center","14":"mobile-align-center","15":"ast-product-gallery-layout-horizontal","16":"ast-product-gallery-with-no-image","17":"ast-product-single-variable","18":"ast-product-tabs-layout-horizontal","19":"ast-qv-on-image","21":"first","22":"instock","23":"sale","24":"shipping-taxable","25":"purchasable","26":"product-type-variable","27":"has-default-attributes"},"tiered_pricing_type":"fixed","tiered_pricing_fixed_rules":{"30":9.88,"60":9.26,"100":8.06,"200":7.38,"500":6.98,"1000":6.8},"tiered_pricing_product_settings":{"layout":"default","base_unit_name":{"singular":null,"plural":null},"default_variation":null},"tiered_pricing_minimum_quantity":null,"tiered_pricing_roles_data":[],"tiered_pricing_percentage_rules":[],"_links":{"self":[{"href":"https:\/\/puffvapestore.com\/de\/wp-json\/wp\/v2\/product\/1728","targetHints":{"allow":["GET"]}}],"collection":[{"href":"https:\/\/puffvapestore.com\/de\/wp-json\/wp\/v2\/product"}],"about":[{"href":"https:\/\/puffvapestore.com\/de\/wp-json\/wp\/v2\/types\/product"}],"replies":[{"embeddable":true,"href":"https:\/\/puffvapestore.com\/de\/wp-json\/wp\/v2\/comments?post=1728"}],"version-history":[{"count":15,"href":"https:\/\/puffvapestore.com\/de\/wp-json\/wp\/v2\/product\/1728\/revisions"}],"predecessor-version":[{"id":17723,"href":"https:\/\/puffvapestore.com\/de\/wp-json\/wp\/v2\/product\/1728\/revisions\/17723"}],"wp:featuredmedia":[{"embeddable":true,"href":"https:\/\/puffvapestore.com\/de\/wp-json\/wp\/v2\/media\/1570"}],"wp:attachment":[{"href":"https:\/\/puffvapestore.com\/de\/wp-json\/wp\/v2\/media?parent=1728"}],"wp:term":[{"taxonomy":"product_brand","embeddable":true,"href":"https:\/\/puffvapestore.com\/de\/wp-json\/wp\/v2\/product_brand?post=1728"},{"taxonomy":"product_cat","embeddable":true,"href":"https:\/\/puffvapestore.com\/de\/wp-json\/wp\/v2\/product_cat?post=1728"},{"taxonomy":"product_tag","embeddable":true,"href":"https:\/\/puffvapestore.com\/de\/wp-json\/wp\/v2\/product_tag?post=1728"}],"curies":[{"name":"wp","href":"https:\/\/api.w.org\/{rel}","templated":true}]}}