{"id":1716,"date":"2025-03-23T17:36:30","date_gmt":"2025-03-23T17:36:30","guid":{"rendered":"https:\/\/puffvapestore.com\/?post_type=product&#038;p=1716"},"modified":"2026-04-20T11:07:29","modified_gmt":"2026-04-20T11:07:29","slug":"16000-jnr-falcon-strawberry-watermelon-ice","status":"publish","type":"product","link":"https:\/\/puffvapestore.com\/de\/product\/16000-jnr-falcon-strawberry-watermelon-ice\/","title":{"rendered":"16000 JNR Falcon Strawberry Watermelon Ice"},"content":{"rendered":"<div data-elementor-type=\"wp-post\" data-elementor-id=\"1716\" class=\"elementor elementor-1716\">\n\t\t\t\t<div class=\"elementor-element elementor-element-824a998 e-flex e-con-boxed e-con e-parent\" data-id=\"824a998\" data-element_type=\"container\" data-e-type=\"container\">\n\t\t\t\t\t<div class=\"e-con-inner\">\n\t\t\t\t<div class=\"elementor-element elementor-element-55fd5fa elementor-widget elementor-widget-text-editor\" data-id=\"55fd5fa\" data-element_type=\"widget\" data-e-type=\"widget\" data-widget_type=\"text-editor.default\">\n\t\t\t\t<div class=\"elementor-widget-container\">\n\t\t\t\t\t\t\t\t\t<h2>16000 JNR Falcon Erdbeer-Wassermelonen-Eis<\/h2><p>In Frankreich ist die K\u00fcche eine Kultur und der Geschmack eine Kunst. Vom warmen Croissant am Morgen bis zum Champagner und der G\u00e4nseleberpastete zum Abendessen - jeder Geschmack verdient es, genossen zu werden. Von nun an wird die <strong>Geschmack JNR Falcon 16000 Strawberry Watermelon Ice<\/strong> erweitert diese Exquisit\u00e4t in die Welt der elektronischen Zigaretten und sorgt mit seinem fruchtig-s\u00fc\u00dfen Aroma und seiner frischen Note f\u00fcr ein beispiellos erfrischendes Erlebnis.<\/p><h3>S\u00fc\u00dfe Begegnung im sommerlichen Obstgarten<\/h3><p>Stellen Sie sich einen Sommernachmittag in der Provence vor: Sie bei\u00dfen in eine reife Erdbeere, der Saft zerplatzt auf Ihrer Zungenspitze, s\u00fc\u00df, aber nicht fettig; dann stecken Sie ein St\u00fcck eiskalte Wassermelone in den Mund, das erfrischende Fruchtaroma vertreibt sofort die Hitze. All dies wird kondensiert in der <strong>JNR Falcon 16000 Strawberry Watermelon Ice<\/strong>. Mit jeder Inhalation des Rauchs genie\u00dfen Ihre Geschmacksnerven eine Reise nach Frankreich.<\/p>\t\t\t\t\t\t\t\t<\/div>\n\t\t\t\t<\/div>\n\t\t\t\t\t<\/div>\n\t\t\t\t<\/div>\n\t\t<div class=\"elementor-element elementor-element-942ccb0 e-flex e-con-boxed e-con e-parent\" data-id=\"942ccb0\" data-element_type=\"container\" data-e-type=\"container\">\n\t\t\t\t\t<div class=\"e-con-inner\">\n\t\t<div class=\"elementor-element elementor-element-577deeb e-con-full e-flex e-con e-child\" data-id=\"577deeb\" data-element_type=\"container\" data-e-type=\"container\">\n\t\t\t\t<div class=\"elementor-element elementor-element-5d167cf elementor-widget elementor-widget-text-editor\" data-id=\"5d167cf\" data-element_type=\"widget\" data-e-type=\"widget\" data-widget_type=\"text-editor.default\">\n\t\t\t\t<div class=\"elementor-widget-container\">\n\t\t\t\t\t\t\t\t\t<h2>Infos \u00fcber JNR Falcon 16000 Strawberry Watermelon Ice<\/h2><p>Z\u00fcge : Bis zu 16000 Z\u00fcge<br \/>Fl\u00fcssigkeit: 22 ml<br \/>Nikotinst\u00e4rke: 0 %, 2 %, 5 %<br \/>Widerstand: 1,0 Ohm<br \/>Akkukapazit\u00e4t: 850 mAh<br \/>Aufladen: Type-C<br \/>Doppelter Maschen- und Doppelkernwiderstand<br \/>Ma\u00dfe: 53,5 x 32 x 110 mm<\/p>\t\t\t\t\t\t\t\t<\/div>\n\t\t\t\t<\/div>\n\t\t\t\t<\/div>\n\t\t<div class=\"elementor-element elementor-element-d5e4b56 e-con-full e-flex e-con e-child\" data-id=\"d5e4b56\" data-element_type=\"container\" data-e-type=\"container\">\n\t\t\t\t<div class=\"elementor-element elementor-element-381dfcb elementor-widget elementor-widget-image-gallery\" data-id=\"381dfcb\" data-element_type=\"widget\" data-e-type=\"widget\" data-widget_type=\"image-gallery.default\">\n\t\t\t\t<div class=\"elementor-widget-container\">\n\t\t\t\t\t\t\t<div class=\"elementor-image-gallery\">\n\t\t\t<div id='gallery-1' class='gallery galleryid-1716 gallery-columns-1 gallery-size-medium_large'><figure class='gallery-item'>\n\t\t\t<div class='gallery-icon portrait'>\n\t\t\t\t<img fetchpriority=\"high\" decoding=\"async\" width=\"654\" height=\"690\" src=\"https:\/\/puffvapestore.com\/wp-content\/uploads\/2025\/03\/pvajf16000-19.jpg\" class=\"attachment-medium_large size-medium_large\" alt=\"JNR Falcon 16K Strawberry Watermelon Ice\" aria-describedby=\"gallery-1-1566\" srcset=\"https:\/\/puffvapestore.com\/wp-content\/uploads\/2025\/03\/pvajf16000-19.jpg 654w, https:\/\/puffvapestore.com\/wp-content\/uploads\/2025\/03\/pvajf16000-19-284x300.jpg 284w, https:\/\/puffvapestore.com\/wp-content\/uploads\/2025\/03\/pvajf16000-19-600x633.jpg 600w\" sizes=\"(max-width: 654px) 100vw, 654px\" \/>\n\t\t\t<\/div>\n\t\t\t\t<figcaption class='wp-caption-text gallery-caption' id='gallery-1-1566'>\n\t\t\t\tJNR Falcon 16K Strawberry Watermelon Ice\n\t\t\t\t<\/figcaption><\/figure>\n\t\t<\/div>\n\t\t<\/div>\n\t\t\t\t\t\t<\/div>\n\t\t\t\t<\/div>\n\t\t\t\t<\/div>\n\t\t\t\t\t<\/div>\n\t\t\t\t<\/div>\n\t\t<div class=\"elementor-element elementor-element-7926c6b e-flex e-con-boxed e-con e-parent\" data-id=\"7926c6b\" data-element_type=\"container\" data-e-type=\"container\">\n\t\t\t\t\t<div class=\"e-con-inner\">\n\t\t\t\t<div class=\"elementor-element elementor-element-2b41948 elementor-widget elementor-widget-text-editor\" data-id=\"2b41948\" data-element_type=\"widget\" data-e-type=\"widget\" data-widget_type=\"text-editor.default\">\n\t\t\t\t<div class=\"elementor-widget-container\">\n\t\t\t\t\t\t\t\t\t<h3>Die frische Brise der Seine<\/h3><p>Die Franzosen lieben Landschaften mit vier ausgepr\u00e4gten Jahreszeiten, und der Geschmack von Erdbeer- und Wassermeloneneis ist wie eine Brise im sommerlichen Paris, s\u00fc\u00df mit einem Hauch von Frische, erfrischend, aber nicht zu anregend. Ob Sie nun durch die Stra\u00dfen von Montmartre spazieren oder sich in einem Liegestuhl am Strand von Nizza entspannen, es ist der perfekte Begleiter.<\/p><h3>Sanfter Rauch und lang anhaltender Genuss<\/h3><p>Die Doppelmaschen-Spulentechnologie JNR Falcon 16000 vereint die S\u00fc\u00dfe von Erdbeeren mit der Frische von Wassermelonen. Der Rauch ist zart und der Geschmack cremig. Jeder Bissen ist so frisch wie eine frisch aufgeschnittene Frucht. Dank der langen Batterielebensdauer von 16.000 Z\u00fcgen k\u00f6nnen Sie von Sonnenaufgang bis Sonnenuntergang oder sogar noch l\u00e4nger in dieses fruchtige franz\u00f6sische Festmahl eintauchen.<\/p><h3>Praktische Beladung, genie\u00dfen Sie jederzeit und \u00fcberall Frische<\/h3><p>Wer in Frankreich einen Lebensstil lebt, h\u00e4lt sich nicht mit Nichtigkeiten auf. Die JNR Falcon 16000 ist mit zwei Typ-C- und Lightning-Anschl\u00fcssen ausgestattet. Egal, ob Sie das Ladeger\u00e4t Ihres MacBooks oder das iPhone-Kabel eines Freundes verwenden, Sie k\u00f6nnen Ihre elektronische Zigarette schnell aufladen und sie in perfektem Zustand halten.<\/p><h3>Elegantes Aussehen, wie ein sch\u00f6nes Schmuckst\u00fcck<\/h3><p>Dies ist nicht nur eine elektronische Zigarette, sondern vielmehr ein Modeartikel. Das handgefertigte Design aus Kristallglas macht sie zu einem Blickfang bei jeder Gelegenheit. Ob sie mit einem klassischen franz\u00f6sischen Trenchcoat kombiniert oder l\u00e4ssig auf einem runden Tisch in einem Caf\u00e9 platziert wird, die <strong>16000 JNR Falcon Strawberry Watermelon Ice<\/strong> strahlt einen Hauch von diskretem Luxus aus.<\/p>\t\t\t\t\t\t\t\t<\/div>\n\t\t\t\t<\/div>\n\t\t\t\t\t<\/div>\n\t\t\t\t<\/div>\n\t\t\t\t<\/div>","protected":false},"excerpt":{"rendered":"<p>16000 JNR Falcon Glace \u00e0 la fraise et \u00e0 la past\u00e8que En France, la cuisine est une culture et la saveur est un art. Du croissant chaud du matin au champagne et au foie gras du d\u00eener, chaque saveur m\u00e9rite d&rsquo;\u00eatre savour\u00e9e. D\u00e9sormais, la saveur JNR Falcon 16000 Strawberry Watermelon Ice \u00e9tend cette exquisit\u00e9 au [&hellip;]<\/p>\n","protected":false},"featured_media":1566,"comment_status":"open","ping_status":"closed","template":"","meta":{"site-sidebar-layout":"no-sidebar","site-content-layout":"page-builder","ast-site-content-layout":"normal-width-container","site-content-style":"default","site-sidebar-style":"default","ast-global-header-display":"","ast-banner-title-visibility":"","ast-main-header-display":"","ast-hfb-above-header-display":"","ast-hfb-below-header-display":"","ast-hfb-mobile-header-display":"","site-post-title":"disabled","ast-breadcrumbs-content":"","ast-featured-img":"disabled","footer-sml-layout":"","ast-disable-related-posts":"","theme-transparent-header-meta":"default","adv-header-id-meta":"","stick-header-meta":"default","header-above-stick-meta":"","header-main-stick-meta":"","header-below-stick-meta":"","astra-migrate-meta-layouts":"set","ast-page-background-enabled":"default","ast-page-background-meta":{"desktop":{"background-color":"","background-image":"","background-repeat":"repeat","background-position":"center center","background-size":"auto","background-attachment":"scroll","background-type":"","background-media":"","overlay-type":"","overlay-color":"","overlay-opacity":"","overlay-gradient":""},"tablet":{"background-color":"","background-image":"","background-repeat":"repeat","background-position":"center center","background-size":"auto","background-attachment":"scroll","background-type":"","background-media":"","overlay-type":"","overlay-color":"","overlay-opacity":"","overlay-gradient":""},"mobile":{"background-color":"","background-image":"","background-repeat":"repeat","background-position":"center center","background-size":"auto","background-attachment":"scroll","background-type":"","background-media":"","overlay-type":"","overlay-color":"","overlay-opacity":"","overlay-gradient":""}},"ast-content-background-meta":{"desktop":{"background-color":"var(--ast-global-color-5)","background-image":"","background-repeat":"repeat","background-position":"center center","background-size":"auto","background-attachment":"scroll","background-type":"","background-media":"","overlay-type":"","overlay-color":"","overlay-opacity":"","overlay-gradient":""},"tablet":{"background-color":"var(--ast-global-color-5)","background-image":"","background-repeat":"repeat","background-position":"center center","background-size":"auto","background-attachment":"scroll","background-type":"","background-media":"","overlay-type":"","overlay-color":"","overlay-opacity":"","overlay-gradient":""},"mobile":{"background-color":"var(--ast-global-color-5)","background-image":"","background-repeat":"repeat","background-position":"center center","background-size":"auto","background-attachment":"scroll","background-type":"","background-media":"","overlay-type":"","overlay-color":"","overlay-opacity":"","overlay-gradient":""}}},"product_brand":[30],"product_cat":[15,81,77,35,36,31],"product_tag":[],"class_list":{"0":"post-1716","1":"product","2":"type-product","3":"status-publish","4":"has-post-thumbnail","6":"product_brand-jnr","7":"product_cat-magasin-cigarette-electronique","8":"product_cat-puff-16k","9":"product_cat-entrepot-de-lue","10":"product_cat-jnr-vape","11":"product_cat-jnr-16k","12":"product_cat-jnr-falcon","13":"desktop-align-center","14":"tablet-align-center","15":"mobile-align-center","16":"ast-product-gallery-layout-horizontal","17":"ast-product-gallery-with-no-image","18":"ast-product-single-variable","19":"ast-product-tabs-layout-horizontal","20":"ast-qv-on-image","22":"first","23":"instock","24":"sale","25":"shipping-taxable","26":"purchasable","27":"product-type-variable","28":"has-default-attributes"},"tiered_pricing_type":"fixed","tiered_pricing_fixed_rules":{"30":9.88,"60":9.26,"100":8.06,"200":7.38,"500":6.98,"1000":6.8},"tiered_pricing_product_settings":{"layout":"default","base_unit_name":{"singular":null,"plural":null},"default_variation":null},"tiered_pricing_minimum_quantity":null,"tiered_pricing_roles_data":[],"tiered_pricing_percentage_rules":[],"_links":{"self":[{"href":"https:\/\/puffvapestore.com\/de\/wp-json\/wp\/v2\/product\/1716","targetHints":{"allow":["GET"]}}],"collection":[{"href":"https:\/\/puffvapestore.com\/de\/wp-json\/wp\/v2\/product"}],"about":[{"href":"https:\/\/puffvapestore.com\/de\/wp-json\/wp\/v2\/types\/product"}],"replies":[{"embeddable":true,"href":"https:\/\/puffvapestore.com\/de\/wp-json\/wp\/v2\/comments?post=1716"}],"version-history":[{"count":14,"href":"https:\/\/puffvapestore.com\/de\/wp-json\/wp\/v2\/product\/1716\/revisions"}],"predecessor-version":[{"id":17735,"href":"https:\/\/puffvapestore.com\/de\/wp-json\/wp\/v2\/product\/1716\/revisions\/17735"}],"wp:featuredmedia":[{"embeddable":true,"href":"https:\/\/puffvapestore.com\/de\/wp-json\/wp\/v2\/media\/1566"}],"wp:attachment":[{"href":"https:\/\/puffvapestore.com\/de\/wp-json\/wp\/v2\/media?parent=1716"}],"wp:term":[{"taxonomy":"product_brand","embeddable":true,"href":"https:\/\/puffvapestore.com\/de\/wp-json\/wp\/v2\/product_brand?post=1716"},{"taxonomy":"product_cat","embeddable":true,"href":"https:\/\/puffvapestore.com\/de\/wp-json\/wp\/v2\/product_cat?post=1716"},{"taxonomy":"product_tag","embeddable":true,"href":"https:\/\/puffvapestore.com\/de\/wp-json\/wp\/v2\/product_tag?post=1716"}],"curies":[{"name":"wp","href":"https:\/\/api.w.org\/{rel}","templated":true}]}}