{"id":1704,"date":"2025-03-23T13:20:38","date_gmt":"2025-03-23T13:20:38","guid":{"rendered":"https:\/\/puffvapestore.com\/?post_type=product&#038;p=1704"},"modified":"2026-04-20T11:07:34","modified_gmt":"2026-04-20T11:07:34","slug":"puff-jnr-falcon-16000-sakura-grape","status":"publish","type":"product","link":"https:\/\/puffvapestore.com\/de\/product\/puff-jnr-falcon-16000-sakura-grape\/","title":{"rendered":"Puff JNR Falcon 16000 Sakura Grape"},"content":{"rendered":"<div data-elementor-type=\"wp-post\" data-elementor-id=\"1704\" class=\"elementor elementor-1704\">\n\t\t\t\t<div class=\"elementor-element elementor-element-824a998 e-flex e-con-boxed e-con e-parent\" data-id=\"824a998\" data-element_type=\"container\" data-e-type=\"container\">\n\t\t\t\t\t<div class=\"e-con-inner\">\n\t\t\t\t<div class=\"elementor-element elementor-element-55fd5fa elementor-widget elementor-widget-text-editor\" data-id=\"55fd5fa\" data-element_type=\"widget\" data-e-type=\"widget\" data-widget_type=\"text-editor.default\">\n\t\t\t\t<div class=\"elementor-widget-container\">\n\t\t\t\t\t\t\t\t\t<h2>Puff JNR Falcon 16000 Sakura Grape<\/h2><p>Wenn der Fr\u00fchling einen Geruch hat, dann ist es wahrscheinlich der Geruch des <strong>Sakura-Traube<\/strong> - der frische Duft von Kirschbl\u00fcten, vermischt mit der S\u00fc\u00dfe reifer Trauben, wie an einem Nachmittag in Paris, wenn Sie einen frisch gef\u00fcllten Rotwein aus Bordeaux in der Hand halten und die Kirschbl\u00fcten neben Ihnen im Wind fallen. Dies ist keine gew\u00f6hnliche elektronische Zigarette, es ist eine Geschmacksreise von der Kirschbl\u00fctenallee in Japan zu den Weinbergen in Frankreich.<\/p>\t\t\t\t\t\t\t\t<\/div>\n\t\t\t\t<\/div>\n\t\t\t\t\t<\/div>\n\t\t\t\t<\/div>\n\t\t<div class=\"elementor-element elementor-element-942ccb0 e-flex e-con-boxed e-con e-parent\" data-id=\"942ccb0\" data-element_type=\"container\" data-e-type=\"container\">\n\t\t\t\t\t<div class=\"e-con-inner\">\n\t\t<div class=\"elementor-element elementor-element-577deeb e-con-full e-flex e-con e-child\" data-id=\"577deeb\" data-element_type=\"container\" data-e-type=\"container\">\n\t\t\t\t<div class=\"elementor-element elementor-element-5d167cf elementor-widget elementor-widget-text-editor\" data-id=\"5d167cf\" data-element_type=\"widget\" data-e-type=\"widget\" data-widget_type=\"text-editor.default\">\n\t\t\t\t<div class=\"elementor-widget-container\">\n\t\t\t\t\t\t\t\t\t<h2>Infos \u00fcber JNR Falcon 16000 Sakura Grape<\/h2><p>Z\u00fcge : Bis zu 16000 Z\u00fcge<br \/>Fl\u00fcssigkeit: 22 ml<br \/>Nikotinst\u00e4rke: 0 %, 2 %, 5 %<br \/>Widerstand: 1,0 Ohm<br \/>Akkukapazit\u00e4t: 850 mAh<br \/>Aufladen: Type-C<br \/>Doppelter Maschen- und Doppelkernwiderstand<br \/>Ma\u00dfe: 53,5 x 32 x 110 mm<\/p>\t\t\t\t\t\t\t\t<\/div>\n\t\t\t\t<\/div>\n\t\t\t\t<\/div>\n\t\t<div class=\"elementor-element elementor-element-d5e4b56 e-con-full e-flex e-con e-child\" data-id=\"d5e4b56\" data-element_type=\"container\" data-e-type=\"container\">\n\t\t\t\t<div class=\"elementor-element elementor-element-381dfcb elementor-widget elementor-widget-image-gallery\" data-id=\"381dfcb\" data-element_type=\"widget\" data-e-type=\"widget\" data-widget_type=\"image-gallery.default\">\n\t\t\t\t<div class=\"elementor-widget-container\">\n\t\t\t\t\t\t\t<div class=\"elementor-image-gallery\">\n\t\t\t<div id='gallery-1' class='gallery galleryid-1704 gallery-columns-1 gallery-size-medium_large'><figure class='gallery-item'>\n\t\t\t<div class='gallery-icon portrait'>\n\t\t\t\t<img fetchpriority=\"high\" decoding=\"async\" width=\"654\" height=\"690\" src=\"https:\/\/puffvapestore.com\/wp-content\/uploads\/2025\/03\/pvajf16000-30.jpg\" class=\"attachment-medium_large size-medium_large\" alt=\"JNR Falcon 16K Sakura Grape\" aria-describedby=\"gallery-1-1577\" srcset=\"https:\/\/puffvapestore.com\/wp-content\/uploads\/2025\/03\/pvajf16000-30.jpg 654w, https:\/\/puffvapestore.com\/wp-content\/uploads\/2025\/03\/pvajf16000-30-284x300.jpg 284w, https:\/\/puffvapestore.com\/wp-content\/uploads\/2025\/03\/pvajf16000-30-600x633.jpg 600w\" sizes=\"(max-width: 654px) 100vw, 654px\" \/>\n\t\t\t<\/div>\n\t\t\t\t<figcaption class='wp-caption-text gallery-caption' id='gallery-1-1577'>\n\t\t\t\tJNR Falcon 16K Sakura Grape\n\t\t\t\t<\/figcaption><\/figure>\n\t\t<\/div>\n\t\t<\/div>\n\t\t\t\t\t\t<\/div>\n\t\t\t\t<\/div>\n\t\t\t\t<\/div>\n\t\t\t\t\t<\/div>\n\t\t\t\t<\/div>\n\t\t<div class=\"elementor-element elementor-element-7926c6b e-flex e-con-boxed e-con e-parent\" data-id=\"7926c6b\" data-element_type=\"container\" data-e-type=\"container\">\n\t\t\t\t\t<div class=\"e-con-inner\">\n\t\t\t\t<div class=\"elementor-element elementor-element-2b41948 elementor-widget elementor-widget-text-editor\" data-id=\"2b41948\" data-element_type=\"widget\" data-e-type=\"widget\" data-widget_type=\"text-editor.default\">\n\t\t\t\t<div class=\"elementor-widget-container\">\n\t\t\t\t\t\t\t\t\t<h3>Puff JNR Falcon 16000 Sakura Grape ist zart und k\u00fchn<\/h3><p>Sakura Grape ist nicht einfach eine E-Zigarette mit Fruchtgeschmack, ihr Geschmack ist vielschichtig. Beim ersten Zug an der Zigarette werden Sie zuerst das elegante Aroma von Kirschbl\u00fcten wahrnehmen, wie Blumen, die gerade am fr\u00fchen Fr\u00fchlingsmorgen erbl\u00fcht sind, s\u00fc\u00df und zart. Dann taucht langsam die S\u00fc\u00dfe der Trauben auf, nicht der fettige Geschmack von billigen Bonbons, sondern wie Rotwein aus Bordeaux, mit genau dem richtigen fruchtigen Aroma und einer leichten S\u00e4ure, was die Leute dazu bringt, noch einen Zug an der Zigarette zu nehmen.<\/p><p>Dieser Geschmack ist wie der franz\u00f6sische Humor: elegant und zur\u00fcckhaltend an der Oberfl\u00e4che, aber voller Pers\u00f6nlichkeit und Tiefe. Er bombardiert Ihre Geschmacksknospen nicht mit \u00fcberm\u00e4\u00dfiger S\u00fc\u00dfe, sondern ist eher wie ein sorgf\u00e4ltig choreografierter Tanz, bei dem jeder Schritt pr\u00e4zise ist und jeder Atemzug ein anhaltendes Gef\u00fchl am Gaumen hinterl\u00e4sst.<\/p><h3>16000 Z\u00fcge an Zigaretten dauern l\u00e4nger als ein franz\u00f6sisches Abendessen<\/h3><p>Die <strong>JNR Falcon 16000<\/strong> ist nicht die Art von elektronischer Zigarette, die man zwei Tage lang rauchen kann, ohne dass einem die Puste ausgeht. Ihr gro\u00dfes Fassungsverm\u00f6gen von 22 ml und der wiederaufladbare 850-mAh-Akku bieten Ihnen ein au\u00dfergew\u00f6hnliches Erlebnis von 16.000 Z\u00fcgen. Mit anderen Worten, sie kann Sie durch unz\u00e4hlige Diskussionen auf der Seine begleiten, durch einige philosophische Debatten um Mitternacht, und sogar ausreichen, um Sie eine ganze Staffel Ihrer franz\u00f6sischen Lieblingsserie lang zu unterst\u00fctzen.<\/p><p>Dar\u00fcber hinaus verf\u00fcgt er nicht nur \u00fcber eine lange Akkulaufzeit, sondern ist auch mit Anschl\u00fcssen f\u00fcr <strong>doppelte Type-C- und Lightning-Ladung<\/strong>Das bedeutet, dass es mit fast allen Ladeger\u00e4ten kompatibel ist. Mit anderen Worten: Ihr Mobiltelefon und Ihre E-Zigarette k\u00f6nnen sich ein einziges Ladekabel teilen, was minimalistisch und effizient ist und voll und ganz der Pariser Lebensphilosophie entspricht - Mode und Praktikabilit\u00e4t koexistieren.<\/p><h3>Es geht nicht nur um elektronische Zigaretten, es geht um eine Einstellung<\/h3><p>Nat\u00fcrlich ist neben dem Geschmack und der Lebensdauer des Akkus auch sein Design erw\u00e4hnenswert. Sein Kristallfinish verleiht ihm ein modernes Aussehen und vermittelt das Gef\u00fchl, ein Kunstwerk in der Hand zu halten. Ob auf einem Kaffeetisch oder in der Tasche Ihres Anzugs - er strahlt eine l\u00e4ssige Eleganz aus.<\/p><p>Ganz zu schweigen von der doppelmaschigen Spulentechnologie, die daf\u00fcr sorgt, dass jede Rauchinhalation sanft und gleichm\u00e4\u00dfig ist, mit dichtem Rauch und feinem Geschmack. Gekoppelt mit dem einstellbaren Luftstromsystem, egal ob Sie einen sanften, langen Zug oder einen direkteren Kehlkopfsto\u00df m\u00f6gen, kann es genau auf Ihre Bed\u00fcrfnisse eingehen.<\/p>\t\t\t\t\t\t\t\t<\/div>\n\t\t\t\t<\/div>\n\t\t\t\t\t<\/div>\n\t\t\t\t<\/div>\n\t\t\t\t<\/div>","protected":false},"excerpt":{"rendered":"<p>Puff JNR Falcon 16000 Sakura Grape Si le printemps a une odeur, c&rsquo;est probablement l&rsquo;odeur du raisin Sakura &#8211; le parfum frais des fleurs de cerisier, m\u00eal\u00e9 \u00e0 la douceur des raisins m\u00fbrs, comme un apr\u00e8s-midi \u00e0 Paris, tenant un vin rouge de Bordeaux fra\u00eechement rempli dans votre main, et les fleurs de cerisier \u00e0 [&hellip;]<\/p>\n","protected":false},"featured_media":1577,"comment_status":"open","ping_status":"closed","template":"","meta":{"site-sidebar-layout":"no-sidebar","site-content-layout":"page-builder","ast-site-content-layout":"normal-width-container","site-content-style":"default","site-sidebar-style":"default","ast-global-header-display":"","ast-banner-title-visibility":"","ast-main-header-display":"","ast-hfb-above-header-display":"","ast-hfb-below-header-display":"","ast-hfb-mobile-header-display":"","site-post-title":"disabled","ast-breadcrumbs-content":"","ast-featured-img":"disabled","footer-sml-layout":"","ast-disable-related-posts":"","theme-transparent-header-meta":"default","adv-header-id-meta":"","stick-header-meta":"default","header-above-stick-meta":"","header-main-stick-meta":"","header-below-stick-meta":"","astra-migrate-meta-layouts":"set","ast-page-background-enabled":"default","ast-page-background-meta":{"desktop":{"background-color":"","background-image":"","background-repeat":"repeat","background-position":"center center","background-size":"auto","background-attachment":"scroll","background-type":"","background-media":"","overlay-type":"","overlay-color":"","overlay-opacity":"","overlay-gradient":""},"tablet":{"background-color":"","background-image":"","background-repeat":"repeat","background-position":"center center","background-size":"auto","background-attachment":"scroll","background-type":"","background-media":"","overlay-type":"","overlay-color":"","overlay-opacity":"","overlay-gradient":""},"mobile":{"background-color":"","background-image":"","background-repeat":"repeat","background-position":"center center","background-size":"auto","background-attachment":"scroll","background-type":"","background-media":"","overlay-type":"","overlay-color":"","overlay-opacity":"","overlay-gradient":""}},"ast-content-background-meta":{"desktop":{"background-color":"var(--ast-global-color-5)","background-image":"","background-repeat":"repeat","background-position":"center center","background-size":"auto","background-attachment":"scroll","background-type":"","background-media":"","overlay-type":"","overlay-color":"","overlay-opacity":"","overlay-gradient":""},"tablet":{"background-color":"var(--ast-global-color-5)","background-image":"","background-repeat":"repeat","background-position":"center center","background-size":"auto","background-attachment":"scroll","background-type":"","background-media":"","overlay-type":"","overlay-color":"","overlay-opacity":"","overlay-gradient":""},"mobile":{"background-color":"var(--ast-global-color-5)","background-image":"","background-repeat":"repeat","background-position":"center center","background-size":"auto","background-attachment":"scroll","background-type":"","background-media":"","overlay-type":"","overlay-color":"","overlay-opacity":"","overlay-gradient":""}}},"product_brand":[30],"product_cat":[15,81,77,34,35,36,31],"product_tag":[],"class_list":{"0":"post-1704","1":"product","2":"type-product","3":"status-publish","4":"has-post-thumbnail","6":"product_brand-jnr","7":"product_cat-magasin-cigarette-electronique","8":"product_cat-puff-16k","9":"product_cat-entrepot-de-lue","10":"product_cat-puff-jnr","11":"product_cat-jnr-vape","12":"product_cat-jnr-16k","13":"product_cat-jnr-falcon","14":"desktop-align-center","15":"tablet-align-center","16":"mobile-align-center","17":"ast-product-gallery-layout-horizontal","18":"ast-product-gallery-with-no-image","19":"ast-product-single-variable","20":"ast-product-tabs-layout-horizontal","21":"ast-qv-on-image","23":"first","24":"instock","25":"sale","26":"shipping-taxable","27":"purchasable","28":"product-type-variable","29":"has-default-attributes"},"tiered_pricing_type":"fixed","tiered_pricing_fixed_rules":{"30":9.88,"60":9.26,"100":8.06,"200":7.38,"500":6.98,"1000":6.8},"tiered_pricing_product_settings":{"layout":"default","base_unit_name":{"singular":null,"plural":null},"default_variation":null},"tiered_pricing_minimum_quantity":null,"tiered_pricing_roles_data":[],"tiered_pricing_percentage_rules":[],"_links":{"self":[{"href":"https:\/\/puffvapestore.com\/de\/wp-json\/wp\/v2\/product\/1704","targetHints":{"allow":["GET"]}}],"collection":[{"href":"https:\/\/puffvapestore.com\/de\/wp-json\/wp\/v2\/product"}],"about":[{"href":"https:\/\/puffvapestore.com\/de\/wp-json\/wp\/v2\/types\/product"}],"replies":[{"embeddable":true,"href":"https:\/\/puffvapestore.com\/de\/wp-json\/wp\/v2\/comments?post=1704"}],"version-history":[{"count":18,"href":"https:\/\/puffvapestore.com\/de\/wp-json\/wp\/v2\/product\/1704\/revisions"}],"predecessor-version":[{"id":17739,"href":"https:\/\/puffvapestore.com\/de\/wp-json\/wp\/v2\/product\/1704\/revisions\/17739"}],"wp:featuredmedia":[{"embeddable":true,"href":"https:\/\/puffvapestore.com\/de\/wp-json\/wp\/v2\/media\/1577"}],"wp:attachment":[{"href":"https:\/\/puffvapestore.com\/de\/wp-json\/wp\/v2\/media?parent=1704"}],"wp:term":[{"taxonomy":"product_brand","embeddable":true,"href":"https:\/\/puffvapestore.com\/de\/wp-json\/wp\/v2\/product_brand?post=1704"},{"taxonomy":"product_cat","embeddable":true,"href":"https:\/\/puffvapestore.com\/de\/wp-json\/wp\/v2\/product_cat?post=1704"},{"taxonomy":"product_tag","embeddable":true,"href":"https:\/\/puffvapestore.com\/de\/wp-json\/wp\/v2\/product_tag?post=1704"}],"curies":[{"name":"wp","href":"https:\/\/api.w.org\/{rel}","templated":true}]}}