{"id":1692,"date":"2025-03-23T04:49:39","date_gmt":"2025-03-23T04:49:39","guid":{"rendered":"https:\/\/puffvapestore.com\/?post_type=product&#038;p=1692"},"modified":"2026-04-20T11:07:46","modified_gmt":"2026-04-20T11:07:46","slug":"jnr-falcon-16000-mango-passion-fruit","status":"publish","type":"product","link":"https:\/\/puffvapestore.com\/de\/product\/jnr-falcon-16000-mango-passionsfrucht\/","title":{"rendered":"JNR Falcon 16000 Einweg-elektronische Zigarette Mango Passion Fruit"},"content":{"rendered":"<div data-elementor-type=\"wp-post\" data-elementor-id=\"1692\" class=\"elementor elementor-1692\">\n\t\t\t\t<div class=\"elementor-element elementor-element-824a998 e-flex e-con-boxed e-con e-parent\" data-id=\"824a998\" data-element_type=\"container\" data-e-type=\"container\">\n\t\t\t\t\t<div class=\"e-con-inner\">\n\t\t\t\t<div class=\"elementor-element elementor-element-55fd5fa elementor-widget elementor-widget-text-editor\" data-id=\"55fd5fa\" data-element_type=\"widget\" data-e-type=\"widget\" data-widget_type=\"text-editor.default\">\n\t\t\t\t<div class=\"elementor-widget-container\">\n\t\t\t\t\t\t\t\t\t<h2>Zigarette JNR Falcon 16000 Jet Black Mango Passionsfrucht<\/h2><p>Stellen Sie sich vor, Sie sitzen in der Abendd\u00e4mmerung in den Stra\u00dfen von Paris am Ufer der Seine, halten einen frisch gemixten Cocktail in der Hand und ein leicht s\u00fc\u00dflicher Duft liegt in der Luft - genau dieses Gef\u00fchl bringt <strong>JNR Falcon 16000 Mango Passion Fruit<\/strong>. Nach einem Zug an der Zigarette hat man das Gef\u00fchl, dass der tropische Stil der franz\u00f6sischen Karibik auf der Zungenspitze explodiert. Die S\u00fc\u00dfe der Mango und die S\u00e4ure der Passionsfrucht sind perfekt miteinander verwoben, ungez\u00fcgelt und exquisit zugleich, wie eine Sommerparty in S\u00fcdfrankreich, warm und s\u00fcchtig machend.<\/p>\t\t\t\t\t\t\t\t<\/div>\n\t\t\t\t<\/div>\n\t\t\t\t\t<\/div>\n\t\t\t\t<\/div>\n\t\t<div class=\"elementor-element elementor-element-942ccb0 e-flex e-con-boxed e-con e-parent\" data-id=\"942ccb0\" data-element_type=\"container\" data-e-type=\"container\">\n\t\t\t\t\t<div class=\"e-con-inner\">\n\t\t<div class=\"elementor-element elementor-element-577deeb e-con-full e-flex e-con e-child\" data-id=\"577deeb\" data-element_type=\"container\" data-e-type=\"container\">\n\t\t\t\t<div class=\"elementor-element elementor-element-5d167cf elementor-widget elementor-widget-text-editor\" data-id=\"5d167cf\" data-element_type=\"widget\" data-e-type=\"widget\" data-widget_type=\"text-editor.default\">\n\t\t\t\t<div class=\"elementor-widget-container\">\n\t\t\t\t\t\t\t\t\t<h2>Infos \u00fcber JNR Falcon 16000 Mango Passion Fruit<\/h2><p>Z\u00fcge : Bis zu 16000 Z\u00fcge<br \/>Fl\u00fcssigkeit: 22 ml<br \/>Nikotinst\u00e4rke: 0 %, 2 %, 5 %<br \/>Widerstand: 1,0 Ohm<br \/>Akkukapazit\u00e4t: 850 mAh<br \/>Aufladen: Type-C<br \/>Doppelter Maschen- und Doppelkernwiderstand<br \/>Ma\u00dfe: 53,5 x 32 x 110 mm<\/p>\t\t\t\t\t\t\t\t<\/div>\n\t\t\t\t<\/div>\n\t\t\t\t<\/div>\n\t\t<div class=\"elementor-element elementor-element-d5e4b56 e-con-full e-flex e-con e-child\" data-id=\"d5e4b56\" data-element_type=\"container\" data-e-type=\"container\">\n\t\t\t\t<div class=\"elementor-element elementor-element-381dfcb elementor-widget elementor-widget-image-gallery\" data-id=\"381dfcb\" data-element_type=\"widget\" data-e-type=\"widget\" data-widget_type=\"image-gallery.default\">\n\t\t\t\t<div class=\"elementor-widget-container\">\n\t\t\t\t\t\t\t<div class=\"elementor-image-gallery\">\n\t\t\t<div id='gallery-7' class='gallery galleryid-14409 gallery-columns-1 gallery-size-medium_large'><figure class='gallery-item'>\n\t\t\t<div class='gallery-icon portrait'>\n\t\t\t\t<img fetchpriority=\"high\" width=\"654\" height=\"690\" src=\"https:\/\/puffvapestore.com\/wp-content\/uploads\/2025\/03\/pvajf16000-36.jpg\" class=\"attachment-medium_large size-medium_large\" alt=\"JNR Falcon 16K Mango Passion Fruit\" aria-describedby=\"gallery-7-1583\" decoding=\"async\" srcset=\"https:\/\/puffvapestore.com\/wp-content\/uploads\/2025\/03\/pvajf16000-36.jpg 654w, https:\/\/puffvapestore.com\/wp-content\/uploads\/2025\/03\/pvajf16000-36-284x300.jpg 284w, https:\/\/puffvapestore.com\/wp-content\/uploads\/2025\/03\/pvajf16000-36-600x633.jpg 600w\" sizes=\"(max-width: 654px) 100vw, 654px\" \/>\n\t\t\t<\/div>\n\t\t\t\t<figcaption class='wp-caption-text gallery-caption' id='gallery-7-1583'>\n\t\t\t\tJNR Falcon 16K Mango Passion Fruit\n\t\t\t\t<\/figcaption><\/figure>\n\t\t<\/div>\n\t\t<\/div>\n\t\t\t\t\t\t<\/div>\n\t\t\t\t<\/div>\n\t\t\t\t<\/div>\n\t\t\t\t\t<\/div>\n\t\t\t\t<\/div>\n\t\t<div class=\"elementor-element elementor-element-7926c6b e-flex e-con-boxed e-con e-parent\" data-id=\"7926c6b\" data-element_type=\"container\" data-e-type=\"container\">\n\t\t\t\t\t<div class=\"e-con-inner\">\n\t\t\t\t<div class=\"elementor-element elementor-element-2b41948 elementor-widget elementor-widget-text-editor\" data-id=\"2b41948\" data-element_type=\"widget\" data-e-type=\"widget\" data-widget_type=\"text-editor.default\">\n\t\t\t\t<div class=\"elementor-widget-container\">\n\t\t\t\t\t\t\t\t\t<h3>Warum ist die JNR Falcon 16000 Mango Passion Fruit das \"Sternendessert\" in der E-Zigarettenindustrie?<\/h3><h4>Geschmack, wie ein Meisterwerk eines Barkeepers<\/h4><p>Dies ist kein gew\u00f6hnlicher fruchtiger Duft, sondern eine sorgf\u00e4ltig gemischte tropische Extravaganz. Die cremige S\u00fc\u00dfe der Mango und die leicht s\u00e4uerliche, erfrischende Passionsfrucht vermischen sich in perfekter Balance - nicht zu s\u00fc\u00df und nicht zu anregend, genau wie ein Glas eines raffinierten Cocktails, der im Baskenland frisch gemixt wird und jede Rauchinhalation zu einer luxuri\u00f6sen Geschmacksreise macht.<\/p><h4>Die Batterielebensdauer ist wie eine Flasche Champagner, die nie ausgeht<\/h4><p>16000 Rauchererfahrungen, wie ein Abend, der nie aufh\u00f6rt, immer am besten. Ausgestattet mit einer E-Fl\u00fcssigkeit mit einem gro\u00dfen Fassungsverm\u00f6gen von 22 ml, m\u00fcssen Sie nicht h\u00e4ufig das Ger\u00e4t wechseln und k\u00f6nnen sich darauf konzentrieren, jeden Moment des Geschmacks zu genie\u00dfen.<\/p><h4>Aufladen, so effizient und schnell wie die Pariser U-Bahn<\/h4><p>Dank des doppelten Type-C- und Lightning-Anschlusses k\u00f6nnen Sie ganz einfach aufladen, egal ob Sie ein Apple- oder Android-Fan sind, und Sie m\u00fcssen nicht mehr verr\u00fcckt werden, weil Sie kein passendes Ladekabel finden k\u00f6nnen. Mit dem wiederaufladbaren 850-mAh-Akku k\u00f6nnen Sie Ihr Handy jederzeit und \u00fcberall vollst\u00e4ndig aufladen, so als w\u00fcrden Sie eine Kaffeemaschine mit sich herumtragen, die immer auf Empfang ist und Sie nie \"Energie verlieren\" l\u00e4sst.<\/p><h4>Rauch, so dicht wie der Morgennebel auf dem Montmartre<\/h4><p>Die Doppelmaschen-Spulentechnologie macht den Geschmack zarter und jeder Rauchzug bringt eine weiche, seidige Textur mit sich, w\u00e4hrend er den vollen Rauch freisetzt, um ein wirklich eindringliches Raucherlebnis zu schaffen. Der einstellbare Luftstrom erm\u00f6glicht Ihnen die freie Wahl zwischen einem starken Kehlkopfsto\u00df oder einem leichten, sanften Erlebnis, genauso wie die Aufmerksamkeit der Franzosen auf den Kaffee - Espresso und Americano, alles h\u00e4ngt von Ihrer Stimmung ab.<\/p><h3>JNR Falcon 16000 Mango Passionsfrucht: Bringen Sie einen franz\u00f6sischen Touch in Ihr Leben<\/h3><p>Diese elektronische Zigarette ist nicht nur ein Hilfsmittel zur Verabreichung von Nikotin, sie ist ein Lebensstil, eine Suche nach Geschmack und eine Einstellung. Sie ist f\u00fcr diejenigen unter Ihnen geeignet, die das Leben zu genie\u00dfen wissen, nach Details suchen und gerne auf Entdeckungsreise gehen. Egal, ob Sie in Paris auf der Terrasse eines Caf\u00e9s, in Nizza auf der Promenade oder in Lyon in einem Bistro sitzen, er wird Ihr idealer Begleiter sein.<\/p>\t\t\t\t\t\t\t\t<\/div>\n\t\t\t\t<\/div>\n\t\t\t\t\t<\/div>\n\t\t\t\t<\/div>\n\t\t\t\t<\/div>","protected":false},"excerpt":{"rendered":"<p>Cigarette JNR Falcon 16000 Jet Black Mangue Fruit de la Passion Imaginez-vous assis au bord de la Seine au cr\u00e9puscule dans les rues de Paris, tenant un cocktail fra\u00eechement pr\u00e9par\u00e9 \u00e0 la main et un l\u00e9ger parfum sucr\u00e9 dans l&rsquo;air &#8211; c&rsquo;est exactement la sensation apport\u00e9e par JNR Falcon 16000 Mango Passion Fruit. Apr\u00e8s une [&hellip;]<\/p>\n","protected":false},"featured_media":1583,"comment_status":"open","ping_status":"closed","template":"","meta":{"site-sidebar-layout":"no-sidebar","site-content-layout":"page-builder","ast-site-content-layout":"normal-width-container","site-content-style":"default","site-sidebar-style":"default","ast-global-header-display":"","ast-banner-title-visibility":"","ast-main-header-display":"","ast-hfb-above-header-display":"","ast-hfb-below-header-display":"","ast-hfb-mobile-header-display":"","site-post-title":"disabled","ast-breadcrumbs-content":"","ast-featured-img":"disabled","footer-sml-layout":"","ast-disable-related-posts":"","theme-transparent-header-meta":"default","adv-header-id-meta":"","stick-header-meta":"default","header-above-stick-meta":"","header-main-stick-meta":"","header-below-stick-meta":"","astra-migrate-meta-layouts":"set","ast-page-background-enabled":"default","ast-page-background-meta":{"desktop":{"background-color":"","background-image":"","background-repeat":"repeat","background-position":"center center","background-size":"auto","background-attachment":"scroll","background-type":"","background-media":"","overlay-type":"","overlay-color":"","overlay-opacity":"","overlay-gradient":""},"tablet":{"background-color":"","background-image":"","background-repeat":"repeat","background-position":"center center","background-size":"auto","background-attachment":"scroll","background-type":"","background-media":"","overlay-type":"","overlay-color":"","overlay-opacity":"","overlay-gradient":""},"mobile":{"background-color":"","background-image":"","background-repeat":"repeat","background-position":"center center","background-size":"auto","background-attachment":"scroll","background-type":"","background-media":"","overlay-type":"","overlay-color":"","overlay-opacity":"","overlay-gradient":""}},"ast-content-background-meta":{"desktop":{"background-color":"var(--ast-global-color-5)","background-image":"","background-repeat":"repeat","background-position":"center center","background-size":"auto","background-attachment":"scroll","background-type":"","background-media":"","overlay-type":"","overlay-color":"","overlay-opacity":"","overlay-gradient":""},"tablet":{"background-color":"var(--ast-global-color-5)","background-image":"","background-repeat":"repeat","background-position":"center center","background-size":"auto","background-attachment":"scroll","background-type":"","background-media":"","overlay-type":"","overlay-color":"","overlay-opacity":"","overlay-gradient":""},"mobile":{"background-color":"var(--ast-global-color-5)","background-image":"","background-repeat":"repeat","background-position":"center center","background-size":"auto","background-attachment":"scroll","background-type":"","background-media":"","overlay-type":"","overlay-color":"","overlay-opacity":"","overlay-gradient":""}}},"product_brand":[30],"product_cat":[15,81,77,36,32],"product_tag":[],"class_list":{"0":"post-1692","1":"product","2":"type-product","3":"status-publish","4":"has-post-thumbnail","6":"product_brand-jnr","7":"product_cat-magasin-cigarette-electronique","8":"product_cat-puff-16k","9":"product_cat-entrepot-de-lue","10":"product_cat-jnr-16k","11":"product_cat-puff-jnr-16k","12":"desktop-align-center","13":"tablet-align-center","14":"mobile-align-center","15":"ast-product-gallery-layout-horizontal","16":"ast-product-gallery-with-no-image","17":"ast-product-single-variable","18":"ast-product-tabs-layout-horizontal","19":"ast-qv-on-image","21":"first","22":"instock","23":"sale","24":"shipping-taxable","25":"purchasable","26":"product-type-variable","27":"has-default-attributes"},"tiered_pricing_type":"fixed","tiered_pricing_fixed_rules":{"30":9.88,"60":9.26,"100":8.06,"200":7.38,"500":6.98,"1000":6.8},"tiered_pricing_product_settings":{"layout":"default","base_unit_name":{"singular":null,"plural":null},"default_variation":null},"tiered_pricing_minimum_quantity":null,"tiered_pricing_roles_data":[],"tiered_pricing_percentage_rules":[],"_links":{"self":[{"href":"https:\/\/puffvapestore.com\/de\/wp-json\/wp\/v2\/product\/1692","targetHints":{"allow":["GET"]}}],"collection":[{"href":"https:\/\/puffvapestore.com\/de\/wp-json\/wp\/v2\/product"}],"about":[{"href":"https:\/\/puffvapestore.com\/de\/wp-json\/wp\/v2\/types\/product"}],"replies":[{"embeddable":true,"href":"https:\/\/puffvapestore.com\/de\/wp-json\/wp\/v2\/comments?post=1692"}],"version-history":[{"count":18,"href":"https:\/\/puffvapestore.com\/de\/wp-json\/wp\/v2\/product\/1692\/revisions"}],"predecessor-version":[{"id":17747,"href":"https:\/\/puffvapestore.com\/de\/wp-json\/wp\/v2\/product\/1692\/revisions\/17747"}],"wp:featuredmedia":[{"embeddable":true,"href":"https:\/\/puffvapestore.com\/de\/wp-json\/wp\/v2\/media\/1583"}],"wp:attachment":[{"href":"https:\/\/puffvapestore.com\/de\/wp-json\/wp\/v2\/media?parent=1692"}],"wp:term":[{"taxonomy":"product_brand","embeddable":true,"href":"https:\/\/puffvapestore.com\/de\/wp-json\/wp\/v2\/product_brand?post=1692"},{"taxonomy":"product_cat","embeddable":true,"href":"https:\/\/puffvapestore.com\/de\/wp-json\/wp\/v2\/product_cat?post=1692"},{"taxonomy":"product_tag","embeddable":true,"href":"https:\/\/puffvapestore.com\/de\/wp-json\/wp\/v2\/product_tag?post=1692"}],"curies":[{"name":"wp","href":"https:\/\/api.w.org\/{rel}","templated":true}]}}