{"id":1686,"date":"2025-03-23T02:42:11","date_gmt":"2025-03-23T02:42:11","guid":{"rendered":"https:\/\/puffvapestore.com\/?post_type=product&#038;p=1686"},"modified":"2026-04-20T11:07:52","modified_gmt":"2026-04-20T11:07:52","slug":"jnr-falcon-16000-cigarette-electronique-jetable-blueberry-red-raspberry","status":"publish","type":"product","link":"https:\/\/puffvapestore.com\/de\/product\/jnr-falcon-16000-einweg-elektronische-zigarette-blueberry-red-raspberry\/","title":{"rendered":"JNR Falcon 16000 Einweg-elektronische Zigarette Blueberry Red Raspberry"},"content":{"rendered":"<div data-elementor-type=\"wp-post\" data-elementor-id=\"1686\" class=\"elementor elementor-1686\">\n\t\t\t\t<div class=\"elementor-element elementor-element-824a998 e-flex e-con-boxed e-con e-parent\" data-id=\"824a998\" data-element_type=\"container\" data-e-type=\"container\">\n\t\t\t\t\t<div class=\"e-con-inner\">\n\t\t\t\t<div class=\"elementor-element elementor-element-55fd5fa elementor-widget elementor-widget-text-editor\" data-id=\"55fd5fa\" data-element_type=\"widget\" data-e-type=\"widget\" data-widget_type=\"text-editor.default\">\n\t\t\t\t<div class=\"elementor-widget-container\">\n\t\t\t\t\t\t\t\t\t<h2>Einweg-elektronische Zigarette JNR Falcon 16000 Heidelbeere Rot Himbeere<\/h2><p>Wenn es eine Sache gibt, die die Franzosen wissen, dann ist es, das Leben zu genie\u00dfen. Die <strong>Geschmack Heidelbeere Rot Himbeere von JNR Falcon 16000<\/strong> ist die perfekte Interpretation dieser Philosophie - jeder Zug am Rauch ist wie das Stehlen eines halben Tages Freizeit in den Obstg\u00e4rten der Provence, die tiefe S\u00fc\u00dfe der Heidelbeeren und die leicht s\u00e4uerlichen, frischen roten Himbeeren vermischen sich, um Ihren Geschmacksknospen eine Wanderreise zu bescheren.<\/p>\t\t\t\t\t\t\t\t<\/div>\n\t\t\t\t<\/div>\n\t\t\t\t\t<\/div>\n\t\t\t\t<\/div>\n\t\t<div class=\"elementor-element elementor-element-942ccb0 e-flex e-con-boxed e-con e-parent\" data-id=\"942ccb0\" data-element_type=\"container\" data-e-type=\"container\">\n\t\t\t\t\t<div class=\"e-con-inner\">\n\t\t<div class=\"elementor-element elementor-element-577deeb e-con-full e-flex e-con e-child\" data-id=\"577deeb\" data-element_type=\"container\" data-e-type=\"container\">\n\t\t\t\t<div class=\"elementor-element elementor-element-5d167cf elementor-widget elementor-widget-text-editor\" data-id=\"5d167cf\" data-element_type=\"widget\" data-e-type=\"widget\" data-widget_type=\"text-editor.default\">\n\t\t\t\t<div class=\"elementor-widget-container\">\n\t\t\t\t\t\t\t\t\t<h2>Infos \u00fcber JNR Falcon 16000 Blueberry Red Raspberry<\/h2><p>Z\u00fcge : Bis zu 16000 Z\u00fcge<br \/>Fl\u00fcssigkeit: 22 ml<br \/>Nikotinst\u00e4rke: 0 %, 2 %, 5 %<br \/>Widerstand: 1,0 Ohm<br \/>Akkukapazit\u00e4t: 850 mAh<br \/>Aufladen: Type-C<br \/>Doppelter Maschen- und Doppelkernwiderstand<br \/>Ma\u00dfe: 53,5 x 32 x 110 mm<\/p>\t\t\t\t\t\t\t\t<\/div>\n\t\t\t\t<\/div>\n\t\t\t\t<\/div>\n\t\t<div class=\"elementor-element elementor-element-d5e4b56 e-con-full e-flex e-con e-child\" data-id=\"d5e4b56\" data-element_type=\"container\" data-e-type=\"container\">\n\t\t\t\t<div class=\"elementor-element elementor-element-381dfcb elementor-widget elementor-widget-image-gallery\" data-id=\"381dfcb\" data-element_type=\"widget\" data-e-type=\"widget\" data-widget_type=\"image-gallery.default\">\n\t\t\t\t<div class=\"elementor-widget-container\">\n\t\t\t\t\t\t\t<div class=\"elementor-image-gallery\">\n\t\t\t<div id='gallery-1' class='gallery galleryid-1686 gallery-columns-1 gallery-size-medium_large'><figure class='gallery-item'>\n\t\t\t<div class='gallery-icon portrait'>\n\t\t\t\t<img fetchpriority=\"high\" decoding=\"async\" width=\"654\" height=\"690\" src=\"https:\/\/puffvapestore.com\/wp-content\/uploads\/2025\/03\/pvajf16000-31.jpg\" class=\"attachment-medium_large size-medium_large\" alt=\"JNR Falcon 16K Blueberry Red Raspberry\" aria-describedby=\"gallery-1-1578\" srcset=\"https:\/\/puffvapestore.com\/wp-content\/uploads\/2025\/03\/pvajf16000-31.jpg 654w, https:\/\/puffvapestore.com\/wp-content\/uploads\/2025\/03\/pvajf16000-31-284x300.jpg 284w, https:\/\/puffvapestore.com\/wp-content\/uploads\/2025\/03\/pvajf16000-31-600x633.jpg 600w\" sizes=\"(max-width: 654px) 100vw, 654px\" \/>\n\t\t\t<\/div>\n\t\t\t\t<figcaption class='wp-caption-text gallery-caption' id='gallery-1-1578'>\n\t\t\t\tJNR Falcon 16K Blueberry Red Raspberry\n\t\t\t\t<\/figcaption><\/figure>\n\t\t<\/div>\n\t\t<\/div>\n\t\t\t\t\t\t<\/div>\n\t\t\t\t<\/div>\n\t\t\t\t<\/div>\n\t\t\t\t\t<\/div>\n\t\t\t\t<\/div>\n\t\t<div class=\"elementor-element elementor-element-7926c6b e-flex e-con-boxed e-con e-parent\" data-id=\"7926c6b\" data-element_type=\"container\" data-e-type=\"container\">\n\t\t\t\t\t<div class=\"e-con-inner\">\n\t\t\t\t<div class=\"elementor-element elementor-element-2b41948 elementor-widget elementor-widget-text-editor\" data-id=\"2b41948\" data-element_type=\"widget\" data-e-type=\"widget\" data-widget_type=\"text-editor.default\">\n\t\t\t\t<div class=\"elementor-widget-container\">\n\t\t\t\t\t\t\t\t\t<h3>Wenn die E-Zigarette auch zu einer Art \"franz\u00f6sischem Dessert\" wird<\/h3><p>Stellen Sie sich vor, Sie sitzen in einem Freiluftcaf\u00e9 am Ufer der Seine in Paris, mit einer Tasse frisch gemahlenem Espresso in der Hand und dem Aroma von frisch gebackenen Croissants in der Luft. In diesem Moment <strong>nehmen Sie einen Zug von Zigaretten JNR Falcon 16000<\/strong>Das fruchtig-weiche Aroma der Heidelbeeren umh\u00fcllt sofort Ihre Zungenspitze, gefolgt vom s\u00fc\u00df-sauren Geschmack der roten Himbeeren, als ob ein L\u00f6ffel sorgf\u00e4ltig zubereiteter Marmelade auf ein weiches Butterbrot gestrichen w\u00fcrde. Es ist nicht nur eine elektronische Zigarette, es ist eine romantische Begegnung mit dem Geschmack.<\/p><h3>Warum ist dieser Geschmack so besonders?<\/h3><ul><li>Die weiche S\u00fc\u00dfe der Heidelbeeren ist so reich und komplex wie der Rotwein aus Bordeaux und bringt ein Geschenk der Natur mit sich, das jeden Zug des Rauches voller Tiefe macht.<\/li><li>Das fruchtige, leicht s\u00e4uerliche Aroma der roten Himbeeren, ein Hauch der Seele franz\u00f6sischer Desserts, verleiht dem Gesamtgeschmack Vitalit\u00e4t und Leichtigkeit.<\/li><li>Die perfekte Mischung aus beiden schafft ein warmes, aber erfrischendes Geschmackserlebnis, das unwiderstehlich ist.<\/li><\/ul><h3>Eine Kombination aus Technologie und franz\u00f6sischer Eleganz<\/h3><p>Nat\u00fcrlich bietet die JNR Falcon 16000 weit mehr als nur ihren unglaublichen Geschmack. Seine Dual Mesh Coil Technologie garantiert vollen, wohlschmeckenden Rauch bei jedem Zug, w\u00e4hrend das einstellbare Luftstromsystem Ihnen die Wahl zwischen einem reichhaltigen oder leichten Dampferlebnis l\u00e4sst. Gepaart mit einem wiederaufladbaren 850-mAh-Akku und doppelten Type-C- und Lightning-Ladeanschl\u00fcssen entspricht diese E-Zigarette dem klassischen Design, das die Franzosen so lieben - elegant, ohne Kompromisse bei der Praktikabilit\u00e4t einzugehen.<\/p>\t\t\t\t\t\t\t\t<\/div>\n\t\t\t\t<\/div>\n\t\t\t\t\t<\/div>\n\t\t\t\t<\/div>\n\t\t\t\t<\/div>","protected":false},"excerpt":{"rendered":"<p>Cigarette \u00e9lectronique jetable JNR Falcon 16000 Myrtille Rouge Framboise S&rsquo;il y a une chose que les Fran\u00e7ais savent, c&rsquo;est profiter de la vie. La saveur Myrtille Rouge Framboise du JNR Falcon 16000 est l&rsquo;interpr\u00e9tation parfaite de cette philosophie &#8211; chaque bouff\u00e9e de fum\u00e9e est comme voler une demi-journ\u00e9e de loisirs dans les vergers de Provence, [&hellip;]<\/p>\n","protected":false},"featured_media":1578,"comment_status":"open","ping_status":"closed","template":"","meta":{"site-sidebar-layout":"no-sidebar","site-content-layout":"page-builder","ast-site-content-layout":"normal-width-container","site-content-style":"default","site-sidebar-style":"default","ast-global-header-display":"","ast-banner-title-visibility":"","ast-main-header-display":"","ast-hfb-above-header-display":"","ast-hfb-below-header-display":"","ast-hfb-mobile-header-display":"","site-post-title":"disabled","ast-breadcrumbs-content":"","ast-featured-img":"disabled","footer-sml-layout":"","ast-disable-related-posts":"","theme-transparent-header-meta":"default","adv-header-id-meta":"","stick-header-meta":"default","header-above-stick-meta":"","header-main-stick-meta":"","header-below-stick-meta":"","astra-migrate-meta-layouts":"set","ast-page-background-enabled":"default","ast-page-background-meta":{"desktop":{"background-color":"","background-image":"","background-repeat":"repeat","background-position":"center center","background-size":"auto","background-attachment":"scroll","background-type":"","background-media":"","overlay-type":"","overlay-color":"","overlay-opacity":"","overlay-gradient":""},"tablet":{"background-color":"","background-image":"","background-repeat":"repeat","background-position":"center center","background-size":"auto","background-attachment":"scroll","background-type":"","background-media":"","overlay-type":"","overlay-color":"","overlay-opacity":"","overlay-gradient":""},"mobile":{"background-color":"","background-image":"","background-repeat":"repeat","background-position":"center center","background-size":"auto","background-attachment":"scroll","background-type":"","background-media":"","overlay-type":"","overlay-color":"","overlay-opacity":"","overlay-gradient":""}},"ast-content-background-meta":{"desktop":{"background-color":"var(--ast-global-color-5)","background-image":"","background-repeat":"repeat","background-position":"center center","background-size":"auto","background-attachment":"scroll","background-type":"","background-media":"","overlay-type":"","overlay-color":"","overlay-opacity":"","overlay-gradient":""},"tablet":{"background-color":"var(--ast-global-color-5)","background-image":"","background-repeat":"repeat","background-position":"center center","background-size":"auto","background-attachment":"scroll","background-type":"","background-media":"","overlay-type":"","overlay-color":"","overlay-opacity":"","overlay-gradient":""},"mobile":{"background-color":"var(--ast-global-color-5)","background-image":"","background-repeat":"repeat","background-position":"center center","background-size":"auto","background-attachment":"scroll","background-type":"","background-media":"","overlay-type":"","overlay-color":"","overlay-opacity":"","overlay-gradient":""}}},"product_brand":[30],"product_cat":[15,81,77,34,36,31],"product_tag":[],"class_list":{"0":"post-1686","1":"product","2":"type-product","3":"status-publish","4":"has-post-thumbnail","6":"product_brand-jnr","7":"product_cat-magasin-cigarette-electronique","8":"product_cat-puff-16k","9":"product_cat-entrepot-de-lue","10":"product_cat-puff-jnr","11":"product_cat-jnr-16k","12":"product_cat-jnr-falcon","13":"desktop-align-center","14":"tablet-align-center","15":"mobile-align-center","16":"ast-product-gallery-layout-horizontal","17":"ast-product-gallery-with-no-image","18":"ast-product-single-variable","19":"ast-product-tabs-layout-horizontal","20":"ast-qv-on-image","22":"first","23":"instock","24":"sale","25":"shipping-taxable","26":"purchasable","27":"product-type-variable","28":"has-default-attributes"},"tiered_pricing_type":"fixed","tiered_pricing_fixed_rules":{"30":9.88,"60":9.26,"100":8.06,"200":7.38,"500":6.98,"1000":6.8},"tiered_pricing_product_settings":{"layout":"default","base_unit_name":{"singular":null,"plural":null},"default_variation":null},"tiered_pricing_minimum_quantity":null,"tiered_pricing_roles_data":[],"tiered_pricing_percentage_rules":[],"_links":{"self":[{"href":"https:\/\/puffvapestore.com\/de\/wp-json\/wp\/v2\/product\/1686","targetHints":{"allow":["GET"]}}],"collection":[{"href":"https:\/\/puffvapestore.com\/de\/wp-json\/wp\/v2\/product"}],"about":[{"href":"https:\/\/puffvapestore.com\/de\/wp-json\/wp\/v2\/types\/product"}],"replies":[{"embeddable":true,"href":"https:\/\/puffvapestore.com\/de\/wp-json\/wp\/v2\/comments?post=1686"}],"version-history":[{"count":18,"href":"https:\/\/puffvapestore.com\/de\/wp-json\/wp\/v2\/product\/1686\/revisions"}],"predecessor-version":[{"id":17751,"href":"https:\/\/puffvapestore.com\/de\/wp-json\/wp\/v2\/product\/1686\/revisions\/17751"}],"wp:featuredmedia":[{"embeddable":true,"href":"https:\/\/puffvapestore.com\/de\/wp-json\/wp\/v2\/media\/1578"}],"wp:attachment":[{"href":"https:\/\/puffvapestore.com\/de\/wp-json\/wp\/v2\/media?parent=1686"}],"wp:term":[{"taxonomy":"product_brand","embeddable":true,"href":"https:\/\/puffvapestore.com\/de\/wp-json\/wp\/v2\/product_brand?post=1686"},{"taxonomy":"product_cat","embeddable":true,"href":"https:\/\/puffvapestore.com\/de\/wp-json\/wp\/v2\/product_cat?post=1686"},{"taxonomy":"product_tag","embeddable":true,"href":"https:\/\/puffvapestore.com\/de\/wp-json\/wp\/v2\/product_tag?post=1686"}],"curies":[{"name":"wp","href":"https:\/\/api.w.org\/{rel}","templated":true}]}}