{"id":1680,"date":"2025-03-22T17:35:11","date_gmt":"2025-03-22T17:35:11","guid":{"rendered":"https:\/\/puffvapestore.com\/?post_type=product&#038;p=1680"},"modified":"2026-04-20T11:07:58","modified_gmt":"2026-04-20T11:07:58","slug":"puff-jnr-falcon-16000-blueberry-pomegranate-ice","status":"publish","type":"product","link":"https:\/\/puffvapestore.com\/de\/product\/puff-jnr-falcon-16000-blueberry-pomegranate-ice\/","title":{"rendered":"Puff JNR Falcon 16000 Blueberry Pomegranate Ice"},"content":{"rendered":"<div data-elementor-type=\"wp-post\" data-elementor-id=\"1680\" class=\"elementor elementor-1680\">\n\t\t\t\t<div class=\"elementor-element elementor-element-824a998 e-flex e-con-boxed e-con e-parent\" data-id=\"824a998\" data-element_type=\"container\" data-e-type=\"container\">\n\t\t\t\t\t<div class=\"e-con-inner\">\n\t\t\t\t<div class=\"elementor-element elementor-element-55fd5fa elementor-widget elementor-widget-text-editor\" data-id=\"55fd5fa\" data-element_type=\"widget\" data-e-type=\"widget\" data-widget_type=\"text-editor.default\">\n\t\t\t\t<div class=\"elementor-widget-container\">\n\t\t\t\t\t\t\t\t\t<h2>Puff JNR Falcon 16000 Eis Heidelbeere Granatapfel<\/h2><p>Stellen Sie sich vor, Sie sitzen in einem kleinen, versteckten Caf\u00e9 in Paris, vor dem Fenster flie\u00dft langsam die Seine vorbei, Sie haben ein Glas frisch gemixten Rotwein in der Hand und das leichte Aroma von Heidelbeeren und Granat\u00e4pfeln liegt in der Luft. Das ist keine Phantasie, sondern ein echtes Erlebnis, das durch den Geschmack gebracht wird <strong>Ice Blueberry Pomegranate aus JNR Falcon 16000<\/strong>.<\/p><h3>Ein Hauch von Rauch auf franz\u00f6sische Art<\/h3><p>Die Franzosen haben es schon immer verstanden, das Leben zu genie\u00dfen, und der Geschmack dieser E-Zigarette ist eine Hommage an diese Einstellung zum Leben. Das fruchtig-s\u00fc\u00dfe Aroma der Heidelbeeren erinnert an eine provenzalische Sommerbrise, w\u00e4hrend der leicht s\u00e4uerliche Geschmack des Granatapfels einen Hauch von verspielter franz\u00f6sischer Eleganz verleiht. Der Hauch von Frische schlie\u00dflich verwandelt das Erlebnis in einen perfekten, erfrischenden und lang anhaltenden Cocktail.<\/p>\t\t\t\t\t\t\t\t<\/div>\n\t\t\t\t<\/div>\n\t\t\t\t\t<\/div>\n\t\t\t\t<\/div>\n\t\t<div class=\"elementor-element elementor-element-942ccb0 e-flex e-con-boxed e-con e-parent\" data-id=\"942ccb0\" data-element_type=\"container\" data-e-type=\"container\">\n\t\t\t\t\t<div class=\"e-con-inner\">\n\t\t<div class=\"elementor-element elementor-element-577deeb e-con-full e-flex e-con e-child\" data-id=\"577deeb\" data-element_type=\"container\" data-e-type=\"container\">\n\t\t\t\t<div class=\"elementor-element elementor-element-5d167cf elementor-widget elementor-widget-text-editor\" data-id=\"5d167cf\" data-element_type=\"widget\" data-e-type=\"widget\" data-widget_type=\"text-editor.default\">\n\t\t\t\t<div class=\"elementor-widget-container\">\n\t\t\t\t\t\t\t\t\t<h2>Infos \u00fcber JNR Falcon 16000 Blueberry Pomegranate Ice<\/h2><p>Z\u00fcge : Bis zu 16000 Z\u00fcge<br \/>Fl\u00fcssigkeit: 22 ml<br \/>Nikotinst\u00e4rke: 0 %, 2 %, 5 %<br \/>Widerstand: 1,0 Ohm<br \/>Akkukapazit\u00e4t: 850 mAh<br \/>Aufladen: Type-C<br \/>Doppelter Maschen- und Doppelkernwiderstand<br \/>Ma\u00dfe: 53,5 x 32 x 110 mm<\/p>\t\t\t\t\t\t\t\t<\/div>\n\t\t\t\t<\/div>\n\t\t\t\t<\/div>\n\t\t<div class=\"elementor-element elementor-element-d5e4b56 e-con-full e-flex e-con e-child\" data-id=\"d5e4b56\" data-element_type=\"container\" data-e-type=\"container\">\n\t\t\t\t<div class=\"elementor-element elementor-element-381dfcb elementor-widget elementor-widget-image-gallery\" data-id=\"381dfcb\" data-element_type=\"widget\" data-e-type=\"widget\" data-widget_type=\"image-gallery.default\">\n\t\t\t\t<div class=\"elementor-widget-container\">\n\t\t\t\t\t\t\t<div class=\"elementor-image-gallery\">\n\t\t\t<div id='gallery-1' class='gallery galleryid-1680 gallery-columns-1 gallery-size-medium_large'><figure class='gallery-item'>\n\t\t\t<div class='gallery-icon portrait'>\n\t\t\t\t<img fetchpriority=\"high\" decoding=\"async\" width=\"654\" height=\"690\" src=\"https:\/\/puffvapestore.com\/wp-content\/uploads\/2025\/03\/pvajf16000-7.jpg\" class=\"attachment-medium_large size-medium_large\" alt=\"JNR Falcon 16K Blueberry Pomegranate Ice\" aria-describedby=\"gallery-1-1554\" srcset=\"https:\/\/puffvapestore.com\/wp-content\/uploads\/2025\/03\/pvajf16000-7.jpg 654w, https:\/\/puffvapestore.com\/wp-content\/uploads\/2025\/03\/pvajf16000-7-284x300.jpg 284w, https:\/\/puffvapestore.com\/wp-content\/uploads\/2025\/03\/pvajf16000-7-600x633.jpg 600w\" sizes=\"(max-width: 654px) 100vw, 654px\" \/>\n\t\t\t<\/div>\n\t\t\t\t<figcaption class='wp-caption-text gallery-caption' id='gallery-1-1554'>\n\t\t\t\tJNR Falcon 16K Blueberry Pomegranate Ice\n\t\t\t\t<\/figcaption><\/figure>\n\t\t<\/div>\n\t\t<\/div>\n\t\t\t\t\t\t<\/div>\n\t\t\t\t<\/div>\n\t\t\t\t<\/div>\n\t\t\t\t\t<\/div>\n\t\t\t\t<\/div>\n\t\t<div class=\"elementor-element elementor-element-7926c6b e-flex e-con-boxed e-con e-parent\" data-id=\"7926c6b\" data-element_type=\"container\" data-e-type=\"container\">\n\t\t\t\t\t<div class=\"e-con-inner\">\n\t\t\t\t<div class=\"elementor-element elementor-element-2b41948 elementor-widget elementor-widget-text-editor\" data-id=\"2b41948\" data-element_type=\"widget\" data-e-type=\"widget\" data-widget_type=\"text-editor.default\">\n\t\t\t\t<div class=\"elementor-widget-container\">\n\t\t\t\t\t\t\t\t\t<h3>F\u00fcr wen ist Puff JNR Falcon 16000 Blueberry Pomegranate Ice geeignet?<\/h3><p>Diese Eissorte mit Heidelbeere und Granatapfel ist perfekt f\u00fcr alle, die gerne die kleinen Dinge des Lebens finden. Es ist die Verk\u00f6rperung des Pariser Boh\u00e8me-Stils, ein Hauch von Frische unter der Sonne S\u00fcdfrankreichs und der letzte Schliff f\u00fcr Mitternachtspartys.<\/p><ul><li><strong>Literarische Jugend?<\/strong> Wenn Sie Gedichte schreiben und dabei in einem Caf\u00e9 rauchen, kann der Geruch sicherlich die Inspiration anregen.<\/li><li><strong>Verliebt in das Nachtleben?<\/strong> In den feuchten Stra\u00dfen macht ein Zug an einer Eiszigarette mit Heidelbeer- und Granatapfelgeschmack die Nacht reizvoller.<\/li><li><strong>Puff JNR Falcon 16000 ?<\/strong> Der komplexe fruchtige Geschmack reicht aus, um ihn mit Bedacht zu genie\u00dfen, anstatt nur eine langweilige S\u00fc\u00dfe zu schmecken.<\/li><\/ul><h3>Puff JNR Falcon 16000 Blueberry Pomegranate Ice - Machen Sie das Dampfen zu einem Lebensstil<\/h3><p>Die Franzosen wissen, dass die Sch\u00f6nheit des Lebens in den Details liegt, und diese JNR Falcon 16000 mit dem Geschmack von Heidelbeer-Granatapfel-Eis ist die \"Gourmet\"-Wahl in der Welt der E-Zigaretten. Sie ist nicht nur ein Ersatz f\u00fcr Nikotin, sondern auch eine elegante und anspruchsvolle Einstellung zum Leben.<\/p><p>Wenn Sie also das n\u00e4chste Mal an der Seine spazieren gehen oder in einem Bistro auf dem Montmartre etwas trinken, nehmen Sie eine JNR Falcon 16000 mit und lassen Sie das Aroma von Heidelbeeren und Granat\u00e4pfeln Teil Ihres franz\u00f6sischen Lebens werden.<\/p>\t\t\t\t\t\t\t\t<\/div>\n\t\t\t\t<\/div>\n\t\t\t\t\t<\/div>\n\t\t\t\t<\/div>\n\t\t\t\t<\/div>","protected":false},"excerpt":{"rendered":"<p>Puff JNR Falcon 16000 Glace Myrtille Grenade Imaginez que vous \u00eates assis dans un petit caf\u00e9 cach\u00e9 \u00e0 Paris, avec la Seine qui coule lentement \u00e0 l&rsquo;ext\u00e9rieur de la fen\u00eatre, un verre de vin rouge fra\u00eechement m\u00e9lang\u00e9 \u00e0 la main et le l\u00e9ger ar\u00f4me de myrtilles et de grenades flottant dans l&rsquo;air. Ce n\u2019est pas [&hellip;]<\/p>\n","protected":false},"featured_media":1554,"comment_status":"open","ping_status":"closed","template":"","meta":{"site-sidebar-layout":"no-sidebar","site-content-layout":"page-builder","ast-site-content-layout":"normal-width-container","site-content-style":"default","site-sidebar-style":"default","ast-global-header-display":"","ast-banner-title-visibility":"","ast-main-header-display":"","ast-hfb-above-header-display":"","ast-hfb-below-header-display":"","ast-hfb-mobile-header-display":"","site-post-title":"disabled","ast-breadcrumbs-content":"","ast-featured-img":"disabled","footer-sml-layout":"","ast-disable-related-posts":"","theme-transparent-header-meta":"default","adv-header-id-meta":"","stick-header-meta":"default","header-above-stick-meta":"","header-main-stick-meta":"","header-below-stick-meta":"","astra-migrate-meta-layouts":"set","ast-page-background-enabled":"default","ast-page-background-meta":{"desktop":{"background-color":"","background-image":"","background-repeat":"repeat","background-position":"center center","background-size":"auto","background-attachment":"scroll","background-type":"","background-media":"","overlay-type":"","overlay-color":"","overlay-opacity":"","overlay-gradient":""},"tablet":{"background-color":"","background-image":"","background-repeat":"repeat","background-position":"center center","background-size":"auto","background-attachment":"scroll","background-type":"","background-media":"","overlay-type":"","overlay-color":"","overlay-opacity":"","overlay-gradient":""},"mobile":{"background-color":"","background-image":"","background-repeat":"repeat","background-position":"center center","background-size":"auto","background-attachment":"scroll","background-type":"","background-media":"","overlay-type":"","overlay-color":"","overlay-opacity":"","overlay-gradient":""}},"ast-content-background-meta":{"desktop":{"background-color":"var(--ast-global-color-5)","background-image":"","background-repeat":"repeat","background-position":"center center","background-size":"auto","background-attachment":"scroll","background-type":"","background-media":"","overlay-type":"","overlay-color":"","overlay-opacity":"","overlay-gradient":""},"tablet":{"background-color":"var(--ast-global-color-5)","background-image":"","background-repeat":"repeat","background-position":"center center","background-size":"auto","background-attachment":"scroll","background-type":"","background-media":"","overlay-type":"","overlay-color":"","overlay-opacity":"","overlay-gradient":""},"mobile":{"background-color":"var(--ast-global-color-5)","background-image":"","background-repeat":"repeat","background-position":"center center","background-size":"auto","background-attachment":"scroll","background-type":"","background-media":"","overlay-type":"","overlay-color":"","overlay-opacity":"","overlay-gradient":""}}},"product_brand":[30],"product_cat":[15,81,77,34,35,36],"product_tag":[],"class_list":{"0":"post-1680","1":"product","2":"type-product","3":"status-publish","4":"has-post-thumbnail","6":"product_brand-jnr","7":"product_cat-magasin-cigarette-electronique","8":"product_cat-puff-16k","9":"product_cat-entrepot-de-lue","10":"product_cat-puff-jnr","11":"product_cat-jnr-vape","12":"product_cat-jnr-16k","13":"desktop-align-center","14":"tablet-align-center","15":"mobile-align-center","16":"ast-product-gallery-layout-horizontal","17":"ast-product-gallery-with-no-image","18":"ast-product-single-variable","19":"ast-product-tabs-layout-horizontal","20":"ast-qv-on-image","22":"first","23":"instock","24":"sale","25":"shipping-taxable","26":"purchasable","27":"product-type-variable","28":"has-default-attributes"},"tiered_pricing_type":"fixed","tiered_pricing_fixed_rules":{"30":9.88,"60":9.26,"100":8.06,"200":7.38,"500":6.98,"1000":6.8},"tiered_pricing_product_settings":{"layout":"default","base_unit_name":{"singular":null,"plural":null},"default_variation":null},"tiered_pricing_minimum_quantity":null,"tiered_pricing_roles_data":[],"tiered_pricing_percentage_rules":[],"_links":{"self":[{"href":"https:\/\/puffvapestore.com\/de\/wp-json\/wp\/v2\/product\/1680","targetHints":{"allow":["GET"]}}],"collection":[{"href":"https:\/\/puffvapestore.com\/de\/wp-json\/wp\/v2\/product"}],"about":[{"href":"https:\/\/puffvapestore.com\/de\/wp-json\/wp\/v2\/types\/product"}],"replies":[{"embeddable":true,"href":"https:\/\/puffvapestore.com\/de\/wp-json\/wp\/v2\/comments?post=1680"}],"version-history":[{"count":18,"href":"https:\/\/puffvapestore.com\/de\/wp-json\/wp\/v2\/product\/1680\/revisions"}],"predecessor-version":[{"id":17755,"href":"https:\/\/puffvapestore.com\/de\/wp-json\/wp\/v2\/product\/1680\/revisions\/17755"}],"wp:featuredmedia":[{"embeddable":true,"href":"https:\/\/puffvapestore.com\/de\/wp-json\/wp\/v2\/media\/1554"}],"wp:attachment":[{"href":"https:\/\/puffvapestore.com\/de\/wp-json\/wp\/v2\/media?parent=1680"}],"wp:term":[{"taxonomy":"product_brand","embeddable":true,"href":"https:\/\/puffvapestore.com\/de\/wp-json\/wp\/v2\/product_brand?post=1680"},{"taxonomy":"product_cat","embeddable":true,"href":"https:\/\/puffvapestore.com\/de\/wp-json\/wp\/v2\/product_cat?post=1680"},{"taxonomy":"product_tag","embeddable":true,"href":"https:\/\/puffvapestore.com\/de\/wp-json\/wp\/v2\/product_tag?post=1680"}],"curies":[{"name":"wp","href":"https:\/\/api.w.org\/{rel}","templated":true}]}}