{"id":1668,"date":"2025-03-22T06:18:18","date_gmt":"2025-03-22T06:18:18","guid":{"rendered":"https:\/\/puffvapestore.com\/?post_type=product&#038;p=1668"},"modified":"2026-04-20T11:08:22","modified_gmt":"2026-04-20T11:08:22","slug":"jnr-falcon-vape-16000-blackberry-red-raspberry","status":"publish","type":"product","link":"https:\/\/puffvapestore.com\/de\/product\/jnr-falcon-vape-16000-blackberry-red-raspberry\/","title":{"rendered":"JNR Falcon Vape 16000 Blackberry Red Raspberry"},"content":{"rendered":"<div data-elementor-type=\"wp-post\" data-elementor-id=\"1668\" class=\"elementor elementor-1668\">\n\t\t\t\t<div class=\"elementor-element elementor-element-824a998 e-flex e-con-boxed e-con e-parent\" data-id=\"824a998\" data-element_type=\"container\" data-e-type=\"container\">\n\t\t\t\t\t<div class=\"e-con-inner\">\n\t\t\t\t<div class=\"elementor-element elementor-element-55fd5fa elementor-widget elementor-widget-text-editor\" data-id=\"55fd5fa\" data-element_type=\"widget\" data-e-type=\"widget\" data-widget_type=\"text-editor.default\">\n\t\t\t\t<div class=\"elementor-widget-container\">\n\t\t\t\t\t\t\t\t\t<h2>JNR Falcon Vape 16000 Brombeere Rot Himbeere<\/h2><p>In Frankreich ist Kochen nicht nur ein Geschmackserlebnis, sondern auch eine Kunst. Wenn die tiefe S\u00fc\u00dfe der Brombeeren auf die subtile S\u00e4ure der roten Himbeeren trifft, beginnt eine romantische Begegnung der Geschm\u00e4cker. Diese <strong>Geschmack der elektronischen Zigarette Brombeere Rot Himbeere<\/strong> ist wie eine Reise durch die Obstplantagen auf dem franz\u00f6sischen Land. Mit jedem Zug am Rauch k\u00f6nnen die Menschen das nat\u00fcrliche, reife Aroma der Fr\u00fcchte genie\u00dfen.<\/p><h3>Brombeere und rote Himbeere, eine Symphonie franz\u00f6sischer Aromen<\/h3><p>Stellen Sie sich vor, Sie gehen fr\u00fchmorgens durch die Obstg\u00e4rten der Provence, die Luft erf\u00fcllt vom Aroma frisch gepfl\u00fcckter Brombeeren und roter Himbeeren. Die Brombeeren sorgen f\u00fcr eine leicht wilde S\u00fc\u00dfe, wie eine weiche, dicke und tiefe Beerenkonfit\u00fcre. Die roten Himbeeren f\u00fcgen einen verspielt s\u00e4uerlichen Geschmack hinzu und machen den Gesamtgeschmack ausgewogener, weder zu s\u00fc\u00df noch verlieren sie das fruchtige Aroma in Schichten.<\/p><p>Es ist nicht nur ein Vorgeschmack, sondern ein Erlebnis - als w\u00fcrde man in einem kleinen Caf\u00e9 am linken Ufer von Paris einen speziellen Cocktail mit Beerengeschmack bestellen und die darin enthaltenen Schichten der Mischung genie\u00dfen, w\u00e4hrend man melodischer Jazzmusik lauscht.<\/p>\t\t\t\t\t\t\t\t<\/div>\n\t\t\t\t<\/div>\n\t\t\t\t\t<\/div>\n\t\t\t\t<\/div>\n\t\t<div class=\"elementor-element elementor-element-942ccb0 e-flex e-con-boxed e-con e-parent\" data-id=\"942ccb0\" data-element_type=\"container\" data-e-type=\"container\">\n\t\t\t\t\t<div class=\"e-con-inner\">\n\t\t<div class=\"elementor-element elementor-element-577deeb e-con-full e-flex e-con e-child\" data-id=\"577deeb\" data-element_type=\"container\" data-e-type=\"container\">\n\t\t\t\t<div class=\"elementor-element elementor-element-5d167cf elementor-widget elementor-widget-text-editor\" data-id=\"5d167cf\" data-element_type=\"widget\" data-e-type=\"widget\" data-widget_type=\"text-editor.default\">\n\t\t\t\t<div class=\"elementor-widget-container\">\n\t\t\t\t\t\t\t\t\t<h2>Infos \u00fcber JNR Falcon 16000 Blackberry Red Raspberry<\/h2><p>Z\u00fcge : Bis zu 16000 Z\u00fcge<br \/>Fl\u00fcssigkeit: 22 ml<br \/>Nikotinst\u00e4rke: 0 %, 2 %, 5 %<br \/>Widerstand: 1,0 Ohm<br \/>Akkukapazit\u00e4t: 850 mAh<br \/>Aufladen: Type-C<br \/>Doppelter Maschen- und Doppelkernwiderstand<br \/>Ma\u00dfe: 53,5 x 32 x 110 mm<\/p>\t\t\t\t\t\t\t\t<\/div>\n\t\t\t\t<\/div>\n\t\t\t\t<\/div>\n\t\t<div class=\"elementor-element elementor-element-d5e4b56 e-con-full e-flex e-con e-child\" data-id=\"d5e4b56\" data-element_type=\"container\" data-e-type=\"container\">\n\t\t\t\t<div class=\"elementor-element elementor-element-381dfcb elementor-widget elementor-widget-image-gallery\" data-id=\"381dfcb\" data-element_type=\"widget\" data-e-type=\"widget\" data-widget_type=\"image-gallery.default\">\n\t\t\t\t<div class=\"elementor-widget-container\">\n\t\t\t\t\t\t\t<div class=\"elementor-image-gallery\">\n\t\t\t<div id='gallery-1' class='gallery galleryid-1668 gallery-columns-1 gallery-size-medium_large'><figure class='gallery-item'>\n\t\t\t<div class='gallery-icon portrait'>\n\t\t\t\t<img fetchpriority=\"high\" decoding=\"async\" width=\"654\" height=\"690\" src=\"https:\/\/puffvapestore.com\/wp-content\/uploads\/2025\/03\/pvajf16000-13.jpg\" class=\"attachment-medium_large size-medium_large\" alt=\"JNR Falcon 16K Blackberry Red Raspberry\" aria-describedby=\"gallery-1-1560\" srcset=\"https:\/\/puffvapestore.com\/wp-content\/uploads\/2025\/03\/pvajf16000-13.jpg 654w, https:\/\/puffvapestore.com\/wp-content\/uploads\/2025\/03\/pvajf16000-13-284x300.jpg 284w, https:\/\/puffvapestore.com\/wp-content\/uploads\/2025\/03\/pvajf16000-13-600x633.jpg 600w\" sizes=\"(max-width: 654px) 100vw, 654px\" \/>\n\t\t\t<\/div>\n\t\t\t\t<figcaption class='wp-caption-text gallery-caption' id='gallery-1-1560'>\n\t\t\t\tJNR Falcon 16K Blackberry Red Raspberry\n\t\t\t\t<\/figcaption><\/figure>\n\t\t<\/div>\n\t\t<\/div>\n\t\t\t\t\t\t<\/div>\n\t\t\t\t<\/div>\n\t\t\t\t<\/div>\n\t\t\t\t\t<\/div>\n\t\t\t\t<\/div>\n\t\t<div class=\"elementor-element elementor-element-7926c6b e-flex e-con-boxed e-con e-parent\" data-id=\"7926c6b\" data-element_type=\"container\" data-e-type=\"container\">\n\t\t\t\t\t<div class=\"e-con-inner\">\n\t\t\t\t<div class=\"elementor-element elementor-element-2b41948 elementor-widget elementor-widget-text-editor\" data-id=\"2b41948\" data-element_type=\"widget\" data-e-type=\"widget\" data-widget_type=\"text-editor.default\">\n\t\t\t\t<div class=\"elementor-widget-container\">\n\t\t\t\t\t\t\t\t\t<h3>JNR Falcon Vape 16000 Blackberry Red Raspberry - l\u00e4nger anhaltender Geschmack, mehr Genuss<\/h3><p>Nat\u00fcrlich muss eine k\u00f6stliche Erfahrung nicht durch Zeit begrenzt werden. Mit JNR Falcon 16000 k\u00f6nnen Sie den exquisiten Geschmack dieser roten Frucht 16000 Z\u00fcge lang genie\u00dfen, und jede Inhalation ist ein franz\u00f6sischer Besuch f\u00fcr Ihre Geschmacksknospen.<\/p><ul><li>Mit einem gro\u00dfen Fassungsverm\u00f6gen von 22 ml m\u00fcssen Sie ihn nicht h\u00e4ufig wechseln und k\u00f6nnen voll und ganz in den Duft der Beeren eintauchen.<\/li><li>Die Doppelmaschen-Spulentechnologie bildet den feinen Geschmack von Brombeeren und roten Himbeeren genau nach, und jeder Zug am Rauch ist so frisch wie frisch gepfl\u00fcckte Fr\u00fcchte.<\/li><li>Wiederaufladbares Design (850-mAh-Akku, Type-C- und Lightning-kompatibel), damit Sie jederzeit und \u00fcberall ununterbrochen genie\u00dfen und in dieses Fest der franz\u00f6sischen Beeren eintauchen k\u00f6nnen.<\/li><li>Der Luftstrom ist einstellbar. Ob Sie einen reichen, vollen Rauch oder einen leichten, milden Geschmack m\u00f6gen, Sie k\u00f6nnen ihn frei steuern.<\/li><li>Das handgefertigte Design aus Kristall ist nicht nur eine elektronische Zigarette, sondern auch ein Symbol f\u00fcr Geschmack, das perfekt zum eleganten franz\u00f6sischen Stil passt.<\/li><\/ul><h3>Warum Blackberry Red Raspberry?<\/h3><p>In Frankreich ist die Freude am Geschmack eine Lebensphilosophie. <strong>Wenn Sie Blackberry Red Raspberr w\u00e4hlen<\/strong>y w\u00e4hlen Sie ein anspruchsvolles Dampferlebnis mit einem franz\u00f6sischen Touch. Es handelt sich nicht nur um einen einfachen E-Zigaretten-Geschmack, sondern um eine geschmackliche Erkundung von Aromen reifer Fr\u00fcchte, eleganten Schichten und einem langen Nachgeschmack.<\/p><p>Ob Sie sich am Ufer der Seine in der Nachmittagssonne oder auf den Champs-Elys\u00e9es mit ihren blinkenden Neonlichtern in der Nacht befinden, dieser Beerengeschmack wird zum exquisitesten Begleiter in Ihren H\u00e4nden und macht jede Inhalation zu einer geschmacklichen Reise.<\/p>\t\t\t\t\t\t\t\t<\/div>\n\t\t\t\t<\/div>\n\t\t\t\t\t<\/div>\n\t\t\t\t<\/div>\n\t\t\t\t<\/div>","protected":false},"excerpt":{"rendered":"<p>JNR Falcon Vape 16000 M\u00fbre Rouge Framboise En France, la cuisine n\u2019est pas seulement un plaisir gustatif, mais aussi un art. Lorsque la douceur profonde des m\u00fbres rencontre l&rsquo;acidit\u00e9 subtile des framboises rouges, une rencontre romantique de saveurs commence. Cette saveur de cigarette \u00e9lectronique M\u00fbre Rouge Framboise est comme un voyage \u00e0 travers les vergers [&hellip;]<\/p>\n","protected":false},"featured_media":1560,"comment_status":"open","ping_status":"closed","template":"","meta":{"site-sidebar-layout":"no-sidebar","site-content-layout":"page-builder","ast-site-content-layout":"normal-width-container","site-content-style":"default","site-sidebar-style":"default","ast-global-header-display":"","ast-banner-title-visibility":"","ast-main-header-display":"","ast-hfb-above-header-display":"","ast-hfb-below-header-display":"","ast-hfb-mobile-header-display":"","site-post-title":"disabled","ast-breadcrumbs-content":"","ast-featured-img":"disabled","footer-sml-layout":"","ast-disable-related-posts":"","theme-transparent-header-meta":"default","adv-header-id-meta":"","stick-header-meta":"default","header-above-stick-meta":"","header-main-stick-meta":"","header-below-stick-meta":"","astra-migrate-meta-layouts":"set","ast-page-background-enabled":"default","ast-page-background-meta":{"desktop":{"background-color":"","background-image":"","background-repeat":"repeat","background-position":"center center","background-size":"auto","background-attachment":"scroll","background-type":"","background-media":"","overlay-type":"","overlay-color":"","overlay-opacity":"","overlay-gradient":""},"tablet":{"background-color":"","background-image":"","background-repeat":"repeat","background-position":"center center","background-size":"auto","background-attachment":"scroll","background-type":"","background-media":"","overlay-type":"","overlay-color":"","overlay-opacity":"","overlay-gradient":""},"mobile":{"background-color":"","background-image":"","background-repeat":"repeat","background-position":"center center","background-size":"auto","background-attachment":"scroll","background-type":"","background-media":"","overlay-type":"","overlay-color":"","overlay-opacity":"","overlay-gradient":""}},"ast-content-background-meta":{"desktop":{"background-color":"var(--ast-global-color-5)","background-image":"","background-repeat":"repeat","background-position":"center center","background-size":"auto","background-attachment":"scroll","background-type":"","background-media":"","overlay-type":"","overlay-color":"","overlay-opacity":"","overlay-gradient":""},"tablet":{"background-color":"var(--ast-global-color-5)","background-image":"","background-repeat":"repeat","background-position":"center center","background-size":"auto","background-attachment":"scroll","background-type":"","background-media":"","overlay-type":"","overlay-color":"","overlay-opacity":"","overlay-gradient":""},"mobile":{"background-color":"var(--ast-global-color-5)","background-image":"","background-repeat":"repeat","background-position":"center center","background-size":"auto","background-attachment":"scroll","background-type":"","background-media":"","overlay-type":"","overlay-color":"","overlay-opacity":"","overlay-gradient":""}}},"product_brand":[30],"product_cat":[15,81,77,34,35,36,31,32],"product_tag":[],"class_list":{"0":"post-1668","1":"product","2":"type-product","3":"status-publish","4":"has-post-thumbnail","6":"product_brand-jnr","7":"product_cat-magasin-cigarette-electronique","8":"product_cat-puff-16k","9":"product_cat-entrepot-de-lue","10":"product_cat-puff-jnr","11":"product_cat-jnr-vape","12":"product_cat-jnr-16k","13":"product_cat-jnr-falcon","14":"product_cat-puff-jnr-16k","15":"desktop-align-center","16":"tablet-align-center","17":"mobile-align-center","18":"ast-product-gallery-layout-horizontal","19":"ast-product-gallery-with-no-image","20":"ast-product-single-variable","21":"ast-product-tabs-layout-horizontal","22":"ast-qv-on-image","24":"first","25":"instock","26":"sale","27":"shipping-taxable","28":"purchasable","29":"product-type-variable","30":"has-default-attributes"},"tiered_pricing_type":"fixed","tiered_pricing_fixed_rules":{"30":9.88,"60":9.26,"100":8.06,"200":7.38,"500":6.98,"1000":6.8},"tiered_pricing_product_settings":{"layout":"default","base_unit_name":{"singular":null,"plural":null},"default_variation":null},"tiered_pricing_minimum_quantity":null,"tiered_pricing_roles_data":[],"tiered_pricing_percentage_rules":[],"_links":{"self":[{"href":"https:\/\/puffvapestore.com\/de\/wp-json\/wp\/v2\/product\/1668","targetHints":{"allow":["GET"]}}],"collection":[{"href":"https:\/\/puffvapestore.com\/de\/wp-json\/wp\/v2\/product"}],"about":[{"href":"https:\/\/puffvapestore.com\/de\/wp-json\/wp\/v2\/types\/product"}],"replies":[{"embeddable":true,"href":"https:\/\/puffvapestore.com\/de\/wp-json\/wp\/v2\/comments?post=1668"}],"version-history":[{"count":18,"href":"https:\/\/puffvapestore.com\/de\/wp-json\/wp\/v2\/product\/1668\/revisions"}],"predecessor-version":[{"id":17771,"href":"https:\/\/puffvapestore.com\/de\/wp-json\/wp\/v2\/product\/1668\/revisions\/17771"}],"wp:featuredmedia":[{"embeddable":true,"href":"https:\/\/puffvapestore.com\/de\/wp-json\/wp\/v2\/media\/1560"}],"wp:attachment":[{"href":"https:\/\/puffvapestore.com\/de\/wp-json\/wp\/v2\/media?parent=1668"}],"wp:term":[{"taxonomy":"product_brand","embeddable":true,"href":"https:\/\/puffvapestore.com\/de\/wp-json\/wp\/v2\/product_brand?post=1668"},{"taxonomy":"product_cat","embeddable":true,"href":"https:\/\/puffvapestore.com\/de\/wp-json\/wp\/v2\/product_cat?post=1668"},{"taxonomy":"product_tag","embeddable":true,"href":"https:\/\/puffvapestore.com\/de\/wp-json\/wp\/v2\/product_tag?post=1668"}],"curies":[{"name":"wp","href":"https:\/\/api.w.org\/{rel}","templated":true}]}}