{"id":3,"date":"2025-03-23T09:13:23","date_gmt":"2025-03-23T09:13:23","guid":{"rendered":"https:\/\/puffvapestore.com\/?page_id=3"},"modified":"2025-03-24T07:27:33","modified_gmt":"2025-03-24T07:27:33","slug":"politique-de-confidentialite","status":"publish","type":"page","link":"https:\/\/puffvapestore.com\/de\/datenschutzrichtlinie\/","title":{"rendered":"Datenschutzrichtlinie"},"content":{"rendered":"<div data-elementor-type=\"wp-page\" data-elementor-id=\"3\" class=\"elementor elementor-3\">\n\t\t\t\t<div class=\"elementor-element elementor-element-84991eb e-flex e-con-boxed e-con e-parent\" data-id=\"84991eb\" data-element_type=\"container\" data-e-type=\"container\">\n\t\t\t\t\t<div class=\"e-con-inner\">\n\t\t<div class=\"elementor-element elementor-element-9e8c2e3 e-con-full e-flex e-con e-child\" data-id=\"9e8c2e3\" data-element_type=\"container\" data-e-type=\"container\">\n\t\t\t\t<div class=\"elementor-element elementor-element-77c916f elementor-widget elementor-widget-text-editor\" data-id=\"77c916f\" data-element_type=\"widget\" data-e-type=\"widget\" data-widget_type=\"text-editor.default\">\n\t\t\t\t<div class=\"elementor-widget-container\">\n\t\t\t\t\t\t\t\t\t<h1>Datenschutzrichtlinie<\/h1><p>Diese Datenschutzrichtlinie erl\u00e4utert, wie wir (die \"Website\", \"wir\" oder \"unser\") Ihre personenbezogenen Daten sammeln, verwenden und offenlegen, wenn Sie unsere Website (die \"Website\") besuchen, unsere Dienste nutzen oder einen Kauf t\u00e4tigen oder auf andere Weise mit uns in Bezug auf die Website (zusammen die \"Dienste\") kommunizieren. Im Sinne dieser Datenschutzrichtlinie beziehen sich \"Sie\", \"Ihr\" und \"Ihre\" auf Sie als Nutzer der Dienste, unabh\u00e4ngig davon, ob Sie ein Kunde, ein Besucher der Website oder eine andere Person sind, deren Daten wir gem\u00e4\u00df dieser Datenschutzrichtlinie sammeln.<\/p><h2>Wie wir Ihre pers\u00f6nlichen Informationen sammeln und verwenden<\/h2><p>Um die Dienste bereitzustellen, sammeln wir Ihre pers\u00f6nlichen Informationen aus verschiedenen Quellen, wie unten beschrieben. Die Informationen, die wir sammeln und verwenden, h\u00e4ngen davon ab, wie Sie mit uns interagieren.<\/p><p>Zus\u00e4tzlich zu den unten aufgef\u00fchrten spezifischen Verwendungszwecken k\u00f6nnen wir die Informationen, die wir \u00fcber Sie sammeln, verwenden, um mit Ihnen zu kommunizieren, um die Dienste bereitzustellen oder zu verbessern, um alle anwendbaren rechtlichen Verpflichtungen einzuhalten, um die anwendbaren Dienstleistungsbedingungen durchzusetzen und um die Dienste, unsere Rechte und die Rechte unserer Nutzer oder anderer zu sch\u00fctzen oder zu verteidigen.<\/p><h2>Pers\u00f6nliche Informationen, die wir sammeln<\/h2><p>Die Art der personenbezogenen Daten, die wir \u00fcber Sie erhalten, h\u00e4ngt davon ab, wie Sie mit unserer Website interagieren und unsere Dienste nutzen. Wenn wir den Begriff \"pers\u00f6nliche Informationen\" verwenden, meinen wir damit Informationen, die Sie identifizieren, sich auf Sie beziehen, Sie beschreiben oder mit Ihnen in Verbindung gebracht werden k\u00f6nnen. Die folgenden Abschnitte beschreiben die spezifischen Kategorien und Arten von personenbezogenen Informationen, die wir sammeln.<\/p><h2>Informationen, die wir direkt von Ihnen sammeln<\/h2><p>Die Informationen, die Sie uns direkt \u00fcber unsere Dienste \u00fcbermitteln, k\u00f6nnen Folgendes umfassen:<\/p><p>Kontaktdaten, einschlie\u00dflich Ihres Namens, Ihrer Adresse, Telefonnummer und E-Mail-Adresse.<br \/>Zu den Bestellinformationen geh\u00f6ren Ihr Name, Ihre Rechnungsadresse, Ihre Lieferadresse, Ihre Zahlungsbest\u00e4tigung, Ihre E-Mail-Adresse und Ihre Telefonnummer.<br \/>Zu den Kontoinformationen geh\u00f6ren Ihr Benutzername, Ihr Passwort, Ihre Sicherheitsfragen und andere Informationen, die zu Zwecken der Kontosicherheit verwendet werden.<br \/>Zu den Kundenserviceinformationen geh\u00f6ren Informationen, die Sie in Ihre Kommunikation mit uns aufnehmen m\u00f6chten, z. B. wenn Sie eine Nachricht \u00fcber die Dienste senden.<br \/>Einige Funktionen der Dienste erfordern m\u00f6glicherweise, dass Sie uns bestimmte Informationen \u00fcber sich selbst direkt zur Verf\u00fcgung stellen. Sie k\u00f6nnen sich daf\u00fcr entscheiden, diese Informationen nicht zur Verf\u00fcgung zu stellen, was jedoch dazu f\u00fchren kann, dass Sie diese Funktionen nicht nutzen oder auf sie nicht zugreifen k\u00f6nnen.<\/p><h2>Informationen, die wir \u00fcber Ihre Nutzung sammeln<\/h2><p>Wir k\u00f6nnen auch automatisch bestimmte Informationen \u00fcber Ihre Interaktionen mit dem Dienst sammeln (\"Nutzungsdaten\"). Zu diesem Zweck k\u00f6nnen wir Cookies, Pixel und \u00e4hnliche Technologien verwenden (\"Cookies\"). Nutzungsdaten k\u00f6nnen Informationen dar\u00fcber enthalten, wie Sie auf unsere Website und Ihr Konto zugreifen und diese nutzen, einschlie\u00dflich Ger\u00e4teinformationen, Browserinformationen, Informationen \u00fcber Ihre Netzwerkverbindung, Ihre IP-Adresse und andere Informationen \u00fcber Ihre Interaktion mit dem Dienst.<\/p><h2>Wie wir Ihre pers\u00f6nlichen Informationen verwenden<\/h2><p>Bereitstellung von Produkten und Dienstleistungen. Wir verwenden Ihre personenbezogenen Daten, um Ihnen Dienstleistungen zur Verf\u00fcgung zu stellen, um unseren Vertrag mit Ihnen zu erf\u00fcllen, einschlie\u00dflich der Bearbeitung Ihrer Zahlungen, der Ausf\u00fchrung Ihrer Bestellungen, der Versendung von kontobezogenen Mitteilungen, Ihrer Eink\u00e4ufe, R\u00fccksendungen, Umtauschaktionen oder anderer Transaktionen, der Einrichtung, Pflege und Verwaltung Ihres Kontos, der Organisation von Lieferungen, der Erleichterung von R\u00fccksendungen und Umtauschaktionen sowie anderer kontobezogener Funktionen.<\/p><p>Marketing und Werbung. Wir k\u00f6nnen Ihre personenbezogenen Daten f\u00fcr Marketing- und Werbezwecke verwenden, z. B. um Marketing-, Werbe- und Verkaufsf\u00f6rderungsmitteilungen per E-Mail, SMS oder Post zu versenden und Ihnen Werbung f\u00fcr Produkte oder Dienstleistungen zu zeigen. Dies kann auch die Verwendung Ihrer personenbezogenen Daten einschlie\u00dfen, um die Dienstleistungen und die Werbung auf unserer und anderen Websites besser auf Sie abzustimmen. Wenn Sie sich im Europ\u00e4ischen Wirtschaftsraum (EWR) befinden, ist die Rechtsgrundlage f\u00fcr diese Datenverarbeitungsaktivit\u00e4ten unser berechtigtes Interesse am Verkauf unserer Produkte gem\u00e4\u00df Art. Art. 6(1)(f) DSGVO.<\/p><p>Sicherheit und Verhinderung von Betrug. Wir verwenden Ihre personenbezogenen Daten, um m\u00f6gliche betr\u00fcgerische, illegale oder b\u00f6swillige Aktivit\u00e4ten zu erkennen, zu untersuchen oder Ma\u00dfnahmen zu ergreifen. Wenn Sie sich daf\u00fcr entscheiden, die Dienste zu nutzen und ein Konto zu erstellen, sind Sie daf\u00fcr verantwortlich, die Sicherheit der Anmeldedaten Ihres Kontos aufrechtzuerhalten. Wir empfehlen Ihnen dringend, Ihren Benutzernamen, Ihr Passwort oder andere Zugangsdaten nicht weiterzugeben. Wenn Sie glauben, dass Ihr Konto kompromittiert wurde, setzen Sie sich bitte umgehend mit uns in Verbindung. Wenn Sie sich im Europ\u00e4ischen Wirtschaftsraum (EWR) befinden, ist die Rechtsgrundlage f\u00fcr diese Datenverarbeitungsaktivit\u00e4ten unser berechtigtes Interesse an der Aufrechterhaltung der Sicherheit unserer Website f\u00fcr Sie und andere Kunden gem\u00e4\u00df Artikel 6. Artikel 6(1)(f) DSGVO.<\/p><p>Mit Ihnen zu kommunizieren und die Dienstleistungen zu verbessern. Wir verwenden Ihre personenbezogenen Daten, um Ihnen einen Kundenservice zu bieten und unsere Dienstleistungen zu verbessern. Es liegt in unserem berechtigten Interesse, sicherzustellen, dass wir reaktionsf\u00e4hig sind und Ihnen einen effizienten Service bieten, und unsere Gesch\u00e4ftsbeziehung mit Ihnen gem\u00e4\u00df Artikel 6 aufrechtzuerhalten. Artikel 6(1)(f) DSGVO.<\/p><h2>Verwaltung von Cookies und anderen Identifikatoren<\/h2><p>Die Websites verwenden \"Cookies\" und \u00e4hnliche Instrumente, um das Einkaufserlebnis zu verbessern, Dienstleistungen zu erbringen und zu verstehen, wie Kunden unsere Dienstleistungen nutzen, damit wir Verbesserungen vornehmen k\u00f6nnen.<\/p><p>Das \"Hilfe\"-Men\u00fc der meisten Browser und Ger\u00e4te enth\u00e4lt Anleitungen, wie Sie Ihren Browser oder Ihr Ger\u00e4t daran hindern k\u00f6nnen, neue Cookies zu akzeptieren, wie Sie die Benachrichtigungen verwalten k\u00f6nnen, wenn Sie ein neues Cookie erhalten, und wie Sie Cookies vollst\u00e4ndig deaktivieren k\u00f6nnen. Da Cookies es Ihnen erm\u00f6glichen, einige wichtige Dienste zu nutzen, empfehlen wir Ihnen, sie aktiviert zu lassen. Wenn Sie beispielsweise unsere Cookies blockieren oder ablehnen, k\u00f6nnen Sie keine Artikel in Ihren Warenkorb legen, Ihre Bestellung nicht abschlie\u00dfen und keine Dienste nutzen, die eine Authentifizierung erfordern.<\/p><p>Wenn Sie unsere Website durchsuchen, aber nicht m\u00f6chten, dass Ihre Browseraktivit\u00e4ten mit Ihrem Konto verkn\u00fcpft werden, k\u00f6nnen Sie sich von Ihrem Konto abmelden und Cookies in Ihrem Browser deaktivieren.<\/p><p>Zweck der Datenerhebung: Wir erheben diese Daten, um sicherzustellen, dass die Website auf Ihrem Ger\u00e4t korrekt angezeigt wird, und um die Nutzung der Website zu analysieren, damit wir die Website optimieren k\u00f6nnen.<\/p><p>Wie wir Daten sammeln : Wenn Sie unsere Website nutzen, erfassen wir automatisch Daten \u00fcber Cookies, Protokolldateien, Web Beacons, Pixel oder andere digitale Tracking-Technologien.<\/p><p>Verwendung pers\u00f6nlicher Informationen: Wir verwenden Ihre pers\u00f6nlichen Informationen, um unsere Dienstleistungen zu erbringen, einschlie\u00dflich des Verkaufs von Produkten, der Zahlungsabwicklung, der Ausf\u00fchrung von Auftr\u00e4gen und der Bereitstellung neuer Produkte und Angebote.<\/p><p>Kontaktieren Sie uns : Wenn Sie mehr \u00fcber unsere Datenschutzpraktiken erfahren oder Fragen oder Bedenken anbringen m\u00f6chten, kontaktieren Sie uns bitte \u00fcber die offizielle E-Mail-Adresse.<\/p>\t\t\t\t\t\t\t\t<\/div>\n\t\t\t\t<\/div>\n\t\t\t\t<\/div>\n\t\t\t\t\t<\/div>\n\t\t\t\t<\/div>\n\t\t\t\t<\/div>","protected":false},"excerpt":{"rendered":"<p>politique de confidentialit\u00e9 Cette politique de confidentialit\u00e9 explique comment nous (le \u00ab Site \u00bb, \u00ab nous \u00bb ou \u00ab nos \u00bb) collectons, utilisons et divulguons vos informations personnelles lorsque vous visitez, utilisez nos services ou effectuez un achat sur notre site Web (le \u00ab Site \u00bb) ou communiquez autrement avec nous concernant le Site (collectivement, [&hellip;]<\/p>\n","protected":false},"author":1,"featured_media":0,"parent":0,"menu_order":12,"comment_status":"closed","ping_status":"open","template":"","meta":{"site-sidebar-layout":"no-sidebar","site-content-layout":"page-builder","ast-site-content-layout":"full-width-container","site-content-style":"default","site-sidebar-style":"default","ast-global-header-display":"","ast-banner-title-visibility":"","ast-main-header-display":"","ast-hfb-above-header-display":"","ast-hfb-below-header-display":"","ast-hfb-mobile-header-display":"","site-post-title":"disabled","ast-breadcrumbs-content":"","ast-featured-img":"disabled","footer-sml-layout":"","ast-disable-related-posts":"","theme-transparent-header-meta":"","adv-header-id-meta":"","stick-header-meta":"","header-above-stick-meta":"","header-main-stick-meta":"","header-below-stick-meta":"","astra-migrate-meta-layouts":"set","ast-page-background-enabled":"default","ast-page-background-meta":{"desktop":{"background-color":"","background-image":"","background-repeat":"repeat","background-position":"center center","background-size":"auto","background-attachment":"scroll","background-type":"","background-media":"","overlay-type":"","overlay-color":"","overlay-opacity":"","overlay-gradient":""},"tablet":{"background-color":"","background-image":"","background-repeat":"repeat","background-position":"center center","background-size":"auto","background-attachment":"scroll","background-type":"","background-media":"","overlay-type":"","overlay-color":"","overlay-opacity":"","overlay-gradient":""},"mobile":{"background-color":"","background-image":"","background-repeat":"repeat","background-position":"center center","background-size":"auto","background-attachment":"scroll","background-type":"","background-media":"","overlay-type":"","overlay-color":"","overlay-opacity":"","overlay-gradient":""}},"ast-content-background-meta":{"desktop":{"background-color":"var(--ast-global-color-5)","background-image":"","background-repeat":"repeat","background-position":"center center","background-size":"auto","background-attachment":"scroll","background-type":"","background-media":"","overlay-type":"","overlay-color":"","overlay-opacity":"","overlay-gradient":""},"tablet":{"background-color":"var(--ast-global-color-5)","background-image":"","background-repeat":"repeat","background-position":"center center","background-size":"auto","background-attachment":"scroll","background-type":"","background-media":"","overlay-type":"","overlay-color":"","overlay-opacity":"","overlay-gradient":""},"mobile":{"background-color":"var(--ast-global-color-5)","background-image":"","background-repeat":"repeat","background-position":"center center","background-size":"auto","background-attachment":"scroll","background-type":"","background-media":"","overlay-type":"","overlay-color":"","overlay-opacity":"","overlay-gradient":""}},"footnotes":""},"class_list":["post-3","page","type-page","status-publish","hentry"],"_links":{"self":[{"href":"https:\/\/puffvapestore.com\/de\/wp-json\/wp\/v2\/pages\/3","targetHints":{"allow":["GET"]}}],"collection":[{"href":"https:\/\/puffvapestore.com\/de\/wp-json\/wp\/v2\/pages"}],"about":[{"href":"https:\/\/puffvapestore.com\/de\/wp-json\/wp\/v2\/types\/page"}],"author":[{"embeddable":true,"href":"https:\/\/puffvapestore.com\/de\/wp-json\/wp\/v2\/users\/1"}],"replies":[{"embeddable":true,"href":"https:\/\/puffvapestore.com\/de\/wp-json\/wp\/v2\/comments?post=3"}],"version-history":[{"count":4,"href":"https:\/\/puffvapestore.com\/de\/wp-json\/wp\/v2\/pages\/3\/revisions"}],"predecessor-version":[{"id":1757,"href":"https:\/\/puffvapestore.com\/de\/wp-json\/wp\/v2\/pages\/3\/revisions\/1757"}],"wp:attachment":[{"href":"https:\/\/puffvapestore.com\/de\/wp-json\/wp\/v2\/media?parent=3"}],"curies":[{"name":"wp","href":"https:\/\/api.w.org\/{rel}","templated":true}]}}