{"id":1752,"date":"2025-03-24T07:37:06","date_gmt":"2025-03-24T07:37:06","guid":{"rendered":"https:\/\/puffvapestore.com\/?page_id=1752"},"modified":"2025-03-24T07:42:16","modified_gmt":"2025-03-24T07:42:16","slug":"livraison","status":"publish","type":"page","link":"https:\/\/puffvapestore.com\/de\/lieferung\/","title":{"rendered":"Informationen zur Lieferung"},"content":{"rendered":"<div data-elementor-type=\"wp-page\" data-elementor-id=\"1752\" class=\"elementor elementor-1752\">\n\t\t\t\t<div class=\"elementor-element elementor-element-b106341 e-flex e-con-boxed e-con e-parent\" data-id=\"b106341\" data-element_type=\"container\" data-e-type=\"container\">\n\t\t\t\t\t<div class=\"e-con-inner\">\n\t\t<div class=\"elementor-element elementor-element-2048edd e-con-full e-flex e-con e-child\" data-id=\"2048edd\" data-element_type=\"container\" data-e-type=\"container\">\n\t\t\t\t<div class=\"elementor-element elementor-element-f39cc7f elementor-widget elementor-widget-text-editor\" data-id=\"f39cc7f\" data-element_type=\"widget\" data-e-type=\"widget\" data-widget_type=\"text-editor.default\">\n\t\t\t\t<div class=\"elementor-widget-container\">\n\t\t\t\t\t\t\t\t\t<h1>Informationen zur Lieferung<\/h1><p>Wir setzen uns daf\u00fcr ein, jedem Kunden ein hervorragendes Einkaufserlebnis zu bieten. Von der Bestellung bis zur Lieferung bem\u00fcht sich jede Verbindung, effizient und praktisch zu sein.<\/p><h2>Geben Sie jetzt Ihre Bestellung auf und wir werden sie Ihnen schnell liefern!<\/h2><p>Sobald Ihre Bestellung eingeht, machen sich unsere Experten im Lager sofort an die Arbeit und verpacken Ihre Produkte in Rekordzeit! Ihre Bestellung wird in der Regel innerhalb von 1 bis 3 Werktagen versandt. Wie sieht es mit der Liefergeschwindigkeit aus? In der Regel kann sie Ihnen innerhalb von 3 bis 5 Werktagen zugestellt werden. Wenn Sie Gl\u00fcck haben, k\u00f6nnte es sogar innerhalb von 1 bis 2 Tagen an Ihre T\u00fcr klopfen! (Wir m\u00fcssen auch am Wochenende pausieren, daher werden wir keine Waren versenden).<\/p><h2>\u00c4nderung der Bestellung? Beeilen Sie sich und nutzen Sie die Zeit!<\/h2><p>Sie fragen sich immer noch, ob Sie die falsche Adresse eingegeben haben oder ob Sie die Farbe \u00e4ndern m\u00f6chten? Kein Problem! Solange Ihre Bestellung noch nicht versendet wurde, k\u00f6nnen Sie sie jederzeit stornieren oder die Lieferadresse \u00e4ndern. Kontaktieren Sie uns so bald wie m\u00f6glich \u00fcber unsere offizielle E-Mail-Adresse und wir werden unser Bestes tun, um Ihre W\u00fcnsche zu erf\u00fcllen. Wenn die Bestellung jedoch bereits vom Lager aus versandt wurde, k\u00f6nnen Sie nur noch warten, bis sie sicher bei Ihnen ankommt, und wir k\u00f6nnen keine \u00c4nderungen oder R\u00fcckerstattungen mehr vornehmen!<\/p><h2>Es ist wichtig, eine korrekte Adresse zu haben!<\/h2><p>Ihr Paket wird gem\u00e4\u00df der Adresse zugestellt, die Sie bei der Bezahlung angegeben haben. F\u00fcllen Sie diese also bitte aus, bevor Sie zur Kasse gehen, um sicherzugehen, dass die Adresse korrekt ist!<\/p><h2>Haben Sie noch Fragen? Kommen Sie zu uns!<\/h2><p>Wenn Sie beim Kaufvorgang auf Probleme sto\u00dfen oder Fragen haben, z\u00f6gern Sie bitte nicht, uns zu kontaktieren. Wir werden Ihnen so schnell wie m\u00f6glich antworten, um Ihnen bei der L\u00f6sung aller Probleme zu helfen und daf\u00fcr zu sorgen, dass Ihr Einkaufserlebnis sowohl einfach als auch angenehm ist!<\/p>\t\t\t\t\t\t\t\t<\/div>\n\t\t\t\t<\/div>\n\t\t\t\t<\/div>\n\t\t\t\t\t<\/div>\n\t\t\t\t<\/div>\n\t\t\t\t<\/div>","protected":false},"excerpt":{"rendered":"<p>Informations sur la livraison Nous nous engageons \u00e0 offrir \u00e0 chaque client une excellente exp\u00e9rience d&rsquo;achat, de la commande \u00e0 la livraison, chaque lien s&rsquo;efforce d&rsquo;\u00eatre efficace et pratique. Passez votre commande maintenant et nous vous la livrerons rapidement ! D\u00e8s l&rsquo;arriv\u00e9e de votre commande, nos experts en entrep\u00f4t se mettent imm\u00e9diatement en action et [&hellip;]<\/p>\n","protected":false},"author":1,"featured_media":0,"parent":0,"menu_order":1,"comment_status":"closed","ping_status":"closed","template":"","meta":{"site-sidebar-layout":"no-sidebar","site-content-layout":"page-builder","ast-site-content-layout":"full-width-container","site-content-style":"default","site-sidebar-style":"default","ast-global-header-display":"","ast-banner-title-visibility":"","ast-main-header-display":"","ast-hfb-above-header-display":"","ast-hfb-below-header-display":"","ast-hfb-mobile-header-display":"","site-post-title":"disabled","ast-breadcrumbs-content":"","ast-featured-img":"disabled","footer-sml-layout":"","ast-disable-related-posts":"","theme-transparent-header-meta":"","adv-header-id-meta":"","stick-header-meta":"","header-above-stick-meta":"","header-main-stick-meta":"","header-below-stick-meta":"","astra-migrate-meta-layouts":"set","ast-page-background-enabled":"default","ast-page-background-meta":{"desktop":{"background-color":"","background-image":"","background-repeat":"repeat","background-position":"center center","background-size":"auto","background-attachment":"scroll","background-type":"","background-media":"","overlay-type":"","overlay-color":"","overlay-opacity":"","overlay-gradient":""},"tablet":{"background-color":"","background-image":"","background-repeat":"repeat","background-position":"center center","background-size":"auto","background-attachment":"scroll","background-type":"","background-media":"","overlay-type":"","overlay-color":"","overlay-opacity":"","overlay-gradient":""},"mobile":{"background-color":"","background-image":"","background-repeat":"repeat","background-position":"center center","background-size":"auto","background-attachment":"scroll","background-type":"","background-media":"","overlay-type":"","overlay-color":"","overlay-opacity":"","overlay-gradient":""}},"ast-content-background-meta":{"desktop":{"background-color":"var(--ast-global-color-5)","background-image":"","background-repeat":"repeat","background-position":"center center","background-size":"auto","background-attachment":"scroll","background-type":"","background-media":"","overlay-type":"","overlay-color":"","overlay-opacity":"","overlay-gradient":""},"tablet":{"background-color":"var(--ast-global-color-5)","background-image":"","background-repeat":"repeat","background-position":"center center","background-size":"auto","background-attachment":"scroll","background-type":"","background-media":"","overlay-type":"","overlay-color":"","overlay-opacity":"","overlay-gradient":""},"mobile":{"background-color":"var(--ast-global-color-5)","background-image":"","background-repeat":"repeat","background-position":"center center","background-size":"auto","background-attachment":"scroll","background-type":"","background-media":"","overlay-type":"","overlay-color":"","overlay-opacity":"","overlay-gradient":""}},"footnotes":""},"class_list":["post-1752","page","type-page","status-publish","hentry"],"_links":{"self":[{"href":"https:\/\/puffvapestore.com\/de\/wp-json\/wp\/v2\/pages\/1752","targetHints":{"allow":["GET"]}}],"collection":[{"href":"https:\/\/puffvapestore.com\/de\/wp-json\/wp\/v2\/pages"}],"about":[{"href":"https:\/\/puffvapestore.com\/de\/wp-json\/wp\/v2\/types\/page"}],"author":[{"embeddable":true,"href":"https:\/\/puffvapestore.com\/de\/wp-json\/wp\/v2\/users\/1"}],"replies":[{"embeddable":true,"href":"https:\/\/puffvapestore.com\/de\/wp-json\/wp\/v2\/comments?post=1752"}],"version-history":[{"count":4,"href":"https:\/\/puffvapestore.com\/de\/wp-json\/wp\/v2\/pages\/1752\/revisions"}],"predecessor-version":[{"id":1767,"href":"https:\/\/puffvapestore.com\/de\/wp-json\/wp\/v2\/pages\/1752\/revisions\/1767"}],"wp:attachment":[{"href":"https:\/\/puffvapestore.com\/de\/wp-json\/wp\/v2\/media?parent=1752"}],"curies":[{"name":"wp","href":"https:\/\/api.w.org\/{rel}","templated":true}]}}